{"id":998,"date":"2021-04-02T18:49:49","date_gmt":"2021-04-02T16:49:49","guid":{"rendered":"https:\/\/biocontact.info\/en\/workshop-career-service-berufsperspektiven-fur-natur-lebenswissenschaftler-ausserhalb-wissenschaft-0-2\/"},"modified":"2021-04-02T18:49:49","modified_gmt":"2021-04-02T16:49:49","slug":"workshop-career-service-berufsperspektiven-fur-natur-lebenswissenschaftler-ausserhalb-wissenschaft-0-2","status":"publish","type":"page","link":"https:\/\/www.biocontact.info\/en\/workshop-career-service-berufsperspektiven-fur-natur-lebenswissenschaftler-ausserhalb-wissenschaft-0-2\/","title":{"rendered":"Workshop Career Service: Berufsperspektiven f\u00fcr Natur und Lebenswissenschaftler in und au\u00dferhalb der Wissenschaft"},"content":{"rendered":"<table cellpadding=\"1\" cellspacing=\"1\" style=\"width:900px\">\r\n\t<tbody>\r\n\t\t<tr>\r\n\t\t\t<td style=\"text-align:center; vertical-align:middle; width:250px\"><img loading=\"lazy\" decoding=\"async\" class=\" size-full wp-image-959\" alt=\"\" src=\"https:\/\/biocontact.ci-commerce.comen\/wp-content\/uploads\/sites\/2\/2021\/04\/pictures_Firmenlogos2021_careerservicehd_logo_2_0.jpg\" style=\"height:100px; width:200px\" width=\"2000\" height=\"1000\" srcset=\"https:\/\/www.biocontact.info\/en\/wp-content\/uploads\/sites\/2\/2021\/04\/pictures_Firmenlogos2021_careerservicehd_logo_2_0.jpg 2000w, https:\/\/www.biocontact.info\/en\/wp-content\/uploads\/sites\/2\/2021\/04\/pictures_Firmenlogos2021_careerservicehd_logo_2_0-300x150.jpg 300w, https:\/\/www.biocontact.info\/en\/wp-content\/uploads\/sites\/2\/2021\/04\/pictures_Firmenlogos2021_careerservicehd_logo_2_0-1024x512.jpg 1024w, https:\/\/www.biocontact.info\/en\/wp-content\/uploads\/sites\/2\/2021\/04\/pictures_Firmenlogos2021_careerservicehd_logo_2_0-768x384.jpg 768w, https:\/\/www.biocontact.info\/en\/wp-content\/uploads\/sites\/2\/2021\/04\/pictures_Firmenlogos2021_careerservicehd_logo_2_0-1536x768.jpg 1536w, https:\/\/www.biocontact.info\/en\/wp-content\/uploads\/sites\/2\/2021\/04\/pictures_Firmenlogos2021_careerservicehd_logo_2_0-1600x800.jpg 1600w\" sizes=\"auto, (max-width: 2000px) 100vw, 2000px\" \/><\/td>\r\n\t\t\t<td>\r\n\t\t\t<h4>Workshop Career Service Universit\u00e4t Heidelberg: \"Berufsperspektiven f\u00fcr Natur und Lebenswissenschaftler in und au\u00dferhalb der Wissenschaft\"<\/h4>\r\n\r\n\t\t\t<h4>Referent: Petra Lehmann<\/h4>\r\n\r\n\t\t\t<h4>28.04.2021 13:00 - 15:00 Uhr&nbsp;<\/h4>\r\n\r\n\t\t\t<h4>\u200bSprache: Deutsch<\/h4>\r\n\r\n\t\t\t<h4>Plattform: HeiCONF<\/h4>\r\n\r\n\t\t\t<h4>Pl\u00e4tze: max. 40<\/h4>\r\n\t\t\t<\/td>\r\n\t\t<\/tr>\r\n\t\t<tr>\r\n\t\t\t<td colspan=\"2\">\r\n\t\t\t<p>Karrierem\u00f6glichkeiten f\u00fcr Naturwissenschaftler gibt es in den unterschiedlichsten Bereichen: Industrie und Verb\u00e4nde, Forschung und Entwicklung, Biotechnologie, Umwelt und Software, Medizin und Pharmazie, Unternehmensberatung, Patentwesen, Verlage, Versicherungen, Marketing und Vertrieb, Aus- und Weiterbildung, Qualit\u00e4tssicherung und Zulassungsbereich, Analytik, um nur einige zu nennen.<\/p>\r\n\r\n\t\t\t<p>Das bietet einerseits eine Reihe von Chancen, f\u00fchrt andererseits auch zu Unsicherheiten und Verwirrungen dar\u00fcber, welcher der richtige und m\u00f6gliche Weg ist.<\/p>\r\n\r\n\t\t\t<p>In diesem Workshop erhalten die Teilnehmer Informationen \u00fcber au\u00dferuniversit\u00e4re Berufschancen, damit verbundene Anforderungen an potentielle Bewerber und \u00fcber M\u00f6glichkeiten zum beruflichen (Quer)einstieg.<\/p>\r\n\r\n\t\t\t<p>Folgende Themen werden behandelt:<\/p>\r\n\r\n\t\t\t<ul>\r\n\t\t\t\t<li>\u00dcbersicht \u00fcber au\u00dferuniversit\u00e4re Berufschancen f\u00fcr Natur- und Lebenswissenschaftler<\/li>\r\n\t\t\t\t<li>Voraussetzungen f\u00fcr die einzelnen Berufsfelder<\/li>\r\n\t\t\t\t<li>Tipps zum Bewusstmachen des eigenen beruflichen Kompetenzprofils sowie der individuellen St\u00e4rken, Ressourcen und Schw\u00e4chen<\/li>\r\n\t\t\t\t<li>Abgleichen der Kompetenzen, Kenntnisse und Schw\u00e4chen mit den Berufsideen und beruflichen M\u00f6glichkeiten<\/li>\r\n\t\t\t<\/ul>\r\n\r\n\t\t\t<h2><strong><a href=\"https:\/\/indico.dkfz.de\/event\/336\/ \">Registriert euch hier!<\/a><\/strong><\/h2>\r\n\t\t\t<\/td>\r\n\t\t<\/tr>\r\n\t<\/tbody>\r\n<\/table>\r\n","protected":false},"excerpt":{"rendered":"<p>Workshop Career Service Universit\u00e4t Heidelberg: &#8220;Berufsperspektiven f\u00fcr Natur und Lebenswissenschaftler in und au\u00dferhalb der Wissenschaft&#8221; Referent: Petra Lehmann 28.04.2021 13:00 &#8211; 15:00 Uhr&nbsp; \u200bSprache: Deutsch Plattform: HeiCONF Pl\u00e4tze: max. 40<\/p>\n","protected":false},"author":1,"featured_media":959,"parent":0,"menu_order":0,"comment_status":"closed","ping_status":"closed","template":"","meta":{"_eb_attr":"","_breakdance_hide_in_design_set":false,"_breakdance_tags":"","footnotes":""},"class_list":["post-998","page","type-page","status-publish","has-post-thumbnail","hentry"],"yoast_head":"<!-- This site is optimized with the Yoast SEO plugin v27.5 - https:\/\/yoast.com\/product\/yoast-seo-wordpress\/ -->\n<title>Workshop Career Service: Berufsperspektiven f\u00fcr Natur und Lebenswissenschaftler in und au\u00dferhalb der Wissenschaft - BioContact e.V. (English)<\/title>\n<meta name=\"robots\" content=\"index, follow, max-snippet:-1, max-image-preview:large, max-video-preview:-1\" \/>\n<link rel=\"canonical\" href=\"https:\/\/biocontact.ci-commerce.com\/en\/workshop-career-service-berufsperspektiven-fur-natur-lebenswissenschaftler-ausserhalb-wissenschaft-0-2\/\" \/>\n<meta property=\"og:locale\" content=\"en_GB\" \/>\n<meta property=\"og:type\" content=\"article\" \/>\n<meta property=\"og:title\" content=\"Workshop Career Service: Berufsperspektiven f\u00fcr Natur und Lebenswissenschaftler in und au\u00dferhalb der Wissenschaft - BioContact e.V. (English)\" \/>\n<meta property=\"og:description\" content=\"Workshop Career Service Universit\u00e4t Heidelberg: &quot;Berufsperspektiven f\u00fcr Natur und Lebenswissenschaftler in und au\u00dferhalb der Wissenschaft&quot; Referent: Petra Lehmann 28.04.2021 13:00 - 15:00 Uhr&nbsp; \u200bSprache: Deutsch Plattform: HeiCONF Pl\u00e4tze: max. 40\" \/>\n<meta property=\"og:url\" content=\"https:\/\/biocontact.ci-commerce.com\/en\/workshop-career-service-berufsperspektiven-fur-natur-lebenswissenschaftler-ausserhalb-wissenschaft-0-2\/\" \/>\n<meta property=\"og:site_name\" content=\"BioContact e.V. (English)\" \/>\n<meta property=\"og:image\" content=\"https:\/\/biocontact.ci-commerce.com\/en\/wp-content\/uploads\/sites\/2\/2021\/04\/pictures_Firmenlogos2021_careerservicehd_logo_2_0.jpg\" \/>\n\t<meta property=\"og:image:width\" content=\"2000\" \/>\n\t<meta property=\"og:image:height\" content=\"1000\" \/>\n\t<meta property=\"og:image:type\" content=\"image\/jpeg\" \/>\n<meta name=\"twitter:card\" content=\"summary_large_image\" \/>\n<meta name=\"twitter:label1\" content=\"Estimated reading time\" \/>\n\t<meta name=\"twitter:data1\" content=\"1 minute\" \/>\n<script type=\"application\/ld+json\" class=\"yoast-schema-graph\">{\"@context\":\"https:\\\/\\\/schema.org\",\"@graph\":[{\"@type\":\"WebPage\",\"@id\":\"https:\\\/\\\/biocontact.ci-commerce.com\\\/en\\\/workshop-career-service-berufsperspektiven-fur-natur-lebenswissenschaftler-ausserhalb-wissenschaft-0-2\\\/\",\"url\":\"https:\\\/\\\/biocontact.ci-commerce.com\\\/en\\\/workshop-career-service-berufsperspektiven-fur-natur-lebenswissenschaftler-ausserhalb-wissenschaft-0-2\\\/\",\"name\":\"Workshop Career Service: Berufsperspektiven f\u00fcr Natur und Lebenswissenschaftler in und au\u00dferhalb der Wissenschaft - BioContact e.V. (English)\",\"isPartOf\":{\"@id\":\"https:\\\/\\\/biocontact.ci-commerce.com\\\/en\\\/#website\"},\"primaryImageOfPage\":{\"@id\":\"https:\\\/\\\/biocontact.ci-commerce.com\\\/en\\\/workshop-career-service-berufsperspektiven-fur-natur-lebenswissenschaftler-ausserhalb-wissenschaft-0-2\\\/#primaryimage\"},\"image\":{\"@id\":\"https:\\\/\\\/biocontact.ci-commerce.com\\\/en\\\/workshop-career-service-berufsperspektiven-fur-natur-lebenswissenschaftler-ausserhalb-wissenschaft-0-2\\\/#primaryimage\"},\"thumbnailUrl\":\"https:\\\/\\\/www.biocontact.info\\\/en\\\/wp-content\\\/uploads\\\/sites\\\/2\\\/2021\\\/04\\\/pictures_Firmenlogos2021_careerservicehd_logo_2_0.jpg\",\"datePublished\":\"2021-04-02T16:49:49+00:00\",\"breadcrumb\":{\"@id\":\"https:\\\/\\\/biocontact.ci-commerce.com\\\/en\\\/workshop-career-service-berufsperspektiven-fur-natur-lebenswissenschaftler-ausserhalb-wissenschaft-0-2\\\/#breadcrumb\"},\"inLanguage\":\"en-GB\",\"potentialAction\":[{\"@type\":\"ReadAction\",\"target\":[\"https:\\\/\\\/biocontact.ci-commerce.com\\\/en\\\/workshop-career-service-berufsperspektiven-fur-natur-lebenswissenschaftler-ausserhalb-wissenschaft-0-2\\\/\"]}]},{\"@type\":\"ImageObject\",\"inLanguage\":\"en-GB\",\"@id\":\"https:\\\/\\\/biocontact.ci-commerce.com\\\/en\\\/workshop-career-service-berufsperspektiven-fur-natur-lebenswissenschaftler-ausserhalb-wissenschaft-0-2\\\/#primaryimage\",\"url\":\"https:\\\/\\\/www.biocontact.info\\\/en\\\/wp-content\\\/uploads\\\/sites\\\/2\\\/2021\\\/04\\\/pictures_Firmenlogos2021_careerservicehd_logo_2_0.jpg\",\"contentUrl\":\"https:\\\/\\\/www.biocontact.info\\\/en\\\/wp-content\\\/uploads\\\/sites\\\/2\\\/2021\\\/04\\\/pictures_Firmenlogos2021_careerservicehd_logo_2_0.jpg\",\"width\":2000,\"height\":1000},{\"@type\":\"BreadcrumbList\",\"@id\":\"https:\\\/\\\/biocontact.ci-commerce.com\\\/en\\\/workshop-career-service-berufsperspektiven-fur-natur-lebenswissenschaftler-ausserhalb-wissenschaft-0-2\\\/#breadcrumb\",\"itemListElement\":[{\"@type\":\"ListItem\",\"position\":1,\"name\":\"Startseite\",\"item\":\"https:\\\/\\\/www.biocontact.info\\\/en\\\/\"},{\"@type\":\"ListItem\",\"position\":2,\"name\":\"Workshop Career Service: Berufsperspektiven f\u00fcr Natur und Lebenswissenschaftler in und au\u00dferhalb der Wissenschaft\"}]},{\"@type\":\"WebSite\",\"@id\":\"https:\\\/\\\/biocontact.ci-commerce.com\\\/en\\\/#website\",\"url\":\"https:\\\/\\\/biocontact.ci-commerce.com\\\/en\\\/\",\"name\":\"BioContact e.V. (English)\",\"description\":\"We network science and industry\",\"potentialAction\":[{\"@type\":\"SearchAction\",\"target\":{\"@type\":\"EntryPoint\",\"urlTemplate\":\"https:\\\/\\\/biocontact.ci-commerce.com\\\/en\\\/?s={search_term_string}\"},\"query-input\":{\"@type\":\"PropertyValueSpecification\",\"valueRequired\":true,\"valueName\":\"search_term_string\"}}],\"inLanguage\":\"en-GB\"}]}<\/script>\n<!-- \/ Yoast SEO plugin. -->","yoast_head_json":{"title":"Workshop Career Service: Berufsperspektiven f\u00fcr Natur und Lebenswissenschaftler in und au\u00dferhalb der Wissenschaft - BioContact e.V. (English)","robots":{"index":"index","follow":"follow","max-snippet":"max-snippet:-1","max-image-preview":"max-image-preview:large","max-video-preview":"max-video-preview:-1"},"canonical":"https:\/\/biocontact.ci-commerce.com\/en\/workshop-career-service-berufsperspektiven-fur-natur-lebenswissenschaftler-ausserhalb-wissenschaft-0-2\/","og_locale":"en_GB","og_type":"article","og_title":"Workshop Career Service: Berufsperspektiven f\u00fcr Natur und Lebenswissenschaftler in und au\u00dferhalb der Wissenschaft - BioContact e.V. (English)","og_description":"Workshop Career Service Universit\u00e4t Heidelberg: \"Berufsperspektiven f\u00fcr Natur und Lebenswissenschaftler in und au\u00dferhalb der Wissenschaft\" Referent: Petra Lehmann 28.04.2021 13:00 - 15:00 Uhr&nbsp; \u200bSprache: Deutsch Plattform: HeiCONF Pl\u00e4tze: max. 40","og_url":"https:\/\/biocontact.ci-commerce.com\/en\/workshop-career-service-berufsperspektiven-fur-natur-lebenswissenschaftler-ausserhalb-wissenschaft-0-2\/","og_site_name":"BioContact e.V. (English)","og_image":[{"width":2000,"height":1000,"url":"https:\/\/biocontact.ci-commerce.com\/en\/wp-content\/uploads\/sites\/2\/2021\/04\/pictures_Firmenlogos2021_careerservicehd_logo_2_0.jpg","type":"image\/jpeg"}],"twitter_card":"summary_large_image","twitter_misc":{"Estimated reading time":"1 minute"},"schema":{"@context":"https:\/\/schema.org","@graph":[{"@type":"WebPage","@id":"https:\/\/biocontact.ci-commerce.com\/en\/workshop-career-service-berufsperspektiven-fur-natur-lebenswissenschaftler-ausserhalb-wissenschaft-0-2\/","url":"https:\/\/biocontact.ci-commerce.com\/en\/workshop-career-service-berufsperspektiven-fur-natur-lebenswissenschaftler-ausserhalb-wissenschaft-0-2\/","name":"Workshop Career Service: Berufsperspektiven f\u00fcr Natur und Lebenswissenschaftler in und au\u00dferhalb der Wissenschaft - BioContact e.V. (English)","isPartOf":{"@id":"https:\/\/biocontact.ci-commerce.com\/en\/#website"},"primaryImageOfPage":{"@id":"https:\/\/biocontact.ci-commerce.com\/en\/workshop-career-service-berufsperspektiven-fur-natur-lebenswissenschaftler-ausserhalb-wissenschaft-0-2\/#primaryimage"},"image":{"@id":"https:\/\/biocontact.ci-commerce.com\/en\/workshop-career-service-berufsperspektiven-fur-natur-lebenswissenschaftler-ausserhalb-wissenschaft-0-2\/#primaryimage"},"thumbnailUrl":"https:\/\/www.biocontact.info\/en\/wp-content\/uploads\/sites\/2\/2021\/04\/pictures_Firmenlogos2021_careerservicehd_logo_2_0.jpg","datePublished":"2021-04-02T16:49:49+00:00","breadcrumb":{"@id":"https:\/\/biocontact.ci-commerce.com\/en\/workshop-career-service-berufsperspektiven-fur-natur-lebenswissenschaftler-ausserhalb-wissenschaft-0-2\/#breadcrumb"},"inLanguage":"en-GB","potentialAction":[{"@type":"ReadAction","target":["https:\/\/biocontact.ci-commerce.com\/en\/workshop-career-service-berufsperspektiven-fur-natur-lebenswissenschaftler-ausserhalb-wissenschaft-0-2\/"]}]},{"@type":"ImageObject","inLanguage":"en-GB","@id":"https:\/\/biocontact.ci-commerce.com\/en\/workshop-career-service-berufsperspektiven-fur-natur-lebenswissenschaftler-ausserhalb-wissenschaft-0-2\/#primaryimage","url":"https:\/\/www.biocontact.info\/en\/wp-content\/uploads\/sites\/2\/2021\/04\/pictures_Firmenlogos2021_careerservicehd_logo_2_0.jpg","contentUrl":"https:\/\/www.biocontact.info\/en\/wp-content\/uploads\/sites\/2\/2021\/04\/pictures_Firmenlogos2021_careerservicehd_logo_2_0.jpg","width":2000,"height":1000},{"@type":"BreadcrumbList","@id":"https:\/\/biocontact.ci-commerce.com\/en\/workshop-career-service-berufsperspektiven-fur-natur-lebenswissenschaftler-ausserhalb-wissenschaft-0-2\/#breadcrumb","itemListElement":[{"@type":"ListItem","position":1,"name":"Startseite","item":"https:\/\/www.biocontact.info\/en\/"},{"@type":"ListItem","position":2,"name":"Workshop Career Service: Berufsperspektiven f\u00fcr Natur und Lebenswissenschaftler in und au\u00dferhalb der Wissenschaft"}]},{"@type":"WebSite","@id":"https:\/\/biocontact.ci-commerce.com\/en\/#website","url":"https:\/\/biocontact.ci-commerce.com\/en\/","name":"BioContact e.V. (English)","description":"We network science and industry","potentialAction":[{"@type":"SearchAction","target":{"@type":"EntryPoint","urlTemplate":"https:\/\/biocontact.ci-commerce.com\/en\/?s={search_term_string}"},"query-input":{"@type":"PropertyValueSpecification","valueRequired":true,"valueName":"search_term_string"}}],"inLanguage":"en-GB"}]}},"_links":{"self":[{"href":"https:\/\/www.biocontact.info\/en\/wp-json\/wp\/v2\/pages\/998","targetHints":{"allow":["GET"]}}],"collection":[{"href":"https:\/\/www.biocontact.info\/en\/wp-json\/wp\/v2\/pages"}],"about":[{"href":"https:\/\/www.biocontact.info\/en\/wp-json\/wp\/v2\/types\/page"}],"author":[{"embeddable":true,"href":"https:\/\/www.biocontact.info\/en\/wp-json\/wp\/v2\/users\/1"}],"replies":[{"embeddable":true,"href":"https:\/\/www.biocontact.info\/en\/wp-json\/wp\/v2\/comments?post=998"}],"version-history":[{"count":0,"href":"https:\/\/www.biocontact.info\/en\/wp-json\/wp\/v2\/pages\/998\/revisions"}],"wp:featuredmedia":[{"embeddable":true,"href":"https:\/\/www.biocontact.info\/en\/wp-json\/wp\/v2\/media\/959"}],"wp:attachment":[{"href":"https:\/\/www.biocontact.info\/en\/wp-json\/wp\/v2\/media?parent=998"}],"curies":[{"name":"wp","href":"https:\/\/api.w.org\/{rel}","templated":true}]}}