{"id":981,"date":"2021-04-07T11:26:14","date_gmt":"2021-04-07T09:26:14","guid":{"rendered":"https:\/\/biocontact.info\/en\/informationen-fuer-besucher-contact2022\/"},"modified":"2021-04-07T11:26:14","modified_gmt":"2021-04-07T09:26:14","slug":"informationen-fuer-besucher-contact2022","status":"publish","type":"page","link":"https:\/\/www.biocontact.info\/en\/informationen-fuer-besucher-contact2022\/","title":{"rendered":"Aussteller \u00dcbersicht CONTACT2022"},"content":{"rendered":"<p><strong>Kn\u00fcpfen Sie Kontakte und planen Sie Ihre Karriere auf der CONTACT2022!<\/strong><\/p>\r\n\r\n<p>Sie sind Student, Doktorand, Absolvent, Young Professional oder labortechnischer Mitarbeiter im Bereich der Life Sciences?<\/p>\r\n\r\n<p>Dann besuchen Sie am <strong>04. Mai 2022<\/strong>&nbsp;die Life&nbsp;Science Jobmesse&nbsp;CONTACT2022 am Deutschen Krebsforschungszentrum (DKFZ) in Heidelberg und legen Sie hier den Grundstein f\u00fcr Ihre Karriere.<\/p>\r\n\r\n<p>In entspannter Atmosph\u00e4re gibt es in der Zeit von&nbsp;<strong>09.00 bis 17.00 Uhr<\/strong>&nbsp;eine Vielzahl von Informationen zum Berufseinstieg aus erster Hand. Nutzen Sie die Chance mit namhaften Unternehmen der Life Science Branche, des Consultings, Wissenschaftsverlagen oder innovativen Startup Unternehmen in Kontakt zu treten - <strong>das alles&nbsp;kostenfrei.<\/strong><\/p>\r\n\r\n<p>Durch attraktive&nbsp;<strong>Vortr\u00e4ge &amp; Workshops<\/strong> erfahren Sie alles n\u00f6tige f\u00fcr Ihre zuk\u00fcnftige Karriere. Bei unserem&nbsp;<strong>kostenlosen&nbsp;Bewerbungsmappencheck<\/strong>&nbsp;verleihen wir Ihren Unterlagen zudem den letzten Schliff.<\/p>\r\n\r\n<p>Wir freuen uns Sie auf der CONTACT2022 begr\u00fc\u00dfen zu d\u00fcrfen!<\/p>\r\n","protected":false},"excerpt":{"rendered":"<p>Kn\u00fcpfen Sie Kontakte und planen Sie Ihre Karriere auf der CONTACT2022! Sie sind Student, Doktorand, Absolvent, Young Professional oder labortechnischer Mitarbeiter im Bereich der Life Sciences? Dann besuchen Sie am<\/p>\n","protected":false},"author":1,"featured_media":0,"parent":0,"menu_order":0,"comment_status":"closed","ping_status":"closed","template":"","meta":{"_eb_attr":"","_breakdance_hide_in_design_set":false,"_breakdance_tags":"","footnotes":""},"class_list":["post-981","page","type-page","status-publish","hentry"],"yoast_head":"<!-- This site is optimized with the Yoast SEO plugin v27.5 - https:\/\/yoast.com\/product\/yoast-seo-wordpress\/ -->\n<title>Aussteller \u00dcbersicht CONTACT2022 - BioContact e.V. (English)<\/title>\n<meta name=\"robots\" content=\"index, follow, max-snippet:-1, max-image-preview:large, max-video-preview:-1\" \/>\n<link rel=\"canonical\" href=\"https:\/\/biocontact.ci-commerce.com\/en\/informationen-fuer-besucher-contact2022\/\" \/>\n<meta property=\"og:locale\" content=\"en_GB\" \/>\n<meta property=\"og:type\" content=\"article\" \/>\n<meta property=\"og:title\" content=\"Aussteller \u00dcbersicht CONTACT2022 - BioContact e.V. (English)\" \/>\n<meta property=\"og:description\" content=\"Kn\u00fcpfen Sie Kontakte und planen Sie Ihre Karriere auf der CONTACT2022! Sie sind Student, Doktorand, Absolvent, Young Professional oder labortechnischer Mitarbeiter im Bereich der Life Sciences? Dann besuchen Sie am\" \/>\n<meta property=\"og:url\" content=\"https:\/\/biocontact.ci-commerce.com\/en\/informationen-fuer-besucher-contact2022\/\" \/>\n<meta property=\"og:site_name\" content=\"BioContact e.V. (English)\" \/>\n<meta name=\"twitter:card\" content=\"summary_large_image\" \/>\n<meta name=\"twitter:label1\" content=\"Estimated reading time\" \/>\n\t<meta name=\"twitter:data1\" content=\"1 minute\" \/>\n<script type=\"application\/ld+json\" class=\"yoast-schema-graph\">{\"@context\":\"https:\\\/\\\/schema.org\",\"@graph\":[{\"@type\":\"WebPage\",\"@id\":\"https:\\\/\\\/biocontact.ci-commerce.com\\\/en\\\/informationen-fuer-besucher-contact2022\\\/\",\"url\":\"https:\\\/\\\/biocontact.ci-commerce.com\\\/en\\\/informationen-fuer-besucher-contact2022\\\/\",\"name\":\"Aussteller \u00dcbersicht CONTACT2022 - BioContact e.V. (English)\",\"isPartOf\":{\"@id\":\"https:\\\/\\\/biocontact.ci-commerce.com\\\/en\\\/#website\"},\"datePublished\":\"2021-04-07T09:26:14+00:00\",\"breadcrumb\":{\"@id\":\"https:\\\/\\\/biocontact.ci-commerce.com\\\/en\\\/informationen-fuer-besucher-contact2022\\\/#breadcrumb\"},\"inLanguage\":\"en-GB\",\"potentialAction\":[{\"@type\":\"ReadAction\",\"target\":[\"https:\\\/\\\/biocontact.ci-commerce.com\\\/en\\\/informationen-fuer-besucher-contact2022\\\/\"]}]},{\"@type\":\"BreadcrumbList\",\"@id\":\"https:\\\/\\\/biocontact.ci-commerce.com\\\/en\\\/informationen-fuer-besucher-contact2022\\\/#breadcrumb\",\"itemListElement\":[{\"@type\":\"ListItem\",\"position\":1,\"name\":\"Startseite\",\"item\":\"https:\\\/\\\/www.biocontact.info\\\/en\\\/\"},{\"@type\":\"ListItem\",\"position\":2,\"name\":\"Aussteller \u00dcbersicht CONTACT2022\"}]},{\"@type\":\"WebSite\",\"@id\":\"https:\\\/\\\/biocontact.ci-commerce.com\\\/en\\\/#website\",\"url\":\"https:\\\/\\\/biocontact.ci-commerce.com\\\/en\\\/\",\"name\":\"BioContact e.V. (English)\",\"description\":\"We network science and industry\",\"potentialAction\":[{\"@type\":\"SearchAction\",\"target\":{\"@type\":\"EntryPoint\",\"urlTemplate\":\"https:\\\/\\\/biocontact.ci-commerce.com\\\/en\\\/?s={search_term_string}\"},\"query-input\":{\"@type\":\"PropertyValueSpecification\",\"valueRequired\":true,\"valueName\":\"search_term_string\"}}],\"inLanguage\":\"en-GB\"}]}<\/script>\n<!-- \/ Yoast SEO plugin. -->","yoast_head_json":{"title":"Aussteller \u00dcbersicht CONTACT2022 - BioContact e.V. (English)","robots":{"index":"index","follow":"follow","max-snippet":"max-snippet:-1","max-image-preview":"max-image-preview:large","max-video-preview":"max-video-preview:-1"},"canonical":"https:\/\/biocontact.ci-commerce.com\/en\/informationen-fuer-besucher-contact2022\/","og_locale":"en_GB","og_type":"article","og_title":"Aussteller \u00dcbersicht CONTACT2022 - BioContact e.V. (English)","og_description":"Kn\u00fcpfen Sie Kontakte und planen Sie Ihre Karriere auf der CONTACT2022! Sie sind Student, Doktorand, Absolvent, Young Professional oder labortechnischer Mitarbeiter im Bereich der Life Sciences? Dann besuchen Sie am","og_url":"https:\/\/biocontact.ci-commerce.com\/en\/informationen-fuer-besucher-contact2022\/","og_site_name":"BioContact e.V. (English)","twitter_card":"summary_large_image","twitter_misc":{"Estimated reading time":"1 minute"},"schema":{"@context":"https:\/\/schema.org","@graph":[{"@type":"WebPage","@id":"https:\/\/biocontact.ci-commerce.com\/en\/informationen-fuer-besucher-contact2022\/","url":"https:\/\/biocontact.ci-commerce.com\/en\/informationen-fuer-besucher-contact2022\/","name":"Aussteller \u00dcbersicht CONTACT2022 - BioContact e.V. (English)","isPartOf":{"@id":"https:\/\/biocontact.ci-commerce.com\/en\/#website"},"datePublished":"2021-04-07T09:26:14+00:00","breadcrumb":{"@id":"https:\/\/biocontact.ci-commerce.com\/en\/informationen-fuer-besucher-contact2022\/#breadcrumb"},"inLanguage":"en-GB","potentialAction":[{"@type":"ReadAction","target":["https:\/\/biocontact.ci-commerce.com\/en\/informationen-fuer-besucher-contact2022\/"]}]},{"@type":"BreadcrumbList","@id":"https:\/\/biocontact.ci-commerce.com\/en\/informationen-fuer-besucher-contact2022\/#breadcrumb","itemListElement":[{"@type":"ListItem","position":1,"name":"Startseite","item":"https:\/\/www.biocontact.info\/en\/"},{"@type":"ListItem","position":2,"name":"Aussteller \u00dcbersicht CONTACT2022"}]},{"@type":"WebSite","@id":"https:\/\/biocontact.ci-commerce.com\/en\/#website","url":"https:\/\/biocontact.ci-commerce.com\/en\/","name":"BioContact e.V. (English)","description":"We network science and industry","potentialAction":[{"@type":"SearchAction","target":{"@type":"EntryPoint","urlTemplate":"https:\/\/biocontact.ci-commerce.com\/en\/?s={search_term_string}"},"query-input":{"@type":"PropertyValueSpecification","valueRequired":true,"valueName":"search_term_string"}}],"inLanguage":"en-GB"}]}},"_links":{"self":[{"href":"https:\/\/www.biocontact.info\/en\/wp-json\/wp\/v2\/pages\/981","targetHints":{"allow":["GET"]}}],"collection":[{"href":"https:\/\/www.biocontact.info\/en\/wp-json\/wp\/v2\/pages"}],"about":[{"href":"https:\/\/www.biocontact.info\/en\/wp-json\/wp\/v2\/types\/page"}],"author":[{"embeddable":true,"href":"https:\/\/www.biocontact.info\/en\/wp-json\/wp\/v2\/users\/1"}],"replies":[{"embeddable":true,"href":"https:\/\/www.biocontact.info\/en\/wp-json\/wp\/v2\/comments?post=981"}],"version-history":[{"count":0,"href":"https:\/\/www.biocontact.info\/en\/wp-json\/wp\/v2\/pages\/981\/revisions"}],"wp:attachment":[{"href":"https:\/\/www.biocontact.info\/en\/wp-json\/wp\/v2\/media?parent=981"}],"curies":[{"name":"wp","href":"https:\/\/api.w.org\/{rel}","templated":true}]}}