{"id":979,"date":"2021-04-06T21:07:27","date_gmt":"2021-04-06T19:07:27","guid":{"rendered":"https:\/\/biocontact.info\/en\/vortragsprogramm-contact2022\/"},"modified":"2021-04-06T21:07:27","modified_gmt":"2021-04-06T19:07:27","slug":"vortragsprogramm-contact2022","status":"publish","type":"page","link":"https:\/\/www.biocontact.info\/en\/vortragsprogramm-contact2022\/","title":{"rendered":"Vortragsprogramm auf der CONTACT2022"},"content":{"rendered":"<p>Neben zahlreichen Messest\u00e4nden bietet die CONTACT2022 mit einem vielseitigen Vortragsprogramm Besuchern die M\u00f6glichkeit, sich \u00fcber die verschiedenen Aspekte rund um den Berufseinstieg, Karrierem\u00f6glichkeiten und Perspektiven in der Life Science Branche zu informieren. Die ausstellenden Firmen werden dabei ihr Unternehmen in viertelst\u00fcndigen oder halbst\u00fcndigen Vortr\u00e4gen vorstellen.<\/p>\r\n\r\n<p>Eine \u00dcbersicht zu den Vortr\u00e4gen finden sie <a href=\"https:\/\/www.biocontact.info\/sites\/default\/files\/seite-anhang\/contact2022_katalog_programm_0.pdf\">hier<\/a>.<\/p>\r\n\r\n<p>Eine kurze Beschreibung der externen Referenten von Spektrum der Wissenschaft und der Patentanwaltskanzlei Ullrich und Naumann finden sie <a href=\"https:\/\/biocontact.ci-commerce.comen\/wp-content\/uploads\/sites\/2\/2021\/04\/seite-anhang_contact2022_katalog_external_speaker.pdf\">hier<\/a>.<\/p>\r\n\r\n<p>Alle Vortr\u00e4ge werden auf Englisch sein, bis auf die markierten.<\/p>\r\n\r\n<h2>Live Stream<\/h2>\r\n\r\n<p>Die Vortr\u00e4ge werden auch per Live-Stream \u00fcbertragen. Klicken Sie <a href=\"\/livestreaming\">hier<\/a>, um zu den Live-Streams zu gelangen.<\/p>\r\n\r\n<h2>Vortragsprogramm<\/h2>\r\n\r\n<h3>Stage 1<\/h3>\r\n\r\n<table border=\"1\" cellpadding=\"1\" cellspacing=\"1\" dir=\"ltr\" style=\"width:700px\">\r\n\t<tbody>\r\n\t\t<tr>\r\n\t\t\t<td>9:15-09:30<\/td>\r\n\t\t\t<td><strong>Welcome<\/strong> by BioContact e.V. and Prof. Dr. Rienk Offringa (DKFZ)<\/td>\r\n\t\t<\/tr>\r\n\t\t<tr>\r\n\t\t\t<td>09:30-10:00<\/td>\r\n\t\t\t<td><strong>DKFZ Career Service <\/strong>| Barbara Janssens<br \/>\r\n\t\t\t<em>Career Paths in the Life Sciences<\/em><\/td>\r\n\t\t<\/tr>\r\n\t\t<tr>\r\n\t\t\t<td>10:00-10:30<\/td>\r\n\t\t\t<td><strong>Rentschler<\/strong> | Sabine Lotz<br \/>\r\n\t\t\t<em><img loading=\"lazy\" decoding=\"async\" class=\" size-full wp-image-781\" alt=\"\" src=\"https:\/\/biocontact.ci-commerce.comen\/wp-content\/uploads\/sites\/2\/2018\/10\/pictures_Vereinslogos_100px-flag_of_germany.png\" style=\"height:12px; width:20px\" width=\"100\" height=\"60\" \/>&nbsp;Schreibe Deine Geschichte mit Rentschler Biopharma<\/em><\/td>\r\n\t\t<\/tr>\r\n\t\t<tr>\r\n\t\t\t<td>10:30-11:00<\/td>\r\n\t\t\t<td><strong>Bayer <\/strong>| B\u00e4rbel Volkmann<br \/>\r\n\t\t\t<em>Be you, be Bayer!<\/em><\/td>\r\n\t\t<\/tr>\r\n\t\t<tr>\r\n\t\t\t<td>11:00-11:30<\/td>\r\n\t\t\t<td><strong>Sanofi <\/strong>| Katrin K\u00f6hler<br \/>\r\n\t\t\t<em><img loading=\"lazy\" decoding=\"async\" class=\" size-full wp-image-781\" alt=\"\" src=\"https:\/\/biocontact.ci-commerce.comen\/wp-content\/uploads\/sites\/2\/2018\/10\/pictures_Vereinslogos_100px-flag_of_germany.png\" style=\"height:12px; width:20px\" width=\"100\" height=\"60\" \/>&nbsp;Welcome to Sanofi<\/em><\/td>\r\n\t\t<\/tr>\r\n\t\t<tr>\r\n\t\t\t<td>11:30-12:00<\/td>\r\n\t\t\t<td><strong>Merck kGaA <\/strong>| Lisa Herge<br \/>\r\n\t\t\t<em>START YOUR JOURNEY OF DISCOVERY<\/em><\/td>\r\n\t\t<\/tr>\r\n\t\t<tr>\r\n\t\t\t<td>12:00-12:30<\/td>\r\n\t\t\t<td>\r\n\t\t\t<p><strong>McKinsey &amp; Company, Inc.<\/strong> | Martin Ellmers, Tomke Pauly<br \/>\r\n\t\t\t<em><img loading=\"lazy\" decoding=\"async\" class=\" size-full wp-image-781\" alt=\"\" src=\"https:\/\/biocontact.ci-commerce.comen\/wp-content\/uploads\/sites\/2\/2018\/10\/pictures_Vereinslogos_100px-flag_of_germany.png\" style=\"height:12px; width:20px\" width=\"100\" height=\"60\" \/>&nbsp;Warum McKinsey<\/em><\/p>\r\n\t\t\t<\/td>\r\n\t\t<\/tr>\r\n\t\t<tr>\r\n\t\t\t<td>12:30-13:00<\/td>\r\n\t\t\t<td><strong>Lonza<\/strong> | Ivonne Marschall<br \/>\r\n\t\t\t<em><img loading=\"lazy\" decoding=\"async\" class=\" size-full wp-image-781\" alt=\"\" src=\"https:\/\/biocontact.ci-commerce.comen\/wp-content\/uploads\/sites\/2\/2018\/10\/pictures_Vereinslogos_100px-flag_of_germany.png\" style=\"height:12px; width:20px\" width=\"100\" height=\"60\" \/>&nbsp;Silicon Valais - HighTech Boom im Herzen der schweizer Alpen<\/em><\/td>\r\n\t\t<\/tr>\r\n\t\t<tr>\r\n\t\t\t<td>13:00-13:30<\/td>\r\n\t\t\t<td><strong>Pause<\/strong><\/td>\r\n\t\t<\/tr>\r\n\t\t<tr>\r\n\t\t\t<td>13:30-14:00<\/td>\r\n\t\t\t<td><strong>Abbvie<\/strong> |&nbsp;Alfred Stefan<br \/>\r\n\t\t\t<em><img loading=\"lazy\" decoding=\"async\" class=\" size-full wp-image-781\" alt=\"\" src=\"https:\/\/biocontact.ci-commerce.comen\/wp-content\/uploads\/sites\/2\/2018\/10\/pictures_Vereinslogos_100px-flag_of_germany.png\" style=\"height:12px; width:20px\" width=\"100\" height=\"60\" \/>&nbsp;AbbVies Movement hin zu in-silico Forschung<\/em><\/td>\r\n\t\t<\/tr>\r\n\t\t<tr>\r\n\t\t\t<td>14:00-14:30<\/td>\r\n\t\t\t<td><strong>BASF <\/strong>| Dr. David Maurer<br \/>\r\n\t\t\t<em>Bioscience Research &amp; Career at BASF<\/em><\/td>\r\n\t\t<\/tr>\r\n\t\t<tr>\r\n\t\t\t<td>14:30-15:00<\/td>\r\n\t\t\t<td><strong>Procter &amp; Gamble<\/strong> | Juan Hernandez<br \/>\r\n\t\t\tP&amp;G - the best place to work at<\/td>\r\n\t\t<\/tr>\r\n\t\t<tr>\r\n\t\t\t<td>15:00-15:30<\/td>\r\n\t\t\t<td><strong>Novo Nordisk <\/strong>| Anneke Janz, Ana Mora Agudo<br \/>\r\n\t\t\t<em>Life-changing careers at Novo Nordisk<\/em><\/td>\r\n\t\t<\/tr>\r\n\t\t<tr>\r\n\t\t\t<td>15:30-17:00<\/td>\r\n\t\t\t<td><strong>Paneldiscussion <\/strong>| Abbvie, DewpointX, Eurofins, Lonza, Novo Nordisk,<br \/>\r\n\t\t\tSciomics, Zamann<br \/>\r\n\t\t\t<em>Work trends - how will the workplace and culture change in the future?<\/em><\/td>\r\n\t\t<\/tr>\r\n\t<\/tbody>\r\n<\/table>\r\n\r\n<h3>&nbsp;<\/h3>\r\n\r\n<h3>Stage 2<\/h3>\r\n\r\n<table border=\"1\" cellpadding=\"1\" cellspacing=\"1\" dir=\"ltr\" style=\"width:700px\">\r\n\t<tbody>\r\n\t\t<tr>\r\n\t\t\t<td>9:30-10:30<\/td>\r\n\t\t\t<td>\r\n\t\t\t<p><strong>Short Talks with<\/strong><\/p>\r\n\r\n\t\t\t<p><strong>Zamann Pharma<\/strong> | Candice Birch<br \/>\r\n\t\t\t<em>An introduction to Pharmuni<\/em><\/p>\r\n\r\n\t\t\t<p><strong>R-Biopharm<\/strong> |&nbsp;Dr. Anne-Susan Gantzert<br \/>\r\n\t\t\t<em><img loading=\"lazy\" decoding=\"async\" class=\" size-full wp-image-781\" alt=\"\" src=\"https:\/\/biocontact.ci-commerce.comen\/wp-content\/uploads\/sites\/2\/2018\/10\/pictures_Vereinslogos_100px-flag_of_germany.png\" style=\"height:12px; width:20px\" width=\"100\" height=\"60\" \/>&nbsp;Dein Einstieg bei R-Biopharm<\/em><\/p>\r\n\r\n\t\t\t<p><strong>Patentanwaltskanzlei Ullrich &amp; Naumann<\/strong> | Dr. Jan Erwig<br \/>\r\n\t\t\t<em>Patent attorney \u2013 working at the interface of scientific innovation<br \/>\r\n\t\t\tand commercialization<\/em><\/p>\r\n\r\n\t\t\t<p><strong>Sciomics<\/strong> | Dr. Ronny Schmidt<br \/>\r\n\t\t\t<em>Right in the middle of things - a day in a growing Start-up<\/em><\/p>\r\n\t\t\t<\/td>\r\n\t\t<\/tr>\r\n\t\t<tr>\r\n\t\t\t<td>10:30-11:00<\/td>\r\n\t\t\t<td><strong>DewpointX<\/strong> | Dr. Michael Wagner<br \/>\r\n\t\t\t<em>Dewpoint Therapeutics \u2013 Condensates Matter<\/em><\/td>\r\n\t\t<\/tr>\r\n\t\t<tr>\r\n\t\t\t<td>11:00-11:30<\/td>\r\n\t\t\t<td><strong>ICON plc |<\/strong> tbd<br \/>\r\n\t\t\t<em>Company presentation ICON plc<\/em><\/td>\r\n\t\t<\/tr>\r\n\t\t<tr>\r\n\t\t\t<td>11:30-12:00<\/td>\r\n\t\t\t<td><strong>Trinity Life Science<\/strong> | Benjamin Anstett<br \/>\r\n\t\t\t<em>Trinity Life Sciences - Every Decision Impacts a Life.<\/em><\/td>\r\n\t\t<\/tr>\r\n\t\t<tr>\r\n\t\t\t<td>12:00-12:30<\/td>\r\n\t\t\t<td><strong>PPD<\/strong> | Michael Wingerter<br \/>\r\n\t\t\t<em><img loading=\"lazy\" decoding=\"async\" class=\" size-full wp-image-781\" alt=\"\" src=\"https:\/\/biocontact.ci-commerce.comen\/wp-content\/uploads\/sites\/2\/2018\/10\/pictures_Vereinslogos_100px-flag_of_germany.png\" style=\"height:12px; width:20px\" width=\"100\" height=\"60\" \/>&nbsp;Careers in Clinical Research from the perspective of a Global CRO<\/em><\/td>\r\n\t\t<\/tr>\r\n\t\t<tr>\r\n\t\t\t<td>12:30-13:00<\/td>\r\n\t\t\t<td><strong>Affimed<\/strong> | Sheena Pinto, Christian Breunig<br \/>\r\n\t\t\t<em>Affimed \u2013 Untapping the Power of Innate Immunity to Treat Cancer<\/em><\/td>\r\n\t\t<\/tr>\r\n\t\t<tr>\r\n\t\t\t<td>13:00-13:30<\/td>\r\n\t\t\t<td>\r\n\t\t\t<p><strong>InfectoPharm<\/strong> | Dr. Dominik Vogt, Thu Huyen Nguyen<br \/>\r\n\t\t\t<em><img loading=\"lazy\" decoding=\"async\" class=\" size-full wp-image-781\" alt=\"\" src=\"https:\/\/biocontact.ci-commerce.comen\/wp-content\/uploads\/sites\/2\/2018\/10\/pictures_Vereinslogos_100px-flag_of_germany.png\" style=\"height:12px; width:20px\" width=\"100\" height=\"60\" \/>&nbsp;Ihre Karrierem\u00f6glichkeit bei InfectoPharm<\/em><\/p>\r\n\t\t\t<\/td>\r\n\t\t<\/tr>\r\n\t\t<tr>\r\n\t\t\t<td>13:30-14:00<\/td>\r\n\t\t\t<td><strong>Gotthardt Healthcare AG<\/strong> | Marco Bleistein<br \/>\r\n\t\t\t<em>Medical Evidence to Action<\/em><\/td>\r\n\t\t<\/tr>\r\n\t\t<tr>\r\n\t\t\t<td>14:00-14:30<\/td>\r\n\t\t\t<td><strong>Agap2<\/strong> | Alexander Pfriem<br \/>\r\n\t\t\t<em><img loading=\"lazy\" decoding=\"async\" class=\" size-full wp-image-781\" alt=\"\" src=\"https:\/\/biocontact.ci-commerce.comen\/wp-content\/uploads\/sites\/2\/2018\/10\/pictures_Vereinslogos_100px-flag_of_germany.png\" style=\"height:12px; width:20px\" width=\"100\" height=\"60\" \/>&nbsp;agap2 - Operative Projektt\u00e4tigkeit in Pharma, MedTec und BioTec<\/em><\/td>\r\n\t\t<\/tr>\r\n\t\t<tr>\r\n\t\t\t<td>14:30-15:00<\/td>\r\n\t\t\t<td><strong>ZS Associate <\/strong>| Falko Graf-Meisner, Nils Niemann, Lucy Carter, Janneke<br \/>\r\n\t\t\tBlisjswijk<br \/>\r\n\t\t\t<em>Scientists in Consulting<\/em><\/td>\r\n\t\t<\/tr>\r\n\t\t<tr>\r\n\t\t\t<td>15:00-15:30<\/td>\r\n\t\t\t<td><strong>Spektrum der Wissenschaft<\/strong> | Dr. Frank Schubert<br \/>\r\n\t\t\t<em><img loading=\"lazy\" decoding=\"async\" class=\" size-full wp-image-781\" alt=\"\" src=\"https:\/\/biocontact.ci-commerce.comen\/wp-content\/uploads\/sites\/2\/2018\/10\/pictures_Vereinslogos_100px-flag_of_germany.png\" style=\"height:12px; width:20px\" width=\"100\" height=\"60\" \/> Als Wissenschaftsredakteur:in arbeiten<\/em><\/td>\r\n\t\t<\/tr>\r\n\t\t<tr>\r\n\t\t\t<td>15:30-16:00<\/td>\r\n\t\t\t<td><strong>Catalent<\/strong> | Anita Ihrig<br \/>\r\n\t\t\t<em><img loading=\"lazy\" decoding=\"async\" class=\" size-full wp-image-781\" alt=\"\" src=\"https:\/\/biocontact.ci-commerce.comen\/wp-content\/uploads\/sites\/2\/2018\/10\/pictures_Vereinslogos_100px-flag_of_germany.png\" style=\"height:12px; width:20px\" width=\"100\" height=\"60\" \/>&nbsp;Karrierestart f\u00fcr Naturwissenschaftler bei Catalent<\/em><\/td>\r\n\t\t<\/tr>\r\n\t<\/tbody>\r\n<\/table>\r\n\r\n<p>Talk auf Deutsch <img loading=\"lazy\" decoding=\"async\" class=\" size-full wp-image-781\" alt=\"\" src=\"https:\/\/biocontact.ci-commerce.comen\/wp-content\/uploads\/sites\/2\/2018\/10\/pictures_Vereinslogos_100px-flag_of_germany.png\" style=\"height:12px; width:20px\" width=\"100\" height=\"60\" \/><\/p>\r\n","protected":false},"excerpt":{"rendered":"<p>Neben zahlreichen Messest\u00e4nden bietet die CONTACT2022 mit einem vielseitigen Vortragsprogramm Besuchern die M\u00f6glichkeit, sich \u00fcber die verschiedenen Aspekte rund um den Berufseinstieg, Karrierem\u00f6glichkeiten und Perspektiven in der Life Science Branche<\/p>\n","protected":false},"author":1,"featured_media":781,"parent":0,"menu_order":0,"comment_status":"closed","ping_status":"closed","template":"","meta":{"_eb_attr":"","_breakdance_hide_in_design_set":false,"_breakdance_tags":"","footnotes":""},"class_list":["post-979","page","type-page","status-publish","has-post-thumbnail","hentry"],"yoast_head":"<!-- This site is optimized with the Yoast SEO plugin v27.5 - https:\/\/yoast.com\/product\/yoast-seo-wordpress\/ -->\n<title>Vortragsprogramm auf der CONTACT2022 - BioContact e.V. (English)<\/title>\n<meta name=\"robots\" content=\"index, follow, max-snippet:-1, max-image-preview:large, max-video-preview:-1\" \/>\n<link rel=\"canonical\" href=\"https:\/\/biocontact.ci-commerce.com\/en\/vortragsprogramm-contact2022\/\" \/>\n<meta property=\"og:locale\" content=\"en_GB\" \/>\n<meta property=\"og:type\" content=\"article\" \/>\n<meta property=\"og:title\" content=\"Vortragsprogramm auf der CONTACT2022 - BioContact e.V. (English)\" \/>\n<meta property=\"og:description\" content=\"Neben zahlreichen Messest\u00e4nden bietet die CONTACT2022 mit einem vielseitigen Vortragsprogramm Besuchern die M\u00f6glichkeit, sich \u00fcber die verschiedenen Aspekte rund um den Berufseinstieg, Karrierem\u00f6glichkeiten und Perspektiven in der Life Science Branche\" \/>\n<meta property=\"og:url\" content=\"https:\/\/biocontact.ci-commerce.com\/en\/vortragsprogramm-contact2022\/\" \/>\n<meta property=\"og:site_name\" content=\"BioContact e.V. (English)\" \/>\n<meta property=\"og:image\" content=\"https:\/\/biocontact.ci-commerce.com\/en\/wp-content\/uploads\/sites\/2\/2018\/10\/pictures_Vereinslogos_100px-flag_of_germany.png\" \/>\n\t<meta property=\"og:image:width\" content=\"100\" \/>\n\t<meta property=\"og:image:height\" content=\"60\" \/>\n\t<meta property=\"og:image:type\" content=\"image\/png\" \/>\n<meta name=\"twitter:card\" content=\"summary_large_image\" \/>\n<meta name=\"twitter:label1\" content=\"Estimated reading time\" \/>\n\t<meta name=\"twitter:data1\" content=\"2 minutes\" \/>\n<script type=\"application\/ld+json\" class=\"yoast-schema-graph\">{\"@context\":\"https:\\\/\\\/schema.org\",\"@graph\":[{\"@type\":\"WebPage\",\"@id\":\"https:\\\/\\\/biocontact.ci-commerce.com\\\/en\\\/vortragsprogramm-contact2022\\\/\",\"url\":\"https:\\\/\\\/biocontact.ci-commerce.com\\\/en\\\/vortragsprogramm-contact2022\\\/\",\"name\":\"Vortragsprogramm auf der CONTACT2022 - BioContact e.V. (English)\",\"isPartOf\":{\"@id\":\"https:\\\/\\\/biocontact.ci-commerce.com\\\/en\\\/#website\"},\"primaryImageOfPage\":{\"@id\":\"https:\\\/\\\/biocontact.ci-commerce.com\\\/en\\\/vortragsprogramm-contact2022\\\/#primaryimage\"},\"image\":{\"@id\":\"https:\\\/\\\/biocontact.ci-commerce.com\\\/en\\\/vortragsprogramm-contact2022\\\/#primaryimage\"},\"thumbnailUrl\":\"https:\\\/\\\/www.biocontact.info\\\/en\\\/wp-content\\\/uploads\\\/sites\\\/2\\\/2018\\\/10\\\/pictures_Vereinslogos_100px-flag_of_germany.png\",\"datePublished\":\"2021-04-06T19:07:27+00:00\",\"breadcrumb\":{\"@id\":\"https:\\\/\\\/biocontact.ci-commerce.com\\\/en\\\/vortragsprogramm-contact2022\\\/#breadcrumb\"},\"inLanguage\":\"en-GB\",\"potentialAction\":[{\"@type\":\"ReadAction\",\"target\":[\"https:\\\/\\\/biocontact.ci-commerce.com\\\/en\\\/vortragsprogramm-contact2022\\\/\"]}]},{\"@type\":\"ImageObject\",\"inLanguage\":\"en-GB\",\"@id\":\"https:\\\/\\\/biocontact.ci-commerce.com\\\/en\\\/vortragsprogramm-contact2022\\\/#primaryimage\",\"url\":\"https:\\\/\\\/www.biocontact.info\\\/en\\\/wp-content\\\/uploads\\\/sites\\\/2\\\/2018\\\/10\\\/pictures_Vereinslogos_100px-flag_of_germany.png\",\"contentUrl\":\"https:\\\/\\\/www.biocontact.info\\\/en\\\/wp-content\\\/uploads\\\/sites\\\/2\\\/2018\\\/10\\\/pictures_Vereinslogos_100px-flag_of_germany.png\",\"width\":100,\"height\":60},{\"@type\":\"BreadcrumbList\",\"@id\":\"https:\\\/\\\/biocontact.ci-commerce.com\\\/en\\\/vortragsprogramm-contact2022\\\/#breadcrumb\",\"itemListElement\":[{\"@type\":\"ListItem\",\"position\":1,\"name\":\"Startseite\",\"item\":\"https:\\\/\\\/www.biocontact.info\\\/en\\\/\"},{\"@type\":\"ListItem\",\"position\":2,\"name\":\"Vortragsprogramm auf der CONTACT2022\"}]},{\"@type\":\"WebSite\",\"@id\":\"https:\\\/\\\/biocontact.ci-commerce.com\\\/en\\\/#website\",\"url\":\"https:\\\/\\\/biocontact.ci-commerce.com\\\/en\\\/\",\"name\":\"BioContact e.V. (English)\",\"description\":\"We network science and industry\",\"potentialAction\":[{\"@type\":\"SearchAction\",\"target\":{\"@type\":\"EntryPoint\",\"urlTemplate\":\"https:\\\/\\\/biocontact.ci-commerce.com\\\/en\\\/?s={search_term_string}\"},\"query-input\":{\"@type\":\"PropertyValueSpecification\",\"valueRequired\":true,\"valueName\":\"search_term_string\"}}],\"inLanguage\":\"en-GB\"}]}<\/script>\n<!-- \/ Yoast SEO plugin. -->","yoast_head_json":{"title":"Vortragsprogramm auf der CONTACT2022 - BioContact e.V. (English)","robots":{"index":"index","follow":"follow","max-snippet":"max-snippet:-1","max-image-preview":"max-image-preview:large","max-video-preview":"max-video-preview:-1"},"canonical":"https:\/\/biocontact.ci-commerce.com\/en\/vortragsprogramm-contact2022\/","og_locale":"en_GB","og_type":"article","og_title":"Vortragsprogramm auf der CONTACT2022 - BioContact e.V. (English)","og_description":"Neben zahlreichen Messest\u00e4nden bietet die CONTACT2022 mit einem vielseitigen Vortragsprogramm Besuchern die M\u00f6glichkeit, sich \u00fcber die verschiedenen Aspekte rund um den Berufseinstieg, Karrierem\u00f6glichkeiten und Perspektiven in der Life Science Branche","og_url":"https:\/\/biocontact.ci-commerce.com\/en\/vortragsprogramm-contact2022\/","og_site_name":"BioContact e.V. (English)","og_image":[{"width":100,"height":60,"url":"https:\/\/biocontact.ci-commerce.com\/en\/wp-content\/uploads\/sites\/2\/2018\/10\/pictures_Vereinslogos_100px-flag_of_germany.png","type":"image\/png"}],"twitter_card":"summary_large_image","twitter_misc":{"Estimated reading time":"2 minutes"},"schema":{"@context":"https:\/\/schema.org","@graph":[{"@type":"WebPage","@id":"https:\/\/biocontact.ci-commerce.com\/en\/vortragsprogramm-contact2022\/","url":"https:\/\/biocontact.ci-commerce.com\/en\/vortragsprogramm-contact2022\/","name":"Vortragsprogramm auf der CONTACT2022 - BioContact e.V. (English)","isPartOf":{"@id":"https:\/\/biocontact.ci-commerce.com\/en\/#website"},"primaryImageOfPage":{"@id":"https:\/\/biocontact.ci-commerce.com\/en\/vortragsprogramm-contact2022\/#primaryimage"},"image":{"@id":"https:\/\/biocontact.ci-commerce.com\/en\/vortragsprogramm-contact2022\/#primaryimage"},"thumbnailUrl":"https:\/\/www.biocontact.info\/en\/wp-content\/uploads\/sites\/2\/2018\/10\/pictures_Vereinslogos_100px-flag_of_germany.png","datePublished":"2021-04-06T19:07:27+00:00","breadcrumb":{"@id":"https:\/\/biocontact.ci-commerce.com\/en\/vortragsprogramm-contact2022\/#breadcrumb"},"inLanguage":"en-GB","potentialAction":[{"@type":"ReadAction","target":["https:\/\/biocontact.ci-commerce.com\/en\/vortragsprogramm-contact2022\/"]}]},{"@type":"ImageObject","inLanguage":"en-GB","@id":"https:\/\/biocontact.ci-commerce.com\/en\/vortragsprogramm-contact2022\/#primaryimage","url":"https:\/\/www.biocontact.info\/en\/wp-content\/uploads\/sites\/2\/2018\/10\/pictures_Vereinslogos_100px-flag_of_germany.png","contentUrl":"https:\/\/www.biocontact.info\/en\/wp-content\/uploads\/sites\/2\/2018\/10\/pictures_Vereinslogos_100px-flag_of_germany.png","width":100,"height":60},{"@type":"BreadcrumbList","@id":"https:\/\/biocontact.ci-commerce.com\/en\/vortragsprogramm-contact2022\/#breadcrumb","itemListElement":[{"@type":"ListItem","position":1,"name":"Startseite","item":"https:\/\/www.biocontact.info\/en\/"},{"@type":"ListItem","position":2,"name":"Vortragsprogramm auf der CONTACT2022"}]},{"@type":"WebSite","@id":"https:\/\/biocontact.ci-commerce.com\/en\/#website","url":"https:\/\/biocontact.ci-commerce.com\/en\/","name":"BioContact e.V. (English)","description":"We network science and industry","potentialAction":[{"@type":"SearchAction","target":{"@type":"EntryPoint","urlTemplate":"https:\/\/biocontact.ci-commerce.com\/en\/?s={search_term_string}"},"query-input":{"@type":"PropertyValueSpecification","valueRequired":true,"valueName":"search_term_string"}}],"inLanguage":"en-GB"}]}},"_links":{"self":[{"href":"https:\/\/www.biocontact.info\/en\/wp-json\/wp\/v2\/pages\/979","targetHints":{"allow":["GET"]}}],"collection":[{"href":"https:\/\/www.biocontact.info\/en\/wp-json\/wp\/v2\/pages"}],"about":[{"href":"https:\/\/www.biocontact.info\/en\/wp-json\/wp\/v2\/types\/page"}],"author":[{"embeddable":true,"href":"https:\/\/www.biocontact.info\/en\/wp-json\/wp\/v2\/users\/1"}],"replies":[{"embeddable":true,"href":"https:\/\/www.biocontact.info\/en\/wp-json\/wp\/v2\/comments?post=979"}],"version-history":[{"count":0,"href":"https:\/\/www.biocontact.info\/en\/wp-json\/wp\/v2\/pages\/979\/revisions"}],"wp:featuredmedia":[{"embeddable":true,"href":"https:\/\/www.biocontact.info\/en\/wp-json\/wp\/v2\/media\/781"}],"wp:attachment":[{"href":"https:\/\/www.biocontact.info\/en\/wp-json\/wp\/v2\/media?parent=979"}],"curies":[{"name":"wp","href":"https:\/\/api.w.org\/{rel}","templated":true}]}}