{"id":969,"date":"2021-04-02T20:28:43","date_gmt":"2021-04-02T18:28:43","guid":{"rendered":"https:\/\/biocontact.info\/en\/bewerbungsmappencheck-2021\/"},"modified":"2021-04-02T20:28:43","modified_gmt":"2021-04-02T18:28:43","slug":"bewerbungsmappencheck-2021","status":"publish","type":"page","link":"https:\/\/www.biocontact.info\/en\/bewerbungsmappencheck-2021\/","title":{"rendered":"Bewerbungsmappenchecks 2021"},"content":{"rendered":"<p>F\u00fcr eine erfolgreiche Bewerbung und die Einladung zum Vorstellungsgespr\u00e4ch sind korrekte und aussagekr\u00e4ftige Bewerbungsunterlagen essentiell. Nutzen Sie daher die M\u00f6glichkeit, auf der CONTACT2021 Ihre Bewerbungsmappe von den Experten der A.S.I Wirtschaftsberatung AG, Horbach, Agentur f\u00fcr Arbeit und der unabh\u00e4ngigen Karriereberaterin Sarah Blackford \u00fcberpr\u00fcfen zu lassen. In einem pers\u00f6nlichen Einzelgespr\u00e4ch k\u00f6nnen Sie sich Anregungen und Tipps einholen, um Ihren Bewerbungsunterlagen den letzten Schliff zu verpassen.<\/p>\r\n\r\n<p>Da wir ein effizientes Training gew\u00e4hrleisten m\u00f6chten, ist die Teilnehmerzahl begrenzt. Alle Pl\u00e4tze werden bereits im Vorfeld online vergeben. Da die Pl\u00e4tze erfahrungsgem\u00e4\u00df sehr schnell ausgebucht sind, ist eine fr\u00fche Anmeldung empfehlenswert.<\/p>\r\n\r\n<p>Das Programm der Bewerbungsmappenchecks finden sie <a href=\"https:\/\/biocontact.ci-commerce.comen\/wp-content\/uploads\/sites\/2\/2021\/04\/seite-anhang_pdf_bmcs_0.pdf\" title=\"Programm BMCs\">hier als PDF-Datei zum Herunterladen<\/a>.<\/p>\r\n\r\n<h2>Die Bewerbungsmappenchecks sind jetzt zur Registrierung offen!<\/h2>\r\n\r\n<h2><strong><a href=\"https:\/\/indico.dkfz.de\/event\/335\/ \">Registriert euch hier!<\/a><\/strong><\/h2>\r\n\r\n<table cellpadding=\"1\" cellspacing=\"1\" style=\"width:700px\">\r\n\t<tbody>\r\n\t\t<tr>\r\n\t\t\t<td>\r\n\t\t\t<p><strong>Titel<\/strong><\/p>\r\n\t\t\t<\/td>\r\n\t\t\t<td>\r\n\t\t\t<p><strong>Sprache<\/strong><\/p>\r\n\t\t\t<\/td>\r\n\t\t\t<td><strong>Veranstalter<\/strong><\/td>\r\n\t\t\t<td><strong>Datum<\/strong><\/td>\r\n\t\t\t<td><strong>Anmeldung<\/strong><\/td>\r\n\t\t<\/tr>\r\n\t\t<tr>\r\n\t\t\t<td style=\"height:75px; width:360px\">\r\n\t\t\t<p><a href=\"https:\/\/www.biocontact.info\/bewerbungsmappencheck-2021-horbach\">Your suitable CV for your suitable position<\/a><\/p>\r\n\t\t\t<\/td>\r\n\t\t\t<td><img loading=\"lazy\" decoding=\"async\" class=\" size-full wp-image-780\" alt=\"\" src=\"https:\/\/biocontact.ci-commerce.comen\/wp-content\/uploads\/sites\/2\/2018\/10\/pictures_Vereinslogos_100px-flag_of_the_united_kingdom.png\" style=\"height:25px; width:50px\" width=\"100\" height=\"50\" \/> <img loading=\"lazy\" decoding=\"async\" class=\" size-full wp-image-781\" alt=\"\" src=\"https:\/\/biocontact.ci-commerce.comen\/wp-content\/uploads\/sites\/2\/2018\/10\/pictures_Vereinslogos_100px-flag_of_germany.png\" style=\"height:26px; width:50px\" width=\"100\" height=\"60\" \/><\/td>\r\n\t\t\t<td><img loading=\"lazy\" decoding=\"async\" class=\" size-full wp-image-814\" alt=\"\" src=\"https:\/\/biocontact.ci-commerce.comen\/wp-content\/uploads\/sites\/2\/2018\/10\/pictures_Firmenlogos_log_horbach_rgb.jpg\" style=\"height:27px; width:150px\" width=\"1280\" height=\"228\" srcset=\"https:\/\/www.biocontact.info\/en\/wp-content\/uploads\/sites\/2\/2018\/10\/pictures_Firmenlogos_log_horbach_rgb.jpg 1280w, https:\/\/www.biocontact.info\/en\/wp-content\/uploads\/sites\/2\/2018\/10\/pictures_Firmenlogos_log_horbach_rgb-300x53.jpg 300w, https:\/\/www.biocontact.info\/en\/wp-content\/uploads\/sites\/2\/2018\/10\/pictures_Firmenlogos_log_horbach_rgb-1024x182.jpg 1024w, https:\/\/www.biocontact.info\/en\/wp-content\/uploads\/sites\/2\/2018\/10\/pictures_Firmenlogos_log_horbach_rgb-768x137.jpg 768w\" sizes=\"auto, (max-width: 1280px) 100vw, 1280px\" \/><\/td>\r\n\t\t\t<td>28.04.2021<\/td>\r\n\t\t\t<td><strong><a href=\"https:\/\/indico.dkfz.de\/event\/335\/ \">hier anmelden<\/a><\/strong><\/td>\r\n\t\t<\/tr>\r\n\t\t<tr>\r\n\t\t\t<td style=\"height:75px; width:360px\">\r\n\t\t\t<p><a href=\"https:\/\/www.biocontact.info\/bewerbungsmappencheck-2021-asi\">Individueller Check der Bewerbungsunterlagen<\/a><\/p>\r\n\t\t\t<\/td>\r\n\t\t\t<td><img loading=\"lazy\" decoding=\"async\" class=\" size-full wp-image-781\" alt=\"\" src=\"https:\/\/biocontact.ci-commerce.comen\/wp-content\/uploads\/sites\/2\/2018\/10\/pictures_Vereinslogos_100px-flag_of_germany.png\" style=\"height:30px; width:50px\" width=\"100\" height=\"60\" \/><\/td>\r\n\t\t\t<td><img loading=\"lazy\" decoding=\"async\" class=\" size-full wp-image-748\" alt=\"\" src=\"https:\/\/biocontact.ci-commerce.comen\/wp-content\/uploads\/sites\/2\/2018\/03\/pictures_Firmenlogos_asi_logo.png\" style=\"height:66px; width:120px\" width=\"650\" height=\"356\" srcset=\"https:\/\/www.biocontact.info\/en\/wp-content\/uploads\/sites\/2\/2018\/03\/pictures_Firmenlogos_asi_logo.png 650w, https:\/\/www.biocontact.info\/en\/wp-content\/uploads\/sites\/2\/2018\/03\/pictures_Firmenlogos_asi_logo-300x164.png 300w\" sizes=\"auto, (max-width: 650px) 100vw, 650px\" \/><\/td>\r\n\t\t\t<td>28.04.2021<\/td>\r\n\t\t\t<td><strong><a href=\"https:\/\/indico.dkfz.de\/event\/335\/ \">hier anmelden<\/a><\/strong><\/td>\r\n\t\t<\/tr>\r\n\t\t<tr>\r\n\t\t\t<td style=\"height:75px; width:360px\">\r\n\t\t\t<p><a href=\"https:\/\/www.biocontact.info\/bewerbungsmappencheck-2021-agentur-fur-arbeit\">Bewerbungsunterlagen-Check beim Hochschulteam der Agentur f\u00fcr Arbeit<\/a><\/p>\r\n\t\t\t<\/td>\r\n\t\t\t<td>&nbsp;<img loading=\"lazy\" decoding=\"async\" class=\" size-full wp-image-781\" alt=\"\" src=\"https:\/\/biocontact.ci-commerce.comen\/wp-content\/uploads\/sites\/2\/2018\/10\/pictures_Vereinslogos_100px-flag_of_germany.png\" style=\"height:26px; width:50px\" width=\"100\" height=\"60\" \/><\/td>\r\n\t\t\t<td><img loading=\"lazy\" decoding=\"async\" class=\" size-full wp-image-968\" alt=\"\" src=\"https:\/\/biocontact.ci-commerce.comen\/wp-content\/uploads\/sites\/2\/2021\/04\/pictures_Firmenlogos2021_bundesagentur_fuer_arbeit_logo.jpg\" style=\"height:31px; width:150px\" width=\"225\" height=\"47\" \/><\/td>\r\n\t\t\t<td>28.04.2021<\/td>\r\n\t\t\t<td><strong><a href=\"https:\/\/indico.dkfz.de\/event\/335\/ \">hier anmelden<\/a><\/strong><\/td>\r\n\t\t<\/tr>\r\n\t\t<tr>\r\n\t\t\t<td style=\"height:75px; width:360px\">\r\n\t\t\t<p><a href=\"https:\/\/www.biocontact.info\/bewerbungsmappencheck-2021-sarah-blackford\">Confidential career interviews - Sarah Blackford<\/a><\/p>\r\n\t\t\t<\/td>\r\n\t\t\t<td><img loading=\"lazy\" decoding=\"async\" class=\" size-full wp-image-780\" alt=\"\" src=\"https:\/\/biocontact.ci-commerce.comen\/wp-content\/uploads\/sites\/2\/2018\/10\/pictures_Vereinslogos_100px-flag_of_the_united_kingdom.png\" style=\"height:25px; width:50px\" width=\"100\" height=\"50\" \/><\/td>\r\n\t\t\t<td><img loading=\"lazy\" decoding=\"async\" class=\" size-full wp-image-815\" alt=\"\" src=\"https:\/\/biocontact.ci-commerce.comen\/wp-content\/uploads\/sites\/2\/2018\/10\/pictures_Firmenlogos_phd_career_consultancy_logo1.jpg\" style=\"height:31px; width:100px\" width=\"720\" height=\"221\" srcset=\"https:\/\/www.biocontact.info\/en\/wp-content\/uploads\/sites\/2\/2018\/10\/pictures_Firmenlogos_phd_career_consultancy_logo1.jpg 720w, https:\/\/www.biocontact.info\/en\/wp-content\/uploads\/sites\/2\/2018\/10\/pictures_Firmenlogos_phd_career_consultancy_logo1-300x92.jpg 300w\" sizes=\"auto, (max-width: 720px) 100vw, 720px\" \/><\/td>\r\n\t\t\t<td>28.04.2021<\/td>\r\n\t\t\t<td><strong><a href=\"https:\/\/indico.dkfz.de\/event\/335\/ \">hier anmelden<\/a><\/strong><\/td>\r\n\t\t<\/tr>\r\n\t<\/tbody>\r\n<\/table>\r\n\r\n<p>&nbsp;<\/p>\r\n","protected":false},"excerpt":{"rendered":"<p>F\u00fcr eine erfolgreiche Bewerbung und die Einladung zum Vorstellungsgespr\u00e4ch sind korrekte und aussagekr\u00e4ftige Bewerbungsunterlagen essentiell. Nutzen Sie daher die M\u00f6glichkeit, auf der CONTACT2021 Ihre Bewerbungsmappe von den Experten der A.S.I<\/p>\n","protected":false},"author":1,"featured_media":780,"parent":0,"menu_order":0,"comment_status":"closed","ping_status":"closed","template":"","meta":{"_eb_attr":"","_breakdance_hide_in_design_set":false,"_breakdance_tags":"","footnotes":""},"class_list":["post-969","page","type-page","status-publish","has-post-thumbnail","hentry"],"yoast_head":"<!-- This site is optimized with the Yoast SEO plugin v27.5 - https:\/\/yoast.com\/product\/yoast-seo-wordpress\/ -->\n<title>Bewerbungsmappenchecks 2021 - BioContact e.V. (English)<\/title>\n<meta name=\"robots\" content=\"index, follow, max-snippet:-1, max-image-preview:large, max-video-preview:-1\" \/>\n<link rel=\"canonical\" href=\"https:\/\/biocontact.ci-commerce.com\/en\/bewerbungsmappencheck-2021\/\" \/>\n<meta property=\"og:locale\" content=\"en_GB\" \/>\n<meta property=\"og:type\" content=\"article\" \/>\n<meta property=\"og:title\" content=\"Bewerbungsmappenchecks 2021 - BioContact e.V. (English)\" \/>\n<meta property=\"og:description\" content=\"F\u00fcr eine erfolgreiche Bewerbung und die Einladung zum Vorstellungsgespr\u00e4ch sind korrekte und aussagekr\u00e4ftige Bewerbungsunterlagen essentiell. Nutzen Sie daher die M\u00f6glichkeit, auf der CONTACT2021 Ihre Bewerbungsmappe von den Experten der A.S.I\" \/>\n<meta property=\"og:url\" content=\"https:\/\/biocontact.ci-commerce.com\/en\/bewerbungsmappencheck-2021\/\" \/>\n<meta property=\"og:site_name\" content=\"BioContact e.V. (English)\" \/>\n<meta property=\"og:image\" content=\"https:\/\/biocontact.ci-commerce.com\/en\/wp-content\/uploads\/sites\/2\/2018\/10\/pictures_Vereinslogos_100px-flag_of_the_united_kingdom.png\" \/>\n\t<meta property=\"og:image:width\" content=\"100\" \/>\n\t<meta property=\"og:image:height\" content=\"50\" \/>\n\t<meta property=\"og:image:type\" content=\"image\/png\" \/>\n<meta name=\"twitter:card\" content=\"summary_large_image\" \/>\n<meta name=\"twitter:label1\" content=\"Estimated reading time\" \/>\n\t<meta name=\"twitter:data1\" content=\"1 minute\" \/>\n<script type=\"application\/ld+json\" class=\"yoast-schema-graph\">{\"@context\":\"https:\\\/\\\/schema.org\",\"@graph\":[{\"@type\":\"WebPage\",\"@id\":\"https:\\\/\\\/biocontact.ci-commerce.com\\\/en\\\/bewerbungsmappencheck-2021\\\/\",\"url\":\"https:\\\/\\\/biocontact.ci-commerce.com\\\/en\\\/bewerbungsmappencheck-2021\\\/\",\"name\":\"Bewerbungsmappenchecks 2021 - BioContact e.V. (English)\",\"isPartOf\":{\"@id\":\"https:\\\/\\\/biocontact.ci-commerce.com\\\/en\\\/#website\"},\"primaryImageOfPage\":{\"@id\":\"https:\\\/\\\/biocontact.ci-commerce.com\\\/en\\\/bewerbungsmappencheck-2021\\\/#primaryimage\"},\"image\":{\"@id\":\"https:\\\/\\\/biocontact.ci-commerce.com\\\/en\\\/bewerbungsmappencheck-2021\\\/#primaryimage\"},\"thumbnailUrl\":\"https:\\\/\\\/www.biocontact.info\\\/en\\\/wp-content\\\/uploads\\\/sites\\\/2\\\/2018\\\/10\\\/pictures_Vereinslogos_100px-flag_of_the_united_kingdom.png\",\"datePublished\":\"2021-04-02T18:28:43+00:00\",\"breadcrumb\":{\"@id\":\"https:\\\/\\\/biocontact.ci-commerce.com\\\/en\\\/bewerbungsmappencheck-2021\\\/#breadcrumb\"},\"inLanguage\":\"en-GB\",\"potentialAction\":[{\"@type\":\"ReadAction\",\"target\":[\"https:\\\/\\\/biocontact.ci-commerce.com\\\/en\\\/bewerbungsmappencheck-2021\\\/\"]}]},{\"@type\":\"ImageObject\",\"inLanguage\":\"en-GB\",\"@id\":\"https:\\\/\\\/biocontact.ci-commerce.com\\\/en\\\/bewerbungsmappencheck-2021\\\/#primaryimage\",\"url\":\"https:\\\/\\\/www.biocontact.info\\\/en\\\/wp-content\\\/uploads\\\/sites\\\/2\\\/2018\\\/10\\\/pictures_Vereinslogos_100px-flag_of_the_united_kingdom.png\",\"contentUrl\":\"https:\\\/\\\/www.biocontact.info\\\/en\\\/wp-content\\\/uploads\\\/sites\\\/2\\\/2018\\\/10\\\/pictures_Vereinslogos_100px-flag_of_the_united_kingdom.png\",\"width\":100,\"height\":50},{\"@type\":\"BreadcrumbList\",\"@id\":\"https:\\\/\\\/biocontact.ci-commerce.com\\\/en\\\/bewerbungsmappencheck-2021\\\/#breadcrumb\",\"itemListElement\":[{\"@type\":\"ListItem\",\"position\":1,\"name\":\"Startseite\",\"item\":\"https:\\\/\\\/www.biocontact.info\\\/en\\\/\"},{\"@type\":\"ListItem\",\"position\":2,\"name\":\"Bewerbungsmappenchecks 2021\"}]},{\"@type\":\"WebSite\",\"@id\":\"https:\\\/\\\/biocontact.ci-commerce.com\\\/en\\\/#website\",\"url\":\"https:\\\/\\\/biocontact.ci-commerce.com\\\/en\\\/\",\"name\":\"BioContact e.V. (English)\",\"description\":\"We network science and industry\",\"potentialAction\":[{\"@type\":\"SearchAction\",\"target\":{\"@type\":\"EntryPoint\",\"urlTemplate\":\"https:\\\/\\\/biocontact.ci-commerce.com\\\/en\\\/?s={search_term_string}\"},\"query-input\":{\"@type\":\"PropertyValueSpecification\",\"valueRequired\":true,\"valueName\":\"search_term_string\"}}],\"inLanguage\":\"en-GB\"}]}<\/script>\n<!-- \/ Yoast SEO plugin. -->","yoast_head_json":{"title":"Bewerbungsmappenchecks 2021 - BioContact e.V. (English)","robots":{"index":"index","follow":"follow","max-snippet":"max-snippet:-1","max-image-preview":"max-image-preview:large","max-video-preview":"max-video-preview:-1"},"canonical":"https:\/\/biocontact.ci-commerce.com\/en\/bewerbungsmappencheck-2021\/","og_locale":"en_GB","og_type":"article","og_title":"Bewerbungsmappenchecks 2021 - BioContact e.V. (English)","og_description":"F\u00fcr eine erfolgreiche Bewerbung und die Einladung zum Vorstellungsgespr\u00e4ch sind korrekte und aussagekr\u00e4ftige Bewerbungsunterlagen essentiell. Nutzen Sie daher die M\u00f6glichkeit, auf der CONTACT2021 Ihre Bewerbungsmappe von den Experten der A.S.I","og_url":"https:\/\/biocontact.ci-commerce.com\/en\/bewerbungsmappencheck-2021\/","og_site_name":"BioContact e.V. (English)","og_image":[{"width":100,"height":50,"url":"https:\/\/biocontact.ci-commerce.com\/en\/wp-content\/uploads\/sites\/2\/2018\/10\/pictures_Vereinslogos_100px-flag_of_the_united_kingdom.png","type":"image\/png"}],"twitter_card":"summary_large_image","twitter_misc":{"Estimated reading time":"1 minute"},"schema":{"@context":"https:\/\/schema.org","@graph":[{"@type":"WebPage","@id":"https:\/\/biocontact.ci-commerce.com\/en\/bewerbungsmappencheck-2021\/","url":"https:\/\/biocontact.ci-commerce.com\/en\/bewerbungsmappencheck-2021\/","name":"Bewerbungsmappenchecks 2021 - BioContact e.V. (English)","isPartOf":{"@id":"https:\/\/biocontact.ci-commerce.com\/en\/#website"},"primaryImageOfPage":{"@id":"https:\/\/biocontact.ci-commerce.com\/en\/bewerbungsmappencheck-2021\/#primaryimage"},"image":{"@id":"https:\/\/biocontact.ci-commerce.com\/en\/bewerbungsmappencheck-2021\/#primaryimage"},"thumbnailUrl":"https:\/\/www.biocontact.info\/en\/wp-content\/uploads\/sites\/2\/2018\/10\/pictures_Vereinslogos_100px-flag_of_the_united_kingdom.png","datePublished":"2021-04-02T18:28:43+00:00","breadcrumb":{"@id":"https:\/\/biocontact.ci-commerce.com\/en\/bewerbungsmappencheck-2021\/#breadcrumb"},"inLanguage":"en-GB","potentialAction":[{"@type":"ReadAction","target":["https:\/\/biocontact.ci-commerce.com\/en\/bewerbungsmappencheck-2021\/"]}]},{"@type":"ImageObject","inLanguage":"en-GB","@id":"https:\/\/biocontact.ci-commerce.com\/en\/bewerbungsmappencheck-2021\/#primaryimage","url":"https:\/\/www.biocontact.info\/en\/wp-content\/uploads\/sites\/2\/2018\/10\/pictures_Vereinslogos_100px-flag_of_the_united_kingdom.png","contentUrl":"https:\/\/www.biocontact.info\/en\/wp-content\/uploads\/sites\/2\/2018\/10\/pictures_Vereinslogos_100px-flag_of_the_united_kingdom.png","width":100,"height":50},{"@type":"BreadcrumbList","@id":"https:\/\/biocontact.ci-commerce.com\/en\/bewerbungsmappencheck-2021\/#breadcrumb","itemListElement":[{"@type":"ListItem","position":1,"name":"Startseite","item":"https:\/\/www.biocontact.info\/en\/"},{"@type":"ListItem","position":2,"name":"Bewerbungsmappenchecks 2021"}]},{"@type":"WebSite","@id":"https:\/\/biocontact.ci-commerce.com\/en\/#website","url":"https:\/\/biocontact.ci-commerce.com\/en\/","name":"BioContact e.V. (English)","description":"We network science and industry","potentialAction":[{"@type":"SearchAction","target":{"@type":"EntryPoint","urlTemplate":"https:\/\/biocontact.ci-commerce.com\/en\/?s={search_term_string}"},"query-input":{"@type":"PropertyValueSpecification","valueRequired":true,"valueName":"search_term_string"}}],"inLanguage":"en-GB"}]}},"_links":{"self":[{"href":"https:\/\/www.biocontact.info\/en\/wp-json\/wp\/v2\/pages\/969","targetHints":{"allow":["GET"]}}],"collection":[{"href":"https:\/\/www.biocontact.info\/en\/wp-json\/wp\/v2\/pages"}],"about":[{"href":"https:\/\/www.biocontact.info\/en\/wp-json\/wp\/v2\/types\/page"}],"author":[{"embeddable":true,"href":"https:\/\/www.biocontact.info\/en\/wp-json\/wp\/v2\/users\/1"}],"replies":[{"embeddable":true,"href":"https:\/\/www.biocontact.info\/en\/wp-json\/wp\/v2\/comments?post=969"}],"version-history":[{"count":0,"href":"https:\/\/www.biocontact.info\/en\/wp-json\/wp\/v2\/pages\/969\/revisions"}],"wp:featuredmedia":[{"embeddable":true,"href":"https:\/\/www.biocontact.info\/en\/wp-json\/wp\/v2\/media\/780"}],"wp:attachment":[{"href":"https:\/\/www.biocontact.info\/en\/wp-json\/wp\/v2\/media?parent=969"}],"curies":[{"name":"wp","href":"https:\/\/api.w.org\/{rel}","templated":true}]}}