{"id":963,"date":"2021-04-02T20:07:18","date_gmt":"2021-04-02T18:07:18","guid":{"rendered":"https:\/\/biocontact.info\/en\/workshop-mckinsey-skill-workshop-effektiv-kommunizieren\/"},"modified":"2021-04-02T20:07:18","modified_gmt":"2021-04-02T18:07:18","slug":"workshop-mckinsey-skill-workshop-effektiv-kommunizieren","status":"publish","type":"page","link":"https:\/\/www.biocontact.info\/en\/workshop-mckinsey-skill-workshop-effektiv-kommunizieren\/","title":{"rendered":"Workshop McKinsey: Skill Workshop: Effektiv kommunizieren"},"content":{"rendered":"<table cellpadding=\"1\" cellspacing=\"1\" style=\"width:900px\">\r\n\t<tbody>\r\n\t\t<tr>\r\n\t\t\t<td style=\"text-align:center; vertical-align:middle; width:250px\"><img loading=\"lazy\" decoding=\"async\" class=\" size-full wp-image-952\" alt=\"\" src=\"https:\/\/biocontact.ci-commerce.comen\/wp-content\/uploads\/sites\/2\/2021\/04\/pictures_Firmenlogos2021_mckinsey201022_mck_logo2_002.jpg\" style=\"height:200px; width:200px\" width=\"400\" height=\"400\" srcset=\"https:\/\/www.biocontact.info\/en\/wp-content\/uploads\/sites\/2\/2021\/04\/pictures_Firmenlogos2021_mckinsey201022_mck_logo2_002.jpg 400w, https:\/\/www.biocontact.info\/en\/wp-content\/uploads\/sites\/2\/2021\/04\/pictures_Firmenlogos2021_mckinsey201022_mck_logo2_002-300x300.jpg 300w, https:\/\/www.biocontact.info\/en\/wp-content\/uploads\/sites\/2\/2021\/04\/pictures_Firmenlogos2021_mckinsey201022_mck_logo2_002-150x150.jpg 150w\" sizes=\"auto, (max-width: 400px) 100vw, 400px\" \/><\/td>\r\n\t\t\t<td>\r\n\t\t\t<h4>Workshop McKinsey: \"Skill Workshop: Effektiv kommunizieren\"<\/h4>\r\n\r\n\t\t\t<h4>Referent: Jennifer Gaubatz, Ireen Kulish, David Koser &amp; Sophie Eitelberg<\/h4>\r\n\r\n\t\t\t<h4>28.04.2021 14:30 - 16:30 Uhr&nbsp;<\/h4>\r\n\r\n\t\t\t<h4>\u200bSprache: Deutsch<\/h4>\r\n\r\n\t\t\t<h4>Plattform: Zoom<\/h4>\r\n\r\n\t\t\t<h4>Pl\u00e4tze: max. 25<\/h4>\r\n\t\t\t<\/td>\r\n\t\t<\/tr>\r\n\t\t<tr>\r\n\t\t\t<td colspan=\"2\">\r\n\t\t\t<p>Lerne die Grundlagen effektiver Kommunikation kennen und erfahre zudem wie sich deine Botschaften wirkungsvoll visualisieren lassen. Im Rahmen praktischer \u00dcbungen zum Storylining kannst du das Gelernte im Anschluss anwenden. Nutze auch die Gelegenheit, pers\u00f6nlich mit uns ins Gespr\u00e4ch zu kommen und mehr \u00fcber das deutsche B\u00fcro von McKinsey zu erfahren.<\/p>\r\n\r\n\t\t\t<h2><strong><a href=\"https:\/\/indico.dkfz.de\/event\/336\/ \">Registriert euch hier!<\/a><\/strong><\/h2>\r\n\t\t\t<\/td>\r\n\t\t<\/tr>\r\n\t<\/tbody>\r\n<\/table>\r\n","protected":false},"excerpt":{"rendered":"<p>Workshop McKinsey: &#8220;Skill Workshop: Effektiv kommunizieren&#8221; Referent: Jennifer Gaubatz, Ireen Kulish, David Koser &amp; Sophie Eitelberg 28.04.2021 14:30 &#8211; 16:30 Uhr&nbsp; \u200bSprache: Deutsch Plattform: Zoom Pl\u00e4tze: max. 25 Lerne die<\/p>\n","protected":false},"author":1,"featured_media":952,"parent":0,"menu_order":0,"comment_status":"closed","ping_status":"closed","template":"","meta":{"_eb_attr":"","_breakdance_hide_in_design_set":false,"_breakdance_tags":"","footnotes":""},"class_list":["post-963","page","type-page","status-publish","has-post-thumbnail","hentry"],"yoast_head":"<!-- This site is optimized with the Yoast SEO plugin v27.5 - https:\/\/yoast.com\/product\/yoast-seo-wordpress\/ -->\n<title>Workshop McKinsey: Skill Workshop: Effektiv kommunizieren - BioContact e.V. (English)<\/title>\n<meta name=\"robots\" content=\"index, follow, max-snippet:-1, max-image-preview:large, max-video-preview:-1\" \/>\n<link rel=\"canonical\" href=\"https:\/\/www.biocontact.info\/en\/workshop-mckinsey-skill-workshop-effektiv-kommunizieren\/\" \/>\n<meta property=\"og:locale\" content=\"en_GB\" \/>\n<meta property=\"og:type\" content=\"article\" \/>\n<meta property=\"og:title\" content=\"Workshop McKinsey: Skill Workshop: Effektiv kommunizieren - BioContact e.V. (English)\" \/>\n<meta property=\"og:description\" content=\"Workshop McKinsey: &quot;Skill Workshop: Effektiv kommunizieren&quot; Referent: Jennifer Gaubatz, Ireen Kulish, David Koser &amp; Sophie Eitelberg 28.04.2021 14:30 - 16:30 Uhr&nbsp; \u200bSprache: Deutsch Plattform: Zoom Pl\u00e4tze: max. 25 Lerne die\" \/>\n<meta property=\"og:url\" content=\"https:\/\/www.biocontact.info\/en\/workshop-mckinsey-skill-workshop-effektiv-kommunizieren\/\" \/>\n<meta property=\"og:site_name\" content=\"BioContact e.V. (English)\" \/>\n<meta property=\"og:image\" content=\"https:\/\/www.biocontact.info\/en\/wp-content\/uploads\/sites\/2\/2021\/04\/pictures_Firmenlogos2021_mckinsey201022_mck_logo2_002.jpg\" \/>\n\t<meta property=\"og:image:width\" content=\"400\" \/>\n\t<meta property=\"og:image:height\" content=\"400\" \/>\n\t<meta property=\"og:image:type\" content=\"image\/jpeg\" \/>\n<meta name=\"twitter:card\" content=\"summary_large_image\" \/>\n<script type=\"application\/ld+json\" class=\"yoast-schema-graph\">{\"@context\":\"https:\\\/\\\/schema.org\",\"@graph\":[{\"@type\":\"WebPage\",\"@id\":\"https:\\\/\\\/www.biocontact.info\\\/en\\\/workshop-mckinsey-skill-workshop-effektiv-kommunizieren\\\/\",\"url\":\"https:\\\/\\\/www.biocontact.info\\\/en\\\/workshop-mckinsey-skill-workshop-effektiv-kommunizieren\\\/\",\"name\":\"Workshop McKinsey: Skill Workshop: Effektiv kommunizieren - BioContact e.V. (English)\",\"isPartOf\":{\"@id\":\"https:\\\/\\\/biocontact.ci-commerce.com\\\/en\\\/#website\"},\"primaryImageOfPage\":{\"@id\":\"https:\\\/\\\/www.biocontact.info\\\/en\\\/workshop-mckinsey-skill-workshop-effektiv-kommunizieren\\\/#primaryimage\"},\"image\":{\"@id\":\"https:\\\/\\\/www.biocontact.info\\\/en\\\/workshop-mckinsey-skill-workshop-effektiv-kommunizieren\\\/#primaryimage\"},\"thumbnailUrl\":\"https:\\\/\\\/www.biocontact.info\\\/en\\\/wp-content\\\/uploads\\\/sites\\\/2\\\/2021\\\/04\\\/pictures_Firmenlogos2021_mckinsey201022_mck_logo2_002.jpg\",\"datePublished\":\"2021-04-02T18:07:18+00:00\",\"breadcrumb\":{\"@id\":\"https:\\\/\\\/www.biocontact.info\\\/en\\\/workshop-mckinsey-skill-workshop-effektiv-kommunizieren\\\/#breadcrumb\"},\"inLanguage\":\"en-GB\",\"potentialAction\":[{\"@type\":\"ReadAction\",\"target\":[\"https:\\\/\\\/www.biocontact.info\\\/en\\\/workshop-mckinsey-skill-workshop-effektiv-kommunizieren\\\/\"]}]},{\"@type\":\"ImageObject\",\"inLanguage\":\"en-GB\",\"@id\":\"https:\\\/\\\/www.biocontact.info\\\/en\\\/workshop-mckinsey-skill-workshop-effektiv-kommunizieren\\\/#primaryimage\",\"url\":\"https:\\\/\\\/www.biocontact.info\\\/en\\\/wp-content\\\/uploads\\\/sites\\\/2\\\/2021\\\/04\\\/pictures_Firmenlogos2021_mckinsey201022_mck_logo2_002.jpg\",\"contentUrl\":\"https:\\\/\\\/www.biocontact.info\\\/en\\\/wp-content\\\/uploads\\\/sites\\\/2\\\/2021\\\/04\\\/pictures_Firmenlogos2021_mckinsey201022_mck_logo2_002.jpg\",\"width\":400,\"height\":400},{\"@type\":\"BreadcrumbList\",\"@id\":\"https:\\\/\\\/www.biocontact.info\\\/en\\\/workshop-mckinsey-skill-workshop-effektiv-kommunizieren\\\/#breadcrumb\",\"itemListElement\":[{\"@type\":\"ListItem\",\"position\":1,\"name\":\"Startseite\",\"item\":\"https:\\\/\\\/www.biocontact.info\\\/en\\\/\"},{\"@type\":\"ListItem\",\"position\":2,\"name\":\"Workshop McKinsey: Skill Workshop: Effektiv kommunizieren\"}]},{\"@type\":\"WebSite\",\"@id\":\"https:\\\/\\\/biocontact.ci-commerce.com\\\/en\\\/#website\",\"url\":\"https:\\\/\\\/biocontact.ci-commerce.com\\\/en\\\/\",\"name\":\"BioContact e.V. (English)\",\"description\":\"We network science and industry\",\"potentialAction\":[{\"@type\":\"SearchAction\",\"target\":{\"@type\":\"EntryPoint\",\"urlTemplate\":\"https:\\\/\\\/biocontact.ci-commerce.com\\\/en\\\/?s={search_term_string}\"},\"query-input\":{\"@type\":\"PropertyValueSpecification\",\"valueRequired\":true,\"valueName\":\"search_term_string\"}}],\"inLanguage\":\"en-GB\"}]}<\/script>\n<!-- \/ Yoast SEO plugin. -->","yoast_head_json":{"title":"Workshop McKinsey: Skill Workshop: Effektiv kommunizieren - BioContact e.V. (English)","robots":{"index":"index","follow":"follow","max-snippet":"max-snippet:-1","max-image-preview":"max-image-preview:large","max-video-preview":"max-video-preview:-1"},"canonical":"https:\/\/www.biocontact.info\/en\/workshop-mckinsey-skill-workshop-effektiv-kommunizieren\/","og_locale":"en_GB","og_type":"article","og_title":"Workshop McKinsey: Skill Workshop: Effektiv kommunizieren - BioContact e.V. (English)","og_description":"Workshop McKinsey: \"Skill Workshop: Effektiv kommunizieren\" Referent: Jennifer Gaubatz, Ireen Kulish, David Koser &amp; Sophie Eitelberg 28.04.2021 14:30 - 16:30 Uhr&nbsp; \u200bSprache: Deutsch Plattform: Zoom Pl\u00e4tze: max. 25 Lerne die","og_url":"https:\/\/www.biocontact.info\/en\/workshop-mckinsey-skill-workshop-effektiv-kommunizieren\/","og_site_name":"BioContact e.V. (English)","og_image":[{"width":400,"height":400,"url":"https:\/\/www.biocontact.info\/en\/wp-content\/uploads\/sites\/2\/2021\/04\/pictures_Firmenlogos2021_mckinsey201022_mck_logo2_002.jpg","type":"image\/jpeg"}],"twitter_card":"summary_large_image","schema":{"@context":"https:\/\/schema.org","@graph":[{"@type":"WebPage","@id":"https:\/\/www.biocontact.info\/en\/workshop-mckinsey-skill-workshop-effektiv-kommunizieren\/","url":"https:\/\/www.biocontact.info\/en\/workshop-mckinsey-skill-workshop-effektiv-kommunizieren\/","name":"Workshop McKinsey: Skill Workshop: Effektiv kommunizieren - BioContact e.V. (English)","isPartOf":{"@id":"https:\/\/biocontact.ci-commerce.com\/en\/#website"},"primaryImageOfPage":{"@id":"https:\/\/www.biocontact.info\/en\/workshop-mckinsey-skill-workshop-effektiv-kommunizieren\/#primaryimage"},"image":{"@id":"https:\/\/www.biocontact.info\/en\/workshop-mckinsey-skill-workshop-effektiv-kommunizieren\/#primaryimage"},"thumbnailUrl":"https:\/\/www.biocontact.info\/en\/wp-content\/uploads\/sites\/2\/2021\/04\/pictures_Firmenlogos2021_mckinsey201022_mck_logo2_002.jpg","datePublished":"2021-04-02T18:07:18+00:00","breadcrumb":{"@id":"https:\/\/www.biocontact.info\/en\/workshop-mckinsey-skill-workshop-effektiv-kommunizieren\/#breadcrumb"},"inLanguage":"en-GB","potentialAction":[{"@type":"ReadAction","target":["https:\/\/www.biocontact.info\/en\/workshop-mckinsey-skill-workshop-effektiv-kommunizieren\/"]}]},{"@type":"ImageObject","inLanguage":"en-GB","@id":"https:\/\/www.biocontact.info\/en\/workshop-mckinsey-skill-workshop-effektiv-kommunizieren\/#primaryimage","url":"https:\/\/www.biocontact.info\/en\/wp-content\/uploads\/sites\/2\/2021\/04\/pictures_Firmenlogos2021_mckinsey201022_mck_logo2_002.jpg","contentUrl":"https:\/\/www.biocontact.info\/en\/wp-content\/uploads\/sites\/2\/2021\/04\/pictures_Firmenlogos2021_mckinsey201022_mck_logo2_002.jpg","width":400,"height":400},{"@type":"BreadcrumbList","@id":"https:\/\/www.biocontact.info\/en\/workshop-mckinsey-skill-workshop-effektiv-kommunizieren\/#breadcrumb","itemListElement":[{"@type":"ListItem","position":1,"name":"Startseite","item":"https:\/\/www.biocontact.info\/en\/"},{"@type":"ListItem","position":2,"name":"Workshop McKinsey: Skill Workshop: Effektiv kommunizieren"}]},{"@type":"WebSite","@id":"https:\/\/biocontact.ci-commerce.com\/en\/#website","url":"https:\/\/biocontact.ci-commerce.com\/en\/","name":"BioContact e.V. (English)","description":"We network science and industry","potentialAction":[{"@type":"SearchAction","target":{"@type":"EntryPoint","urlTemplate":"https:\/\/biocontact.ci-commerce.com\/en\/?s={search_term_string}"},"query-input":{"@type":"PropertyValueSpecification","valueRequired":true,"valueName":"search_term_string"}}],"inLanguage":"en-GB"}]}},"_links":{"self":[{"href":"https:\/\/www.biocontact.info\/en\/wp-json\/wp\/v2\/pages\/963","targetHints":{"allow":["GET"]}}],"collection":[{"href":"https:\/\/www.biocontact.info\/en\/wp-json\/wp\/v2\/pages"}],"about":[{"href":"https:\/\/www.biocontact.info\/en\/wp-json\/wp\/v2\/types\/page"}],"author":[{"embeddable":true,"href":"https:\/\/www.biocontact.info\/en\/wp-json\/wp\/v2\/users\/1"}],"replies":[{"embeddable":true,"href":"https:\/\/www.biocontact.info\/en\/wp-json\/wp\/v2\/comments?post=963"}],"version-history":[{"count":0,"href":"https:\/\/www.biocontact.info\/en\/wp-json\/wp\/v2\/pages\/963\/revisions"}],"wp:featuredmedia":[{"embeddable":true,"href":"https:\/\/www.biocontact.info\/en\/wp-json\/wp\/v2\/media\/952"}],"wp:attachment":[{"href":"https:\/\/www.biocontact.info\/en\/wp-json\/wp\/v2\/media?parent=963"}],"curies":[{"name":"wp","href":"https:\/\/api.w.org\/{rel}","templated":true}]}}