{"id":956,"date":"2021-04-02T18:31:46","date_gmt":"2021-04-02T16:31:46","guid":{"rendered":"https:\/\/biocontact.info\/en\/workshop-asi-totsunden-bei-bewerbung-berufsstart\/"},"modified":"2021-04-02T18:31:46","modified_gmt":"2021-04-02T16:31:46","slug":"workshop-asi-totsunden-bei-bewerbung-berufsstart","status":"publish","type":"page","link":"https:\/\/www.biocontact.info\/en\/workshop-asi-totsunden-bei-bewerbung-berufsstart\/","title":{"rendered":"Workshop ASI: Tots\u00fcnden bei Bewerbung und Berufsstart"},"content":{"rendered":"<table cellpadding=\"1\" cellspacing=\"1\" style=\"width:900px\">\r\n\t<tbody>\r\n\t\t<tr>\r\n\t\t\t<td style=\"text-align:center; vertical-align:middle; width:250px\"><img loading=\"lazy\" decoding=\"async\" class=\" size-full wp-image-748\" alt=\"\" src=\"https:\/\/biocontact.ci-commerce.comen\/wp-content\/uploads\/sites\/2\/2018\/03\/pictures_Firmenlogos_asi_logo.png\" style=\"height:110px; width:200px\" width=\"650\" height=\"356\" srcset=\"https:\/\/www.biocontact.info\/en\/wp-content\/uploads\/sites\/2\/2018\/03\/pictures_Firmenlogos_asi_logo.png 650w, https:\/\/www.biocontact.info\/en\/wp-content\/uploads\/sites\/2\/2018\/03\/pictures_Firmenlogos_asi_logo-300x164.png 300w\" sizes=\"auto, (max-width: 650px) 100vw, 650px\" \/><\/td>\r\n\t\t\t<td>\r\n\t\t\t<h4>Workshop A.S.I. : \"Tods\u00fcnden bei Bewerbung und Berufsstart\"<\/h4>\r\n\r\n\t\t\t<h4>Referent: Sebastian Winn&nbsp;<\/h4>\r\n\r\n\t\t\t<h4>28.04.2021 10:30 -&nbsp;12:30 Uhr<\/h4>\r\n\r\n\t\t\t<h4>\u200bSprache: Deutsch<\/h4>\r\n\r\n\t\t\t<h4>Plattform: Zoom<\/h4>\r\n\r\n\t\t\t<h4>Teilnehmer: max. 40<\/h4>\r\n\t\t\t<\/td>\r\n\t\t<\/tr>\r\n\t\t<tr>\r\n\t\t\t<td colspan=\"2\">\r\n\t\t\t<p>In diesem Seminar dreht sich alles um die gr\u00f6\u00dften Fehler im Bewerbungsprozess und wie diese vermieden werden k\u00f6nnen.<\/p>\r\n\r\n\t\t\t<p>Die Themen:<\/p>\r\n\r\n\t\t\t<ul>\r\n\t\t\t\t<li>Profil sch\u00e4rfen<\/li>\r\n\t\t\t\t<li>Soft Skills vermitteln<\/li>\r\n\t\t\t\t<li>Bewerbung als Werbung<\/li>\r\n\t\t\t\t<li>Lebenslauf<\/li>\r\n\t\t\t\t<li>Bewerbungsgespr\u00e4ch<\/li>\r\n\t\t\t\t<li>Gehaltsvorstellungen<\/li>\r\n\t\t\t<\/ul>\r\n\r\n\t\t\t<h2><strong><a href=\"https:\/\/indico.dkfz.de\/event\/336\/ \">Registriert euch hier!<\/a><\/strong><\/h2>\r\n\t\t\t<\/td>\r\n\t\t<\/tr>\r\n\t<\/tbody>\r\n<\/table>\r\n","protected":false},"excerpt":{"rendered":"<p>Workshop A.S.I. : &#8220;Tods\u00fcnden bei Bewerbung und Berufsstart&#8221; Referent: Sebastian Winn&nbsp; 28.04.2021 10:30 &#8211;&nbsp;12:30 Uhr \u200bSprache: Deutsch Plattform: Zoom Teilnehmer: max. 40 In diesem Seminar dreht sich alles um die<\/p>\n","protected":false},"author":1,"featured_media":748,"parent":0,"menu_order":0,"comment_status":"closed","ping_status":"closed","template":"","meta":{"_eb_attr":"","_breakdance_hide_in_design_set":false,"_breakdance_tags":"","footnotes":""},"class_list":["post-956","page","type-page","status-publish","has-post-thumbnail","hentry"],"yoast_head":"<!-- This site is optimized with the Yoast SEO plugin v27.5 - https:\/\/yoast.com\/product\/yoast-seo-wordpress\/ -->\n<title>Workshop ASI: Tots\u00fcnden bei Bewerbung und Berufsstart - BioContact e.V. (English)<\/title>\n<meta name=\"robots\" content=\"index, follow, max-snippet:-1, max-image-preview:large, max-video-preview:-1\" \/>\n<link rel=\"canonical\" href=\"https:\/\/www.biocontact.info\/en\/workshop-asi-totsunden-bei-bewerbung-berufsstart\/\" \/>\n<meta property=\"og:locale\" content=\"en_GB\" \/>\n<meta property=\"og:type\" content=\"article\" \/>\n<meta property=\"og:title\" content=\"Workshop ASI: Tots\u00fcnden bei Bewerbung und Berufsstart - BioContact e.V. (English)\" \/>\n<meta property=\"og:description\" content=\"Workshop A.S.I. : &quot;Tods\u00fcnden bei Bewerbung und Berufsstart&quot; Referent: Sebastian Winn&nbsp; 28.04.2021 10:30 -&nbsp;12:30 Uhr \u200bSprache: Deutsch Plattform: Zoom Teilnehmer: max. 40 In diesem Seminar dreht sich alles um die\" \/>\n<meta property=\"og:url\" content=\"https:\/\/www.biocontact.info\/en\/workshop-asi-totsunden-bei-bewerbung-berufsstart\/\" \/>\n<meta property=\"og:site_name\" content=\"BioContact e.V. (English)\" \/>\n<meta property=\"og:image\" content=\"https:\/\/www.biocontact.info\/en\/wp-content\/uploads\/sites\/2\/2018\/03\/pictures_Firmenlogos_asi_logo.png\" \/>\n\t<meta property=\"og:image:width\" content=\"650\" \/>\n\t<meta property=\"og:image:height\" content=\"356\" \/>\n\t<meta property=\"og:image:type\" content=\"image\/png\" \/>\n<meta name=\"twitter:card\" content=\"summary_large_image\" \/>\n<script type=\"application\/ld+json\" class=\"yoast-schema-graph\">{\"@context\":\"https:\\\/\\\/schema.org\",\"@graph\":[{\"@type\":\"WebPage\",\"@id\":\"https:\\\/\\\/www.biocontact.info\\\/en\\\/workshop-asi-totsunden-bei-bewerbung-berufsstart\\\/\",\"url\":\"https:\\\/\\\/www.biocontact.info\\\/en\\\/workshop-asi-totsunden-bei-bewerbung-berufsstart\\\/\",\"name\":\"Workshop ASI: Tots\u00fcnden bei Bewerbung und Berufsstart - BioContact e.V. (English)\",\"isPartOf\":{\"@id\":\"https:\\\/\\\/biocontact.ci-commerce.com\\\/en\\\/#website\"},\"primaryImageOfPage\":{\"@id\":\"https:\\\/\\\/www.biocontact.info\\\/en\\\/workshop-asi-totsunden-bei-bewerbung-berufsstart\\\/#primaryimage\"},\"image\":{\"@id\":\"https:\\\/\\\/www.biocontact.info\\\/en\\\/workshop-asi-totsunden-bei-bewerbung-berufsstart\\\/#primaryimage\"},\"thumbnailUrl\":\"https:\\\/\\\/www.biocontact.info\\\/en\\\/wp-content\\\/uploads\\\/sites\\\/2\\\/2018\\\/03\\\/pictures_Firmenlogos_asi_logo.png\",\"datePublished\":\"2021-04-02T16:31:46+00:00\",\"breadcrumb\":{\"@id\":\"https:\\\/\\\/www.biocontact.info\\\/en\\\/workshop-asi-totsunden-bei-bewerbung-berufsstart\\\/#breadcrumb\"},\"inLanguage\":\"en-GB\",\"potentialAction\":[{\"@type\":\"ReadAction\",\"target\":[\"https:\\\/\\\/www.biocontact.info\\\/en\\\/workshop-asi-totsunden-bei-bewerbung-berufsstart\\\/\"]}]},{\"@type\":\"ImageObject\",\"inLanguage\":\"en-GB\",\"@id\":\"https:\\\/\\\/www.biocontact.info\\\/en\\\/workshop-asi-totsunden-bei-bewerbung-berufsstart\\\/#primaryimage\",\"url\":\"https:\\\/\\\/www.biocontact.info\\\/en\\\/wp-content\\\/uploads\\\/sites\\\/2\\\/2018\\\/03\\\/pictures_Firmenlogos_asi_logo.png\",\"contentUrl\":\"https:\\\/\\\/www.biocontact.info\\\/en\\\/wp-content\\\/uploads\\\/sites\\\/2\\\/2018\\\/03\\\/pictures_Firmenlogos_asi_logo.png\",\"width\":650,\"height\":356},{\"@type\":\"BreadcrumbList\",\"@id\":\"https:\\\/\\\/www.biocontact.info\\\/en\\\/workshop-asi-totsunden-bei-bewerbung-berufsstart\\\/#breadcrumb\",\"itemListElement\":[{\"@type\":\"ListItem\",\"position\":1,\"name\":\"Startseite\",\"item\":\"https:\\\/\\\/www.biocontact.info\\\/en\\\/\"},{\"@type\":\"ListItem\",\"position\":2,\"name\":\"Workshop ASI: Tots\u00fcnden bei Bewerbung und Berufsstart\"}]},{\"@type\":\"WebSite\",\"@id\":\"https:\\\/\\\/biocontact.ci-commerce.com\\\/en\\\/#website\",\"url\":\"https:\\\/\\\/biocontact.ci-commerce.com\\\/en\\\/\",\"name\":\"BioContact e.V. (English)\",\"description\":\"We network science and industry\",\"potentialAction\":[{\"@type\":\"SearchAction\",\"target\":{\"@type\":\"EntryPoint\",\"urlTemplate\":\"https:\\\/\\\/biocontact.ci-commerce.com\\\/en\\\/?s={search_term_string}\"},\"query-input\":{\"@type\":\"PropertyValueSpecification\",\"valueRequired\":true,\"valueName\":\"search_term_string\"}}],\"inLanguage\":\"en-GB\"}]}<\/script>\n<!-- \/ Yoast SEO plugin. -->","yoast_head_json":{"title":"Workshop ASI: Tots\u00fcnden bei Bewerbung und Berufsstart - BioContact e.V. (English)","robots":{"index":"index","follow":"follow","max-snippet":"max-snippet:-1","max-image-preview":"max-image-preview:large","max-video-preview":"max-video-preview:-1"},"canonical":"https:\/\/www.biocontact.info\/en\/workshop-asi-totsunden-bei-bewerbung-berufsstart\/","og_locale":"en_GB","og_type":"article","og_title":"Workshop ASI: Tots\u00fcnden bei Bewerbung und Berufsstart - BioContact e.V. (English)","og_description":"Workshop A.S.I. : \"Tods\u00fcnden bei Bewerbung und Berufsstart\" Referent: Sebastian Winn&nbsp; 28.04.2021 10:30 -&nbsp;12:30 Uhr \u200bSprache: Deutsch Plattform: Zoom Teilnehmer: max. 40 In diesem Seminar dreht sich alles um die","og_url":"https:\/\/www.biocontact.info\/en\/workshop-asi-totsunden-bei-bewerbung-berufsstart\/","og_site_name":"BioContact e.V. (English)","og_image":[{"width":650,"height":356,"url":"https:\/\/www.biocontact.info\/en\/wp-content\/uploads\/sites\/2\/2018\/03\/pictures_Firmenlogos_asi_logo.png","type":"image\/png"}],"twitter_card":"summary_large_image","schema":{"@context":"https:\/\/schema.org","@graph":[{"@type":"WebPage","@id":"https:\/\/www.biocontact.info\/en\/workshop-asi-totsunden-bei-bewerbung-berufsstart\/","url":"https:\/\/www.biocontact.info\/en\/workshop-asi-totsunden-bei-bewerbung-berufsstart\/","name":"Workshop ASI: Tots\u00fcnden bei Bewerbung und Berufsstart - BioContact e.V. (English)","isPartOf":{"@id":"https:\/\/biocontact.ci-commerce.com\/en\/#website"},"primaryImageOfPage":{"@id":"https:\/\/www.biocontact.info\/en\/workshop-asi-totsunden-bei-bewerbung-berufsstart\/#primaryimage"},"image":{"@id":"https:\/\/www.biocontact.info\/en\/workshop-asi-totsunden-bei-bewerbung-berufsstart\/#primaryimage"},"thumbnailUrl":"https:\/\/www.biocontact.info\/en\/wp-content\/uploads\/sites\/2\/2018\/03\/pictures_Firmenlogos_asi_logo.png","datePublished":"2021-04-02T16:31:46+00:00","breadcrumb":{"@id":"https:\/\/www.biocontact.info\/en\/workshop-asi-totsunden-bei-bewerbung-berufsstart\/#breadcrumb"},"inLanguage":"en-GB","potentialAction":[{"@type":"ReadAction","target":["https:\/\/www.biocontact.info\/en\/workshop-asi-totsunden-bei-bewerbung-berufsstart\/"]}]},{"@type":"ImageObject","inLanguage":"en-GB","@id":"https:\/\/www.biocontact.info\/en\/workshop-asi-totsunden-bei-bewerbung-berufsstart\/#primaryimage","url":"https:\/\/www.biocontact.info\/en\/wp-content\/uploads\/sites\/2\/2018\/03\/pictures_Firmenlogos_asi_logo.png","contentUrl":"https:\/\/www.biocontact.info\/en\/wp-content\/uploads\/sites\/2\/2018\/03\/pictures_Firmenlogos_asi_logo.png","width":650,"height":356},{"@type":"BreadcrumbList","@id":"https:\/\/www.biocontact.info\/en\/workshop-asi-totsunden-bei-bewerbung-berufsstart\/#breadcrumb","itemListElement":[{"@type":"ListItem","position":1,"name":"Startseite","item":"https:\/\/www.biocontact.info\/en\/"},{"@type":"ListItem","position":2,"name":"Workshop ASI: Tots\u00fcnden bei Bewerbung und Berufsstart"}]},{"@type":"WebSite","@id":"https:\/\/biocontact.ci-commerce.com\/en\/#website","url":"https:\/\/biocontact.ci-commerce.com\/en\/","name":"BioContact e.V. (English)","description":"We network science and industry","potentialAction":[{"@type":"SearchAction","target":{"@type":"EntryPoint","urlTemplate":"https:\/\/biocontact.ci-commerce.com\/en\/?s={search_term_string}"},"query-input":{"@type":"PropertyValueSpecification","valueRequired":true,"valueName":"search_term_string"}}],"inLanguage":"en-GB"}]}},"_links":{"self":[{"href":"https:\/\/www.biocontact.info\/en\/wp-json\/wp\/v2\/pages\/956","targetHints":{"allow":["GET"]}}],"collection":[{"href":"https:\/\/www.biocontact.info\/en\/wp-json\/wp\/v2\/pages"}],"about":[{"href":"https:\/\/www.biocontact.info\/en\/wp-json\/wp\/v2\/types\/page"}],"author":[{"embeddable":true,"href":"https:\/\/www.biocontact.info\/en\/wp-json\/wp\/v2\/users\/1"}],"replies":[{"embeddable":true,"href":"https:\/\/www.biocontact.info\/en\/wp-json\/wp\/v2\/comments?post=956"}],"version-history":[{"count":0,"href":"https:\/\/www.biocontact.info\/en\/wp-json\/wp\/v2\/pages\/956\/revisions"}],"wp:featuredmedia":[{"embeddable":true,"href":"https:\/\/www.biocontact.info\/en\/wp-json\/wp\/v2\/media\/748"}],"wp:attachment":[{"href":"https:\/\/www.biocontact.info\/en\/wp-json\/wp\/v2\/media?parent=956"}],"curies":[{"name":"wp","href":"https:\/\/api.w.org\/{rel}","templated":true}]}}