{"id":947,"date":"2021-04-02T18:11:23","date_gmt":"2021-04-02T16:11:23","guid":{"rendered":"https:\/\/biocontact.info\/en\/workshop-analytik-news-2\/"},"modified":"2021-04-02T18:11:23","modified_gmt":"2021-04-02T16:11:23","slug":"workshop-analytik-news-2","status":"publish","type":"page","link":"https:\/\/www.biocontact.info\/en\/workshop-analytik-news-2\/","title":{"rendered":"Workshop Analytik News: Praxistipps f\u00fcr die perfekte Online-Bewerbung"},"content":{"rendered":"<table cellpadding=\"1\" cellspacing=\"1\" style=\"width:900px\">\r\n\t<tbody>\r\n\t\t<tr>\r\n\t\t\t<td style=\"text-align:center; vertical-align:middle; width:250px\"><img loading=\"lazy\" decoding=\"async\" class=\" size-full wp-image-944\" alt=\"\" src=\"https:\/\/biocontact.ci-commerce.comen\/wp-content\/uploads\/sites\/2\/2021\/04\/pictures_Firmenlogos2021_analytiknews_logo_cmyk_0.jpg\" style=\"height:85px; width:180px\" width=\"1181\" height=\"558\" srcset=\"https:\/\/www.biocontact.info\/en\/wp-content\/uploads\/sites\/2\/2021\/04\/pictures_Firmenlogos2021_analytiknews_logo_cmyk_0.jpg 1181w, https:\/\/www.biocontact.info\/en\/wp-content\/uploads\/sites\/2\/2021\/04\/pictures_Firmenlogos2021_analytiknews_logo_cmyk_0-300x142.jpg 300w, https:\/\/www.biocontact.info\/en\/wp-content\/uploads\/sites\/2\/2021\/04\/pictures_Firmenlogos2021_analytiknews_logo_cmyk_0-1024x484.jpg 1024w, https:\/\/www.biocontact.info\/en\/wp-content\/uploads\/sites\/2\/2021\/04\/pictures_Firmenlogos2021_analytiknews_logo_cmyk_0-768x363.jpg 768w\" sizes=\"auto, (max-width: 1181px) 100vw, 1181px\" \/><\/td>\r\n\t\t\t<td>\r\n\t\t\t<h4>Workshop Analytik News: \"Praxistipps f\u00fcr die perfekte Online-Bewerbung\"<\/h4>\r\n\r\n\t\t\t<h4>Referent: Dr. Torsten Beyer<\/h4>\r\n\r\n\t\t\t<h4>28.04.2021 9:30 - 10:15 Uhr&nbsp;<\/h4>\r\n\r\n\t\t\t<h4>\u200bSprache: Deutsch<\/h4>\r\n\r\n\t\t\t<h4>Plattform: GoTo Webinar<\/h4>\r\n\r\n\t\t\t<h4>Pl\u00e4tze: max. 150<\/h4>\r\n\r\n\t\t\t<h4>Anmeldung unter: https:\/\/attendee.gotowebinar.com\/register\/1375439982041641487<\/h4>\r\n\r\n\t\t\t<p>Nach der Anmeldung erhalten Sie eine Best\u00e4tigungs-E-Mail mit Informationen zur Teilnahme am Webinar. Der Zugang erfolgt \u00fcber den Webbrowser.<\/p>\r\n\r\n\t\t\t<p>Technische Anforderungen:<\/p>\r\n\r\n\t\t\t<p>https:\/\/support.logmeininc.com\/de\/gotowebinar\/how-to-join-attendees<\/p>\r\n\t\t\t<\/td>\r\n\t\t<\/tr>\r\n\t\t<tr>\r\n\t\t\t<td colspan=\"2\">\r\n\t\t\t<p>\u00dcber 75 Prozent der Arbeitgeber verlangen Bewerbungsunterlagen ausschlie\u00dflich in elektronischer Form, entweder als formlose E-Mail mit Anlagen oder \u00fcber teilweise komplexe Formularsysteme.<\/p>\r\n\r\n\t\t\t<p>Gegen\u00fcber der klassischen Bewerbungsmappe per Post gibt es bei Online-Bewerbungen zahlreiche weitere Fehlerquellen und Stolpersteine, die \u00fcber eine korrekte Rechtschreibung, ein individuelles Anschreiben und die richtigen Anlagen hinausgehen. Das sind unter anderem korrekte Datenformate, akzeptable Dateigr\u00f6\u00dfen oder der richtige Aufbau einer Bewerbungs-Mail.<\/p>\r\n\r\n\t\t\t<p>Der Vortrag bietet wertvolle Praxistipps, um in der Masse der Bewerbungen positiv aufzufallen und die hohe H\u00fcrde zum Vorstellungsgespr\u00e4ch zu \u00fcberspringen. Au\u00dferdem werden Strategien zum Finden passender Stellenangebote im Laborumfeld und zur Selbstvermarktung in Sozialen Medien und Online-Jobb\u00f6rsen vorgestellt.<\/p>\r\n\r\n\t\t\t<h2><strong><a href=\"https:\/\/register.gotowebinar.com\/register\/1375439982041641487\">Registriert euch hier!<\/a><\/strong><\/h2>\r\n\t\t\t<\/td>\r\n\t\t<\/tr>\r\n\t<\/tbody>\r\n<\/table>\r\n","protected":false},"excerpt":{"rendered":"<p>Workshop Analytik News: &#8220;Praxistipps f\u00fcr die perfekte Online-Bewerbung&#8221; Referent: Dr. Torsten Beyer 28.04.2021 9:30 &#8211; 10:15 Uhr&nbsp; \u200bSprache: Deutsch Plattform: GoTo Webinar Pl\u00e4tze: max. 150 Anmeldung unter: https:\/\/attendee.gotowebinar.com\/register\/1375439982041641487 Nach der<\/p>\n","protected":false},"author":1,"featured_media":944,"parent":0,"menu_order":0,"comment_status":"closed","ping_status":"closed","template":"","meta":{"_eb_attr":"","_breakdance_hide_in_design_set":false,"_breakdance_tags":"","footnotes":""},"class_list":["post-947","page","type-page","status-publish","has-post-thumbnail","hentry"],"yoast_head":"<!-- This site is optimized with the Yoast SEO plugin v27.4 - https:\/\/yoast.com\/product\/yoast-seo-wordpress\/ -->\n<title>Workshop Analytik News: Praxistipps f\u00fcr die perfekte Online-Bewerbung - BioContact e.V. (English)<\/title>\n<meta name=\"robots\" content=\"index, follow, max-snippet:-1, max-image-preview:large, max-video-preview:-1\" \/>\n<link rel=\"canonical\" href=\"https:\/\/biocontact.ci-commerce.com\/en\/workshop-analytik-news-2\/\" \/>\n<meta property=\"og:locale\" content=\"en_GB\" \/>\n<meta property=\"og:type\" content=\"article\" \/>\n<meta property=\"og:title\" content=\"Workshop Analytik News: Praxistipps f\u00fcr die perfekte Online-Bewerbung - BioContact e.V. (English)\" \/>\n<meta property=\"og:description\" content=\"Workshop Analytik News: &quot;Praxistipps f\u00fcr die perfekte Online-Bewerbung&quot; Referent: Dr. Torsten Beyer 28.04.2021 9:30 - 10:15 Uhr&nbsp; \u200bSprache: Deutsch Plattform: GoTo Webinar Pl\u00e4tze: max. 150 Anmeldung unter: https:\/\/attendee.gotowebinar.com\/register\/1375439982041641487 Nach der\" \/>\n<meta property=\"og:url\" content=\"https:\/\/biocontact.ci-commerce.com\/en\/workshop-analytik-news-2\/\" \/>\n<meta property=\"og:site_name\" content=\"BioContact e.V. (English)\" \/>\n<meta property=\"og:image\" content=\"https:\/\/biocontact.ci-commerce.com\/en\/wp-content\/uploads\/sites\/2\/2021\/04\/pictures_Firmenlogos2021_analytiknews_logo_cmyk_0.jpg\" \/>\n\t<meta property=\"og:image:width\" content=\"1181\" \/>\n\t<meta property=\"og:image:height\" content=\"558\" \/>\n\t<meta property=\"og:image:type\" content=\"image\/jpeg\" \/>\n<meta name=\"twitter:card\" content=\"summary_large_image\" \/>\n<meta name=\"twitter:label1\" content=\"Estimated reading time\" \/>\n\t<meta name=\"twitter:data1\" content=\"1 minute\" \/>\n<script type=\"application\/ld+json\" class=\"yoast-schema-graph\">{\"@context\":\"https:\\\/\\\/schema.org\",\"@graph\":[{\"@type\":\"WebPage\",\"@id\":\"https:\\\/\\\/biocontact.ci-commerce.com\\\/en\\\/workshop-analytik-news-2\\\/\",\"url\":\"https:\\\/\\\/biocontact.ci-commerce.com\\\/en\\\/workshop-analytik-news-2\\\/\",\"name\":\"Workshop Analytik News: Praxistipps f\u00fcr die perfekte Online-Bewerbung - BioContact e.V. (English)\",\"isPartOf\":{\"@id\":\"https:\\\/\\\/biocontact.ci-commerce.com\\\/en\\\/#website\"},\"primaryImageOfPage\":{\"@id\":\"https:\\\/\\\/biocontact.ci-commerce.com\\\/en\\\/workshop-analytik-news-2\\\/#primaryimage\"},\"image\":{\"@id\":\"https:\\\/\\\/biocontact.ci-commerce.com\\\/en\\\/workshop-analytik-news-2\\\/#primaryimage\"},\"thumbnailUrl\":\"https:\\\/\\\/www.biocontact.info\\\/en\\\/wp-content\\\/uploads\\\/sites\\\/2\\\/2021\\\/04\\\/pictures_Firmenlogos2021_analytiknews_logo_cmyk_0.jpg\",\"datePublished\":\"2021-04-02T16:11:23+00:00\",\"breadcrumb\":{\"@id\":\"https:\\\/\\\/biocontact.ci-commerce.com\\\/en\\\/workshop-analytik-news-2\\\/#breadcrumb\"},\"inLanguage\":\"en-GB\",\"potentialAction\":[{\"@type\":\"ReadAction\",\"target\":[\"https:\\\/\\\/biocontact.ci-commerce.com\\\/en\\\/workshop-analytik-news-2\\\/\"]}]},{\"@type\":\"ImageObject\",\"inLanguage\":\"en-GB\",\"@id\":\"https:\\\/\\\/biocontact.ci-commerce.com\\\/en\\\/workshop-analytik-news-2\\\/#primaryimage\",\"url\":\"https:\\\/\\\/www.biocontact.info\\\/en\\\/wp-content\\\/uploads\\\/sites\\\/2\\\/2021\\\/04\\\/pictures_Firmenlogos2021_analytiknews_logo_cmyk_0.jpg\",\"contentUrl\":\"https:\\\/\\\/www.biocontact.info\\\/en\\\/wp-content\\\/uploads\\\/sites\\\/2\\\/2021\\\/04\\\/pictures_Firmenlogos2021_analytiknews_logo_cmyk_0.jpg\",\"width\":1181,\"height\":558,\"caption\":\"Analytik News www.analytik.news\"},{\"@type\":\"BreadcrumbList\",\"@id\":\"https:\\\/\\\/biocontact.ci-commerce.com\\\/en\\\/workshop-analytik-news-2\\\/#breadcrumb\",\"itemListElement\":[{\"@type\":\"ListItem\",\"position\":1,\"name\":\"Startseite\",\"item\":\"https:\\\/\\\/www.biocontact.info\\\/en\\\/\"},{\"@type\":\"ListItem\",\"position\":2,\"name\":\"Workshop Analytik News: Praxistipps f\u00fcr die perfekte Online-Bewerbung\"}]},{\"@type\":\"WebSite\",\"@id\":\"https:\\\/\\\/biocontact.ci-commerce.com\\\/en\\\/#website\",\"url\":\"https:\\\/\\\/biocontact.ci-commerce.com\\\/en\\\/\",\"name\":\"BioContact e.V. (English)\",\"description\":\"We network science and industry\",\"potentialAction\":[{\"@type\":\"SearchAction\",\"target\":{\"@type\":\"EntryPoint\",\"urlTemplate\":\"https:\\\/\\\/biocontact.ci-commerce.com\\\/en\\\/?s={search_term_string}\"},\"query-input\":{\"@type\":\"PropertyValueSpecification\",\"valueRequired\":true,\"valueName\":\"search_term_string\"}}],\"inLanguage\":\"en-GB\"}]}<\/script>\n<!-- \/ Yoast SEO plugin. -->","yoast_head_json":{"title":"Workshop Analytik News: Praxistipps f\u00fcr die perfekte Online-Bewerbung - BioContact e.V. (English)","robots":{"index":"index","follow":"follow","max-snippet":"max-snippet:-1","max-image-preview":"max-image-preview:large","max-video-preview":"max-video-preview:-1"},"canonical":"https:\/\/biocontact.ci-commerce.com\/en\/workshop-analytik-news-2\/","og_locale":"en_GB","og_type":"article","og_title":"Workshop Analytik News: Praxistipps f\u00fcr die perfekte Online-Bewerbung - BioContact e.V. (English)","og_description":"Workshop Analytik News: \"Praxistipps f\u00fcr die perfekte Online-Bewerbung\" Referent: Dr. Torsten Beyer 28.04.2021 9:30 - 10:15 Uhr&nbsp; \u200bSprache: Deutsch Plattform: GoTo Webinar Pl\u00e4tze: max. 150 Anmeldung unter: https:\/\/attendee.gotowebinar.com\/register\/1375439982041641487 Nach der","og_url":"https:\/\/biocontact.ci-commerce.com\/en\/workshop-analytik-news-2\/","og_site_name":"BioContact e.V. (English)","og_image":[{"width":1181,"height":558,"url":"https:\/\/biocontact.ci-commerce.com\/en\/wp-content\/uploads\/sites\/2\/2021\/04\/pictures_Firmenlogos2021_analytiknews_logo_cmyk_0.jpg","type":"image\/jpeg"}],"twitter_card":"summary_large_image","twitter_misc":{"Estimated reading time":"1 minute"},"schema":{"@context":"https:\/\/schema.org","@graph":[{"@type":"WebPage","@id":"https:\/\/biocontact.ci-commerce.com\/en\/workshop-analytik-news-2\/","url":"https:\/\/biocontact.ci-commerce.com\/en\/workshop-analytik-news-2\/","name":"Workshop Analytik News: Praxistipps f\u00fcr die perfekte Online-Bewerbung - BioContact e.V. (English)","isPartOf":{"@id":"https:\/\/biocontact.ci-commerce.com\/en\/#website"},"primaryImageOfPage":{"@id":"https:\/\/biocontact.ci-commerce.com\/en\/workshop-analytik-news-2\/#primaryimage"},"image":{"@id":"https:\/\/biocontact.ci-commerce.com\/en\/workshop-analytik-news-2\/#primaryimage"},"thumbnailUrl":"https:\/\/www.biocontact.info\/en\/wp-content\/uploads\/sites\/2\/2021\/04\/pictures_Firmenlogos2021_analytiknews_logo_cmyk_0.jpg","datePublished":"2021-04-02T16:11:23+00:00","breadcrumb":{"@id":"https:\/\/biocontact.ci-commerce.com\/en\/workshop-analytik-news-2\/#breadcrumb"},"inLanguage":"en-GB","potentialAction":[{"@type":"ReadAction","target":["https:\/\/biocontact.ci-commerce.com\/en\/workshop-analytik-news-2\/"]}]},{"@type":"ImageObject","inLanguage":"en-GB","@id":"https:\/\/biocontact.ci-commerce.com\/en\/workshop-analytik-news-2\/#primaryimage","url":"https:\/\/www.biocontact.info\/en\/wp-content\/uploads\/sites\/2\/2021\/04\/pictures_Firmenlogos2021_analytiknews_logo_cmyk_0.jpg","contentUrl":"https:\/\/www.biocontact.info\/en\/wp-content\/uploads\/sites\/2\/2021\/04\/pictures_Firmenlogos2021_analytiknews_logo_cmyk_0.jpg","width":1181,"height":558,"caption":"Analytik News www.analytik.news"},{"@type":"BreadcrumbList","@id":"https:\/\/biocontact.ci-commerce.com\/en\/workshop-analytik-news-2\/#breadcrumb","itemListElement":[{"@type":"ListItem","position":1,"name":"Startseite","item":"https:\/\/www.biocontact.info\/en\/"},{"@type":"ListItem","position":2,"name":"Workshop Analytik News: Praxistipps f\u00fcr die perfekte Online-Bewerbung"}]},{"@type":"WebSite","@id":"https:\/\/biocontact.ci-commerce.com\/en\/#website","url":"https:\/\/biocontact.ci-commerce.com\/en\/","name":"BioContact e.V. (English)","description":"We network science and industry","potentialAction":[{"@type":"SearchAction","target":{"@type":"EntryPoint","urlTemplate":"https:\/\/biocontact.ci-commerce.com\/en\/?s={search_term_string}"},"query-input":{"@type":"PropertyValueSpecification","valueRequired":true,"valueName":"search_term_string"}}],"inLanguage":"en-GB"}]}},"_links":{"self":[{"href":"https:\/\/www.biocontact.info\/en\/wp-json\/wp\/v2\/pages\/947","targetHints":{"allow":["GET"]}}],"collection":[{"href":"https:\/\/www.biocontact.info\/en\/wp-json\/wp\/v2\/pages"}],"about":[{"href":"https:\/\/www.biocontact.info\/en\/wp-json\/wp\/v2\/types\/page"}],"author":[{"embeddable":true,"href":"https:\/\/www.biocontact.info\/en\/wp-json\/wp\/v2\/users\/1"}],"replies":[{"embeddable":true,"href":"https:\/\/www.biocontact.info\/en\/wp-json\/wp\/v2\/comments?post=947"}],"version-history":[{"count":0,"href":"https:\/\/www.biocontact.info\/en\/wp-json\/wp\/v2\/pages\/947\/revisions"}],"wp:featuredmedia":[{"embeddable":true,"href":"https:\/\/www.biocontact.info\/en\/wp-json\/wp\/v2\/media\/944"}],"wp:attachment":[{"href":"https:\/\/www.biocontact.info\/en\/wp-json\/wp\/v2\/media?parent=947"}],"curies":[{"name":"wp","href":"https:\/\/api.w.org\/{rel}","templated":true}]}}