{"id":933,"date":"2021-03-18T10:59:53","date_gmt":"2021-03-18T09:59:53","guid":{"rendered":"https:\/\/biocontact.info\/en\/informationen-firmen-expoip_2021\/"},"modified":"2021-03-18T10:59:53","modified_gmt":"2021-03-18T09:59:53","slug":"informationen-firmen-expoip_2021","status":"publish","type":"page","link":"https:\/\/www.biocontact.info\/en\/informationen-firmen-expoip_2021\/","title":{"rendered":"Informationen f\u00fcr Firmen zum digitalen Auftritt"},"content":{"rendered":"<p><strong>Die CONTACT2021 wird&nbsp; am 28.04.2021 digital stattfinden. <\/strong><\/p>\r\n\r\n<p>Dieses Jahr werden wir die CONTACT2021 digital durchf\u00fchren mithilfe der Plattform Expo-IP.<\/p>\r\n\r\n<p><strong>Informationen f\u00fcr Firmen zur Nutzung von Expo-IP<\/strong><\/p>\r\n\r\n<p>Die CONTACT2021 findet am 28.04.2021 digital statt. Sie k\u00f6nnen ab jetzt mit der Gestaltung Ihres virtuellen Messestands beginnen. Auf dieser Seite finden Sie die dazu n\u00f6tigen Informationen.<br \/>\r\nIhre Log-In Daten f\u00fcr das Messeportal Expo-IP und f\u00fcr das Videochat-Portal Okomo haben Sie per E-Mail von Ihrem BioContact e.V. Firmenbetreuer erhalten.<br \/>\r\n<br \/>\r\nBitte loggen Sie sich beim Messeportal Expo-IP mit den f\u00fcr Sie personalisierten Log-In Daten ein: <a href=\"https:\/\/contact2021admin.expo-ip.com\">Expo-IP Firmen Anmeldung<\/a><\/p>\r\n\r\n<p>Folgen Sie nun bitte den Anweisungen, die wir f\u00fcr Sie in den untenstehenden Video-Tutorials zusammengestellt haben.<\/p>\r\n\r\n<p>Bei Expo-IP haben Sie die M\u00f6glichkeit aus 5 verschiedenen Stand-Templates zu w\u00e4hlen. Die entsprechenden Photoshop-Dateien sind als ZIP-Archiv hier<strong> am unteren Ende der Seite zum Download <\/strong>f\u00fcr Sie hinterlegt.<\/p>\r\n\r\n<p><strong>Bitte beachten Sie, in der Kategorie Vollzahler stellen wir Ihnen f\u00fcr Okomo 3 Chatlizenzen zur Verf\u00fcgung, sofern Sie kein eigenes Chatprogramm mitbringen, in der Kategorie Startup 1 Chatlizenz. <\/strong>Weitere Lizenzen k\u00f6nnen nur gegen einen Aufpreis angefordert werden (wie bereits w\u00e4hrend der Registrierung beschrieben).<\/p>\r\n\r\n<p>Ihren Okomo Nutzeraccount haben wir ebenfalls schon f\u00fcr Sie angelegt. In den letzten Tagen sollten Sie dazu eine E-Mail-Benachrichtigung von Okomo erhalten haben.<\/p>\r\n\r\n<p>Wenden Sie sich bei technischen Problemen oder Fragen gerne an unser Expo-IP Expertenteam unter: <strong>expertenexpoip@biocontact.info<\/strong><\/p>\r\n\r\n<p>Wir freuen uns schon sehr darauf Sie am 28.04.2021 auf der ersten virtuellen CONTACT Jobmesse begr\u00fc\u00dfen zu d\u00fcrfen!<\/p>\r\n\r\n<p>Bleiben Sie gesund und bis dahin alles Gute,<br \/>\r\nBioContact e.V.<\/p>\r\n\r\n<p>Zur Unterst\u00fczung haben wir hier Erkl\u00e4rungsvideos von uns zu Expo-IP und Okomo<\/p>\r\n\r\n<p><iframe loading=\"lazy\" allow=\"accelerometer; autoplay; clipboard-write; encrypted-media; gyroscope; picture-in-picture\" allowfullscreen=\"\" frameborder=\"0\" height=\"315\" src=\"https:\/\/www.youtube-nocookie.com\/embed\/oYYhGxLpMks\" width=\"560\"><\/iframe><\/p>\r\n\r\n<p><iframe loading=\"lazy\" allow=\"accelerometer; autoplay; clipboard-write; encrypted-media; gyroscope; picture-in-picture\" allowfullscreen=\"\" frameborder=\"0\" height=\"315\" src=\"https:\/\/www.youtube-nocookie.com\/embed\/mP40EahPxT0\" width=\"560\"><\/iframe><\/p>\r\n","protected":false},"excerpt":{"rendered":"<p>Die CONTACT2021 wird&nbsp; am 28.04.2021 digital stattfinden. Dieses Jahr werden wir die CONTACT2021 digital durchf\u00fchren mithilfe der Plattform Expo-IP. Informationen f\u00fcr Firmen zur Nutzung von Expo-IP Die CONTACT2021 findet am<\/p>\n","protected":false},"author":1,"featured_media":0,"parent":0,"menu_order":0,"comment_status":"closed","ping_status":"closed","template":"","meta":{"_eb_attr":"","_breakdance_hide_in_design_set":false,"_breakdance_tags":"","footnotes":""},"class_list":["post-933","page","type-page","status-publish","hentry"],"yoast_head":"<!-- This site is optimized with the Yoast SEO plugin v27.5 - https:\/\/yoast.com\/product\/yoast-seo-wordpress\/ -->\n<title>Informationen f\u00fcr Firmen zum digitalen Auftritt - BioContact e.V. (English)<\/title>\n<meta name=\"robots\" content=\"index, follow, max-snippet:-1, max-image-preview:large, max-video-preview:-1\" \/>\n<link rel=\"canonical\" href=\"https:\/\/biocontact.ci-commerce.com\/en\/informationen-firmen-expoip_2021\/\" \/>\n<meta property=\"og:locale\" content=\"en_GB\" \/>\n<meta property=\"og:type\" content=\"article\" \/>\n<meta property=\"og:title\" content=\"Informationen f\u00fcr Firmen zum digitalen Auftritt - BioContact e.V. (English)\" \/>\n<meta property=\"og:description\" content=\"Die CONTACT2021 wird&nbsp; am 28.04.2021 digital stattfinden. Dieses Jahr werden wir die CONTACT2021 digital durchf\u00fchren mithilfe der Plattform Expo-IP. Informationen f\u00fcr Firmen zur Nutzung von Expo-IP Die CONTACT2021 findet am\" \/>\n<meta property=\"og:url\" content=\"https:\/\/biocontact.ci-commerce.com\/en\/informationen-firmen-expoip_2021\/\" \/>\n<meta property=\"og:site_name\" content=\"BioContact e.V. (English)\" \/>\n<meta name=\"twitter:card\" content=\"summary_large_image\" \/>\n<meta name=\"twitter:label1\" content=\"Estimated reading time\" \/>\n\t<meta name=\"twitter:data1\" content=\"1 minute\" \/>\n<script type=\"application\/ld+json\" class=\"yoast-schema-graph\">{\"@context\":\"https:\\\/\\\/schema.org\",\"@graph\":[{\"@type\":\"WebPage\",\"@id\":\"https:\\\/\\\/biocontact.ci-commerce.com\\\/en\\\/informationen-firmen-expoip_2021\\\/\",\"url\":\"https:\\\/\\\/biocontact.ci-commerce.com\\\/en\\\/informationen-firmen-expoip_2021\\\/\",\"name\":\"Informationen f\u00fcr Firmen zum digitalen Auftritt - BioContact e.V. (English)\",\"isPartOf\":{\"@id\":\"https:\\\/\\\/biocontact.ci-commerce.com\\\/en\\\/#website\"},\"datePublished\":\"2021-03-18T09:59:53+00:00\",\"breadcrumb\":{\"@id\":\"https:\\\/\\\/biocontact.ci-commerce.com\\\/en\\\/informationen-firmen-expoip_2021\\\/#breadcrumb\"},\"inLanguage\":\"en-GB\",\"potentialAction\":[{\"@type\":\"ReadAction\",\"target\":[\"https:\\\/\\\/biocontact.ci-commerce.com\\\/en\\\/informationen-firmen-expoip_2021\\\/\"]}]},{\"@type\":\"BreadcrumbList\",\"@id\":\"https:\\\/\\\/biocontact.ci-commerce.com\\\/en\\\/informationen-firmen-expoip_2021\\\/#breadcrumb\",\"itemListElement\":[{\"@type\":\"ListItem\",\"position\":1,\"name\":\"Startseite\",\"item\":\"https:\\\/\\\/www.biocontact.info\\\/en\\\/\"},{\"@type\":\"ListItem\",\"position\":2,\"name\":\"Informationen f\u00fcr Firmen zum digitalen Auftritt\"}]},{\"@type\":\"WebSite\",\"@id\":\"https:\\\/\\\/biocontact.ci-commerce.com\\\/en\\\/#website\",\"url\":\"https:\\\/\\\/biocontact.ci-commerce.com\\\/en\\\/\",\"name\":\"BioContact e.V. (English)\",\"description\":\"We network science and industry\",\"potentialAction\":[{\"@type\":\"SearchAction\",\"target\":{\"@type\":\"EntryPoint\",\"urlTemplate\":\"https:\\\/\\\/biocontact.ci-commerce.com\\\/en\\\/?s={search_term_string}\"},\"query-input\":{\"@type\":\"PropertyValueSpecification\",\"valueRequired\":true,\"valueName\":\"search_term_string\"}}],\"inLanguage\":\"en-GB\"}]}<\/script>\n<!-- \/ Yoast SEO plugin. -->","yoast_head_json":{"title":"Informationen f\u00fcr Firmen zum digitalen Auftritt - BioContact e.V. (English)","robots":{"index":"index","follow":"follow","max-snippet":"max-snippet:-1","max-image-preview":"max-image-preview:large","max-video-preview":"max-video-preview:-1"},"canonical":"https:\/\/biocontact.ci-commerce.com\/en\/informationen-firmen-expoip_2021\/","og_locale":"en_GB","og_type":"article","og_title":"Informationen f\u00fcr Firmen zum digitalen Auftritt - BioContact e.V. (English)","og_description":"Die CONTACT2021 wird&nbsp; am 28.04.2021 digital stattfinden. Dieses Jahr werden wir die CONTACT2021 digital durchf\u00fchren mithilfe der Plattform Expo-IP. Informationen f\u00fcr Firmen zur Nutzung von Expo-IP Die CONTACT2021 findet am","og_url":"https:\/\/biocontact.ci-commerce.com\/en\/informationen-firmen-expoip_2021\/","og_site_name":"BioContact e.V. (English)","twitter_card":"summary_large_image","twitter_misc":{"Estimated reading time":"1 minute"},"schema":{"@context":"https:\/\/schema.org","@graph":[{"@type":"WebPage","@id":"https:\/\/biocontact.ci-commerce.com\/en\/informationen-firmen-expoip_2021\/","url":"https:\/\/biocontact.ci-commerce.com\/en\/informationen-firmen-expoip_2021\/","name":"Informationen f\u00fcr Firmen zum digitalen Auftritt - BioContact e.V. (English)","isPartOf":{"@id":"https:\/\/biocontact.ci-commerce.com\/en\/#website"},"datePublished":"2021-03-18T09:59:53+00:00","breadcrumb":{"@id":"https:\/\/biocontact.ci-commerce.com\/en\/informationen-firmen-expoip_2021\/#breadcrumb"},"inLanguage":"en-GB","potentialAction":[{"@type":"ReadAction","target":["https:\/\/biocontact.ci-commerce.com\/en\/informationen-firmen-expoip_2021\/"]}]},{"@type":"BreadcrumbList","@id":"https:\/\/biocontact.ci-commerce.com\/en\/informationen-firmen-expoip_2021\/#breadcrumb","itemListElement":[{"@type":"ListItem","position":1,"name":"Startseite","item":"https:\/\/www.biocontact.info\/en\/"},{"@type":"ListItem","position":2,"name":"Informationen f\u00fcr Firmen zum digitalen Auftritt"}]},{"@type":"WebSite","@id":"https:\/\/biocontact.ci-commerce.com\/en\/#website","url":"https:\/\/biocontact.ci-commerce.com\/en\/","name":"BioContact e.V. (English)","description":"We network science and industry","potentialAction":[{"@type":"SearchAction","target":{"@type":"EntryPoint","urlTemplate":"https:\/\/biocontact.ci-commerce.com\/en\/?s={search_term_string}"},"query-input":{"@type":"PropertyValueSpecification","valueRequired":true,"valueName":"search_term_string"}}],"inLanguage":"en-GB"}]}},"_links":{"self":[{"href":"https:\/\/www.biocontact.info\/en\/wp-json\/wp\/v2\/pages\/933","targetHints":{"allow":["GET"]}}],"collection":[{"href":"https:\/\/www.biocontact.info\/en\/wp-json\/wp\/v2\/pages"}],"about":[{"href":"https:\/\/www.biocontact.info\/en\/wp-json\/wp\/v2\/types\/page"}],"author":[{"embeddable":true,"href":"https:\/\/www.biocontact.info\/en\/wp-json\/wp\/v2\/users\/1"}],"replies":[{"embeddable":true,"href":"https:\/\/www.biocontact.info\/en\/wp-json\/wp\/v2\/comments?post=933"}],"version-history":[{"count":0,"href":"https:\/\/www.biocontact.info\/en\/wp-json\/wp\/v2\/pages\/933\/revisions"}],"wp:attachment":[{"href":"https:\/\/www.biocontact.info\/en\/wp-json\/wp\/v2\/media?parent=933"}],"curies":[{"name":"wp","href":"https:\/\/api.w.org\/{rel}","templated":true}]}}