{"id":930,"date":"2021-01-26T10:37:01","date_gmt":"2021-01-26T09:37:01","guid":{"rendered":"https:\/\/biocontact.info\/en\/partnermessen2022-2\/"},"modified":"2021-01-26T10:37:01","modified_gmt":"2021-01-26T09:37:01","slug":"partnermessen2022-2","status":"publish","type":"page","link":"https:\/\/www.biocontact.info\/en\/partnermessen2022-2\/","title":{"rendered":"Partnermessen 2022"},"content":{"rendered":"<p>BioContact e.V. bedankt sich bei allen Partnermessen f\u00fcr die freundliche Unterst\u00fctzung.<\/p>\r\n\r\n<p><img loading=\"lazy\" decoding=\"async\" class=\" size-full wp-image-916\" alt=\"\" src=\"https:\/\/biocontact.ci-commerce.comen\/wp-content\/uploads\/sites\/2\/2021\/01\/inova_messe.png\" style=\"height:169px; width:241px\" width=\"989\" height=\"693\" srcset=\"https:\/\/www.biocontact.info\/en\/wp-content\/uploads\/sites\/2\/2021\/01\/inova_messe.png 989w, https:\/\/www.biocontact.info\/en\/wp-content\/uploads\/sites\/2\/2021\/01\/inova_messe-300x210.png 300w, https:\/\/www.biocontact.info\/en\/wp-content\/uploads\/sites\/2\/2021\/01\/inova_messe-768x538.png 768w\" sizes=\"auto, (max-width: 989px) 100vw, 989px\" \/><\/p>\r\n\r\n<h4>inovailmenau \u2013 Das Karriereforum f\u00fcr Mitteldeutschland<\/h4>\r\n\r\n<p>Die inovailmenau hat sich innerhalb der letzten 25 Jahre zum gr\u00f6\u00dften Karriereforum Mitteldeutschlands entwickelt und ist zugleich das gr\u00f6\u00dfte Projekt des SWING an der TU Ilmenau e.V.. Ein eigenes daf\u00fcr zusammengestelltes Team aus rund 50 aktiven Vereinsmitgliedern verschiedener Studienfachrichtungen stellt das Karriereforum j\u00e4hrlich auf die Beine. Gemeinsam bringen wir dieses gro\u00dfartige Projekt jedes Jahr einen Schritt weiter!<\/p>\r\n\r\n<p>Auf der Suche nach ihrem Traumjob k\u00f6nnen Studierende hier einen direkten Kontakt zu den exklusiv ausgesuchten Unternehmen vor Ort kn\u00fcpfen. Im pers\u00f6nlichen Gespr\u00e4ch er\u00f6ffnen sich Karrierechancen. Firmenvertreter haben die M\u00f6glichkeit, kompetentes Fachpersonal zu finden und auf das eigene Unternehmen aufmerksam zu machen.<\/p>\r\n\r\n<p>Wir vom Team der inovailmenau wollen die Barrieren zwischen Unternehmen und Job-Interessenten abbauen und den gegenseitigen Austausch zwischen Studierenden und Firmenvertretern erleichtern.<\/p>\r\n\r\n<p>Mehr Informationen unter: https:\/\/inova-ilmenau.de\/inova\/<\/p>\r\n\r\n<p>&nbsp;<\/p>\r\n\r\n<p><img loading=\"lazy\" decoding=\"async\" class=\" size-full wp-image-917\" alt=\"\" src=\"https:\/\/biocontact.ci-commerce.comen\/wp-content\/uploads\/sites\/2\/2021\/01\/konaktive_logo.png\" style=\"height:107px; width:300px\" width=\"941\" height=\"335\" srcset=\"https:\/\/www.biocontact.info\/en\/wp-content\/uploads\/sites\/2\/2021\/01\/konaktive_logo.png 941w, https:\/\/www.biocontact.info\/en\/wp-content\/uploads\/sites\/2\/2021\/01\/konaktive_logo-300x107.png 300w, https:\/\/www.biocontact.info\/en\/wp-content\/uploads\/sites\/2\/2021\/01\/konaktive_logo-768x273.png 768w\" sizes=\"auto, (max-width: 941px) 100vw, 941px\" \/><\/p>\r\n\r\n<p>Die konaktiva ist eine studentisch organisierte Unternehmenskontaktmesse, die seit u\u0308ber 30 Jahren jedes Jahr im Mai stattfindet.<\/p>\r\n\r\n<p>Auf der Messe 2022 hat man die Gelegenheit, sich bei renommierten Unternehmen vom \u201ekleinen Mittet\u00e4ndler\u201c bis zum gro\u00dfe DAX-Konzern sowie frisch geru\u0308ndeten Start ups u\u0308ber Berufschancen, Praktika und vieles mehr zu Informieren.&nbsp;<\/p>\r\n\r\n<p>Bei uns ist jeder Studiengang und jeder Studienabschluss willkommen. Neben den klassischen Messest\u00e4nden gibt es auch in Vortr\u00e4gen, Diskussionsrunden und Einzelgespr\u00e4chen die M\u00f6glichkeit, sich mit den Unternehmensvertretern zu verknu\u0308pfen.<\/p>\r\n\r\n<p>Die konaktiva 2022 wir am 10.-12. Mai stattfinden!<\/p>\r\n\r\n<p><a href=\"https:\/\/www.konaktiva.tu-darmstadt.de\/\">www.konaktiva.tu-darmstadt.de<\/a><\/p>\r\n\r\n<p>&nbsp;<\/p>\r\n","protected":false},"excerpt":{"rendered":"<p>BioContact e.V. bedankt sich bei allen Partnermessen f\u00fcr die freundliche Unterst\u00fctzung. inovailmenau \u2013 Das Karriereforum f\u00fcr Mitteldeutschland Die inovailmenau hat sich innerhalb der letzten 25 Jahre zum gr\u00f6\u00dften Karriereforum Mitteldeutschlands<\/p>\n","protected":false},"author":1,"featured_media":916,"parent":0,"menu_order":0,"comment_status":"closed","ping_status":"closed","template":"","meta":{"_eb_attr":"","_breakdance_hide_in_design_set":false,"_breakdance_tags":"","footnotes":""},"class_list":["post-930","page","type-page","status-publish","has-post-thumbnail","hentry"],"yoast_head":"<!-- This site is optimized with the Yoast SEO plugin v27.5 - https:\/\/yoast.com\/product\/yoast-seo-wordpress\/ -->\n<title>Partnermessen 2022 - BioContact e.V. (English)<\/title>\n<meta name=\"robots\" content=\"index, follow, max-snippet:-1, max-image-preview:large, max-video-preview:-1\" \/>\n<link rel=\"canonical\" href=\"https:\/\/biocontact.ci-commerce.com\/en\/partnermessen2022-2\/\" \/>\n<meta property=\"og:locale\" content=\"en_GB\" \/>\n<meta property=\"og:type\" content=\"article\" \/>\n<meta property=\"og:title\" content=\"Partnermessen 2022 - BioContact e.V. (English)\" \/>\n<meta property=\"og:description\" content=\"BioContact e.V. bedankt sich bei allen Partnermessen f\u00fcr die freundliche Unterst\u00fctzung. inovailmenau \u2013 Das Karriereforum f\u00fcr Mitteldeutschland Die inovailmenau hat sich innerhalb der letzten 25 Jahre zum gr\u00f6\u00dften Karriereforum Mitteldeutschlands\" \/>\n<meta property=\"og:url\" content=\"https:\/\/biocontact.ci-commerce.com\/en\/partnermessen2022-2\/\" \/>\n<meta property=\"og:site_name\" content=\"BioContact e.V. (English)\" \/>\n<meta property=\"og:image\" content=\"https:\/\/biocontact.ci-commerce.com\/en\/wp-content\/uploads\/sites\/2\/2021\/01\/inova_messe.png\" \/>\n\t<meta property=\"og:image:width\" content=\"989\" \/>\n\t<meta property=\"og:image:height\" content=\"693\" \/>\n\t<meta property=\"og:image:type\" content=\"image\/png\" \/>\n<meta name=\"twitter:card\" content=\"summary_large_image\" \/>\n<meta name=\"twitter:label1\" content=\"Estimated reading time\" \/>\n\t<meta name=\"twitter:data1\" content=\"1 minute\" \/>\n<script type=\"application\/ld+json\" class=\"yoast-schema-graph\">{\"@context\":\"https:\\\/\\\/schema.org\",\"@graph\":[{\"@type\":\"WebPage\",\"@id\":\"https:\\\/\\\/biocontact.ci-commerce.com\\\/en\\\/partnermessen2022-2\\\/\",\"url\":\"https:\\\/\\\/biocontact.ci-commerce.com\\\/en\\\/partnermessen2022-2\\\/\",\"name\":\"Partnermessen 2022 - BioContact e.V. (English)\",\"isPartOf\":{\"@id\":\"https:\\\/\\\/biocontact.ci-commerce.com\\\/en\\\/#website\"},\"primaryImageOfPage\":{\"@id\":\"https:\\\/\\\/biocontact.ci-commerce.com\\\/en\\\/partnermessen2022-2\\\/#primaryimage\"},\"image\":{\"@id\":\"https:\\\/\\\/biocontact.ci-commerce.com\\\/en\\\/partnermessen2022-2\\\/#primaryimage\"},\"thumbnailUrl\":\"https:\\\/\\\/www.biocontact.info\\\/en\\\/wp-content\\\/uploads\\\/sites\\\/2\\\/2021\\\/01\\\/inova_messe.png\",\"datePublished\":\"2021-01-26T09:37:01+00:00\",\"breadcrumb\":{\"@id\":\"https:\\\/\\\/biocontact.ci-commerce.com\\\/en\\\/partnermessen2022-2\\\/#breadcrumb\"},\"inLanguage\":\"en-GB\",\"potentialAction\":[{\"@type\":\"ReadAction\",\"target\":[\"https:\\\/\\\/biocontact.ci-commerce.com\\\/en\\\/partnermessen2022-2\\\/\"]}]},{\"@type\":\"ImageObject\",\"inLanguage\":\"en-GB\",\"@id\":\"https:\\\/\\\/biocontact.ci-commerce.com\\\/en\\\/partnermessen2022-2\\\/#primaryimage\",\"url\":\"https:\\\/\\\/www.biocontact.info\\\/en\\\/wp-content\\\/uploads\\\/sites\\\/2\\\/2021\\\/01\\\/inova_messe.png\",\"contentUrl\":\"https:\\\/\\\/www.biocontact.info\\\/en\\\/wp-content\\\/uploads\\\/sites\\\/2\\\/2021\\\/01\\\/inova_messe.png\",\"width\":989,\"height\":693},{\"@type\":\"BreadcrumbList\",\"@id\":\"https:\\\/\\\/biocontact.ci-commerce.com\\\/en\\\/partnermessen2022-2\\\/#breadcrumb\",\"itemListElement\":[{\"@type\":\"ListItem\",\"position\":1,\"name\":\"Startseite\",\"item\":\"https:\\\/\\\/www.biocontact.info\\\/en\\\/\"},{\"@type\":\"ListItem\",\"position\":2,\"name\":\"Partnermessen 2022\"}]},{\"@type\":\"WebSite\",\"@id\":\"https:\\\/\\\/biocontact.ci-commerce.com\\\/en\\\/#website\",\"url\":\"https:\\\/\\\/biocontact.ci-commerce.com\\\/en\\\/\",\"name\":\"BioContact e.V. (English)\",\"description\":\"We network science and industry\",\"potentialAction\":[{\"@type\":\"SearchAction\",\"target\":{\"@type\":\"EntryPoint\",\"urlTemplate\":\"https:\\\/\\\/biocontact.ci-commerce.com\\\/en\\\/?s={search_term_string}\"},\"query-input\":{\"@type\":\"PropertyValueSpecification\",\"valueRequired\":true,\"valueName\":\"search_term_string\"}}],\"inLanguage\":\"en-GB\"}]}<\/script>\n<!-- \/ Yoast SEO plugin. -->","yoast_head_json":{"title":"Partnermessen 2022 - BioContact e.V. (English)","robots":{"index":"index","follow":"follow","max-snippet":"max-snippet:-1","max-image-preview":"max-image-preview:large","max-video-preview":"max-video-preview:-1"},"canonical":"https:\/\/biocontact.ci-commerce.com\/en\/partnermessen2022-2\/","og_locale":"en_GB","og_type":"article","og_title":"Partnermessen 2022 - BioContact e.V. (English)","og_description":"BioContact e.V. bedankt sich bei allen Partnermessen f\u00fcr die freundliche Unterst\u00fctzung. inovailmenau \u2013 Das Karriereforum f\u00fcr Mitteldeutschland Die inovailmenau hat sich innerhalb der letzten 25 Jahre zum gr\u00f6\u00dften Karriereforum Mitteldeutschlands","og_url":"https:\/\/biocontact.ci-commerce.com\/en\/partnermessen2022-2\/","og_site_name":"BioContact e.V. (English)","og_image":[{"width":989,"height":693,"url":"https:\/\/biocontact.ci-commerce.com\/en\/wp-content\/uploads\/sites\/2\/2021\/01\/inova_messe.png","type":"image\/png"}],"twitter_card":"summary_large_image","twitter_misc":{"Estimated reading time":"1 minute"},"schema":{"@context":"https:\/\/schema.org","@graph":[{"@type":"WebPage","@id":"https:\/\/biocontact.ci-commerce.com\/en\/partnermessen2022-2\/","url":"https:\/\/biocontact.ci-commerce.com\/en\/partnermessen2022-2\/","name":"Partnermessen 2022 - BioContact e.V. (English)","isPartOf":{"@id":"https:\/\/biocontact.ci-commerce.com\/en\/#website"},"primaryImageOfPage":{"@id":"https:\/\/biocontact.ci-commerce.com\/en\/partnermessen2022-2\/#primaryimage"},"image":{"@id":"https:\/\/biocontact.ci-commerce.com\/en\/partnermessen2022-2\/#primaryimage"},"thumbnailUrl":"https:\/\/www.biocontact.info\/en\/wp-content\/uploads\/sites\/2\/2021\/01\/inova_messe.png","datePublished":"2021-01-26T09:37:01+00:00","breadcrumb":{"@id":"https:\/\/biocontact.ci-commerce.com\/en\/partnermessen2022-2\/#breadcrumb"},"inLanguage":"en-GB","potentialAction":[{"@type":"ReadAction","target":["https:\/\/biocontact.ci-commerce.com\/en\/partnermessen2022-2\/"]}]},{"@type":"ImageObject","inLanguage":"en-GB","@id":"https:\/\/biocontact.ci-commerce.com\/en\/partnermessen2022-2\/#primaryimage","url":"https:\/\/www.biocontact.info\/en\/wp-content\/uploads\/sites\/2\/2021\/01\/inova_messe.png","contentUrl":"https:\/\/www.biocontact.info\/en\/wp-content\/uploads\/sites\/2\/2021\/01\/inova_messe.png","width":989,"height":693},{"@type":"BreadcrumbList","@id":"https:\/\/biocontact.ci-commerce.com\/en\/partnermessen2022-2\/#breadcrumb","itemListElement":[{"@type":"ListItem","position":1,"name":"Startseite","item":"https:\/\/www.biocontact.info\/en\/"},{"@type":"ListItem","position":2,"name":"Partnermessen 2022"}]},{"@type":"WebSite","@id":"https:\/\/biocontact.ci-commerce.com\/en\/#website","url":"https:\/\/biocontact.ci-commerce.com\/en\/","name":"BioContact e.V. (English)","description":"We network science and industry","potentialAction":[{"@type":"SearchAction","target":{"@type":"EntryPoint","urlTemplate":"https:\/\/biocontact.ci-commerce.com\/en\/?s={search_term_string}"},"query-input":{"@type":"PropertyValueSpecification","valueRequired":true,"valueName":"search_term_string"}}],"inLanguage":"en-GB"}]}},"_links":{"self":[{"href":"https:\/\/www.biocontact.info\/en\/wp-json\/wp\/v2\/pages\/930","targetHints":{"allow":["GET"]}}],"collection":[{"href":"https:\/\/www.biocontact.info\/en\/wp-json\/wp\/v2\/pages"}],"about":[{"href":"https:\/\/www.biocontact.info\/en\/wp-json\/wp\/v2\/types\/page"}],"author":[{"embeddable":true,"href":"https:\/\/www.biocontact.info\/en\/wp-json\/wp\/v2\/users\/1"}],"replies":[{"embeddable":true,"href":"https:\/\/www.biocontact.info\/en\/wp-json\/wp\/v2\/comments?post=930"}],"version-history":[{"count":0,"href":"https:\/\/www.biocontact.info\/en\/wp-json\/wp\/v2\/pages\/930\/revisions"}],"wp:featuredmedia":[{"embeddable":true,"href":"https:\/\/www.biocontact.info\/en\/wp-json\/wp\/v2\/media\/916"}],"wp:attachment":[{"href":"https:\/\/www.biocontact.info\/en\/wp-json\/wp\/v2\/media?parent=930"}],"curies":[{"name":"wp","href":"https:\/\/api.w.org\/{rel}","templated":true}]}}