{"id":922,"date":"2020-10-21T11:22:12","date_gmt":"2020-10-21T09:22:12","guid":{"rendered":"https:\/\/biocontact.info\/en\/contact-d-fine-3\/"},"modified":"2020-10-21T11:22:12","modified_gmt":"2020-10-21T09:22:12","slug":"contact-d-fine-3","status":"publish","type":"page","link":"https:\/\/www.biocontact.info\/en\/contact-d-fine-3\/","title":{"rendered":"In CONTACT with d-fine"},"content":{"rendered":"<p><strong>In CONTACT with&nbsp;<a href=\"https:\/\/www.d-fine.com\">d-fine<\/a><\/strong><\/p>\r\n\r\n<p>Informationen:<\/p>\r\n\r\n<p>Datum: 29.10.2020<\/p>\r\n\r\n<p>Uhrzeit: 18:00 (\u2013 ~20:00 Uhr)&nbsp;<\/p>\r\n\r\n<p>Ort: Online \u00fcber die Cisco Webex Plattform&nbsp;<\/p>\r\n\r\n<p>Meeting-Kennnummer (Zugriffscode): 163 643 0610<br \/>\r\nMeeting Passwort: Cs46tRaFBu3 (27468723 \u00fcber Telefon- und Videosysteme)<\/p>\r\n\r\n<p>Sprache: Deutsch<\/p>\r\n\r\n<p>Informationen zu den Vortragenden:<\/p>\r\n\r\n<p>&nbsp;&nbsp;&nbsp;&nbsp;&nbsp;&nbsp;&nbsp;&nbsp;&nbsp;Frau Lara K\u00e4mmerer (Consultant)<\/p>\r\n\r\n<p>&nbsp;&nbsp;&nbsp;&nbsp;&nbsp;&nbsp;&nbsp;&nbsp;&nbsp;Herr Dr. Thomas Gorniak (Manager)<\/p>\r\n\r\n<p>&nbsp;<\/p>\r\n\r\n<p>Erfahren Sie im Rahmen von \u201eIn Contact with d-fine\u201c, welche M\u00f6glichkeiten sich f\u00fcr Sie als Absolvent (m\/w\/d) bei d-fine bieten.<\/p>\r\n\r\n<p>d-fine ist ein europ\u00e4isches Beratungsunternehmen mit 1.000 Mitarbeitern, das an sieben Standorten in vier L\u00e4ndern vertreten ist. Im Fokus liegen quantitative Fragestellungen und die Entwicklung nachhaltiger technologischer L\u00f6sungen. Der Beratungsansatz von d-fine basiert auf langj\u00e4hriger Praxiserfahrung und Mitarbeitern mit analytischer und technologischer Pr\u00e4gung. Eine Kombination, die sich durch passgenaue, effiziente und nachhaltige Umsetzungen bei mehr als zweihundert Kunden aus allen Wirtschaftsbereichen bew\u00e4hrt hat.<\/p>\r\n\r\n<p>Lara K\u00e4mmerer und Dr. Thomas Gorniak, die Biochemie und Physik an der Universit\u00e4t Heidelberg studiert haben, berichten, was d-fine unter den Beratungen besonders macht.<\/p>\r\n\r\n<p><img loading=\"lazy\" decoding=\"async\" class=\" size-full wp-image-906\" alt=\"\" src=\"https:\/\/biocontact.ci-commerce.comen\/wp-content\/uploads\/sites\/2\/2020\/10\/d-fine_final.jpg\" style=\"height:422px; width:300px\" width=\"854\" height=\"1203\" srcset=\"https:\/\/www.biocontact.info\/en\/wp-content\/uploads\/sites\/2\/2020\/10\/d-fine_final.jpg 854w, https:\/\/www.biocontact.info\/en\/wp-content\/uploads\/sites\/2\/2020\/10\/d-fine_final-213x300.jpg 213w, https:\/\/www.biocontact.info\/en\/wp-content\/uploads\/sites\/2\/2020\/10\/d-fine_final-727x1024.jpg 727w, https:\/\/www.biocontact.info\/en\/wp-content\/uploads\/sites\/2\/2020\/10\/d-fine_final-768x1082.jpg 768w\" sizes=\"auto, (max-width: 854px) 100vw, 854px\" \/><\/p>\r\n\r\n<p>Wir freuen uns auf Sie!<\/p>\r\n\r\n<p>Ihr BioContact e.V. Team<\/p>\r\n","protected":false},"excerpt":{"rendered":"<p>In CONTACT with&nbsp;d-fine Informationen: Datum: 29.10.2020 Uhrzeit: 18:00 (\u2013 ~20:00 Uhr)&nbsp; Ort: Online \u00fcber die Cisco Webex Plattform&nbsp; Meeting-Kennnummer (Zugriffscode): 163 643 0610 Meeting Passwort: Cs46tRaFBu3 (27468723 \u00fcber Telefon- und<\/p>\n","protected":false},"author":1,"featured_media":906,"parent":0,"menu_order":0,"comment_status":"closed","ping_status":"closed","template":"","meta":{"_eb_attr":"","_breakdance_hide_in_design_set":false,"_breakdance_tags":"","footnotes":""},"class_list":["post-922","page","type-page","status-publish","has-post-thumbnail","hentry"],"yoast_head":"<!-- This site is optimized with the Yoast SEO plugin v27.5 - https:\/\/yoast.com\/product\/yoast-seo-wordpress\/ -->\n<title>In CONTACT with d-fine - BioContact e.V. (English)<\/title>\n<meta name=\"robots\" content=\"index, follow, max-snippet:-1, max-image-preview:large, max-video-preview:-1\" \/>\n<link rel=\"canonical\" href=\"https:\/\/biocontact.ci-commerce.com\/en\/contact-d-fine-3\/\" \/>\n<meta property=\"og:locale\" content=\"en_GB\" \/>\n<meta property=\"og:type\" content=\"article\" \/>\n<meta property=\"og:title\" content=\"In CONTACT with d-fine - BioContact e.V. (English)\" \/>\n<meta property=\"og:description\" content=\"In CONTACT with&nbsp;d-fine Informationen: Datum: 29.10.2020 Uhrzeit: 18:00 (\u2013 ~20:00 Uhr)&nbsp; Ort: Online \u00fcber die Cisco Webex Plattform&nbsp; Meeting-Kennnummer (Zugriffscode): 163 643 0610 Meeting Passwort: Cs46tRaFBu3 (27468723 \u00fcber Telefon- und\" \/>\n<meta property=\"og:url\" content=\"https:\/\/biocontact.ci-commerce.com\/en\/contact-d-fine-3\/\" \/>\n<meta property=\"og:site_name\" content=\"BioContact e.V. (English)\" \/>\n<meta property=\"og:image\" content=\"https:\/\/biocontact.ci-commerce.com\/en\/wp-content\/uploads\/sites\/2\/2020\/10\/d-fine_final.jpg\" \/>\n\t<meta property=\"og:image:width\" content=\"854\" \/>\n\t<meta property=\"og:image:height\" content=\"1203\" \/>\n\t<meta property=\"og:image:type\" content=\"image\/jpeg\" \/>\n<meta name=\"twitter:card\" content=\"summary_large_image\" \/>\n<meta name=\"twitter:label1\" content=\"Estimated reading time\" \/>\n\t<meta name=\"twitter:data1\" content=\"1 minute\" \/>\n<script type=\"application\/ld+json\" class=\"yoast-schema-graph\">{\"@context\":\"https:\\\/\\\/schema.org\",\"@graph\":[{\"@type\":\"WebPage\",\"@id\":\"https:\\\/\\\/biocontact.ci-commerce.com\\\/en\\\/contact-d-fine-3\\\/\",\"url\":\"https:\\\/\\\/biocontact.ci-commerce.com\\\/en\\\/contact-d-fine-3\\\/\",\"name\":\"In CONTACT with d-fine - BioContact e.V. (English)\",\"isPartOf\":{\"@id\":\"https:\\\/\\\/biocontact.ci-commerce.com\\\/en\\\/#website\"},\"primaryImageOfPage\":{\"@id\":\"https:\\\/\\\/biocontact.ci-commerce.com\\\/en\\\/contact-d-fine-3\\\/#primaryimage\"},\"image\":{\"@id\":\"https:\\\/\\\/biocontact.ci-commerce.com\\\/en\\\/contact-d-fine-3\\\/#primaryimage\"},\"thumbnailUrl\":\"https:\\\/\\\/www.biocontact.info\\\/en\\\/wp-content\\\/uploads\\\/sites\\\/2\\\/2020\\\/10\\\/d-fine_final.jpg\",\"datePublished\":\"2020-10-21T09:22:12+00:00\",\"breadcrumb\":{\"@id\":\"https:\\\/\\\/biocontact.ci-commerce.com\\\/en\\\/contact-d-fine-3\\\/#breadcrumb\"},\"inLanguage\":\"en-GB\",\"potentialAction\":[{\"@type\":\"ReadAction\",\"target\":[\"https:\\\/\\\/biocontact.ci-commerce.com\\\/en\\\/contact-d-fine-3\\\/\"]}]},{\"@type\":\"ImageObject\",\"inLanguage\":\"en-GB\",\"@id\":\"https:\\\/\\\/biocontact.ci-commerce.com\\\/en\\\/contact-d-fine-3\\\/#primaryimage\",\"url\":\"https:\\\/\\\/www.biocontact.info\\\/en\\\/wp-content\\\/uploads\\\/sites\\\/2\\\/2020\\\/10\\\/d-fine_final.jpg\",\"contentUrl\":\"https:\\\/\\\/www.biocontact.info\\\/en\\\/wp-content\\\/uploads\\\/sites\\\/2\\\/2020\\\/10\\\/d-fine_final.jpg\",\"width\":854,\"height\":1203},{\"@type\":\"BreadcrumbList\",\"@id\":\"https:\\\/\\\/biocontact.ci-commerce.com\\\/en\\\/contact-d-fine-3\\\/#breadcrumb\",\"itemListElement\":[{\"@type\":\"ListItem\",\"position\":1,\"name\":\"Startseite\",\"item\":\"https:\\\/\\\/www.biocontact.info\\\/en\\\/\"},{\"@type\":\"ListItem\",\"position\":2,\"name\":\"In CONTACT with d-fine\"}]},{\"@type\":\"WebSite\",\"@id\":\"https:\\\/\\\/biocontact.ci-commerce.com\\\/en\\\/#website\",\"url\":\"https:\\\/\\\/biocontact.ci-commerce.com\\\/en\\\/\",\"name\":\"BioContact e.V. (English)\",\"description\":\"We network science and industry\",\"potentialAction\":[{\"@type\":\"SearchAction\",\"target\":{\"@type\":\"EntryPoint\",\"urlTemplate\":\"https:\\\/\\\/biocontact.ci-commerce.com\\\/en\\\/?s={search_term_string}\"},\"query-input\":{\"@type\":\"PropertyValueSpecification\",\"valueRequired\":true,\"valueName\":\"search_term_string\"}}],\"inLanguage\":\"en-GB\"}]}<\/script>\n<!-- \/ Yoast SEO plugin. -->","yoast_head_json":{"title":"In CONTACT with d-fine - BioContact e.V. (English)","robots":{"index":"index","follow":"follow","max-snippet":"max-snippet:-1","max-image-preview":"max-image-preview:large","max-video-preview":"max-video-preview:-1"},"canonical":"https:\/\/biocontact.ci-commerce.com\/en\/contact-d-fine-3\/","og_locale":"en_GB","og_type":"article","og_title":"In CONTACT with d-fine - BioContact e.V. (English)","og_description":"In CONTACT with&nbsp;d-fine Informationen: Datum: 29.10.2020 Uhrzeit: 18:00 (\u2013 ~20:00 Uhr)&nbsp; Ort: Online \u00fcber die Cisco Webex Plattform&nbsp; Meeting-Kennnummer (Zugriffscode): 163 643 0610 Meeting Passwort: Cs46tRaFBu3 (27468723 \u00fcber Telefon- und","og_url":"https:\/\/biocontact.ci-commerce.com\/en\/contact-d-fine-3\/","og_site_name":"BioContact e.V. (English)","og_image":[{"width":854,"height":1203,"url":"https:\/\/biocontact.ci-commerce.com\/en\/wp-content\/uploads\/sites\/2\/2020\/10\/d-fine_final.jpg","type":"image\/jpeg"}],"twitter_card":"summary_large_image","twitter_misc":{"Estimated reading time":"1 minute"},"schema":{"@context":"https:\/\/schema.org","@graph":[{"@type":"WebPage","@id":"https:\/\/biocontact.ci-commerce.com\/en\/contact-d-fine-3\/","url":"https:\/\/biocontact.ci-commerce.com\/en\/contact-d-fine-3\/","name":"In CONTACT with d-fine - BioContact e.V. (English)","isPartOf":{"@id":"https:\/\/biocontact.ci-commerce.com\/en\/#website"},"primaryImageOfPage":{"@id":"https:\/\/biocontact.ci-commerce.com\/en\/contact-d-fine-3\/#primaryimage"},"image":{"@id":"https:\/\/biocontact.ci-commerce.com\/en\/contact-d-fine-3\/#primaryimage"},"thumbnailUrl":"https:\/\/www.biocontact.info\/en\/wp-content\/uploads\/sites\/2\/2020\/10\/d-fine_final.jpg","datePublished":"2020-10-21T09:22:12+00:00","breadcrumb":{"@id":"https:\/\/biocontact.ci-commerce.com\/en\/contact-d-fine-3\/#breadcrumb"},"inLanguage":"en-GB","potentialAction":[{"@type":"ReadAction","target":["https:\/\/biocontact.ci-commerce.com\/en\/contact-d-fine-3\/"]}]},{"@type":"ImageObject","inLanguage":"en-GB","@id":"https:\/\/biocontact.ci-commerce.com\/en\/contact-d-fine-3\/#primaryimage","url":"https:\/\/www.biocontact.info\/en\/wp-content\/uploads\/sites\/2\/2020\/10\/d-fine_final.jpg","contentUrl":"https:\/\/www.biocontact.info\/en\/wp-content\/uploads\/sites\/2\/2020\/10\/d-fine_final.jpg","width":854,"height":1203},{"@type":"BreadcrumbList","@id":"https:\/\/biocontact.ci-commerce.com\/en\/contact-d-fine-3\/#breadcrumb","itemListElement":[{"@type":"ListItem","position":1,"name":"Startseite","item":"https:\/\/www.biocontact.info\/en\/"},{"@type":"ListItem","position":2,"name":"In CONTACT with d-fine"}]},{"@type":"WebSite","@id":"https:\/\/biocontact.ci-commerce.com\/en\/#website","url":"https:\/\/biocontact.ci-commerce.com\/en\/","name":"BioContact e.V. (English)","description":"We network science and industry","potentialAction":[{"@type":"SearchAction","target":{"@type":"EntryPoint","urlTemplate":"https:\/\/biocontact.ci-commerce.com\/en\/?s={search_term_string}"},"query-input":{"@type":"PropertyValueSpecification","valueRequired":true,"valueName":"search_term_string"}}],"inLanguage":"en-GB"}]}},"_links":{"self":[{"href":"https:\/\/www.biocontact.info\/en\/wp-json\/wp\/v2\/pages\/922","targetHints":{"allow":["GET"]}}],"collection":[{"href":"https:\/\/www.biocontact.info\/en\/wp-json\/wp\/v2\/pages"}],"about":[{"href":"https:\/\/www.biocontact.info\/en\/wp-json\/wp\/v2\/types\/page"}],"author":[{"embeddable":true,"href":"https:\/\/www.biocontact.info\/en\/wp-json\/wp\/v2\/users\/1"}],"replies":[{"embeddable":true,"href":"https:\/\/www.biocontact.info\/en\/wp-json\/wp\/v2\/comments?post=922"}],"version-history":[{"count":0,"href":"https:\/\/www.biocontact.info\/en\/wp-json\/wp\/v2\/pages\/922\/revisions"}],"wp:featuredmedia":[{"embeddable":true,"href":"https:\/\/www.biocontact.info\/en\/wp-json\/wp\/v2\/media\/906"}],"wp:attachment":[{"href":"https:\/\/www.biocontact.info\/en\/wp-json\/wp\/v2\/media?parent=922"}],"curies":[{"name":"wp","href":"https:\/\/api.w.org\/{rel}","templated":true}]}}