{"id":866,"date":"2019-08-30T14:05:26","date_gmt":"2019-08-30T12:05:26","guid":{"rendered":"https:\/\/biocontact.info\/en\/registration-contact2022\/"},"modified":"2019-08-30T14:05:26","modified_gmt":"2019-08-30T12:05:26","slug":"registration-contact2022","status":"publish","type":"page","link":"https:\/\/www.biocontact.info\/en\/registration-contact2022\/","title":{"rendered":"Registrierung CONTACT2022"},"content":{"rendered":"<p><strong>Registrieren Sie sich jetzt f\u00fcr die CONTACT2022 am 04.05.2022. <\/strong><\/p>\r\n\r\n<p>Da wir uns wegen der Pandemie immer noch einschr\u00e4nken m\u00fcssen, wird die CONTACT2022 unter <strong>3G -Regelungen mit FFP2-Maske<\/strong> stattfinden. Wir bitten Sie daher, ein Impf- oder Genesenen-Nachweis und Ihren Personalausweis mitzubringen. Aus diesen Gr\u00fcnden wird der Zutritt zur Messe mit Hilfe eines Slot-Systems geregelt. Zuerst wird eine allgemeine Registrierung f\u00fcr die Messe stattfinden. Die Besucherzeiten werden vor Messestart ver\u00f6ffentlicht, sobald wir mehr \u00fcber die maximale Anzahl an BesucherInnen wissen. Die Registrierung f\u00fcr das begleitende Programm der CONTACT2022 ist unabh\u00e4ngig von der Messeregistrierung m\u00f6glich.<\/p>\r\n\r\n<p>Die Registrierung erfolgt \u00fcber diesen Link<strong>&nbsp;<a href=\"https:\/\/indico.dkfz.de\/event\/502\/overview\">https:\/\/indico.dkfz.de\/event\/502\/overview<\/a><\/strong><\/p>\r\n\r\n<p>&nbsp;<\/p>\r\n\r\n<p>F\u00fcr weitere Fragen, kontaktieren Sie uns einfach \u00fcber <a href=\"mailto:info@biocontact.info\">info@biocontact.info<\/a>.<\/p>\r\n","protected":false},"excerpt":{"rendered":"<p>Registrieren Sie sich jetzt f\u00fcr die CONTACT2022 am 04.05.2022. Da wir uns wegen der Pandemie immer noch einschr\u00e4nken m\u00fcssen, wird die CONTACT2022 unter 3G -Regelungen mit FFP2-Maske stattfinden. Wir bitten<\/p>\n","protected":false},"author":1,"featured_media":0,"parent":0,"menu_order":0,"comment_status":"closed","ping_status":"closed","template":"","meta":{"_eb_attr":"","_breakdance_hide_in_design_set":false,"_breakdance_tags":"","footnotes":""},"class_list":["post-866","page","type-page","status-publish","hentry"],"yoast_head":"<!-- This site is optimized with the Yoast SEO plugin v27.4 - https:\/\/yoast.com\/product\/yoast-seo-wordpress\/ -->\n<title>Registrierung CONTACT2022 - BioContact e.V. (English)<\/title>\n<meta name=\"robots\" content=\"index, follow, max-snippet:-1, max-image-preview:large, max-video-preview:-1\" \/>\n<link rel=\"canonical\" href=\"https:\/\/biocontact.ci-commerce.com\/en\/registration-contact2022\/\" \/>\n<meta property=\"og:locale\" content=\"en_GB\" \/>\n<meta property=\"og:type\" content=\"article\" \/>\n<meta property=\"og:title\" content=\"Registrierung CONTACT2022 - BioContact e.V. (English)\" \/>\n<meta property=\"og:description\" content=\"Registrieren Sie sich jetzt f\u00fcr die CONTACT2022 am 04.05.2022. Da wir uns wegen der Pandemie immer noch einschr\u00e4nken m\u00fcssen, wird die CONTACT2022 unter 3G -Regelungen mit FFP2-Maske stattfinden. Wir bitten\" \/>\n<meta property=\"og:url\" content=\"https:\/\/biocontact.ci-commerce.com\/en\/registration-contact2022\/\" \/>\n<meta property=\"og:site_name\" content=\"BioContact e.V. (English)\" \/>\n<meta name=\"twitter:card\" content=\"summary_large_image\" \/>\n<meta name=\"twitter:label1\" content=\"Estimated reading time\" \/>\n\t<meta name=\"twitter:data1\" content=\"1 minute\" \/>\n<script type=\"application\/ld+json\" class=\"yoast-schema-graph\">{\"@context\":\"https:\\\/\\\/schema.org\",\"@graph\":[{\"@type\":\"WebPage\",\"@id\":\"https:\\\/\\\/biocontact.ci-commerce.com\\\/en\\\/registration-contact2022\\\/\",\"url\":\"https:\\\/\\\/biocontact.ci-commerce.com\\\/en\\\/registration-contact2022\\\/\",\"name\":\"Registrierung CONTACT2022 - BioContact e.V. (English)\",\"isPartOf\":{\"@id\":\"https:\\\/\\\/biocontact.ci-commerce.com\\\/en\\\/#website\"},\"datePublished\":\"2019-08-30T12:05:26+00:00\",\"breadcrumb\":{\"@id\":\"https:\\\/\\\/biocontact.ci-commerce.com\\\/en\\\/registration-contact2022\\\/#breadcrumb\"},\"inLanguage\":\"en-GB\",\"potentialAction\":[{\"@type\":\"ReadAction\",\"target\":[\"https:\\\/\\\/biocontact.ci-commerce.com\\\/en\\\/registration-contact2022\\\/\"]}]},{\"@type\":\"BreadcrumbList\",\"@id\":\"https:\\\/\\\/biocontact.ci-commerce.com\\\/en\\\/registration-contact2022\\\/#breadcrumb\",\"itemListElement\":[{\"@type\":\"ListItem\",\"position\":1,\"name\":\"Startseite\",\"item\":\"https:\\\/\\\/www.biocontact.info\\\/en\\\/\"},{\"@type\":\"ListItem\",\"position\":2,\"name\":\"Registrierung CONTACT2022\"}]},{\"@type\":\"WebSite\",\"@id\":\"https:\\\/\\\/biocontact.ci-commerce.com\\\/en\\\/#website\",\"url\":\"https:\\\/\\\/biocontact.ci-commerce.com\\\/en\\\/\",\"name\":\"BioContact e.V. (English)\",\"description\":\"We network science and industry\",\"potentialAction\":[{\"@type\":\"SearchAction\",\"target\":{\"@type\":\"EntryPoint\",\"urlTemplate\":\"https:\\\/\\\/biocontact.ci-commerce.com\\\/en\\\/?s={search_term_string}\"},\"query-input\":{\"@type\":\"PropertyValueSpecification\",\"valueRequired\":true,\"valueName\":\"search_term_string\"}}],\"inLanguage\":\"en-GB\"}]}<\/script>\n<!-- \/ Yoast SEO plugin. -->","yoast_head_json":{"title":"Registrierung CONTACT2022 - BioContact e.V. (English)","robots":{"index":"index","follow":"follow","max-snippet":"max-snippet:-1","max-image-preview":"max-image-preview:large","max-video-preview":"max-video-preview:-1"},"canonical":"https:\/\/biocontact.ci-commerce.com\/en\/registration-contact2022\/","og_locale":"en_GB","og_type":"article","og_title":"Registrierung CONTACT2022 - BioContact e.V. (English)","og_description":"Registrieren Sie sich jetzt f\u00fcr die CONTACT2022 am 04.05.2022. Da wir uns wegen der Pandemie immer noch einschr\u00e4nken m\u00fcssen, wird die CONTACT2022 unter 3G -Regelungen mit FFP2-Maske stattfinden. Wir bitten","og_url":"https:\/\/biocontact.ci-commerce.com\/en\/registration-contact2022\/","og_site_name":"BioContact e.V. (English)","twitter_card":"summary_large_image","twitter_misc":{"Estimated reading time":"1 minute"},"schema":{"@context":"https:\/\/schema.org","@graph":[{"@type":"WebPage","@id":"https:\/\/biocontact.ci-commerce.com\/en\/registration-contact2022\/","url":"https:\/\/biocontact.ci-commerce.com\/en\/registration-contact2022\/","name":"Registrierung CONTACT2022 - BioContact e.V. (English)","isPartOf":{"@id":"https:\/\/biocontact.ci-commerce.com\/en\/#website"},"datePublished":"2019-08-30T12:05:26+00:00","breadcrumb":{"@id":"https:\/\/biocontact.ci-commerce.com\/en\/registration-contact2022\/#breadcrumb"},"inLanguage":"en-GB","potentialAction":[{"@type":"ReadAction","target":["https:\/\/biocontact.ci-commerce.com\/en\/registration-contact2022\/"]}]},{"@type":"BreadcrumbList","@id":"https:\/\/biocontact.ci-commerce.com\/en\/registration-contact2022\/#breadcrumb","itemListElement":[{"@type":"ListItem","position":1,"name":"Startseite","item":"https:\/\/www.biocontact.info\/en\/"},{"@type":"ListItem","position":2,"name":"Registrierung CONTACT2022"}]},{"@type":"WebSite","@id":"https:\/\/biocontact.ci-commerce.com\/en\/#website","url":"https:\/\/biocontact.ci-commerce.com\/en\/","name":"BioContact e.V. (English)","description":"We network science and industry","potentialAction":[{"@type":"SearchAction","target":{"@type":"EntryPoint","urlTemplate":"https:\/\/biocontact.ci-commerce.com\/en\/?s={search_term_string}"},"query-input":{"@type":"PropertyValueSpecification","valueRequired":true,"valueName":"search_term_string"}}],"inLanguage":"en-GB"}]}},"_links":{"self":[{"href":"https:\/\/www.biocontact.info\/en\/wp-json\/wp\/v2\/pages\/866","targetHints":{"allow":["GET"]}}],"collection":[{"href":"https:\/\/www.biocontact.info\/en\/wp-json\/wp\/v2\/pages"}],"about":[{"href":"https:\/\/www.biocontact.info\/en\/wp-json\/wp\/v2\/types\/page"}],"author":[{"embeddable":true,"href":"https:\/\/www.biocontact.info\/en\/wp-json\/wp\/v2\/users\/1"}],"replies":[{"embeddable":true,"href":"https:\/\/www.biocontact.info\/en\/wp-json\/wp\/v2\/comments?post=866"}],"version-history":[{"count":0,"href":"https:\/\/www.biocontact.info\/en\/wp-json\/wp\/v2\/pages\/866\/revisions"}],"wp:attachment":[{"href":"https:\/\/www.biocontact.info\/en\/wp-json\/wp\/v2\/media?parent=866"}],"curies":[{"name":"wp","href":"https:\/\/api.w.org\/{rel}","templated":true}]}}