{"id":836,"date":"2019-02-24T11:38:56","date_gmt":"2019-02-24T10:38:56","guid":{"rendered":"https:\/\/biocontact.info\/en\/workshops\/"},"modified":"2019-02-24T11:38:56","modified_gmt":"2019-02-24T10:38:56","slug":"workshops","status":"publish","type":"page","link":"https:\/\/www.biocontact.info\/en\/workshops\/","title":{"rendered":"Workshops"},"content":{"rendered":"<p>Um Sie bei der optimalen Vorbereitung auf den Bewerbungsprozess zu unterst\u00fctzen, werden auf der CONTACT2022 verschiedene Workshops rund um die Themen Karriereplanung, Berufseinstieg und Bewerbungsprozess angeboten. Zus\u00e4tzlich werden auch vorab zwei Messevorbereitungskurse angeboten.<\/p>\r\n\r\n<p>Die Workshops finden in kleinen Gruppen in entspannter Atmosph\u00e4re statt und sind f\u00fcr alle Teilnehmer kostenfrei.<\/p>\r\n\r\n<p>Da wir ein effizientes Training gew\u00e4hrleisten m\u00f6chten, ist die Teilnehmerzahl begrenzt. Die Pl\u00e4tze werden bereits im Vorfeld online vergeben und am Messetag ist nur noch die Buchung von Restpl\u00e4tzen m\u00f6glich. Da die Pl\u00e4tze erfahrungsgem\u00e4\u00df sehr schnell ausgebucht sind, ist eine fr\u00fche Anmeldung&nbsp; empfehlenswert.<\/p>\r\n\r\n<p><strong>Bitte beachten Sie, dass jeder Messebesucher an maximal einem Workshop &nbsp;teilnehmen kann.<\/strong><\/p>\r\n\r\n<p>Weitere Infos erhalten Sie unter <strong>workshops [at] biocontact.info<\/strong><\/p>\r\n\r\n<p>Das Workshopprogramm finden sie <a href=\"https:\/\/biocontact.ci-commerce.comen\/wp-content\/uploads\/sites\/2\/2019\/02\/seite-anhang_contact2022_katalog_workshops2.pdf\">hier als PDF-Datei zum Herunterladen<\/a>.<\/p>\r\n\r\n<p>Die <strong>Messevorbereitungskurse<\/strong> sind ab dem <strong>13.04.2022<\/strong> zur Registrierung offen.<\/p>\r\n\r\n<h2><strong><a href=\"https:\/\/indico.dkfz.de\/e\/contact22_ws\">Registriert euch hier!<\/a><\/strong><\/h2>\r\n\r\n<table border=\"1\" cellpadding=\"1\" cellspacing=\"1\" style=\"text-align:left; width:700px\">\r\n\t<thead>\r\n\t\t<tr>\r\n\t\t\t<th scope=\"col\">Titel des Workshops<\/th>\r\n\t\t\t<th scope=\"col\">Sprache<\/th>\r\n\t\t\t<th scope=\"col\">Veranstalter<\/th>\r\n\t\t<\/tr>\r\n\t<\/thead>\r\n\t<tbody>\r\n\t\t<tr>\r\n\t\t\t<td>Entrepreneurship for Starters<\/td>\r\n\t\t\t<td><img loading=\"lazy\" decoding=\"async\" class=\" size-full wp-image-780\" alt=\"\" src=\"https:\/\/biocontact.ci-commerce.comen\/wp-content\/uploads\/sites\/2\/2018\/10\/pictures_Vereinslogos_100px-flag_of_the_united_kingdom.png\" style=\"height:25px; width:50px\" width=\"100\" height=\"50\" \/><\/td>\r\n\t\t\t<td style=\"text-align:center; vertical-align:middle\"><img loading=\"lazy\" decoding=\"async\" class=\" size-full wp-image-829\" alt=\"\" src=\"https:\/\/biocontact.ci-commerce.comen\/wp-content\/uploads\/sites\/2\/2019\/02\/2022_Firmenlogos_logo_heiinnovation_4c_im_verbund.jpg\" style=\"height:50px; width:150px\" width=\"709\" height=\"236\" srcset=\"https:\/\/www.biocontact.info\/en\/wp-content\/uploads\/sites\/2\/2019\/02\/2022_Firmenlogos_logo_heiinnovation_4c_im_verbund.jpg 709w, https:\/\/www.biocontact.info\/en\/wp-content\/uploads\/sites\/2\/2019\/02\/2022_Firmenlogos_logo_heiinnovation_4c_im_verbund-300x100.jpg 300w\" sizes=\"auto, (max-width: 709px) 100vw, 709px\" \/><\/td>\r\n\t\t<\/tr>\r\n\t\t<tr>\r\n\t\t\t<td>\r\n\t\t\t<p>Gehaltsverhandlung zum Berufseinstieg - Wie verdiene ich mehr Geld?<\/p>\r\n\t\t\t<\/td>\r\n\t\t\t<td><img loading=\"lazy\" decoding=\"async\" class=\" size-full wp-image-781\" alt=\"\" src=\"https:\/\/biocontact.ci-commerce.comen\/wp-content\/uploads\/sites\/2\/2018\/10\/pictures_Vereinslogos_100px-flag_of_germany.png\" style=\"height:30px; width:50px\" width=\"100\" height=\"60\" \/><\/td>\r\n\t\t\t<td style=\"text-align:center; vertical-align:middle\"><img loading=\"lazy\" decoding=\"async\" class=\" size-full wp-image-744\" alt=\"\" src=\"https:\/\/biocontact.ci-commerce.comen\/wp-content\/uploads\/sites\/2\/2018\/03\/pictures_Firmenlogos_744px-mlp-logo.svg_.png\" style=\"height:31px; width:100px\" width=\"744\" height=\"229\" srcset=\"https:\/\/www.biocontact.info\/en\/wp-content\/uploads\/sites\/2\/2018\/03\/pictures_Firmenlogos_744px-mlp-logo.svg_.png 744w, https:\/\/www.biocontact.info\/en\/wp-content\/uploads\/sites\/2\/2018\/03\/pictures_Firmenlogos_744px-mlp-logo.svg_-300x92.png 300w\" sizes=\"auto, (max-width: 744px) 100vw, 744px\" \/><\/td>\r\n\t\t<\/tr>\r\n\t\t<tr>\r\n\t\t<\/tr>\r\n\t\t<tr>\r\n\t\t\t<td>\r\n\t\t\t<p>Professionelles Bewerben. Tods\u00fcnden und Tugenden<\/p>\r\n\t\t\t<\/td>\r\n\t\t\t<td><img loading=\"lazy\" decoding=\"async\" class=\" size-full wp-image-781\" alt=\"\" src=\"https:\/\/biocontact.ci-commerce.comen\/wp-content\/uploads\/sites\/2\/2018\/10\/pictures_Vereinslogos_100px-flag_of_germany.png\" style=\"height:30px; width:50px\" width=\"100\" height=\"60\" \/><\/td>\r\n\t\t\t<td style=\"text-align:center; vertical-align:middle\"><img loading=\"lazy\" decoding=\"async\" class=\" size-full wp-image-744\" alt=\"\" src=\"https:\/\/biocontact.ci-commerce.comen\/wp-content\/uploads\/sites\/2\/2018\/03\/pictures_Firmenlogos_744px-mlp-logo.svg_.png\" style=\"height:31px; width:100px\" width=\"744\" height=\"229\" srcset=\"https:\/\/www.biocontact.info\/en\/wp-content\/uploads\/sites\/2\/2018\/03\/pictures_Firmenlogos_744px-mlp-logo.svg_.png 744w, https:\/\/www.biocontact.info\/en\/wp-content\/uploads\/sites\/2\/2018\/03\/pictures_Firmenlogos_744px-mlp-logo.svg_-300x92.png 300w\" sizes=\"auto, (max-width: 744px) 100vw, 744px\" \/><\/td>\r\n\t\t<\/tr>\r\n\t\t<tr>\r\n\t\t\t<td>Eine E-Health-Fallstudie<\/td>\r\n\t\t\t<td><img loading=\"lazy\" decoding=\"async\" class=\" size-full wp-image-781\" alt=\"\" src=\"https:\/\/biocontact.ci-commerce.comen\/wp-content\/uploads\/sites\/2\/2018\/10\/pictures_Vereinslogos_100px-flag_of_germany.png\" style=\"height:25px; width:50px\" width=\"100\" height=\"60\" \/><\/td>\r\n\t\t\t<td style=\"text-align:center; vertical-align:middle\"><img loading=\"lazy\" decoding=\"async\" class=\" size-full wp-image-830\" alt=\"\" src=\"https:\/\/biocontact.ci-commerce.comen\/wp-content\/uploads\/sites\/2\/2019\/02\/2022_Firmenlogos_ghg_mediteo_logo.jpg\" style=\"height:75px; width:100px\" width=\"1890\" height=\"1417\" srcset=\"https:\/\/www.biocontact.info\/en\/wp-content\/uploads\/sites\/2\/2019\/02\/2022_Firmenlogos_ghg_mediteo_logo.jpg 1890w, https:\/\/www.biocontact.info\/en\/wp-content\/uploads\/sites\/2\/2019\/02\/2022_Firmenlogos_ghg_mediteo_logo-300x225.jpg 300w, https:\/\/www.biocontact.info\/en\/wp-content\/uploads\/sites\/2\/2019\/02\/2022_Firmenlogos_ghg_mediteo_logo-1024x768.jpg 1024w, https:\/\/www.biocontact.info\/en\/wp-content\/uploads\/sites\/2\/2019\/02\/2022_Firmenlogos_ghg_mediteo_logo-768x576.jpg 768w, https:\/\/www.biocontact.info\/en\/wp-content\/uploads\/sites\/2\/2019\/02\/2022_Firmenlogos_ghg_mediteo_logo-1536x1152.jpg 1536w, https:\/\/www.biocontact.info\/en\/wp-content\/uploads\/sites\/2\/2019\/02\/2022_Firmenlogos_ghg_mediteo_logo-1600x1200.jpg 1600w\" sizes=\"auto, (max-width: 1890px) 100vw, 1890px\" \/><\/td>\r\n\t\t<\/tr>\r\n\t\t<tr>\r\n\t\t\t<td>How to Impress at an Interview<\/td>\r\n\t\t\t<td><img loading=\"lazy\" decoding=\"async\" class=\" size-full wp-image-780\" alt=\"Die Macht der Sprache: Kommunikationsstraining f\u00fcr den erfolgreichen Berufseinstieg\" src=\"https:\/\/biocontact.ci-commerce.comen\/wp-content\/uploads\/sites\/2\/2018\/10\/pictures_Vereinslogos_100px-flag_of_the_united_kingdom.png\" style=\"height:30px; width:50px\" width=\"100\" height=\"50\" \/><\/td>\r\n\t\t\t<td style=\"text-align:center; vertical-align:middle\"><img loading=\"lazy\" decoding=\"async\" class=\" size-full wp-image-831\" alt=\"\" src=\"https:\/\/biocontact.ci-commerce.comen\/wp-content\/uploads\/sites\/2\/2019\/02\/2022_Firmenlogos_novonordisk_logo.jpg\" style=\"height:71px; width:100px\" width=\"2000\" height=\"1421\" srcset=\"https:\/\/www.biocontact.info\/en\/wp-content\/uploads\/sites\/2\/2019\/02\/2022_Firmenlogos_novonordisk_logo.jpg 2000w, https:\/\/www.biocontact.info\/en\/wp-content\/uploads\/sites\/2\/2019\/02\/2022_Firmenlogos_novonordisk_logo-300x213.jpg 300w, https:\/\/www.biocontact.info\/en\/wp-content\/uploads\/sites\/2\/2019\/02\/2022_Firmenlogos_novonordisk_logo-1024x728.jpg 1024w, https:\/\/www.biocontact.info\/en\/wp-content\/uploads\/sites\/2\/2019\/02\/2022_Firmenlogos_novonordisk_logo-768x546.jpg 768w, https:\/\/www.biocontact.info\/en\/wp-content\/uploads\/sites\/2\/2019\/02\/2022_Firmenlogos_novonordisk_logo-1536x1091.jpg 1536w, https:\/\/www.biocontact.info\/en\/wp-content\/uploads\/sites\/2\/2019\/02\/2022_Firmenlogos_novonordisk_logo-1600x1137.jpg 1600w\" sizes=\"auto, (max-width: 2000px) 100vw, 2000px\" \/><\/td>\r\n\t\t<\/tr>\r\n\t\t<tr>\r\n\t\t\t<td>\r\n\t\t\t<p>Personal Branding &amp; Networking in Social Media Networking with(out) LinkedIn<\/p>\r\n\t\t\t<\/td>\r\n\t\t\t<td><img loading=\"lazy\" decoding=\"async\" class=\" size-full wp-image-780\" alt=\"\" src=\"https:\/\/biocontact.ci-commerce.comen\/wp-content\/uploads\/sites\/2\/2018\/10\/pictures_Vereinslogos_100px-flag_of_the_united_kingdom.png\" style=\"height:30px; width:50px\" width=\"100\" height=\"50\" \/><\/td>\r\n\t\t\t<td style=\"text-align:center; vertical-align:middle\">\r\n\t\t\t<p><img loading=\"lazy\" decoding=\"async\" class=\" size-full wp-image-750\" alt=\"\" src=\"https:\/\/biocontact.ci-commerce.comen\/wp-content\/uploads\/sites\/2\/2018\/03\/pictures_Firmenlogos2021_dkfz_logo_cmyk_0.jpg\" style=\"height:61px; width:100px\" width=\"630\" height=\"384\" srcset=\"https:\/\/www.biocontact.info\/en\/wp-content\/uploads\/sites\/2\/2018\/03\/pictures_Firmenlogos2021_dkfz_logo_cmyk_0.jpg 630w, https:\/\/www.biocontact.info\/en\/wp-content\/uploads\/sites\/2\/2018\/03\/pictures_Firmenlogos2021_dkfz_logo_cmyk_0-300x183.jpg 300w\" sizes=\"auto, (max-width: 630px) 100vw, 630px\" \/><\/p>\r\n\t\t\t<\/td>\r\n\t\t<\/tr>\r\n\t\t<tr>\r\n\t\t\t<td>Erfolgsgeheimnisse der Bewerbung<\/td>\r\n\t\t\t<td><img loading=\"lazy\" decoding=\"async\" class=\" size-full wp-image-781\" alt=\"\" src=\"https:\/\/biocontact.ci-commerce.comen\/wp-content\/uploads\/sites\/2\/2018\/10\/pictures_Vereinslogos_100px-flag_of_germany.png\" style=\"height:30px; width:50px\" width=\"100\" height=\"60\" \/><\/td>\r\n\t\t\t<td style=\"text-align:center; vertical-align:middle\">\r\n\t\t\t<p><img loading=\"lazy\" decoding=\"async\" class=\" size-full wp-image-748\" alt=\"\" src=\"https:\/\/biocontact.ci-commerce.comen\/wp-content\/uploads\/sites\/2\/2018\/03\/pictures_Firmenlogos_asi_logo.png\" style=\"height:55px; width:100px\" width=\"650\" height=\"356\" srcset=\"https:\/\/www.biocontact.info\/en\/wp-content\/uploads\/sites\/2\/2018\/03\/pictures_Firmenlogos_asi_logo.png 650w, https:\/\/www.biocontact.info\/en\/wp-content\/uploads\/sites\/2\/2018\/03\/pictures_Firmenlogos_asi_logo-300x164.png 300w\" sizes=\"auto, (max-width: 650px) 100vw, 650px\" \/><\/p>\r\n\t\t\t<\/td>\r\n\t\t<\/tr>\r\n\t\t<tr>\r\n\t\t\t<td>\r\n\t\t\t<p>Predicting Heart Failure Outcomes - Supporting physicians with Machine Learning algorithms<\/p>\r\n\t\t\t<\/td>\r\n\t\t\t<td><img loading=\"lazy\" decoding=\"async\" class=\" size-full wp-image-780\" alt=\"\" src=\"https:\/\/biocontact.ci-commerce.comen\/wp-content\/uploads\/sites\/2\/2018\/10\/pictures_Vereinslogos_100px-flag_of_the_united_kingdom.png\" style=\"height:30px; width:50px\" width=\"100\" height=\"50\" \/><\/td>\r\n\t\t\t<td style=\"text-align:center; vertical-align:middle\">\r\n\t\t\t<p><img loading=\"lazy\" decoding=\"async\" class=\" size-full wp-image-832\" alt=\"\" src=\"https:\/\/biocontact.ci-commerce.comen\/wp-content\/uploads\/sites\/2\/2019\/02\/pictures_Firmenlogos2021_five1_logo_cmyk.jpg\" style=\"height:38px; width:100px\" width=\"2000\" height=\"763\" srcset=\"https:\/\/www.biocontact.info\/en\/wp-content\/uploads\/sites\/2\/2019\/02\/pictures_Firmenlogos2021_five1_logo_cmyk.jpg 2000w, https:\/\/www.biocontact.info\/en\/wp-content\/uploads\/sites\/2\/2019\/02\/pictures_Firmenlogos2021_five1_logo_cmyk-300x114.jpg 300w, https:\/\/www.biocontact.info\/en\/wp-content\/uploads\/sites\/2\/2019\/02\/pictures_Firmenlogos2021_five1_logo_cmyk-1024x391.jpg 1024w, https:\/\/www.biocontact.info\/en\/wp-content\/uploads\/sites\/2\/2019\/02\/pictures_Firmenlogos2021_five1_logo_cmyk-768x293.jpg 768w, https:\/\/www.biocontact.info\/en\/wp-content\/uploads\/sites\/2\/2019\/02\/pictures_Firmenlogos2021_five1_logo_cmyk-1536x586.jpg 1536w, https:\/\/www.biocontact.info\/en\/wp-content\/uploads\/sites\/2\/2019\/02\/pictures_Firmenlogos2021_five1_logo_cmyk-1600x610.jpg 1600w\" sizes=\"auto, (max-width: 2000px) 100vw, 2000px\" \/><\/p>\r\n\t\t\t<\/td>\r\n\t\t<\/tr>\r\n\t\t<tr>\r\n\t\t\t<td>\r\n\t\t\t<p>Problem Solving mit McKinsey<\/p>\r\n\t\t\t<\/td>\r\n\t\t\t<td><img loading=\"lazy\" decoding=\"async\" class=\" size-full wp-image-781\" alt=\"\" src=\"https:\/\/biocontact.ci-commerce.comen\/wp-content\/uploads\/sites\/2\/2018\/10\/pictures_Vereinslogos_100px-flag_of_germany.png\" style=\"height:30px; width:50px\" width=\"100\" height=\"60\" \/><\/td>\r\n\t\t\t<td style=\"text-align:center; vertical-align:middle\">\r\n\t\t\t<p><img loading=\"lazy\" decoding=\"async\" class=\" size-full wp-image-833\" alt=\"\" src=\"https:\/\/biocontact.ci-commerce.comen\/wp-content\/uploads\/sites\/2\/2019\/02\/2022_Firmenlogos_mckinsey_logo.png\" style=\"height:100px; width:100px\" width=\"2000\" height=\"2000\" srcset=\"https:\/\/www.biocontact.info\/en\/wp-content\/uploads\/sites\/2\/2019\/02\/2022_Firmenlogos_mckinsey_logo.png 2000w, https:\/\/www.biocontact.info\/en\/wp-content\/uploads\/sites\/2\/2019\/02\/2022_Firmenlogos_mckinsey_logo-300x300.png 300w, https:\/\/www.biocontact.info\/en\/wp-content\/uploads\/sites\/2\/2019\/02\/2022_Firmenlogos_mckinsey_logo-1024x1024.png 1024w, https:\/\/www.biocontact.info\/en\/wp-content\/uploads\/sites\/2\/2019\/02\/2022_Firmenlogos_mckinsey_logo-150x150.png 150w, https:\/\/www.biocontact.info\/en\/wp-content\/uploads\/sites\/2\/2019\/02\/2022_Firmenlogos_mckinsey_logo-768x768.png 768w, https:\/\/www.biocontact.info\/en\/wp-content\/uploads\/sites\/2\/2019\/02\/2022_Firmenlogos_mckinsey_logo-1536x1536.png 1536w, https:\/\/www.biocontact.info\/en\/wp-content\/uploads\/sites\/2\/2019\/02\/2022_Firmenlogos_mckinsey_logo-1600x1600.png 1600w\" sizes=\"auto, (max-width: 2000px) 100vw, 2000px\" \/><\/p>\r\n\t\t\t<\/td>\r\n\t\t<\/tr>\r\n\t\t<tr>\r\n\t\t\t<td>\r\n\t\t\t<p>Crack the Case \u2013 A Pharmaceutical Consulting Case Study<\/p>\r\n\t\t\t<\/td>\r\n\t\t\t<td><img loading=\"lazy\" decoding=\"async\" class=\" size-full wp-image-780\" alt=\"\" src=\"https:\/\/biocontact.ci-commerce.comen\/wp-content\/uploads\/sites\/2\/2018\/10\/pictures_Vereinslogos_100px-flag_of_the_united_kingdom.png\" style=\"height:30px; width:50px\" width=\"100\" height=\"50\" \/><\/td>\r\n\t\t\t<td style=\"text-align:center; vertical-align:middle\">\r\n\t\t\t<p><img loading=\"lazy\" decoding=\"async\" class=\" size-full wp-image-834\" alt=\"\" src=\"https:\/\/biocontact.ci-commerce.comen\/wp-content\/uploads\/sites\/2\/2019\/02\/pictures_Firmenlogos2021_trinity_logo.jpg\" style=\"height:27px; width:100px\" width=\"1218\" height=\"331\" srcset=\"https:\/\/www.biocontact.info\/en\/wp-content\/uploads\/sites\/2\/2019\/02\/pictures_Firmenlogos2021_trinity_logo.jpg 1218w, https:\/\/www.biocontact.info\/en\/wp-content\/uploads\/sites\/2\/2019\/02\/pictures_Firmenlogos2021_trinity_logo-300x82.jpg 300w, https:\/\/www.biocontact.info\/en\/wp-content\/uploads\/sites\/2\/2019\/02\/pictures_Firmenlogos2021_trinity_logo-1024x278.jpg 1024w, https:\/\/www.biocontact.info\/en\/wp-content\/uploads\/sites\/2\/2019\/02\/pictures_Firmenlogos2021_trinity_logo-768x209.jpg 768w\" sizes=\"auto, (max-width: 1218px) 100vw, 1218px\" \/><\/p>\r\n\t\t\t<\/td>\r\n\t\t<\/tr>\r\n\t\t<tr>\r\n\t\t\t<td>\r\n\t\t\t<p>Ask the Recruiter \u2013 Tipps f\u00fcr Stellensuche, Bewerbung und Vorstellungsgespr\u00e4ch<\/p>\r\n\t\t\t<\/td>\r\n\t\t\t<td><img loading=\"lazy\" decoding=\"async\" class=\" size-full wp-image-781\" alt=\"\" src=\"https:\/\/biocontact.ci-commerce.comen\/wp-content\/uploads\/sites\/2\/2018\/10\/pictures_Vereinslogos_100px-flag_of_germany.png\" style=\"height:30px; width:50px\" width=\"100\" height=\"60\" \/><\/td>\r\n\t\t\t<td style=\"text-align:center; vertical-align:middle\">\r\n\t\t\t<p><img loading=\"lazy\" decoding=\"async\" class=\" size-full wp-image-835\" alt=\"\" src=\"https:\/\/biocontact.ci-commerce.comen\/wp-content\/uploads\/sites\/2\/2019\/02\/2022_Firmenlogos_andresen-consulting_logo.png\" style=\"height:48px; width:150px\" width=\"225\" height=\"72\" \/><\/p>\r\n\t\t\t<\/td>\r\n\t\t<\/tr>\r\n\t<\/tbody>\r\n<\/table>\r\n\r\n<p>&nbsp;<\/p>\r\n\r\n<p>&nbsp;<\/p>\r\n","protected":false},"excerpt":{"rendered":"<p>Um Sie bei der optimalen Vorbereitung auf den Bewerbungsprozess zu unterst\u00fctzen, werden auf der CONTACT2022 verschiedene Workshops rund um die Themen Karriereplanung, Berufseinstieg und Bewerbungsprozess angeboten. Zus\u00e4tzlich werden auch vorab<\/p>\n","protected":false},"author":1,"featured_media":780,"parent":0,"menu_order":0,"comment_status":"closed","ping_status":"closed","template":"","meta":{"_eb_attr":"","_breakdance_hide_in_design_set":false,"_breakdance_tags":"","footnotes":""},"class_list":["post-836","page","type-page","status-publish","has-post-thumbnail","hentry"],"yoast_head":"<!-- This site is optimized with the Yoast SEO plugin v27.5 - https:\/\/yoast.com\/product\/yoast-seo-wordpress\/ -->\n<title>Workshops - BioContact e.V. (English)<\/title>\n<meta name=\"robots\" content=\"index, follow, max-snippet:-1, max-image-preview:large, max-video-preview:-1\" \/>\n<link rel=\"canonical\" href=\"https:\/\/biocontact.ci-commerce.com\/en\/workshops\/\" \/>\n<meta property=\"og:locale\" content=\"en_GB\" \/>\n<meta property=\"og:type\" content=\"article\" \/>\n<meta property=\"og:title\" content=\"Workshops - BioContact e.V. (English)\" \/>\n<meta property=\"og:description\" content=\"Um Sie bei der optimalen Vorbereitung auf den Bewerbungsprozess zu unterst\u00fctzen, werden auf der CONTACT2022 verschiedene Workshops rund um die Themen Karriereplanung, Berufseinstieg und Bewerbungsprozess angeboten. Zus\u00e4tzlich werden auch vorab\" \/>\n<meta property=\"og:url\" content=\"https:\/\/biocontact.ci-commerce.com\/en\/workshops\/\" \/>\n<meta property=\"og:site_name\" content=\"BioContact e.V. (English)\" \/>\n<meta property=\"og:image\" content=\"https:\/\/biocontact.ci-commerce.com\/en\/wp-content\/uploads\/sites\/2\/2018\/10\/pictures_Vereinslogos_100px-flag_of_the_united_kingdom.png\" \/>\n\t<meta property=\"og:image:width\" content=\"100\" \/>\n\t<meta property=\"og:image:height\" content=\"50\" \/>\n\t<meta property=\"og:image:type\" content=\"image\/png\" \/>\n<meta name=\"twitter:card\" content=\"summary_large_image\" \/>\n<meta name=\"twitter:label1\" content=\"Estimated reading time\" \/>\n\t<meta name=\"twitter:data1\" content=\"1 minute\" \/>\n<script type=\"application\/ld+json\" class=\"yoast-schema-graph\">{\"@context\":\"https:\\\/\\\/schema.org\",\"@graph\":[{\"@type\":\"WebPage\",\"@id\":\"https:\\\/\\\/biocontact.ci-commerce.com\\\/en\\\/workshops\\\/\",\"url\":\"https:\\\/\\\/biocontact.ci-commerce.com\\\/en\\\/workshops\\\/\",\"name\":\"Workshops - BioContact e.V. (English)\",\"isPartOf\":{\"@id\":\"https:\\\/\\\/biocontact.ci-commerce.com\\\/en\\\/#website\"},\"primaryImageOfPage\":{\"@id\":\"https:\\\/\\\/biocontact.ci-commerce.com\\\/en\\\/workshops\\\/#primaryimage\"},\"image\":{\"@id\":\"https:\\\/\\\/biocontact.ci-commerce.com\\\/en\\\/workshops\\\/#primaryimage\"},\"thumbnailUrl\":\"https:\\\/\\\/www.biocontact.info\\\/en\\\/wp-content\\\/uploads\\\/sites\\\/2\\\/2018\\\/10\\\/pictures_Vereinslogos_100px-flag_of_the_united_kingdom.png\",\"datePublished\":\"2019-02-24T10:38:56+00:00\",\"breadcrumb\":{\"@id\":\"https:\\\/\\\/biocontact.ci-commerce.com\\\/en\\\/workshops\\\/#breadcrumb\"},\"inLanguage\":\"en-GB\",\"potentialAction\":[{\"@type\":\"ReadAction\",\"target\":[\"https:\\\/\\\/biocontact.ci-commerce.com\\\/en\\\/workshops\\\/\"]}]},{\"@type\":\"ImageObject\",\"inLanguage\":\"en-GB\",\"@id\":\"https:\\\/\\\/biocontact.ci-commerce.com\\\/en\\\/workshops\\\/#primaryimage\",\"url\":\"https:\\\/\\\/www.biocontact.info\\\/en\\\/wp-content\\\/uploads\\\/sites\\\/2\\\/2018\\\/10\\\/pictures_Vereinslogos_100px-flag_of_the_united_kingdom.png\",\"contentUrl\":\"https:\\\/\\\/www.biocontact.info\\\/en\\\/wp-content\\\/uploads\\\/sites\\\/2\\\/2018\\\/10\\\/pictures_Vereinslogos_100px-flag_of_the_united_kingdom.png\",\"width\":100,\"height\":50},{\"@type\":\"BreadcrumbList\",\"@id\":\"https:\\\/\\\/biocontact.ci-commerce.com\\\/en\\\/workshops\\\/#breadcrumb\",\"itemListElement\":[{\"@type\":\"ListItem\",\"position\":1,\"name\":\"Startseite\",\"item\":\"https:\\\/\\\/www.biocontact.info\\\/en\\\/\"},{\"@type\":\"ListItem\",\"position\":2,\"name\":\"Workshops\"}]},{\"@type\":\"WebSite\",\"@id\":\"https:\\\/\\\/biocontact.ci-commerce.com\\\/en\\\/#website\",\"url\":\"https:\\\/\\\/biocontact.ci-commerce.com\\\/en\\\/\",\"name\":\"BioContact e.V. (English)\",\"description\":\"We network science and industry\",\"potentialAction\":[{\"@type\":\"SearchAction\",\"target\":{\"@type\":\"EntryPoint\",\"urlTemplate\":\"https:\\\/\\\/biocontact.ci-commerce.com\\\/en\\\/?s={search_term_string}\"},\"query-input\":{\"@type\":\"PropertyValueSpecification\",\"valueRequired\":true,\"valueName\":\"search_term_string\"}}],\"inLanguage\":\"en-GB\"}]}<\/script>\n<!-- \/ Yoast SEO plugin. -->","yoast_head_json":{"title":"Workshops - BioContact e.V. (English)","robots":{"index":"index","follow":"follow","max-snippet":"max-snippet:-1","max-image-preview":"max-image-preview:large","max-video-preview":"max-video-preview:-1"},"canonical":"https:\/\/biocontact.ci-commerce.com\/en\/workshops\/","og_locale":"en_GB","og_type":"article","og_title":"Workshops - BioContact e.V. (English)","og_description":"Um Sie bei der optimalen Vorbereitung auf den Bewerbungsprozess zu unterst\u00fctzen, werden auf der CONTACT2022 verschiedene Workshops rund um die Themen Karriereplanung, Berufseinstieg und Bewerbungsprozess angeboten. Zus\u00e4tzlich werden auch vorab","og_url":"https:\/\/biocontact.ci-commerce.com\/en\/workshops\/","og_site_name":"BioContact e.V. (English)","og_image":[{"width":100,"height":50,"url":"https:\/\/biocontact.ci-commerce.com\/en\/wp-content\/uploads\/sites\/2\/2018\/10\/pictures_Vereinslogos_100px-flag_of_the_united_kingdom.png","type":"image\/png"}],"twitter_card":"summary_large_image","twitter_misc":{"Estimated reading time":"1 minute"},"schema":{"@context":"https:\/\/schema.org","@graph":[{"@type":"WebPage","@id":"https:\/\/biocontact.ci-commerce.com\/en\/workshops\/","url":"https:\/\/biocontact.ci-commerce.com\/en\/workshops\/","name":"Workshops - BioContact e.V. (English)","isPartOf":{"@id":"https:\/\/biocontact.ci-commerce.com\/en\/#website"},"primaryImageOfPage":{"@id":"https:\/\/biocontact.ci-commerce.com\/en\/workshops\/#primaryimage"},"image":{"@id":"https:\/\/biocontact.ci-commerce.com\/en\/workshops\/#primaryimage"},"thumbnailUrl":"https:\/\/www.biocontact.info\/en\/wp-content\/uploads\/sites\/2\/2018\/10\/pictures_Vereinslogos_100px-flag_of_the_united_kingdom.png","datePublished":"2019-02-24T10:38:56+00:00","breadcrumb":{"@id":"https:\/\/biocontact.ci-commerce.com\/en\/workshops\/#breadcrumb"},"inLanguage":"en-GB","potentialAction":[{"@type":"ReadAction","target":["https:\/\/biocontact.ci-commerce.com\/en\/workshops\/"]}]},{"@type":"ImageObject","inLanguage":"en-GB","@id":"https:\/\/biocontact.ci-commerce.com\/en\/workshops\/#primaryimage","url":"https:\/\/www.biocontact.info\/en\/wp-content\/uploads\/sites\/2\/2018\/10\/pictures_Vereinslogos_100px-flag_of_the_united_kingdom.png","contentUrl":"https:\/\/www.biocontact.info\/en\/wp-content\/uploads\/sites\/2\/2018\/10\/pictures_Vereinslogos_100px-flag_of_the_united_kingdom.png","width":100,"height":50},{"@type":"BreadcrumbList","@id":"https:\/\/biocontact.ci-commerce.com\/en\/workshops\/#breadcrumb","itemListElement":[{"@type":"ListItem","position":1,"name":"Startseite","item":"https:\/\/www.biocontact.info\/en\/"},{"@type":"ListItem","position":2,"name":"Workshops"}]},{"@type":"WebSite","@id":"https:\/\/biocontact.ci-commerce.com\/en\/#website","url":"https:\/\/biocontact.ci-commerce.com\/en\/","name":"BioContact e.V. (English)","description":"We network science and industry","potentialAction":[{"@type":"SearchAction","target":{"@type":"EntryPoint","urlTemplate":"https:\/\/biocontact.ci-commerce.com\/en\/?s={search_term_string}"},"query-input":{"@type":"PropertyValueSpecification","valueRequired":true,"valueName":"search_term_string"}}],"inLanguage":"en-GB"}]}},"_links":{"self":[{"href":"https:\/\/www.biocontact.info\/en\/wp-json\/wp\/v2\/pages\/836","targetHints":{"allow":["GET"]}}],"collection":[{"href":"https:\/\/www.biocontact.info\/en\/wp-json\/wp\/v2\/pages"}],"about":[{"href":"https:\/\/www.biocontact.info\/en\/wp-json\/wp\/v2\/types\/page"}],"author":[{"embeddable":true,"href":"https:\/\/www.biocontact.info\/en\/wp-json\/wp\/v2\/users\/1"}],"replies":[{"embeddable":true,"href":"https:\/\/www.biocontact.info\/en\/wp-json\/wp\/v2\/comments?post=836"}],"version-history":[{"count":0,"href":"https:\/\/www.biocontact.info\/en\/wp-json\/wp\/v2\/pages\/836\/revisions"}],"wp:featuredmedia":[{"embeddable":true,"href":"https:\/\/www.biocontact.info\/en\/wp-json\/wp\/v2\/media\/780"}],"wp:attachment":[{"href":"https:\/\/www.biocontact.info\/en\/wp-json\/wp\/v2\/media?parent=836"}],"curies":[{"name":"wp","href":"https:\/\/api.w.org\/{rel}","templated":true}]}}