{"id":823,"date":"2019-01-28T18:46:59","date_gmt":"2019-01-28T17:46:59","guid":{"rendered":"https:\/\/biocontact.info\/en\/podiumsdiskussion\/"},"modified":"2019-01-28T18:46:59","modified_gmt":"2019-01-28T17:46:59","slug":"podiumsdiskussion","status":"publish","type":"page","link":"https:\/\/www.biocontact.info\/en\/podiumsdiskussion\/","title":{"rendered":"Podiumsdiskussion"},"content":{"rendered":"<p><strong>Berufseinstieg - direkt, auf Umwegen, nur Gl\u00fcck?<\/strong> \u2013 unsere erste Podiumsdiskussion mit wichtigen Repr\u00e4sentanten des Pharma- und Biotech-Sektors gibt dir die perfekte Gelegenheit, deinen m\u00f6glichen sp\u00e4teren Arbeitgebern alle Fragen zu stellen, die dir schon lange auf dem Herzen liegen.<\/p>\r\n\r\n<p>Egal, ob du gerade deinen Ausbildungsweg abgeschlossen hast und direkt auf der Suche nach deinem Traumjob bist oder du dich auf Umwegen nach neuen M\u00f6glichkeiten umsiehst \u2013 lass es nicht nur auf das Gl\u00fcck ankommen, deinen neuen Job zu finden!<\/p>\r\n\r\n<p>Warum solltest du gerade in dieser Firma anfangen zu arbeiten? Wie sind die M\u00f6glichkeiten aufzusteigen oder Beruf und Familie zu vereinbaren? Wie kannst du die Firmen am besten \u00fcberzeugen, dass du der\/die Richtige f\u00fcr den Job bist? Warum ist ein Startup oder eine gro\u00dfe Pharmafirma deine richtige Wahl?<\/p>\r\n\r\n<p>In einer Podiumsdiskussionsrunde mit 5 Firmen \u2013 von Startup bis gro\u00dfer Pharmafirma \u2013 kannst du deren Repr\u00e4sentanten mit deinen Fragen l\u00f6chern und direkt vergleichen!<\/p>\r\n\r\n<p>Verpasse diese tolle M\u00f6glichkeit nicht und mach mit bei unserer Podiumsdiskussion auf der CONTACT2019!<\/p>\r\n\r\n<p>An unserer Podiumdiskussion nehmen teil:<\/p>\r\n\r\n<p><img loading=\"lazy\" decoding=\"async\" class=\" size-full wp-image-818\" alt=\"\" src=\"https:\/\/biocontact.ci-commerce.comen\/wp-content\/uploads\/sites\/2\/2019\/01\/ashfield_logo.jpg\" style=\"height:100px; margin-left:5px; margin-right:5px; width:295px\" width=\"958\" height=\"325\" srcset=\"https:\/\/www.biocontact.info\/en\/wp-content\/uploads\/sites\/2\/2019\/01\/ashfield_logo.jpg 958w, https:\/\/www.biocontact.info\/en\/wp-content\/uploads\/sites\/2\/2019\/01\/ashfield_logo-300x102.jpg 300w, https:\/\/www.biocontact.info\/en\/wp-content\/uploads\/sites\/2\/2019\/01\/ashfield_logo-768x261.jpg 768w\" sizes=\"auto, (max-width: 958px) 100vw, 958px\" \/><img loading=\"lazy\" decoding=\"async\" class=\" size-full wp-image-819\" alt=\"\" src=\"https:\/\/biocontact.ci-commerce.comen\/wp-content\/uploads\/sites\/2\/2019\/01\/five1_logo.jpg\" style=\"height:100px; margin-left:5px; margin-right:5px; width:217px\" width=\"2000\" height=\"923\" srcset=\"https:\/\/www.biocontact.info\/en\/wp-content\/uploads\/sites\/2\/2019\/01\/five1_logo.jpg 2000w, https:\/\/www.biocontact.info\/en\/wp-content\/uploads\/sites\/2\/2019\/01\/five1_logo-300x138.jpg 300w, https:\/\/www.biocontact.info\/en\/wp-content\/uploads\/sites\/2\/2019\/01\/five1_logo-1024x473.jpg 1024w, https:\/\/www.biocontact.info\/en\/wp-content\/uploads\/sites\/2\/2019\/01\/five1_logo-768x354.jpg 768w, https:\/\/www.biocontact.info\/en\/wp-content\/uploads\/sites\/2\/2019\/01\/five1_logo-1536x709.jpg 1536w, https:\/\/www.biocontact.info\/en\/wp-content\/uploads\/sites\/2\/2019\/01\/five1_logo-1600x738.jpg 1600w\" sizes=\"auto, (max-width: 2000px) 100vw, 2000px\" \/><img loading=\"lazy\" decoding=\"async\" class=\" size-full wp-image-820\" alt=\"\" src=\"https:\/\/biocontact.ci-commerce.comen\/wp-content\/uploads\/sites\/2\/2019\/01\/roche_logo_sv1g.png\" style=\"height:100px; margin-left:5px; margin-right:5px; width:185px\" width=\"2000\" height=\"1083\" srcset=\"https:\/\/www.biocontact.info\/en\/wp-content\/uploads\/sites\/2\/2019\/01\/roche_logo_sv1g.png 2000w, https:\/\/www.biocontact.info\/en\/wp-content\/uploads\/sites\/2\/2019\/01\/roche_logo_sv1g-300x162.png 300w, https:\/\/www.biocontact.info\/en\/wp-content\/uploads\/sites\/2\/2019\/01\/roche_logo_sv1g-1024x554.png 1024w, https:\/\/www.biocontact.info\/en\/wp-content\/uploads\/sites\/2\/2019\/01\/roche_logo_sv1g-768x416.png 768w, https:\/\/www.biocontact.info\/en\/wp-content\/uploads\/sites\/2\/2019\/01\/roche_logo_sv1g-1536x832.png 1536w, https:\/\/www.biocontact.info\/en\/wp-content\/uploads\/sites\/2\/2019\/01\/roche_logo_sv1g-1600x866.png 1600w\" sizes=\"auto, (max-width: 2000px) 100vw, 2000px\" \/><\/p>\r\n\r\n<p>&nbsp; &nbsp; &nbsp; &nbsp; &nbsp; &nbsp; &nbsp; &nbsp; &nbsp; &nbsp; &nbsp; &nbsp; &nbsp; &nbsp; &nbsp; &nbsp; &nbsp; &nbsp; &nbsp; &nbsp; &nbsp; &nbsp; &nbsp; &nbsp; &nbsp; &nbsp; &nbsp; &nbsp; &nbsp; &nbsp; &nbsp; &nbsp; &nbsp; &nbsp; &nbsp; &nbsp;<img loading=\"lazy\" decoding=\"async\" class=\" size-full wp-image-821\" alt=\"\" src=\"https:\/\/biocontact.ci-commerce.comen\/wp-content\/uploads\/sites\/2\/2019\/01\/sanofi_logo_vertical_2011_4colors_jpg.jpg\" style=\"height:100px; margin-left:10px; margin-right:10px; width:126px\" width=\"2000\" height=\"1592\" srcset=\"https:\/\/www.biocontact.info\/en\/wp-content\/uploads\/sites\/2\/2019\/01\/sanofi_logo_vertical_2011_4colors_jpg.jpg 2000w, https:\/\/www.biocontact.info\/en\/wp-content\/uploads\/sites\/2\/2019\/01\/sanofi_logo_vertical_2011_4colors_jpg-300x239.jpg 300w, https:\/\/www.biocontact.info\/en\/wp-content\/uploads\/sites\/2\/2019\/01\/sanofi_logo_vertical_2011_4colors_jpg-1024x815.jpg 1024w, https:\/\/www.biocontact.info\/en\/wp-content\/uploads\/sites\/2\/2019\/01\/sanofi_logo_vertical_2011_4colors_jpg-768x611.jpg 768w, https:\/\/www.biocontact.info\/en\/wp-content\/uploads\/sites\/2\/2019\/01\/sanofi_logo_vertical_2011_4colors_jpg-1536x1223.jpg 1536w, https:\/\/www.biocontact.info\/en\/wp-content\/uploads\/sites\/2\/2019\/01\/sanofi_logo_vertical_2011_4colors_jpg-1600x1274.jpg 1600w\" sizes=\"auto, (max-width: 2000px) 100vw, 2000px\" \/><img loading=\"lazy\" decoding=\"async\" class=\" size-full wp-image-822\" alt=\"\" src=\"https:\/\/biocontact.ci-commerce.comen\/wp-content\/uploads\/sites\/2\/2019\/01\/vetter_logo_002.jpg\" style=\"height:100px; margin-left:10px; margin-right:10px; width:112px\" width=\"1181\" height=\"1057\" srcset=\"https:\/\/www.biocontact.info\/en\/wp-content\/uploads\/sites\/2\/2019\/01\/vetter_logo_002.jpg 1181w, https:\/\/www.biocontact.info\/en\/wp-content\/uploads\/sites\/2\/2019\/01\/vetter_logo_002-300x269.jpg 300w, https:\/\/www.biocontact.info\/en\/wp-content\/uploads\/sites\/2\/2019\/01\/vetter_logo_002-1024x916.jpg 1024w, https:\/\/www.biocontact.info\/en\/wp-content\/uploads\/sites\/2\/2019\/01\/vetter_logo_002-768x687.jpg 768w\" sizes=\"auto, (max-width: 1181px) 100vw, 1181px\" \/><\/p>\r\n","protected":false},"excerpt":{"rendered":"<p>Berufseinstieg &#8211; direkt, auf Umwegen, nur Gl\u00fcck? \u2013 unsere erste Podiumsdiskussion mit wichtigen Repr\u00e4sentanten des Pharma- und Biotech-Sektors gibt dir die perfekte Gelegenheit, deinen m\u00f6glichen sp\u00e4teren Arbeitgebern alle Fragen zu<\/p>\n","protected":false},"author":1,"featured_media":818,"parent":0,"menu_order":0,"comment_status":"closed","ping_status":"closed","template":"","meta":{"_eb_attr":"","_breakdance_hide_in_design_set":false,"_breakdance_tags":"","footnotes":""},"class_list":["post-823","page","type-page","status-publish","has-post-thumbnail","hentry"],"yoast_head":"<!-- This site is optimized with the Yoast SEO plugin v27.5 - https:\/\/yoast.com\/product\/yoast-seo-wordpress\/ -->\n<title>Podiumsdiskussion - BioContact e.V. (English)<\/title>\n<meta name=\"robots\" content=\"index, follow, max-snippet:-1, max-image-preview:large, max-video-preview:-1\" \/>\n<link rel=\"canonical\" href=\"https:\/\/www.biocontact.info\/en\/podiumsdiskussion\/\" \/>\n<meta property=\"og:locale\" content=\"en_GB\" \/>\n<meta property=\"og:type\" content=\"article\" \/>\n<meta property=\"og:title\" content=\"Podiumsdiskussion - BioContact e.V. (English)\" \/>\n<meta property=\"og:description\" content=\"Berufseinstieg - direkt, auf Umwegen, nur Gl\u00fcck? \u2013 unsere erste Podiumsdiskussion mit wichtigen Repr\u00e4sentanten des Pharma- und Biotech-Sektors gibt dir die perfekte Gelegenheit, deinen m\u00f6glichen sp\u00e4teren Arbeitgebern alle Fragen zu\" \/>\n<meta property=\"og:url\" content=\"https:\/\/www.biocontact.info\/en\/podiumsdiskussion\/\" \/>\n<meta property=\"og:site_name\" content=\"BioContact e.V. (English)\" \/>\n<meta property=\"og:image\" content=\"https:\/\/www.biocontact.info\/en\/wp-content\/uploads\/sites\/2\/2019\/01\/ashfield_logo.jpg\" \/>\n\t<meta property=\"og:image:width\" content=\"958\" \/>\n\t<meta property=\"og:image:height\" content=\"325\" \/>\n\t<meta property=\"og:image:type\" content=\"image\/jpeg\" \/>\n<meta name=\"twitter:card\" content=\"summary_large_image\" \/>\n<meta name=\"twitter:label1\" content=\"Estimated reading time\" \/>\n\t<meta name=\"twitter:data1\" content=\"1 minute\" \/>\n<script type=\"application\/ld+json\" class=\"yoast-schema-graph\">{\"@context\":\"https:\\\/\\\/schema.org\",\"@graph\":[{\"@type\":\"WebPage\",\"@id\":\"https:\\\/\\\/www.biocontact.info\\\/en\\\/podiumsdiskussion\\\/\",\"url\":\"https:\\\/\\\/www.biocontact.info\\\/en\\\/podiumsdiskussion\\\/\",\"name\":\"Podiumsdiskussion - BioContact e.V. (English)\",\"isPartOf\":{\"@id\":\"https:\\\/\\\/biocontact.ci-commerce.com\\\/en\\\/#website\"},\"primaryImageOfPage\":{\"@id\":\"https:\\\/\\\/www.biocontact.info\\\/en\\\/podiumsdiskussion\\\/#primaryimage\"},\"image\":{\"@id\":\"https:\\\/\\\/www.biocontact.info\\\/en\\\/podiumsdiskussion\\\/#primaryimage\"},\"thumbnailUrl\":\"https:\\\/\\\/www.biocontact.info\\\/en\\\/wp-content\\\/uploads\\\/sites\\\/2\\\/2019\\\/01\\\/ashfield_logo.jpg\",\"datePublished\":\"2019-01-28T17:46:59+00:00\",\"breadcrumb\":{\"@id\":\"https:\\\/\\\/www.biocontact.info\\\/en\\\/podiumsdiskussion\\\/#breadcrumb\"},\"inLanguage\":\"en-GB\",\"potentialAction\":[{\"@type\":\"ReadAction\",\"target\":[\"https:\\\/\\\/www.biocontact.info\\\/en\\\/podiumsdiskussion\\\/\"]}]},{\"@type\":\"ImageObject\",\"inLanguage\":\"en-GB\",\"@id\":\"https:\\\/\\\/www.biocontact.info\\\/en\\\/podiumsdiskussion\\\/#primaryimage\",\"url\":\"https:\\\/\\\/www.biocontact.info\\\/en\\\/wp-content\\\/uploads\\\/sites\\\/2\\\/2019\\\/01\\\/ashfield_logo.jpg\",\"contentUrl\":\"https:\\\/\\\/www.biocontact.info\\\/en\\\/wp-content\\\/uploads\\\/sites\\\/2\\\/2019\\\/01\\\/ashfield_logo.jpg\",\"width\":958,\"height\":325},{\"@type\":\"BreadcrumbList\",\"@id\":\"https:\\\/\\\/www.biocontact.info\\\/en\\\/podiumsdiskussion\\\/#breadcrumb\",\"itemListElement\":[{\"@type\":\"ListItem\",\"position\":1,\"name\":\"Startseite\",\"item\":\"https:\\\/\\\/www.biocontact.info\\\/en\\\/\"},{\"@type\":\"ListItem\",\"position\":2,\"name\":\"Podiumsdiskussion\"}]},{\"@type\":\"WebSite\",\"@id\":\"https:\\\/\\\/biocontact.ci-commerce.com\\\/en\\\/#website\",\"url\":\"https:\\\/\\\/biocontact.ci-commerce.com\\\/en\\\/\",\"name\":\"BioContact e.V. (English)\",\"description\":\"We network science and industry\",\"potentialAction\":[{\"@type\":\"SearchAction\",\"target\":{\"@type\":\"EntryPoint\",\"urlTemplate\":\"https:\\\/\\\/biocontact.ci-commerce.com\\\/en\\\/?s={search_term_string}\"},\"query-input\":{\"@type\":\"PropertyValueSpecification\",\"valueRequired\":true,\"valueName\":\"search_term_string\"}}],\"inLanguage\":\"en-GB\"}]}<\/script>\n<!-- \/ Yoast SEO plugin. -->","yoast_head_json":{"title":"Podiumsdiskussion - BioContact e.V. (English)","robots":{"index":"index","follow":"follow","max-snippet":"max-snippet:-1","max-image-preview":"max-image-preview:large","max-video-preview":"max-video-preview:-1"},"canonical":"https:\/\/www.biocontact.info\/en\/podiumsdiskussion\/","og_locale":"en_GB","og_type":"article","og_title":"Podiumsdiskussion - BioContact e.V. (English)","og_description":"Berufseinstieg - direkt, auf Umwegen, nur Gl\u00fcck? \u2013 unsere erste Podiumsdiskussion mit wichtigen Repr\u00e4sentanten des Pharma- und Biotech-Sektors gibt dir die perfekte Gelegenheit, deinen m\u00f6glichen sp\u00e4teren Arbeitgebern alle Fragen zu","og_url":"https:\/\/www.biocontact.info\/en\/podiumsdiskussion\/","og_site_name":"BioContact e.V. (English)","og_image":[{"width":958,"height":325,"url":"https:\/\/www.biocontact.info\/en\/wp-content\/uploads\/sites\/2\/2019\/01\/ashfield_logo.jpg","type":"image\/jpeg"}],"twitter_card":"summary_large_image","twitter_misc":{"Estimated reading time":"1 minute"},"schema":{"@context":"https:\/\/schema.org","@graph":[{"@type":"WebPage","@id":"https:\/\/www.biocontact.info\/en\/podiumsdiskussion\/","url":"https:\/\/www.biocontact.info\/en\/podiumsdiskussion\/","name":"Podiumsdiskussion - BioContact e.V. (English)","isPartOf":{"@id":"https:\/\/biocontact.ci-commerce.com\/en\/#website"},"primaryImageOfPage":{"@id":"https:\/\/www.biocontact.info\/en\/podiumsdiskussion\/#primaryimage"},"image":{"@id":"https:\/\/www.biocontact.info\/en\/podiumsdiskussion\/#primaryimage"},"thumbnailUrl":"https:\/\/www.biocontact.info\/en\/wp-content\/uploads\/sites\/2\/2019\/01\/ashfield_logo.jpg","datePublished":"2019-01-28T17:46:59+00:00","breadcrumb":{"@id":"https:\/\/www.biocontact.info\/en\/podiumsdiskussion\/#breadcrumb"},"inLanguage":"en-GB","potentialAction":[{"@type":"ReadAction","target":["https:\/\/www.biocontact.info\/en\/podiumsdiskussion\/"]}]},{"@type":"ImageObject","inLanguage":"en-GB","@id":"https:\/\/www.biocontact.info\/en\/podiumsdiskussion\/#primaryimage","url":"https:\/\/www.biocontact.info\/en\/wp-content\/uploads\/sites\/2\/2019\/01\/ashfield_logo.jpg","contentUrl":"https:\/\/www.biocontact.info\/en\/wp-content\/uploads\/sites\/2\/2019\/01\/ashfield_logo.jpg","width":958,"height":325},{"@type":"BreadcrumbList","@id":"https:\/\/www.biocontact.info\/en\/podiumsdiskussion\/#breadcrumb","itemListElement":[{"@type":"ListItem","position":1,"name":"Startseite","item":"https:\/\/www.biocontact.info\/en\/"},{"@type":"ListItem","position":2,"name":"Podiumsdiskussion"}]},{"@type":"WebSite","@id":"https:\/\/biocontact.ci-commerce.com\/en\/#website","url":"https:\/\/biocontact.ci-commerce.com\/en\/","name":"BioContact e.V. (English)","description":"We network science and industry","potentialAction":[{"@type":"SearchAction","target":{"@type":"EntryPoint","urlTemplate":"https:\/\/biocontact.ci-commerce.com\/en\/?s={search_term_string}"},"query-input":{"@type":"PropertyValueSpecification","valueRequired":true,"valueName":"search_term_string"}}],"inLanguage":"en-GB"}]}},"_links":{"self":[{"href":"https:\/\/www.biocontact.info\/en\/wp-json\/wp\/v2\/pages\/823","targetHints":{"allow":["GET"]}}],"collection":[{"href":"https:\/\/www.biocontact.info\/en\/wp-json\/wp\/v2\/pages"}],"about":[{"href":"https:\/\/www.biocontact.info\/en\/wp-json\/wp\/v2\/types\/page"}],"author":[{"embeddable":true,"href":"https:\/\/www.biocontact.info\/en\/wp-json\/wp\/v2\/users\/1"}],"replies":[{"embeddable":true,"href":"https:\/\/www.biocontact.info\/en\/wp-json\/wp\/v2\/comments?post=823"}],"version-history":[{"count":0,"href":"https:\/\/www.biocontact.info\/en\/wp-json\/wp\/v2\/pages\/823\/revisions"}],"wp:featuredmedia":[{"embeddable":true,"href":"https:\/\/www.biocontact.info\/en\/wp-json\/wp\/v2\/media\/818"}],"wp:attachment":[{"href":"https:\/\/www.biocontact.info\/en\/wp-json\/wp\/v2\/media?parent=823"}],"curies":[{"name":"wp","href":"https:\/\/api.w.org\/{rel}","templated":true}]}}