{"id":803,"date":"2018-10-28T20:51:14","date_gmt":"2018-10-28T19:51:14","guid":{"rendered":"https:\/\/biocontact.info\/en\/photobooth2019-2\/"},"modified":"2018-10-28T20:51:14","modified_gmt":"2018-10-28T19:51:14","slug":"photobooth2019-2","status":"publish","type":"page","link":"https:\/\/www.biocontact.info\/en\/photobooth2019-2\/","title":{"rendered":"PhotoBooth"},"content":{"rendered":"<h2><img loading=\"lazy\" decoding=\"async\" class=\" size-full wp-image-786\" alt=\"\" src=\"https:\/\/biocontact.ci-commerce.comen\/wp-content\/uploads\/sites\/2\/2018\/10\/pictures_Medienpartner_logo.jpg\" style=\"float:right; height:85px; width:200px\" width=\"670\" height=\"286\" \/>Ein Bild sagt mehr als 1000 Worte!<\/h2>\r\n\r\n<p>Der richtige erste Eindruck kann Ihnen viele T\u00fcren \u00f6ffnen.<\/p>\r\n\r\n<p>BioContact e.V. m\u00f6chte Sie bei Ihrer Bewerbung unterst\u00fctzen und sponsert<\/p>\r\n\r\n<p>Ihnen heute Ihr perfektes Bewerbungsfoto!<\/p>\r\n\r\n<p>Direkt auf der CONTACT gibt es f\u00fcr Sie die M\u00f6glichkeit, das perfekte Bewerbungsfoto professionell aufnehmen zu lassen. Konrad G\u00f6s schie\u00dft nicht nur das optimale Bild von Ihnen, sondern sucht mit Ihnen auch das Bild Ihrer Wahl aus, was Ihnen dann professionell bearbeitet zur Verf\u00fcgung gestellt wird. BioContact e.V. w\u00fcnscht Ihnen viel Erfolg bei Ihrer Bewerbung!<\/p>\r\n\r\n<h3><strong>Die&nbsp;Anmeldung&nbsp;f\u00fcr Termine mit dem Fotographen auf der CONTACT2019 \u00f6ffnet am 30.04.2019 um 10 Uhr!<\/strong><\/h3>\r\n\r\n<h2><strong><a href=\"http:\/\/indico.dkfz.de\/e\/ApplicationPhotos\">Hier registrieren!<\/a><\/strong><\/h2>\r\n\r\n<p>Sponsored by BioContact e.V.<\/p>\r\n\r\n<p class=\"rtejustify\"><img loading=\"lazy\" decoding=\"async\" class=\" size-full wp-image-787\" alt=\"\" src=\"https:\/\/biocontact.ci-commerce.comen\/wp-content\/uploads\/sites\/2\/2018\/10\/pictures_Medienpartner_bew027_kn-025plus.jpg\" style=\"height:133px; margin-left:5px; margin-right:5px; width:200px\" width=\"2000\" height=\"1333\" \/> <img loading=\"lazy\" decoding=\"async\" class=\" size-full wp-image-788\" alt=\"\" src=\"https:\/\/biocontact.ci-commerce.comen\/wp-content\/uploads\/sites\/2\/2018\/10\/pictures_Medienpartner_e-014_v2.png\" style=\"height:133px; margin-left:5px; margin-right:5px; width:200px\" width=\"1604\" height=\"1069\" \/> <img loading=\"lazy\" decoding=\"async\" class=\" size-full wp-image-796\" alt=\"\" src=\"https:\/\/biocontact.ci-commerce.comen\/wp-content\/uploads\/sites\/2\/2018\/10\/pictures_Medienpartner_img_0927-bearbeitet.png\" style=\"height:133px; margin-left:5px; margin-right:5px; width:200px\" width=\"2000\" height=\"1334\" srcset=\"https:\/\/www.biocontact.info\/en\/wp-content\/uploads\/sites\/2\/2018\/10\/pictures_Medienpartner_img_0927-bearbeitet.png 2000w, https:\/\/www.biocontact.info\/en\/wp-content\/uploads\/sites\/2\/2018\/10\/pictures_Medienpartner_img_0927-bearbeitet-300x200.png 300w, https:\/\/www.biocontact.info\/en\/wp-content\/uploads\/sites\/2\/2018\/10\/pictures_Medienpartner_img_0927-bearbeitet-1024x683.png 1024w, https:\/\/www.biocontact.info\/en\/wp-content\/uploads\/sites\/2\/2018\/10\/pictures_Medienpartner_img_0927-bearbeitet-768x512.png 768w, https:\/\/www.biocontact.info\/en\/wp-content\/uploads\/sites\/2\/2018\/10\/pictures_Medienpartner_img_0927-bearbeitet-1536x1025.png 1536w, https:\/\/www.biocontact.info\/en\/wp-content\/uploads\/sites\/2\/2018\/10\/pictures_Medienpartner_img_0927-bearbeitet-1600x1067.png 1600w\" sizes=\"auto, (max-width: 2000px) 100vw, 2000px\" \/><\/p>\r\n\r\n<p>&nbsp;<\/p>\r\n","protected":false},"excerpt":{"rendered":"<p>Ein Bild sagt mehr als 1000 Worte! Der richtige erste Eindruck kann Ihnen viele T\u00fcren \u00f6ffnen. BioContact e.V. m\u00f6chte Sie bei Ihrer Bewerbung unterst\u00fctzen und sponsert Ihnen heute Ihr perfektes<\/p>\n","protected":false},"author":1,"featured_media":786,"parent":0,"menu_order":0,"comment_status":"closed","ping_status":"closed","template":"","meta":{"_eb_attr":"","_breakdance_hide_in_design_set":false,"_breakdance_tags":"","footnotes":""},"class_list":["post-803","page","type-page","status-publish","has-post-thumbnail","hentry"],"yoast_head":"<!-- This site is optimized with the Yoast SEO plugin v27.4 - https:\/\/yoast.com\/product\/yoast-seo-wordpress\/ -->\n<title>PhotoBooth - BioContact e.V. (English)<\/title>\n<meta name=\"robots\" content=\"index, follow, max-snippet:-1, max-image-preview:large, max-video-preview:-1\" \/>\n<link rel=\"canonical\" href=\"https:\/\/www.biocontact.info\/en\/photobooth2019-2\/\" \/>\n<meta property=\"og:locale\" content=\"en_GB\" \/>\n<meta property=\"og:type\" content=\"article\" \/>\n<meta property=\"og:title\" content=\"PhotoBooth - BioContact e.V. (English)\" \/>\n<meta property=\"og:description\" content=\"Ein Bild sagt mehr als 1000 Worte! Der richtige erste Eindruck kann Ihnen viele T\u00fcren \u00f6ffnen. BioContact e.V. m\u00f6chte Sie bei Ihrer Bewerbung unterst\u00fctzen und sponsert Ihnen heute Ihr perfektes\" \/>\n<meta property=\"og:url\" content=\"https:\/\/www.biocontact.info\/en\/photobooth2019-2\/\" \/>\n<meta property=\"og:site_name\" content=\"BioContact e.V. (English)\" \/>\n<meta property=\"og:image\" content=\"https:\/\/www.biocontact.info\/en\/wp-content\/uploads\/sites\/2\/2018\/10\/pictures_Medienpartner_logo.jpg\" \/>\n\t<meta property=\"og:image:width\" content=\"670\" \/>\n\t<meta property=\"og:image:height\" content=\"286\" \/>\n\t<meta property=\"og:image:type\" content=\"image\/jpeg\" \/>\n<meta name=\"twitter:card\" content=\"summary_large_image\" \/>\n<meta name=\"twitter:label1\" content=\"Estimated reading time\" \/>\n\t<meta name=\"twitter:data1\" content=\"1 minute\" \/>\n<script type=\"application\/ld+json\" class=\"yoast-schema-graph\">{\"@context\":\"https:\\\/\\\/schema.org\",\"@graph\":[{\"@type\":\"WebPage\",\"@id\":\"https:\\\/\\\/www.biocontact.info\\\/en\\\/photobooth2019-2\\\/\",\"url\":\"https:\\\/\\\/www.biocontact.info\\\/en\\\/photobooth2019-2\\\/\",\"name\":\"PhotoBooth - BioContact e.V. (English)\",\"isPartOf\":{\"@id\":\"https:\\\/\\\/biocontact.ci-commerce.com\\\/en\\\/#website\"},\"primaryImageOfPage\":{\"@id\":\"https:\\\/\\\/www.biocontact.info\\\/en\\\/photobooth2019-2\\\/#primaryimage\"},\"image\":{\"@id\":\"https:\\\/\\\/www.biocontact.info\\\/en\\\/photobooth2019-2\\\/#primaryimage\"},\"thumbnailUrl\":\"https:\\\/\\\/www.biocontact.info\\\/en\\\/wp-content\\\/uploads\\\/sites\\\/2\\\/2018\\\/10\\\/pictures_Medienpartner_logo.jpg\",\"datePublished\":\"2018-10-28T19:51:14+00:00\",\"breadcrumb\":{\"@id\":\"https:\\\/\\\/www.biocontact.info\\\/en\\\/photobooth2019-2\\\/#breadcrumb\"},\"inLanguage\":\"en-GB\",\"potentialAction\":[{\"@type\":\"ReadAction\",\"target\":[\"https:\\\/\\\/www.biocontact.info\\\/en\\\/photobooth2019-2\\\/\"]}]},{\"@type\":\"ImageObject\",\"inLanguage\":\"en-GB\",\"@id\":\"https:\\\/\\\/www.biocontact.info\\\/en\\\/photobooth2019-2\\\/#primaryimage\",\"url\":\"https:\\\/\\\/www.biocontact.info\\\/en\\\/wp-content\\\/uploads\\\/sites\\\/2\\\/2018\\\/10\\\/pictures_Medienpartner_logo.jpg\",\"contentUrl\":\"https:\\\/\\\/www.biocontact.info\\\/en\\\/wp-content\\\/uploads\\\/sites\\\/2\\\/2018\\\/10\\\/pictures_Medienpartner_logo.jpg\",\"width\":670,\"height\":286},{\"@type\":\"BreadcrumbList\",\"@id\":\"https:\\\/\\\/www.biocontact.info\\\/en\\\/photobooth2019-2\\\/#breadcrumb\",\"itemListElement\":[{\"@type\":\"ListItem\",\"position\":1,\"name\":\"Startseite\",\"item\":\"https:\\\/\\\/www.biocontact.info\\\/en\\\/\"},{\"@type\":\"ListItem\",\"position\":2,\"name\":\"PhotoBooth\"}]},{\"@type\":\"WebSite\",\"@id\":\"https:\\\/\\\/biocontact.ci-commerce.com\\\/en\\\/#website\",\"url\":\"https:\\\/\\\/biocontact.ci-commerce.com\\\/en\\\/\",\"name\":\"BioContact e.V. (English)\",\"description\":\"We network science and industry\",\"potentialAction\":[{\"@type\":\"SearchAction\",\"target\":{\"@type\":\"EntryPoint\",\"urlTemplate\":\"https:\\\/\\\/biocontact.ci-commerce.com\\\/en\\\/?s={search_term_string}\"},\"query-input\":{\"@type\":\"PropertyValueSpecification\",\"valueRequired\":true,\"valueName\":\"search_term_string\"}}],\"inLanguage\":\"en-GB\"}]}<\/script>\n<!-- \/ Yoast SEO plugin. -->","yoast_head_json":{"title":"PhotoBooth - BioContact e.V. (English)","robots":{"index":"index","follow":"follow","max-snippet":"max-snippet:-1","max-image-preview":"max-image-preview:large","max-video-preview":"max-video-preview:-1"},"canonical":"https:\/\/www.biocontact.info\/en\/photobooth2019-2\/","og_locale":"en_GB","og_type":"article","og_title":"PhotoBooth - BioContact e.V. (English)","og_description":"Ein Bild sagt mehr als 1000 Worte! Der richtige erste Eindruck kann Ihnen viele T\u00fcren \u00f6ffnen. BioContact e.V. m\u00f6chte Sie bei Ihrer Bewerbung unterst\u00fctzen und sponsert Ihnen heute Ihr perfektes","og_url":"https:\/\/www.biocontact.info\/en\/photobooth2019-2\/","og_site_name":"BioContact e.V. (English)","og_image":[{"width":670,"height":286,"url":"https:\/\/www.biocontact.info\/en\/wp-content\/uploads\/sites\/2\/2018\/10\/pictures_Medienpartner_logo.jpg","type":"image\/jpeg"}],"twitter_card":"summary_large_image","twitter_misc":{"Estimated reading time":"1 minute"},"schema":{"@context":"https:\/\/schema.org","@graph":[{"@type":"WebPage","@id":"https:\/\/www.biocontact.info\/en\/photobooth2019-2\/","url":"https:\/\/www.biocontact.info\/en\/photobooth2019-2\/","name":"PhotoBooth - BioContact e.V. (English)","isPartOf":{"@id":"https:\/\/biocontact.ci-commerce.com\/en\/#website"},"primaryImageOfPage":{"@id":"https:\/\/www.biocontact.info\/en\/photobooth2019-2\/#primaryimage"},"image":{"@id":"https:\/\/www.biocontact.info\/en\/photobooth2019-2\/#primaryimage"},"thumbnailUrl":"https:\/\/www.biocontact.info\/en\/wp-content\/uploads\/sites\/2\/2018\/10\/pictures_Medienpartner_logo.jpg","datePublished":"2018-10-28T19:51:14+00:00","breadcrumb":{"@id":"https:\/\/www.biocontact.info\/en\/photobooth2019-2\/#breadcrumb"},"inLanguage":"en-GB","potentialAction":[{"@type":"ReadAction","target":["https:\/\/www.biocontact.info\/en\/photobooth2019-2\/"]}]},{"@type":"ImageObject","inLanguage":"en-GB","@id":"https:\/\/www.biocontact.info\/en\/photobooth2019-2\/#primaryimage","url":"https:\/\/www.biocontact.info\/en\/wp-content\/uploads\/sites\/2\/2018\/10\/pictures_Medienpartner_logo.jpg","contentUrl":"https:\/\/www.biocontact.info\/en\/wp-content\/uploads\/sites\/2\/2018\/10\/pictures_Medienpartner_logo.jpg","width":670,"height":286},{"@type":"BreadcrumbList","@id":"https:\/\/www.biocontact.info\/en\/photobooth2019-2\/#breadcrumb","itemListElement":[{"@type":"ListItem","position":1,"name":"Startseite","item":"https:\/\/www.biocontact.info\/en\/"},{"@type":"ListItem","position":2,"name":"PhotoBooth"}]},{"@type":"WebSite","@id":"https:\/\/biocontact.ci-commerce.com\/en\/#website","url":"https:\/\/biocontact.ci-commerce.com\/en\/","name":"BioContact e.V. (English)","description":"We network science and industry","potentialAction":[{"@type":"SearchAction","target":{"@type":"EntryPoint","urlTemplate":"https:\/\/biocontact.ci-commerce.com\/en\/?s={search_term_string}"},"query-input":{"@type":"PropertyValueSpecification","valueRequired":true,"valueName":"search_term_string"}}],"inLanguage":"en-GB"}]}},"_links":{"self":[{"href":"https:\/\/www.biocontact.info\/en\/wp-json\/wp\/v2\/pages\/803","targetHints":{"allow":["GET"]}}],"collection":[{"href":"https:\/\/www.biocontact.info\/en\/wp-json\/wp\/v2\/pages"}],"about":[{"href":"https:\/\/www.biocontact.info\/en\/wp-json\/wp\/v2\/types\/page"}],"author":[{"embeddable":true,"href":"https:\/\/www.biocontact.info\/en\/wp-json\/wp\/v2\/users\/1"}],"replies":[{"embeddable":true,"href":"https:\/\/www.biocontact.info\/en\/wp-json\/wp\/v2\/comments?post=803"}],"version-history":[{"count":0,"href":"https:\/\/www.biocontact.info\/en\/wp-json\/wp\/v2\/pages\/803\/revisions"}],"wp:featuredmedia":[{"embeddable":true,"href":"https:\/\/www.biocontact.info\/en\/wp-json\/wp\/v2\/media\/786"}],"wp:attachment":[{"href":"https:\/\/www.biocontact.info\/en\/wp-json\/wp\/v2\/media?parent=803"}],"curies":[{"name":"wp","href":"https:\/\/api.w.org\/{rel}","templated":true}]}}