{"id":790,"date":"2018-10-22T18:03:13","date_gmt":"2018-10-22T16:03:13","guid":{"rendered":"https:\/\/biocontact.info\/en\/messevorbereitung-0-2\/"},"modified":"2018-10-22T18:03:13","modified_gmt":"2018-10-22T16:03:13","slug":"messevorbereitung-0-2","status":"publish","type":"page","link":"https:\/\/www.biocontact.info\/en\/messevorbereitung-0-2\/","title":{"rendered":"Messevorbereitung"},"content":{"rendered":"<p>Um einen m\u00f6glichst guten Eindruck bei den potenziellen neuen Arbeitgebern auf der Messe zu hinterlassen und auch sonst einen \u00dcberblick \u00fcber die besten Tipps und Tricks zu bekommen, haben wir einen kleinen Guide f\u00fcr Ihren perfekten Besuch auf der CONTACT2019&nbsp;zusammengestellt.<\/p>\r\n\r\n<p>Falls Sie noch zus\u00e4tzliche Hilfe ben\u00f6tigen, k\u00f6nnen Sie&nbsp;gerne an unseren <strong>Messevorbereitungskursen <\/strong>teilnehmen. Eine Liste der diesj\u00e4hrigen Kurse und die Anmeldung finden Sie <a href=\"https:\/\/www.biocontact.info\/messevorbereitungskurse-2\">hier<\/a>.<\/p>\r\n\r\n<h3>Perfekte Vorbereitung<\/h3>\r\n\r\n<p>Unsere Messe-Website und der Messekatalog liefern Ihnen alle Infos \u00fcber die Unternehmen, die an der CONTACT2019&nbsp;pr\u00e4sent sein werden. Mit Hilfe von ausf\u00fchrlichen Unternehmensprofilen erfahren Sie alle wichtigen Details \u00fcber die Unternehmen und k\u00f6nnen sich auf den weiterf\u00fchrenden Links und ihren Social Media Pr\u00e4senzen Ihr eigenes Bild machen.<\/p>\r\n\r\n<p>Bevor Sie auf die Repr\u00e4sentanten der Firmen zugehen, sollten Sie sich&nbsp;Gedanken dar\u00fcber machen, was Sie sich von einem Gespr\u00e4ch erhoffen. Wollen Sie ein erstes Gef\u00fchl f\u00fcr das Unternehmen als (Einstiegs-)Arbeitgeber bekommen, Ihre Master- oder Doktorarbeit dort schreiben oder ein Praktikum machen? An dieses Ziel angepasst, sollten Sie sich entsprechend vorbereiten.<\/p>\r\n\r\n<h3>Perfekte Firmenauswahl<\/h3>\r\n\r\n<p>Die beste Strategie, um seine Messeziele zu erreichen ist es, eine Priorit\u00e4tsliste Ihrer bevorzugten Unternehmen zu erstellen. Nehmen Sie sich nicht zu viel vor, sondern konzentrieren Sie sich auf h\u00f6chstens f\u00fcnf Firmen, die Ihnen besonders zusagen. Dann starten Sie mit dem niedrigsten Unternehmen und arbeiten sich in umgekehrter Reihenfolge in der Liste hinauf. Wenn Sie dann bei Ihrer Traumfirma angekommen sind, haben Sie schon bis zu vier andere Gespr\u00e4che gemeistert und konnten sich die bestm\u00f6glichen Fragen und Antworten \u00fcberlegen.<\/p>\r\n\r\n<p>Hierbei ist es besonders wichtig im Voraus ein paar Fakten \u00fcber die Wunschfirmen zu recherchieren. Informieren Sie sich \u00fcber die aktuelle Finanzlage, welche neuen Pr\u00e4parate, Dienstleistungen etc. in naher Zukunft geplant sind und ob die Unternehmensphilosophien mit Ihren eigenen Werten \u00fcbereinstimmen. Hierf\u00fcr k\u00f6nnen Sie unsere Unternehmensprofile verwenden oder sich auf den Firmen-Websites oder in Wirtschaftsjournalen schlau machen.<\/p>\r\n\r\n<h3>Perfekter Messetag<\/h3>\r\n\r\n<p>Am Messetag selbst sollten Sie mindestens die Anzahl an Bewerbungsmappen parat haben, mit der Sie aktiv bei Unternehmen anfragen wollen. Am besten ist es, wenn Sie schon vorher herausgefunden haben, wer der entsprechende Ansprechpartner ist und Ihr Anschreiben dementsprechend angepasst haben. Die Bewerbungsunterlagen sind Ihr Portfolio mit dem Sie sich auf der Messe pr\u00e4sentieren - also nehmen Sie sich die Zeit, um sie m\u00f6glichst professionell zu gestalten.<\/p>\r\n\r\n<p>Bez\u00fcglich Ihres Outfits sollten Sie sich eines Bewerbungsgespr\u00e4chs angemessen kleiden. Wir empfehlen das sogenannte \u201ebusiness casual\u201c. Hierbei m\u00fcssen Sie nicht komplett in Anzug und Krawatte bei den Herren oder im Hosenanzug bei den Frauen erscheinen, sondern k\u00f6nnen zu einem Hemd in dezenten Farben oder einer schlichten Bluse greifen. Kombinieren k\u00f6nnen Sie das mit einer Baumwoll- oder Chinohose. die Damen auch gerne mit einem knielangen Rock. Das wichtigste ist, dass Sie sich wohlf\u00fchlen und ein gewisses Ma\u00df an Professionalit\u00e4t an den Tag legen.<\/p>\r\n\r\n<h3>Perfekte Gespr\u00e4chsthemen<\/h3>\r\n\r\n<p>Suchen Sie auf der Messe einen freien Personaler und stellen Sie sich am besten mit Namen, Studiengang und dem Zweck dieses Gespr\u00e4ches vor. Seien Sie enthusiastisch \u00fcber das Unternehmen und versuchen Sie Floskeln zu vermeiden. Versuchen Sie das Gespr\u00e4ch so zu lenken, dass Sie \u00fcber Ihre bisherigen Erfahrungen sprechen k\u00f6nnen, die f\u00fcr den potenziellen Arbeitgeber relevant sein k\u00f6nnten. Trauen Sie sich auch Fragen zu stellen! Wenn diese richtig formuliert und zum passenden Zeitpunkt angebracht werden, kann das durchaus Pluspunkte bringen.<\/p>\r\n\r\n<h3>Perfekte Nachbereitung<\/h3>\r\n\r\n<p>Nach jedem Gespr\u00e4ch sollten Sie sich kurz notieren, wie das Gespr\u00e4ch gelaufen ist und was Sie hieraus mitnehmen konnten. Machen Sie sich auch klar, welche weiteren Schritte besprochen wurden und ob Sie versprochen haben, noch weitere Unterlagen zu senden oder das Unternehmen anderweitig zu kontaktieren. Dies ist insbesondere wichtig, falls Sie von einem Personaler oder Vertreter pers\u00f6nliche Kontaktdaten erhalten haben. Senden Sie ihnen gerne eine E-Mail, in der Sie sich f\u00fcr das interessante Gespr\u00e4ch bedanken. Wenn Sie daraufhin mehrere Wochen keine Antwort erhalten, k\u00f6nnen Sie auch telefonisch Kontakt aufnehmen.<\/p>\r\n\r\n<h2><em>Viel Erfolg!&nbsp;<\/em><\/h2>\r\n","protected":false},"excerpt":{"rendered":"<p>Um einen m\u00f6glichst guten Eindruck bei den potenziellen neuen Arbeitgebern auf der Messe zu hinterlassen und auch sonst einen \u00dcberblick \u00fcber die besten Tipps und Tricks zu bekommen, haben wir<\/p>\n","protected":false},"author":1,"featured_media":0,"parent":0,"menu_order":0,"comment_status":"closed","ping_status":"closed","template":"","meta":{"_eb_attr":"","_breakdance_hide_in_design_set":false,"_breakdance_tags":"","footnotes":""},"class_list":["post-790","page","type-page","status-publish","hentry"],"yoast_head":"<!-- This site is optimized with the Yoast SEO plugin v27.5 - https:\/\/yoast.com\/product\/yoast-seo-wordpress\/ -->\n<title>Messevorbereitung - BioContact e.V. (English)<\/title>\n<meta name=\"robots\" content=\"index, follow, max-snippet:-1, max-image-preview:large, max-video-preview:-1\" \/>\n<link rel=\"canonical\" href=\"https:\/\/biocontact.ci-commerce.com\/en\/messevorbereitung-0-2\/\" \/>\n<meta property=\"og:locale\" content=\"en_GB\" \/>\n<meta property=\"og:type\" content=\"article\" \/>\n<meta property=\"og:title\" content=\"Messevorbereitung - BioContact e.V. (English)\" \/>\n<meta property=\"og:description\" content=\"Um einen m\u00f6glichst guten Eindruck bei den potenziellen neuen Arbeitgebern auf der Messe zu hinterlassen und auch sonst einen \u00dcberblick \u00fcber die besten Tipps und Tricks zu bekommen, haben wir\" \/>\n<meta property=\"og:url\" content=\"https:\/\/biocontact.ci-commerce.com\/en\/messevorbereitung-0-2\/\" \/>\n<meta property=\"og:site_name\" content=\"BioContact e.V. (English)\" \/>\n<meta name=\"twitter:card\" content=\"summary_large_image\" \/>\n<meta name=\"twitter:label1\" content=\"Estimated reading time\" \/>\n\t<meta name=\"twitter:data1\" content=\"3 minutes\" \/>\n<script type=\"application\/ld+json\" class=\"yoast-schema-graph\">{\"@context\":\"https:\\\/\\\/schema.org\",\"@graph\":[{\"@type\":\"WebPage\",\"@id\":\"https:\\\/\\\/biocontact.ci-commerce.com\\\/en\\\/messevorbereitung-0-2\\\/\",\"url\":\"https:\\\/\\\/biocontact.ci-commerce.com\\\/en\\\/messevorbereitung-0-2\\\/\",\"name\":\"Messevorbereitung - BioContact e.V. (English)\",\"isPartOf\":{\"@id\":\"https:\\\/\\\/biocontact.ci-commerce.com\\\/en\\\/#website\"},\"datePublished\":\"2018-10-22T16:03:13+00:00\",\"breadcrumb\":{\"@id\":\"https:\\\/\\\/biocontact.ci-commerce.com\\\/en\\\/messevorbereitung-0-2\\\/#breadcrumb\"},\"inLanguage\":\"en-GB\",\"potentialAction\":[{\"@type\":\"ReadAction\",\"target\":[\"https:\\\/\\\/biocontact.ci-commerce.com\\\/en\\\/messevorbereitung-0-2\\\/\"]}]},{\"@type\":\"BreadcrumbList\",\"@id\":\"https:\\\/\\\/biocontact.ci-commerce.com\\\/en\\\/messevorbereitung-0-2\\\/#breadcrumb\",\"itemListElement\":[{\"@type\":\"ListItem\",\"position\":1,\"name\":\"Startseite\",\"item\":\"https:\\\/\\\/www.biocontact.info\\\/en\\\/\"},{\"@type\":\"ListItem\",\"position\":2,\"name\":\"Messevorbereitung\"}]},{\"@type\":\"WebSite\",\"@id\":\"https:\\\/\\\/biocontact.ci-commerce.com\\\/en\\\/#website\",\"url\":\"https:\\\/\\\/biocontact.ci-commerce.com\\\/en\\\/\",\"name\":\"BioContact e.V. (English)\",\"description\":\"We network science and industry\",\"potentialAction\":[{\"@type\":\"SearchAction\",\"target\":{\"@type\":\"EntryPoint\",\"urlTemplate\":\"https:\\\/\\\/biocontact.ci-commerce.com\\\/en\\\/?s={search_term_string}\"},\"query-input\":{\"@type\":\"PropertyValueSpecification\",\"valueRequired\":true,\"valueName\":\"search_term_string\"}}],\"inLanguage\":\"en-GB\"}]}<\/script>\n<!-- \/ Yoast SEO plugin. -->","yoast_head_json":{"title":"Messevorbereitung - BioContact e.V. (English)","robots":{"index":"index","follow":"follow","max-snippet":"max-snippet:-1","max-image-preview":"max-image-preview:large","max-video-preview":"max-video-preview:-1"},"canonical":"https:\/\/biocontact.ci-commerce.com\/en\/messevorbereitung-0-2\/","og_locale":"en_GB","og_type":"article","og_title":"Messevorbereitung - BioContact e.V. (English)","og_description":"Um einen m\u00f6glichst guten Eindruck bei den potenziellen neuen Arbeitgebern auf der Messe zu hinterlassen und auch sonst einen \u00dcberblick \u00fcber die besten Tipps und Tricks zu bekommen, haben wir","og_url":"https:\/\/biocontact.ci-commerce.com\/en\/messevorbereitung-0-2\/","og_site_name":"BioContact e.V. (English)","twitter_card":"summary_large_image","twitter_misc":{"Estimated reading time":"3 minutes"},"schema":{"@context":"https:\/\/schema.org","@graph":[{"@type":"WebPage","@id":"https:\/\/biocontact.ci-commerce.com\/en\/messevorbereitung-0-2\/","url":"https:\/\/biocontact.ci-commerce.com\/en\/messevorbereitung-0-2\/","name":"Messevorbereitung - BioContact e.V. (English)","isPartOf":{"@id":"https:\/\/biocontact.ci-commerce.com\/en\/#website"},"datePublished":"2018-10-22T16:03:13+00:00","breadcrumb":{"@id":"https:\/\/biocontact.ci-commerce.com\/en\/messevorbereitung-0-2\/#breadcrumb"},"inLanguage":"en-GB","potentialAction":[{"@type":"ReadAction","target":["https:\/\/biocontact.ci-commerce.com\/en\/messevorbereitung-0-2\/"]}]},{"@type":"BreadcrumbList","@id":"https:\/\/biocontact.ci-commerce.com\/en\/messevorbereitung-0-2\/#breadcrumb","itemListElement":[{"@type":"ListItem","position":1,"name":"Startseite","item":"https:\/\/www.biocontact.info\/en\/"},{"@type":"ListItem","position":2,"name":"Messevorbereitung"}]},{"@type":"WebSite","@id":"https:\/\/biocontact.ci-commerce.com\/en\/#website","url":"https:\/\/biocontact.ci-commerce.com\/en\/","name":"BioContact e.V. (English)","description":"We network science and industry","potentialAction":[{"@type":"SearchAction","target":{"@type":"EntryPoint","urlTemplate":"https:\/\/biocontact.ci-commerce.com\/en\/?s={search_term_string}"},"query-input":{"@type":"PropertyValueSpecification","valueRequired":true,"valueName":"search_term_string"}}],"inLanguage":"en-GB"}]}},"_links":{"self":[{"href":"https:\/\/www.biocontact.info\/en\/wp-json\/wp\/v2\/pages\/790","targetHints":{"allow":["GET"]}}],"collection":[{"href":"https:\/\/www.biocontact.info\/en\/wp-json\/wp\/v2\/pages"}],"about":[{"href":"https:\/\/www.biocontact.info\/en\/wp-json\/wp\/v2\/types\/page"}],"author":[{"embeddable":true,"href":"https:\/\/www.biocontact.info\/en\/wp-json\/wp\/v2\/users\/1"}],"replies":[{"embeddable":true,"href":"https:\/\/www.biocontact.info\/en\/wp-json\/wp\/v2\/comments?post=790"}],"version-history":[{"count":0,"href":"https:\/\/www.biocontact.info\/en\/wp-json\/wp\/v2\/pages\/790\/revisions"}],"wp:attachment":[{"href":"https:\/\/www.biocontact.info\/en\/wp-json\/wp\/v2\/media?parent=790"}],"curies":[{"name":"wp","href":"https:\/\/api.w.org\/{rel}","templated":true}]}}