{"id":784,"date":"2018-10-26T12:51:22","date_gmt":"2018-10-26T10:51:22","guid":{"rendered":"https:\/\/biocontact.info\/en\/informationen-fuer-besucher\/"},"modified":"2018-10-26T12:51:22","modified_gmt":"2018-10-26T10:51:22","slug":"informationen-fuer-besucher","status":"publish","type":"page","link":"https:\/\/www.biocontact.info\/en\/informationen-fuer-besucher\/","title":{"rendered":"Informationen f\u00fcr Besucher"},"content":{"rendered":"<p><strong>Kn\u00fcpfen Sie Kontakte und planen Sie Ihre Karriere auf der CONTACT2022!<\/strong><\/p>\r\n\r\n<p>Sie sind Student, Doktorand, Absolvent, Young Professional oder labortechnischer Mitarbeiter im Bereich der Life Sciences?<\/p>\r\n\r\n<p>Dann besuchen Sie am&nbsp;<strong>04. Mai 2022<\/strong>&nbsp;die Life&nbsp;Science Jobmesse&nbsp;CONTACT2022 am Deutschen Krebsforschungszentrum (DKFZ) in Heidelberg und legen Sie hier den Grundstein f\u00fcr Ihre Karriere.<\/p>\r\n\r\n<p>In entspannter Atmosph\u00e4re gibt es in der Zeit von&nbsp;<strong>09.00 bis 17.00 Uhr&nbsp;<\/strong>eine Vielzahl von Informationen zum Berufseinstieg aus erster Hand. Nutzen Sie die Chance mit bekannte Unternehmen der Life Science Branche, des Consultings, Wissenschaftsverlagen oder innovativen Startup Unternehmen in Kontakt zu treten -&nbsp;das alles&nbsp;kostenfrei.<\/p>\r\n\r\n<p>Durch attraktive<strong>&nbsp;Vortr\u00e4ge &amp; Workshops<\/strong>&nbsp;erfahren Sie alles n\u00f6tige f\u00fcr Ihre zuk\u00fcnftige Karriere. Bei unserem&nbsp;<strong>kostenlosen&nbsp;Bewerbungsmappencheck<\/strong>&nbsp;verleihen wir Ihren Unterlagen zudem den letzten Schliff.<\/p>\r\n\r\n<p>Wir freuen uns Sie auf der CONTACT2022 begr\u00fc\u00dfen zu d\u00fcrfen!<\/p>\r\n\r\n<p>&nbsp;<\/p>\r\n\r\n<p><strong>FAQs<\/strong><\/p>\r\n\r\n<p><strong>Muss ich mich f\u00fcr die CONTACT registrieren?<\/strong><\/p>\r\n\r\n<p>Da wir uns wegen der Pandemie immer noch einschr\u00e4nken m\u00fcssen, wird die CONTACT2022 unter <strong>3G-Regelungen mit FFP2-Maske<\/strong> stattfinden. Wir bitten Sie daher, ein Impf- oder Genesenen-Nachweis und Ihren Personalausweis mitzubringen. Aus diesen Gr\u00fcnden wird der Zutritt zur Messe mit Hilfe eines Slot-Systems geregelt. Zuerst wird eine allgemeine Registrierung f\u00fcr die Messe stattfinden. Die Besucherzeiten werden vor Messestart ver\u00f6ffentlicht, sobald wir mehr \u00fcber die maximale Anzahl an BesucherInnen wissen. Die Registrierung f\u00fcr das begleitende Programm der CONTACT2022 ist unabh\u00e4ngig von der Messeregistrierung m\u00f6glich.<\/p>\r\n\r\n<p><strong>Die Registrierung erfolgt \u00fcber diesen Link<a href=\"https:\/\/indico.dkfz.de\/event\/502\/overview\">&nbsp;https:\/\/indico.dkfz.de\/event\/502\/overview<\/a><\/strong><\/p>\r\n\r\n<p><strong>Muss ich eine Geb\u00fchr f\u00fcr die Teilnahme bezahlen?<\/strong><\/p>\r\n\r\n<p>Nein, der Eintritt zur CONTACT ist kostenlos.&nbsp;<\/p>\r\n\r\n<p><strong>Wie finde ich Unternehmen, die f\u00fcr mich geeignete Stellen anbieten?<\/strong><\/p>\r\n\r\n<p>Bitte schauen Sie im Messekatalog oder auf unserer Homepage die Unternehmensseiten an.<\/p>\r\n\r\n<p><strong>Sind Parkpl\u00e4tze verf\u00fcgbar?<\/strong><\/p>\r\n\r\n<p>Kostenpflichtige Parkpl\u00e4tze sind auf dem Campus im Neuenheimer Feld verf\u00fcgbar. Wegen begrenzter Parkpl\u00e4tze empfehlen wir \u00f6ffentlichen Verkehrsmittel zu benutzen. Kostenlose Parkpl\u00e4tze sind auf dem Campus allgemein nicht verf\u00fcgbar.<\/p>\r\n\r\n<p><strong>Wird es eine Garderobe auf der CONTACT geben?<\/strong><\/p>\r\n\r\n<p>Da wir begrenzten Raum haben, k\u00f6nnen wir keine Garderobe anbieten. Bitte beachten Sie, dass die BioContact e.V. nicht f\u00fcr verlorene oder gestohlene pers\u00f6nliche Gegenst\u00e4nde haftet.<\/p>\r\n","protected":false},"excerpt":{"rendered":"<p>Kn\u00fcpfen Sie Kontakte und planen Sie Ihre Karriere auf der CONTACT2022! Sie sind Student, Doktorand, Absolvent, Young Professional oder labortechnischer Mitarbeiter im Bereich der Life Sciences? Dann besuchen Sie am&nbsp;04.<\/p>\n","protected":false},"author":1,"featured_media":0,"parent":0,"menu_order":0,"comment_status":"closed","ping_status":"closed","template":"","meta":{"_eb_attr":"","_breakdance_hide_in_design_set":false,"_breakdance_tags":"","footnotes":""},"class_list":["post-784","page","type-page","status-publish","hentry"],"yoast_head":"<!-- This site is optimized with the Yoast SEO plugin v27.5 - https:\/\/yoast.com\/product\/yoast-seo-wordpress\/ -->\n<title>Informationen f\u00fcr Besucher - BioContact e.V. (English)<\/title>\n<meta name=\"robots\" content=\"index, follow, max-snippet:-1, max-image-preview:large, max-video-preview:-1\" \/>\n<link rel=\"canonical\" href=\"https:\/\/biocontact.ci-commerce.com\/en\/informationen-fuer-besucher\/\" \/>\n<meta property=\"og:locale\" content=\"en_GB\" \/>\n<meta property=\"og:type\" content=\"article\" \/>\n<meta property=\"og:title\" content=\"Informationen f\u00fcr Besucher - BioContact e.V. (English)\" \/>\n<meta property=\"og:description\" content=\"Kn\u00fcpfen Sie Kontakte und planen Sie Ihre Karriere auf der CONTACT2022! Sie sind Student, Doktorand, Absolvent, Young Professional oder labortechnischer Mitarbeiter im Bereich der Life Sciences? Dann besuchen Sie am&nbsp;04.\" \/>\n<meta property=\"og:url\" content=\"https:\/\/biocontact.ci-commerce.com\/en\/informationen-fuer-besucher\/\" \/>\n<meta property=\"og:site_name\" content=\"BioContact e.V. (English)\" \/>\n<meta name=\"twitter:card\" content=\"summary_large_image\" \/>\n<meta name=\"twitter:label1\" content=\"Estimated reading time\" \/>\n\t<meta name=\"twitter:data1\" content=\"2 minutes\" \/>\n<script type=\"application\/ld+json\" class=\"yoast-schema-graph\">{\"@context\":\"https:\\\/\\\/schema.org\",\"@graph\":[{\"@type\":\"WebPage\",\"@id\":\"https:\\\/\\\/biocontact.ci-commerce.com\\\/en\\\/informationen-fuer-besucher\\\/\",\"url\":\"https:\\\/\\\/biocontact.ci-commerce.com\\\/en\\\/informationen-fuer-besucher\\\/\",\"name\":\"Informationen f\u00fcr Besucher - BioContact e.V. (English)\",\"isPartOf\":{\"@id\":\"https:\\\/\\\/biocontact.ci-commerce.com\\\/en\\\/#website\"},\"datePublished\":\"2018-10-26T10:51:22+00:00\",\"breadcrumb\":{\"@id\":\"https:\\\/\\\/biocontact.ci-commerce.com\\\/en\\\/informationen-fuer-besucher\\\/#breadcrumb\"},\"inLanguage\":\"en-GB\",\"potentialAction\":[{\"@type\":\"ReadAction\",\"target\":[\"https:\\\/\\\/biocontact.ci-commerce.com\\\/en\\\/informationen-fuer-besucher\\\/\"]}]},{\"@type\":\"BreadcrumbList\",\"@id\":\"https:\\\/\\\/biocontact.ci-commerce.com\\\/en\\\/informationen-fuer-besucher\\\/#breadcrumb\",\"itemListElement\":[{\"@type\":\"ListItem\",\"position\":1,\"name\":\"Startseite\",\"item\":\"https:\\\/\\\/www.biocontact.info\\\/en\\\/\"},{\"@type\":\"ListItem\",\"position\":2,\"name\":\"Informationen f\u00fcr Besucher\"}]},{\"@type\":\"WebSite\",\"@id\":\"https:\\\/\\\/biocontact.ci-commerce.com\\\/en\\\/#website\",\"url\":\"https:\\\/\\\/biocontact.ci-commerce.com\\\/en\\\/\",\"name\":\"BioContact e.V. (English)\",\"description\":\"We network science and industry\",\"potentialAction\":[{\"@type\":\"SearchAction\",\"target\":{\"@type\":\"EntryPoint\",\"urlTemplate\":\"https:\\\/\\\/biocontact.ci-commerce.com\\\/en\\\/?s={search_term_string}\"},\"query-input\":{\"@type\":\"PropertyValueSpecification\",\"valueRequired\":true,\"valueName\":\"search_term_string\"}}],\"inLanguage\":\"en-GB\"}]}<\/script>\n<!-- \/ Yoast SEO plugin. -->","yoast_head_json":{"title":"Informationen f\u00fcr Besucher - BioContact e.V. (English)","robots":{"index":"index","follow":"follow","max-snippet":"max-snippet:-1","max-image-preview":"max-image-preview:large","max-video-preview":"max-video-preview:-1"},"canonical":"https:\/\/biocontact.ci-commerce.com\/en\/informationen-fuer-besucher\/","og_locale":"en_GB","og_type":"article","og_title":"Informationen f\u00fcr Besucher - BioContact e.V. (English)","og_description":"Kn\u00fcpfen Sie Kontakte und planen Sie Ihre Karriere auf der CONTACT2022! Sie sind Student, Doktorand, Absolvent, Young Professional oder labortechnischer Mitarbeiter im Bereich der Life Sciences? Dann besuchen Sie am&nbsp;04.","og_url":"https:\/\/biocontact.ci-commerce.com\/en\/informationen-fuer-besucher\/","og_site_name":"BioContact e.V. (English)","twitter_card":"summary_large_image","twitter_misc":{"Estimated reading time":"2 minutes"},"schema":{"@context":"https:\/\/schema.org","@graph":[{"@type":"WebPage","@id":"https:\/\/biocontact.ci-commerce.com\/en\/informationen-fuer-besucher\/","url":"https:\/\/biocontact.ci-commerce.com\/en\/informationen-fuer-besucher\/","name":"Informationen f\u00fcr Besucher - BioContact e.V. (English)","isPartOf":{"@id":"https:\/\/biocontact.ci-commerce.com\/en\/#website"},"datePublished":"2018-10-26T10:51:22+00:00","breadcrumb":{"@id":"https:\/\/biocontact.ci-commerce.com\/en\/informationen-fuer-besucher\/#breadcrumb"},"inLanguage":"en-GB","potentialAction":[{"@type":"ReadAction","target":["https:\/\/biocontact.ci-commerce.com\/en\/informationen-fuer-besucher\/"]}]},{"@type":"BreadcrumbList","@id":"https:\/\/biocontact.ci-commerce.com\/en\/informationen-fuer-besucher\/#breadcrumb","itemListElement":[{"@type":"ListItem","position":1,"name":"Startseite","item":"https:\/\/www.biocontact.info\/en\/"},{"@type":"ListItem","position":2,"name":"Informationen f\u00fcr Besucher"}]},{"@type":"WebSite","@id":"https:\/\/biocontact.ci-commerce.com\/en\/#website","url":"https:\/\/biocontact.ci-commerce.com\/en\/","name":"BioContact e.V. (English)","description":"We network science and industry","potentialAction":[{"@type":"SearchAction","target":{"@type":"EntryPoint","urlTemplate":"https:\/\/biocontact.ci-commerce.com\/en\/?s={search_term_string}"},"query-input":{"@type":"PropertyValueSpecification","valueRequired":true,"valueName":"search_term_string"}}],"inLanguage":"en-GB"}]}},"_links":{"self":[{"href":"https:\/\/www.biocontact.info\/en\/wp-json\/wp\/v2\/pages\/784","targetHints":{"allow":["GET"]}}],"collection":[{"href":"https:\/\/www.biocontact.info\/en\/wp-json\/wp\/v2\/pages"}],"about":[{"href":"https:\/\/www.biocontact.info\/en\/wp-json\/wp\/v2\/types\/page"}],"author":[{"embeddable":true,"href":"https:\/\/www.biocontact.info\/en\/wp-json\/wp\/v2\/users\/1"}],"replies":[{"embeddable":true,"href":"https:\/\/www.biocontact.info\/en\/wp-json\/wp\/v2\/comments?post=784"}],"version-history":[{"count":0,"href":"https:\/\/www.biocontact.info\/en\/wp-json\/wp\/v2\/pages\/784\/revisions"}],"wp:attachment":[{"href":"https:\/\/www.biocontact.info\/en\/wp-json\/wp\/v2\/media?parent=784"}],"curies":[{"name":"wp","href":"https:\/\/api.w.org\/{rel}","templated":true}]}}