{"id":782,"date":"2018-10-22T18:24:09","date_gmt":"2018-10-22T16:24:09","guid":{"rendered":"https:\/\/biocontact.info\/en\/vortragsprogramm-contact2019\/"},"modified":"2018-10-22T18:24:09","modified_gmt":"2018-10-22T16:24:09","slug":"vortragsprogramm-contact2019","status":"publish","type":"page","link":"https:\/\/www.biocontact.info\/en\/vortragsprogramm-contact2019\/","title":{"rendered":"Vortragsprogramm auf der CONTACT2019"},"content":{"rendered":"<p>Neben zahlreichen Messest\u00e4nden bietet die CONTACT2019 mit einem vielseitigen Vortragsprogramm Besuchern die M\u00f6glichkeit, sich \u00fcber die verschiedenen Aspekte rund um den Berufseinstieg, Karrierem\u00f6glichkeiten und Perspektiven in der Life Science Branche zu informieren. Die ausstellenden Firmen werden dabei ihr Unternehmen in halbst\u00fcndigen Vortr\u00e4gen vorstellen. Zudem laden wir externe Referenten ein, die mit ihren Vortr\u00e4gen zus\u00e4tzliche Themenbereiche abdecken.<\/p>\r\n\r\n<p>Auch dieses Jahr bieten wir unseren internationalen Besucher\/innen simultane \u00dcbersetzungen aller Vortr\u00e4ge im H\u00f6rsaal EG ins Englische.<\/p>\r\n\r\n<h2>Vortragsprogramm<\/h2>\r\n\r\n<h3>&nbsp;<\/h3>\r\n\r\n<h3>H\u00f6rsaal EG<\/h3>\r\n\r\n<table border=\"1\" cellpadding=\"1\" cellspacing=\"1\" dir=\"ltr\" style=\"width:700px\">\r\n\t<tbody>\r\n\t\t<tr>\r\n\t\t\t<td>9.45-10.30<\/td>\r\n\t\t\t<td>\r\n\t\t\t<p><strong>Welcome <\/strong>by BioContact e.V. and Prof. Michael Boutros | DKFZ <img loading=\"lazy\" decoding=\"async\" class=\" size-full wp-image-780\" alt=\"\" src=\"https:\/\/biocontact.ci-commerce.comen\/wp-content\/uploads\/sites\/2\/2018\/10\/pictures_Vereinslogos_100px-flag_of_the_united_kingdom.png\" style=\"height:10px; width:20px\" width=\"100\" height=\"50\" \/><br \/>\r\n\t\t\t<strong>Roche Diagnostics GmbH <\/strong>| Eva Lobentanz: <em>Roche a great place to work <img loading=\"lazy\" decoding=\"async\" class=\" size-full wp-image-780\" alt=\"\" src=\"https:\/\/biocontact.ci-commerce.comen\/wp-content\/uploads\/sites\/2\/2018\/10\/pictures_Vereinslogos_100px-flag_of_the_united_kingdom.png\" style=\"height:10px; width:20px\" width=\"100\" height=\"50\" \/><\/em><\/p>\r\n\t\t\t<\/td>\r\n\t\t<\/tr>\r\n\t\t<tr>\r\n\t\t\t<td>10.30-11.00<\/td>\r\n\t\t\t<td><strong>agap2 <\/strong>| Dr.-Ing. Alexander Pfriem<br \/>\r\n\t\t\t<em>agap2career<\/em> <img loading=\"lazy\" decoding=\"async\" class=\" size-full wp-image-781\" alt=\"\" src=\"https:\/\/biocontact.ci-commerce.comen\/wp-content\/uploads\/sites\/2\/2018\/10\/pictures_Vereinslogos_100px-flag_of_germany.png\" style=\"height:12px; width:20px\" width=\"100\" height=\"60\" \/><\/td>\r\n\t\t<\/tr>\r\n\t\t<tr>\r\n\t\t\t<td>11.00-11.30<\/td>\r\n\t\t\t<td><strong>PPD<\/strong>| &nbsp;Daniel Kreeb<br \/>\r\n\t\t\t<em>Careers in Clinical Research from the perspective of a Global CRO<\/em> <img loading=\"lazy\" decoding=\"async\" class=\" size-full wp-image-781\" alt=\"\" src=\"https:\/\/biocontact.ci-commerce.comen\/wp-content\/uploads\/sites\/2\/2018\/10\/pictures_Vereinslogos_100px-flag_of_germany.png\" style=\"height:12px; width:20px\" width=\"100\" height=\"60\" \/><\/td>\r\n\t\t<\/tr>\r\n\t\t<tr>\r\n\t\t\t<td>11.30-12.00<\/td>\r\n\t\t\t<td>\r\n\t\t\t<p><strong>Sanofi <\/strong>| Akos Szabari<br \/>\r\n\t\t\t<em>Sanofi \u2013 A worldleader in healthcare <img loading=\"lazy\" decoding=\"async\" class=\" size-full wp-image-780\" alt=\"\" src=\"https:\/\/biocontact.ci-commerce.comen\/wp-content\/uploads\/sites\/2\/2018\/10\/pictures_Vereinslogos_100px-flag_of_the_united_kingdom.png\" style=\"height:10px; width:20px\" width=\"100\" height=\"50\" \/><\/em><\/p>\r\n\t\t\t<\/td>\r\n\t\t<\/tr>\r\n\t\t<tr>\r\n\t\t\t<td>12.00-13.00<\/td>\r\n\t\t\t<td>Mittagspause<\/td>\r\n\t\t<\/tr>\r\n\t\t<tr>\r\n\t\t\t<td>13.00-13.30<\/td>\r\n\t\t\t<td>\r\n\t\t\t<p><strong>R-Biopharm<\/strong> | Dr. Katharina Arens<br \/>\r\n\t\t\t<em>Einstiegs- und Karrierem\u00f6glichkeiten bei R-Biopharm AG <\/em><img loading=\"lazy\" decoding=\"async\" class=\" size-full wp-image-781\" alt=\"\" src=\"https:\/\/biocontact.ci-commerce.comen\/wp-content\/uploads\/sites\/2\/2018\/10\/pictures_Vereinslogos_100px-flag_of_germany.png\" style=\"height:12px; width:20px\" width=\"100\" height=\"60\" \/><\/p>\r\n\t\t\t<\/td>\r\n\t\t<\/tr>\r\n\t\t<tr>\r\n\t\t\t<td>13.30-14.00<\/td>\r\n\t\t\t<td>\r\n\t\t\t<p><strong>Bayer <\/strong>| B\u00e4rbel Volkmann<br \/>\r\n\t\t\t<em>Passion to innovate \/\/ Power to change - Entry and career opportunities @ Bayer <\/em><img loading=\"lazy\" decoding=\"async\" class=\" size-full wp-image-780\" alt=\"\" src=\"https:\/\/biocontact.ci-commerce.comen\/wp-content\/uploads\/sites\/2\/2018\/10\/pictures_Vereinslogos_100px-flag_of_the_united_kingdom.png\" style=\"height:10px; width:20px\" width=\"100\" height=\"50\" \/><\/p>\r\n\t\t\t<\/td>\r\n\t\t<\/tr>\r\n\t\t<tr>\r\n\t\t\t<td>14.00-14.30<\/td>\r\n\t\t\t<td>\r\n\t\t\t<p><strong>Merck <\/strong>| Martina Kunze<br \/>\r\n\t\t\t<em>Join Merck <img loading=\"lazy\" decoding=\"async\" class=\" size-full wp-image-780\" alt=\"\" src=\"https:\/\/biocontact.ci-commerce.comen\/wp-content\/uploads\/sites\/2\/2018\/10\/pictures_Vereinslogos_100px-flag_of_the_united_kingdom.png\" style=\"height:10px; width:20px\" width=\"100\" height=\"50\" \/><\/em><\/p>\r\n\t\t\t<\/td>\r\n\t\t<\/tr>\r\n\t\t<tr>\r\n\t\t\t<td>14.30-15.00<\/td>\r\n\t\t\t<td>\r\n\t\t\t<p><strong>Jobvector<\/strong>| Anna Kr\u00fcger<br \/>\r\n\t\t\t<em>Welcher Job passt zu mir? - Perspektiven f\u00fcr Naturwissenschaftler<br \/>\r\n\t\t\tin Hightech-Branchen<\/em> <img loading=\"lazy\" decoding=\"async\" class=\" size-full wp-image-781\" alt=\"\" src=\"https:\/\/biocontact.ci-commerce.comen\/wp-content\/uploads\/sites\/2\/2018\/10\/pictures_Vereinslogos_100px-flag_of_germany.png\" style=\"height:12px; width:20px\" width=\"100\" height=\"60\" \/><\/p>\r\n\t\t\t<\/td>\r\n\t\t<\/tr>\r\n\t\t<tr>\r\n\t\t\t<td>15.00-16.00<\/td>\r\n\t\t\t<td><strong>Panel discussion <\/strong>| Sanofi, Roche in Deutschland, FIVE1, Ashfield, Vetter<br \/>\r\n\t\t\t<em>Career start - direct, on roundabout routes, just luck?&nbsp;<img loading=\"lazy\" decoding=\"async\" class=\" size-full wp-image-781\" alt=\"\" src=\"https:\/\/biocontact.ci-commerce.comen\/wp-content\/uploads\/sites\/2\/2018\/10\/pictures_Vereinslogos_100px-flag_of_germany.png\" style=\"height:12px; width:20px\" width=\"100\" height=\"60\" \/><\/em><\/td>\r\n\t\t<\/tr>\r\n\t\t<tr>\r\n\t\t\t<td>16.00-16.30<\/td>\r\n\t\t\t<td>\r\n\t\t\t<p><strong>McKinsey<\/strong>| Yannik Ehmann<br \/>\r\n\t\t\t<em>Why McKinsey?<\/em> <img loading=\"lazy\" decoding=\"async\" class=\" size-full wp-image-780\" alt=\"\" src=\"https:\/\/biocontact.ci-commerce.comen\/wp-content\/uploads\/sites\/2\/2018\/10\/pictures_Vereinslogos_100px-flag_of_the_united_kingdom.png\" style=\"height:10px; width:20px\" width=\"100\" height=\"50\" \/><\/p>\r\n\t\t\t<\/td>\r\n\t\t<\/tr>\r\n\t\t<tr>\r\n\t\t\t<td>16.30-17.00<\/td>\r\n\t\t\t<td>\r\n\t\t\t<p><strong>Landeskriminalamt Baden-W\u00fcrttemberg<\/strong> | Dr. Peter Zimmermann<br \/>\r\n\t\t\t<em>Naturwissenschaften in Ermittlungs- und Strafverfahren<\/em> <img loading=\"lazy\" decoding=\"async\" class=\" size-full wp-image-781\" alt=\"\" src=\"https:\/\/biocontact.ci-commerce.comen\/wp-content\/uploads\/sites\/2\/2018\/10\/pictures_Vereinslogos_100px-flag_of_germany.png\" style=\"height:12px; width:20px\" width=\"100\" height=\"60\" \/><\/p>\r\n\r\n\t\t\t<p><strong>F\u00e4llt aus!<\/strong><\/p>\r\n\t\t\t<\/td>\r\n\t\t<\/tr>\r\n\t<\/tbody>\r\n<\/table>\r\n\r\n<h3>&nbsp;<\/h3>\r\n\r\n<h3>H\u00f6rsaal OG<\/h3>\r\n\r\n<table border=\"1\" cellpadding=\"1\" cellspacing=\"1\" dir=\"ltr\" style=\"width:700px\">\r\n\t<tbody>\r\n\t\t<tr>\r\n\t\t\t<td>10.30-11.00&nbsp; &nbsp; &nbsp; &nbsp; &nbsp; &nbsp; &nbsp; &nbsp; &nbsp; &nbsp; &nbsp;<\/td>\r\n\t\t\t<td>\r\n\t\t\t<p><strong>Strategy&amp;<\/strong> | Alana Leslie Digby<br \/>\r\n\t\t\t<em>Re-imagine the #FutureOfHealth <img loading=\"lazy\" decoding=\"async\" class=\" size-full wp-image-780\" alt=\"\" src=\"https:\/\/biocontact.ci-commerce.comen\/wp-content\/uploads\/sites\/2\/2018\/10\/pictures_Vereinslogos_100px-flag_of_the_united_kingdom.png\" style=\"height:10px; width:20px\" width=\"100\" height=\"50\" \/><\/em><\/p>\r\n\t\t\t<\/td>\r\n\t\t<\/tr>\r\n\t\t<tr>\r\n\t\t\t<td>11.00-11.30<\/td>\r\n\t\t\t<td>\r\n\t\t\t<p><strong>GHG<\/strong> | Marco Bleistein<br \/>\r\n\t\t\t<em>Medical Evidence to Action <img loading=\"lazy\" decoding=\"async\" class=\" size-full wp-image-780\" alt=\"\" src=\"https:\/\/biocontact.ci-commerce.comen\/wp-content\/uploads\/sites\/2\/2018\/10\/pictures_Vereinslogos_100px-flag_of_the_united_kingdom.png\" style=\"height:10px; width:20px\" width=\"100\" height=\"50\" \/><\/em><\/p>\r\n\t\t\t<\/td>\r\n\t\t<\/tr>\r\n\t\t<tr>\r\n\t\t\t<td>11.30-12.00<\/td>\r\n\t\t\t<td>\r\n\t\t\t<p><strong>Vetter <\/strong>| Anna Lehmann<br \/>\r\n\t\t\t<em>Working at Vetter - a global leader in aseptic filling<\/em> <img loading=\"lazy\" decoding=\"async\" class=\" size-full wp-image-780\" alt=\"\" src=\"https:\/\/biocontact.ci-commerce.comen\/wp-content\/uploads\/sites\/2\/2018\/10\/pictures_Vereinslogos_100px-flag_of_the_united_kingdom.png\" style=\"height:10px; width:20px\" width=\"100\" height=\"50\" \/><\/p>\r\n\t\t\t<\/td>\r\n\t\t<\/tr>\r\n\t\t<tr>\r\n\t\t\t<td>12.00-12.30<\/td>\r\n\t\t\t<td>Mittagspause<\/td>\r\n\t\t<\/tr>\r\n\t\t<tr>\r\n\t\t\t<td>12.30-13.00<\/td>\r\n\t\t\t<td><strong>Novo Nordisk <\/strong>| Lee Milligan<br \/>\r\n\t\t\t<em>Novo Nordisk - A Danish Global Pharmaceutical Company<\/em> <img loading=\"lazy\" decoding=\"async\" class=\" size-full wp-image-780\" alt=\"\" src=\"https:\/\/biocontact.ci-commerce.comen\/wp-content\/uploads\/sites\/2\/2018\/10\/pictures_Vereinslogos_100px-flag_of_the_united_kingdom.png\" style=\"height:10px; width:20px\" width=\"100\" height=\"50\" \/><\/td>\r\n\t\t<\/tr>\r\n\t\t<tr>\r\n\t\t\t<td>13.00-13.30<\/td>\r\n\t\t\t<td><strong>PRA Health Sciences<\/strong>| Thorsten Irsch<br \/>\r\n\t\t\t<em>Real World Solutions in Clinical Research<\/em> <img loading=\"lazy\" decoding=\"async\" class=\" size-full wp-image-780\" alt=\"\" src=\"https:\/\/biocontact.ci-commerce.comen\/wp-content\/uploads\/sites\/2\/2018\/10\/pictures_Vereinslogos_100px-flag_of_the_united_kingdom.png\" style=\"height:10px; width:20px\" width=\"100\" height=\"50\" \/><\/td>\r\n\t\t<\/tr>\r\n\t\t<tr>\r\n\t\t\t<td>13.30-14.00<\/td>\r\n\t\t\t<td>\r\n\t\t\t<p><strong>Kanzlei ULLRICH &amp; NAUMANN<\/strong> | Dr. rer. nat. Daniel Schaft<br \/>\r\n\t\t\t<em>Kanzlei ULLRICH &amp; NAUMANN \u2028Patent attorney working at the interface of scientific innovation and commercialisation through the protection of intellectual property<\/em> <img loading=\"lazy\" decoding=\"async\" class=\" size-full wp-image-780\" alt=\"\" src=\"https:\/\/biocontact.ci-commerce.comen\/wp-content\/uploads\/sites\/2\/2018\/10\/pictures_Vereinslogos_100px-flag_of_the_united_kingdom.png\" style=\"height:10px; width:20px\" width=\"100\" height=\"50\" \/><\/p>\r\n\t\t\t<\/td>\r\n\t\t<\/tr>\r\n\t\t<tr>\r\n\t\t\t<td>14.00-15.00<\/td>\r\n\t\t\t<td>\r\n\t\t\t<p>Short Talks with<br \/>\r\n\t\t\t<strong>FIVE1<\/strong> | Benjamin Seeber:<br \/>\r\n\t\t\t<em>How data science drives&nbsp;the development of companies <img loading=\"lazy\" decoding=\"async\" class=\" size-full wp-image-780\" alt=\"\" src=\"https:\/\/biocontact.ci-commerce.comen\/wp-content\/uploads\/sites\/2\/2018\/10\/pictures_Vereinslogos_100px-flag_of_the_united_kingdom.png\" style=\"height:10px; width:20px\" width=\"100\" height=\"50\" \/><\/em><\/p>\r\n\r\n\t\t\t<p><strong>Ardigen <\/strong>| Piotr Radkowski:<br \/>\r\n\t\t\t<em>Artificial Intelligence and Bioinformatics in the fight against <\/em>cancer <img loading=\"lazy\" decoding=\"async\" class=\" size-full wp-image-780\" alt=\"\" src=\"https:\/\/biocontact.ci-commerce.comen\/wp-content\/uploads\/sites\/2\/2018\/10\/pictures_Vereinslogos_100px-flag_of_the_united_kingdom.png\" style=\"height:10px; width:20px\" width=\"100\" height=\"50\" \/><\/p>\r\n\r\n\t\t\t<p><strong>HMS<\/strong> | Johannes Schluchter:<br \/>\r\n\t\t\t<em>Wearables as instruments of medical prevention \u2013 apps, cloud and machine learning. <img loading=\"lazy\" decoding=\"async\" class=\" size-full wp-image-780\" alt=\"\" src=\"https:\/\/biocontact.ci-commerce.comen\/wp-content\/uploads\/sites\/2\/2018\/10\/pictures_Vereinslogos_100px-flag_of_the_united_kingdom.png\" style=\"height:10px; width:20px\" width=\"100\" height=\"50\" \/><\/em><\/p>\r\n\r\n\t\t\t<p><strong>PEPperPRINT<\/strong> | Myriam Friedel:<br \/>\r\n\t\t\t<em>Business development in a peptide microarray company - Between science and business <img loading=\"lazy\" decoding=\"async\" class=\" size-full wp-image-780\" alt=\"\" src=\"https:\/\/biocontact.ci-commerce.comen\/wp-content\/uploads\/sites\/2\/2018\/10\/pictures_Vereinslogos_100px-flag_of_the_united_kingdom.png\" style=\"height:10px; width:20px\" width=\"100\" height=\"50\" \/><\/em><\/p>\r\n\t\t\t<\/td>\r\n\t\t<\/tr>\r\n\t\t<tr>\r\n\t\t\t<td>15.00-15.30<\/td>\r\n\t\t\t<td><strong>DKFZ<\/strong> | Barbara Janssens<br \/>\r\n\t\t\t<em>Career Paths in the Life Sciences<\/em> <img loading=\"lazy\" decoding=\"async\" class=\" size-full wp-image-780\" alt=\"\" src=\"https:\/\/biocontact.ci-commerce.comen\/wp-content\/uploads\/sites\/2\/2018\/10\/pictures_Vereinslogos_100px-flag_of_the_united_kingdom.png\" style=\"height:10px; width:20px\" width=\"100\" height=\"50\" \/><\/td>\r\n\t\t<\/tr>\r\n\t\t<tr>\r\n\t\t\t<td>15.30-16.00<\/td>\r\n\t\t\t<td><strong>Spektrum der Wissenschaft Verlag <\/strong>|Lars Fischer and Michaela Maya-Mrschtik<br \/>\r\n\t\t\t<em>From the Lab to the Newsroom<\/em> <img loading=\"lazy\" decoding=\"async\" class=\" size-full wp-image-780\" alt=\"\" src=\"https:\/\/biocontact.ci-commerce.comen\/wp-content\/uploads\/sites\/2\/2018\/10\/pictures_Vereinslogos_100px-flag_of_the_united_kingdom.png\" style=\"height:10px; width:20px\" width=\"100\" height=\"50\" \/><\/td>\r\n\t\t<\/tr>\r\n\t\t<tr>\r\n\t\t\t<td>16.00-16.30<\/td>\r\n\t\t\t<td>\r\n\t\t\t<p><strong>Molecular Health <\/strong>| Dr. rer. nat. Peter Koch<br \/>\r\n\t\t\t<em>Molecular Health \u2013 Data-based solutions for precision medicine<\/em> <img loading=\"lazy\" decoding=\"async\" class=\" size-full wp-image-780\" alt=\"\" src=\"https:\/\/biocontact.ci-commerce.comen\/wp-content\/uploads\/sites\/2\/2018\/10\/pictures_Vereinslogos_100px-flag_of_the_united_kingdom.png\" style=\"height:10px; width:20px\" width=\"100\" height=\"50\" \/><\/p>\r\n\t\t\t<\/td>\r\n\t\t<\/tr>\r\n\t\t<tr>\r\n\t\t\t<td>\r\n\t\t\t<p>16:30-17:00<\/p>\r\n\t\t\t<\/td>\r\n\t\t\t<td>\r\n\t\t\t<p><strong>Miltenyi <\/strong>| Milena Block<br \/>\r\n\t\t\t<em>Make cancer history - working at Miltenyi Biotec<\/em> <img loading=\"lazy\" decoding=\"async\" class=\" size-full wp-image-780\" alt=\"\" src=\"https:\/\/biocontact.ci-commerce.comen\/wp-content\/uploads\/sites\/2\/2018\/10\/pictures_Vereinslogos_100px-flag_of_the_united_kingdom.png\" style=\"height:10px; width:20px\" width=\"100\" height=\"50\" \/><\/p>\r\n\t\t\t<\/td>\r\n\t\t<\/tr>\r\n\t<\/tbody>\r\n<\/table>\r\n","protected":false},"excerpt":{"rendered":"<p>Neben zahlreichen Messest\u00e4nden bietet die CONTACT2019 mit einem vielseitigen Vortragsprogramm Besuchern die M\u00f6glichkeit, sich \u00fcber die verschiedenen Aspekte rund um den Berufseinstieg, Karrierem\u00f6glichkeiten und Perspektiven in der Life Science Branche<\/p>\n","protected":false},"author":1,"featured_media":780,"parent":0,"menu_order":0,"comment_status":"closed","ping_status":"closed","template":"","meta":{"_eb_attr":"","_breakdance_hide_in_design_set":false,"_breakdance_tags":"","footnotes":""},"class_list":["post-782","page","type-page","status-publish","has-post-thumbnail","hentry"],"yoast_head":"<!-- This site is optimized with the Yoast SEO plugin v27.4 - https:\/\/yoast.com\/product\/yoast-seo-wordpress\/ -->\n<title>Vortragsprogramm auf der CONTACT2019 - BioContact e.V. (English)<\/title>\n<meta name=\"robots\" content=\"index, follow, max-snippet:-1, max-image-preview:large, max-video-preview:-1\" \/>\n<link rel=\"canonical\" href=\"https:\/\/biocontact.ci-commerce.com\/en\/vortragsprogramm-contact2019\/\" \/>\n<meta property=\"og:locale\" content=\"en_GB\" \/>\n<meta property=\"og:type\" content=\"article\" \/>\n<meta property=\"og:title\" content=\"Vortragsprogramm auf der CONTACT2019 - BioContact e.V. (English)\" \/>\n<meta property=\"og:description\" content=\"Neben zahlreichen Messest\u00e4nden bietet die CONTACT2019 mit einem vielseitigen Vortragsprogramm Besuchern die M\u00f6glichkeit, sich \u00fcber die verschiedenen Aspekte rund um den Berufseinstieg, Karrierem\u00f6glichkeiten und Perspektiven in der Life Science Branche\" \/>\n<meta property=\"og:url\" content=\"https:\/\/biocontact.ci-commerce.com\/en\/vortragsprogramm-contact2019\/\" \/>\n<meta property=\"og:site_name\" content=\"BioContact e.V. (English)\" \/>\n<meta property=\"og:image\" content=\"https:\/\/biocontact.ci-commerce.com\/en\/wp-content\/uploads\/sites\/2\/2018\/10\/pictures_Vereinslogos_100px-flag_of_the_united_kingdom.png\" \/>\n\t<meta property=\"og:image:width\" content=\"100\" \/>\n\t<meta property=\"og:image:height\" content=\"50\" \/>\n\t<meta property=\"og:image:type\" content=\"image\/png\" \/>\n<meta name=\"twitter:card\" content=\"summary_large_image\" \/>\n<meta name=\"twitter:label1\" content=\"Estimated reading time\" \/>\n\t<meta name=\"twitter:data1\" content=\"2 minutes\" \/>\n<script type=\"application\/ld+json\" class=\"yoast-schema-graph\">{\"@context\":\"https:\\\/\\\/schema.org\",\"@graph\":[{\"@type\":\"WebPage\",\"@id\":\"https:\\\/\\\/biocontact.ci-commerce.com\\\/en\\\/vortragsprogramm-contact2019\\\/\",\"url\":\"https:\\\/\\\/biocontact.ci-commerce.com\\\/en\\\/vortragsprogramm-contact2019\\\/\",\"name\":\"Vortragsprogramm auf der CONTACT2019 - BioContact e.V. (English)\",\"isPartOf\":{\"@id\":\"https:\\\/\\\/biocontact.ci-commerce.com\\\/en\\\/#website\"},\"primaryImageOfPage\":{\"@id\":\"https:\\\/\\\/biocontact.ci-commerce.com\\\/en\\\/vortragsprogramm-contact2019\\\/#primaryimage\"},\"image\":{\"@id\":\"https:\\\/\\\/biocontact.ci-commerce.com\\\/en\\\/vortragsprogramm-contact2019\\\/#primaryimage\"},\"thumbnailUrl\":\"https:\\\/\\\/www.biocontact.info\\\/en\\\/wp-content\\\/uploads\\\/sites\\\/2\\\/2018\\\/10\\\/pictures_Vereinslogos_100px-flag_of_the_united_kingdom.png\",\"datePublished\":\"2018-10-22T16:24:09+00:00\",\"breadcrumb\":{\"@id\":\"https:\\\/\\\/biocontact.ci-commerce.com\\\/en\\\/vortragsprogramm-contact2019\\\/#breadcrumb\"},\"inLanguage\":\"en-GB\",\"potentialAction\":[{\"@type\":\"ReadAction\",\"target\":[\"https:\\\/\\\/biocontact.ci-commerce.com\\\/en\\\/vortragsprogramm-contact2019\\\/\"]}]},{\"@type\":\"ImageObject\",\"inLanguage\":\"en-GB\",\"@id\":\"https:\\\/\\\/biocontact.ci-commerce.com\\\/en\\\/vortragsprogramm-contact2019\\\/#primaryimage\",\"url\":\"https:\\\/\\\/www.biocontact.info\\\/en\\\/wp-content\\\/uploads\\\/sites\\\/2\\\/2018\\\/10\\\/pictures_Vereinslogos_100px-flag_of_the_united_kingdom.png\",\"contentUrl\":\"https:\\\/\\\/www.biocontact.info\\\/en\\\/wp-content\\\/uploads\\\/sites\\\/2\\\/2018\\\/10\\\/pictures_Vereinslogos_100px-flag_of_the_united_kingdom.png\",\"width\":100,\"height\":50},{\"@type\":\"BreadcrumbList\",\"@id\":\"https:\\\/\\\/biocontact.ci-commerce.com\\\/en\\\/vortragsprogramm-contact2019\\\/#breadcrumb\",\"itemListElement\":[{\"@type\":\"ListItem\",\"position\":1,\"name\":\"Startseite\",\"item\":\"https:\\\/\\\/www.biocontact.info\\\/en\\\/\"},{\"@type\":\"ListItem\",\"position\":2,\"name\":\"Vortragsprogramm auf der CONTACT2019\"}]},{\"@type\":\"WebSite\",\"@id\":\"https:\\\/\\\/biocontact.ci-commerce.com\\\/en\\\/#website\",\"url\":\"https:\\\/\\\/biocontact.ci-commerce.com\\\/en\\\/\",\"name\":\"BioContact e.V. (English)\",\"description\":\"We network science and industry\",\"potentialAction\":[{\"@type\":\"SearchAction\",\"target\":{\"@type\":\"EntryPoint\",\"urlTemplate\":\"https:\\\/\\\/biocontact.ci-commerce.com\\\/en\\\/?s={search_term_string}\"},\"query-input\":{\"@type\":\"PropertyValueSpecification\",\"valueRequired\":true,\"valueName\":\"search_term_string\"}}],\"inLanguage\":\"en-GB\"}]}<\/script>\n<!-- \/ Yoast SEO plugin. -->","yoast_head_json":{"title":"Vortragsprogramm auf der CONTACT2019 - BioContact e.V. (English)","robots":{"index":"index","follow":"follow","max-snippet":"max-snippet:-1","max-image-preview":"max-image-preview:large","max-video-preview":"max-video-preview:-1"},"canonical":"https:\/\/biocontact.ci-commerce.com\/en\/vortragsprogramm-contact2019\/","og_locale":"en_GB","og_type":"article","og_title":"Vortragsprogramm auf der CONTACT2019 - BioContact e.V. (English)","og_description":"Neben zahlreichen Messest\u00e4nden bietet die CONTACT2019 mit einem vielseitigen Vortragsprogramm Besuchern die M\u00f6glichkeit, sich \u00fcber die verschiedenen Aspekte rund um den Berufseinstieg, Karrierem\u00f6glichkeiten und Perspektiven in der Life Science Branche","og_url":"https:\/\/biocontact.ci-commerce.com\/en\/vortragsprogramm-contact2019\/","og_site_name":"BioContact e.V. (English)","og_image":[{"width":100,"height":50,"url":"https:\/\/biocontact.ci-commerce.com\/en\/wp-content\/uploads\/sites\/2\/2018\/10\/pictures_Vereinslogos_100px-flag_of_the_united_kingdom.png","type":"image\/png"}],"twitter_card":"summary_large_image","twitter_misc":{"Estimated reading time":"2 minutes"},"schema":{"@context":"https:\/\/schema.org","@graph":[{"@type":"WebPage","@id":"https:\/\/biocontact.ci-commerce.com\/en\/vortragsprogramm-contact2019\/","url":"https:\/\/biocontact.ci-commerce.com\/en\/vortragsprogramm-contact2019\/","name":"Vortragsprogramm auf der CONTACT2019 - BioContact e.V. (English)","isPartOf":{"@id":"https:\/\/biocontact.ci-commerce.com\/en\/#website"},"primaryImageOfPage":{"@id":"https:\/\/biocontact.ci-commerce.com\/en\/vortragsprogramm-contact2019\/#primaryimage"},"image":{"@id":"https:\/\/biocontact.ci-commerce.com\/en\/vortragsprogramm-contact2019\/#primaryimage"},"thumbnailUrl":"https:\/\/www.biocontact.info\/en\/wp-content\/uploads\/sites\/2\/2018\/10\/pictures_Vereinslogos_100px-flag_of_the_united_kingdom.png","datePublished":"2018-10-22T16:24:09+00:00","breadcrumb":{"@id":"https:\/\/biocontact.ci-commerce.com\/en\/vortragsprogramm-contact2019\/#breadcrumb"},"inLanguage":"en-GB","potentialAction":[{"@type":"ReadAction","target":["https:\/\/biocontact.ci-commerce.com\/en\/vortragsprogramm-contact2019\/"]}]},{"@type":"ImageObject","inLanguage":"en-GB","@id":"https:\/\/biocontact.ci-commerce.com\/en\/vortragsprogramm-contact2019\/#primaryimage","url":"https:\/\/www.biocontact.info\/en\/wp-content\/uploads\/sites\/2\/2018\/10\/pictures_Vereinslogos_100px-flag_of_the_united_kingdom.png","contentUrl":"https:\/\/www.biocontact.info\/en\/wp-content\/uploads\/sites\/2\/2018\/10\/pictures_Vereinslogos_100px-flag_of_the_united_kingdom.png","width":100,"height":50},{"@type":"BreadcrumbList","@id":"https:\/\/biocontact.ci-commerce.com\/en\/vortragsprogramm-contact2019\/#breadcrumb","itemListElement":[{"@type":"ListItem","position":1,"name":"Startseite","item":"https:\/\/www.biocontact.info\/en\/"},{"@type":"ListItem","position":2,"name":"Vortragsprogramm auf der CONTACT2019"}]},{"@type":"WebSite","@id":"https:\/\/biocontact.ci-commerce.com\/en\/#website","url":"https:\/\/biocontact.ci-commerce.com\/en\/","name":"BioContact e.V. (English)","description":"We network science and industry","potentialAction":[{"@type":"SearchAction","target":{"@type":"EntryPoint","urlTemplate":"https:\/\/biocontact.ci-commerce.com\/en\/?s={search_term_string}"},"query-input":{"@type":"PropertyValueSpecification","valueRequired":true,"valueName":"search_term_string"}}],"inLanguage":"en-GB"}]}},"_links":{"self":[{"href":"https:\/\/www.biocontact.info\/en\/wp-json\/wp\/v2\/pages\/782","targetHints":{"allow":["GET"]}}],"collection":[{"href":"https:\/\/www.biocontact.info\/en\/wp-json\/wp\/v2\/pages"}],"about":[{"href":"https:\/\/www.biocontact.info\/en\/wp-json\/wp\/v2\/types\/page"}],"author":[{"embeddable":true,"href":"https:\/\/www.biocontact.info\/en\/wp-json\/wp\/v2\/users\/1"}],"replies":[{"embeddable":true,"href":"https:\/\/www.biocontact.info\/en\/wp-json\/wp\/v2\/comments?post=782"}],"version-history":[{"count":0,"href":"https:\/\/www.biocontact.info\/en\/wp-json\/wp\/v2\/pages\/782\/revisions"}],"wp:featuredmedia":[{"embeddable":true,"href":"https:\/\/www.biocontact.info\/en\/wp-json\/wp\/v2\/media\/780"}],"wp:attachment":[{"href":"https:\/\/www.biocontact.info\/en\/wp-json\/wp\/v2\/media?parent=782"}],"curies":[{"name":"wp","href":"https:\/\/api.w.org\/{rel}","templated":true}]}}