{"id":772,"date":"2018-08-10T16:12:35","date_gmt":"2018-08-10T14:12:35","guid":{"rendered":"https:\/\/biocontact.info\/en\/anfahrtsbeschreibung\/"},"modified":"2018-08-10T16:12:35","modified_gmt":"2018-08-10T14:12:35","slug":"anfahrtsbeschreibung","status":"publish","type":"page","link":"https:\/\/www.biocontact.info\/en\/anfahrtsbeschreibung\/","title":{"rendered":"Anfahrtsbeschreibung"},"content":{"rendered":"<h2>Zu Fu\u00df vom Hauptbahnhof<\/h2>\r\n\r\n<p><img loading=\"lazy\" decoding=\"async\" class=\" size-full wp-image-768\" alt=\"\" src=\"https:\/\/biocontact.ci-commerce.comen\/wp-content\/uploads\/sites\/2\/2018\/08\/pictures_karte-uebersicht_web.png\" style=\"border-style:solid; border-width:0px; float:right; height:361px; margin-left:15px; width:320px\" width=\"978\" height=\"1104\" srcset=\"https:\/\/www.biocontact.info\/en\/wp-content\/uploads\/sites\/2\/2018\/08\/pictures_karte-uebersicht_web.png 978w, https:\/\/www.biocontact.info\/en\/wp-content\/uploads\/sites\/2\/2018\/08\/pictures_karte-uebersicht_web-266x300.png 266w, https:\/\/www.biocontact.info\/en\/wp-content\/uploads\/sites\/2\/2018\/08\/pictures_karte-uebersicht_web-907x1024.png 907w, https:\/\/www.biocontact.info\/en\/wp-content\/uploads\/sites\/2\/2018\/08\/pictures_karte-uebersicht_web-768x867.png 768w\" sizes=\"auto, (max-width: 978px) 100vw, 978px\" \/>Sie ben\u00f6tigen etwa 20 Minuten zum Hauptgeb\u00e4ude des DKFZ. Verlassen Sie das Bahnhofsgeb\u00e4ude in n\u00f6rdliche Richtung und \u00fcberqueren Sie die vierspurige Stra\u00dfe \u201eKurf\u00fcrsten-Anlage\u201c. Folgen Sie der Mittermaierstra\u00dfe \u00fcber den Neckar. Gehen Sie etwa 100 Meter nach der Neckarbr\u00fccke links in die Jahnstra\u00dfe und folgen Sie ihr bis zur Schranke an der Einfahrt zum Klinikbereich. Gehen Sie an der Schranke vorbei und folgen Sie der Kirschnerstra\u00dfe etwa 200 Meter bis zum Haupteingang des DKFZ auf der rechten Seite. Links vom Haupteingang befindet sich das Kommunikationszentrum.<\/p>\r\n\r\n<h2>\u00d6ffentliche Verkehrsmittel<\/h2>\r\n\r\n<p>Eine Anreise mit \u00f6ffentlichen Verkehrsmitteln ist mit den Bussen und Bahnen der RNV m\u00f6glich. Nehmen Sie die Stra\u00dfenbahnlinie 21 oder 24 bis zur Haltestelle \u201eJahnstra\u00dfe\u201c; von dort k\u00f6nnen Sie das DKFZ in ca. 5 min bequem zu Fu\u00df erreichen (siehe auch \u201eZu Fu\u00df vom Hauptbahnhof\u201c). Mit der Buslinie 32 k\u00f6nnen Sie bis zur Haltestelle \u201eChirurgische Klinik\u201c fahren, die nur wenige Meter vom DKFZ Hauptgeb\u00e4ude entfernt liegt.<\/p>\r\n\r\n<h2>Mit dem Auto<img loading=\"lazy\" decoding=\"async\" class=\" size-full wp-image-771\" alt=\"\" src=\"https:\/\/biocontact.ci-commerce.comen\/wp-content\/uploads\/sites\/2\/2018\/08\/pictures_karte-ausschnitt_web.png\" style=\"float:right; height:628px; margin-left:15px; width:320px\" width=\"652\" height=\"1280\" srcset=\"https:\/\/www.biocontact.info\/en\/wp-content\/uploads\/sites\/2\/2018\/08\/pictures_karte-ausschnitt_web.png 652w, https:\/\/www.biocontact.info\/en\/wp-content\/uploads\/sites\/2\/2018\/08\/pictures_karte-ausschnitt_web-153x300.png 153w, https:\/\/www.biocontact.info\/en\/wp-content\/uploads\/sites\/2\/2018\/08\/pictures_karte-ausschnitt_web-522x1024.png 522w\" sizes=\"auto, (max-width: 652px) 100vw, 652px\" \/><\/h2>\r\n\r\n<p>Da die Parksituation Im Neuenheimer Feld relativ schwierig ist, empfehlen wir eine Anreise mit \u00f6ffentlichen Verkehrsmitteln.&nbsp;<\/p>\r\n\r\n<h3>von der A5<\/h3>\r\n\r\n<p>Am Autobahnkreuz Heidelberg auf die A656 wechseln.<\/p>\r\n\r\n<h3>von der A6<\/h3>\r\n\r\n<p>Am Autobahnkreuz Mannheim auf die A656 wechseln.<\/p>\r\n\r\n<h3>von der A656 aus Richtung Mannheim<\/h3>\r\n\r\n<p>Auf der Autobahn Richtung Heidelberg bleiben, bis sie endet. An der ersten Ampel links einordnen und der Ausschilderung \u201eEberbach\/ HD-Wieblingen\/Chirurgie\u201c folgen. Der Hauptverkehrsstra\u00dfe weiter folgen, unter der Neckarbr\u00fccke (Ernst-Walz-Br\u00fccke) durchfahren und nach rechts abbiegen (Richtung \u201eNeuenheim\/ Handschuhsheim\u201c). In die linke Spur einordnen, an der Ampel wieder rechts abbiegen und den Neckar \u00fcberqueren. An der folgenden Ampelkreuzung links einordnen (Richtung \u201eChirurgie\/ DKFZ\u201c) und in die Jahnstra\u00dfe einbiegen.<\/p>\r\n\r\n<h3>von der B3 aus Richtung Darmstadt<\/h3>\r\n\r\n<p>Biegen Sie 1 km nach dem Ortseingang Heidelberg nach rechts (Chirurgie) in die Berliner Stra\u00dfe ein. An der Kreuzung Berliner Stra\u00dfe\/ M\u00f6nchhofstra\u00dfe. (Orientierungspunkt: Shell-Tankstelle) rechts in die M\u00f6nchhofstra\u00dfe einbiegen, an der n\u00e4chsten Ampel links abbiegen in die Stra\u00dfe Im Neuenheimer Feld.<\/p>\r\n\r\n<h3>von der B3 aus Richtung Leimen\/Wiesloch<\/h3>\r\n\r\n<p>In n\u00f6rdlicher Richtung der Beschilderung \u201eHauptbahnhof\u201c folgen. Am Hauptbahnhof vorbeifahren und auf der Mittermaierstra\u00dfe den Neckar \u00fcberqueren. An der ersten Ampelkreuzung nach der Br\u00fccke links einordnen und in die Jahnstra\u00dfe einbiegen.<\/p>\r\n\r\n<p>&nbsp;<\/p>\r\n\r\n<p><strong>Hinweis zur Garderobe<\/strong>: Bitte stellen Sie sich darauf ein, dass es auf der CONTACT2022 keine Garderobe geben wird.&nbsp;<\/p>\r\n","protected":false},"excerpt":{"rendered":"<p>Zu Fu\u00df vom Hauptbahnhof Sie ben\u00f6tigen etwa 20 Minuten zum Hauptgeb\u00e4ude des DKFZ. Verlassen Sie das Bahnhofsgeb\u00e4ude in n\u00f6rdliche Richtung und \u00fcberqueren Sie die vierspurige Stra\u00dfe \u201eKurf\u00fcrsten-Anlage\u201c. Folgen Sie der<\/p>\n","protected":false},"author":1,"featured_media":768,"parent":0,"menu_order":0,"comment_status":"closed","ping_status":"closed","template":"","meta":{"_eb_attr":"","_breakdance_hide_in_design_set":false,"_breakdance_tags":"","footnotes":""},"class_list":["post-772","page","type-page","status-publish","has-post-thumbnail","hentry"],"yoast_head":"<!-- This site is optimized with the Yoast SEO plugin v27.5 - https:\/\/yoast.com\/product\/yoast-seo-wordpress\/ -->\n<title>Anfahrtsbeschreibung - BioContact e.V. (English)<\/title>\n<meta name=\"robots\" content=\"index, follow, max-snippet:-1, max-image-preview:large, max-video-preview:-1\" \/>\n<link rel=\"canonical\" href=\"https:\/\/biocontact.ci-commerce.com\/en\/anfahrtsbeschreibung\/\" \/>\n<meta property=\"og:locale\" content=\"en_GB\" \/>\n<meta property=\"og:type\" content=\"article\" \/>\n<meta property=\"og:title\" content=\"Anfahrtsbeschreibung - BioContact e.V. (English)\" \/>\n<meta property=\"og:description\" content=\"Zu Fu\u00df vom Hauptbahnhof Sie ben\u00f6tigen etwa 20 Minuten zum Hauptgeb\u00e4ude des DKFZ. Verlassen Sie das Bahnhofsgeb\u00e4ude in n\u00f6rdliche Richtung und \u00fcberqueren Sie die vierspurige Stra\u00dfe \u201eKurf\u00fcrsten-Anlage\u201c. Folgen Sie der\" \/>\n<meta property=\"og:url\" content=\"https:\/\/biocontact.ci-commerce.com\/en\/anfahrtsbeschreibung\/\" \/>\n<meta property=\"og:site_name\" content=\"BioContact e.V. (English)\" \/>\n<meta property=\"og:image\" content=\"https:\/\/biocontact.ci-commerce.com\/en\/wp-content\/uploads\/sites\/2\/2018\/08\/pictures_karte-uebersicht_web.png\" \/>\n\t<meta property=\"og:image:width\" content=\"978\" \/>\n\t<meta property=\"og:image:height\" content=\"1104\" \/>\n\t<meta property=\"og:image:type\" content=\"image\/png\" \/>\n<meta name=\"twitter:card\" content=\"summary_large_image\" \/>\n<meta name=\"twitter:label1\" content=\"Estimated reading time\" \/>\n\t<meta name=\"twitter:data1\" content=\"2 minutes\" \/>\n<script type=\"application\/ld+json\" class=\"yoast-schema-graph\">{\"@context\":\"https:\\\/\\\/schema.org\",\"@graph\":[{\"@type\":\"WebPage\",\"@id\":\"https:\\\/\\\/biocontact.ci-commerce.com\\\/en\\\/anfahrtsbeschreibung\\\/\",\"url\":\"https:\\\/\\\/biocontact.ci-commerce.com\\\/en\\\/anfahrtsbeschreibung\\\/\",\"name\":\"Anfahrtsbeschreibung - BioContact e.V. (English)\",\"isPartOf\":{\"@id\":\"https:\\\/\\\/biocontact.ci-commerce.com\\\/en\\\/#website\"},\"primaryImageOfPage\":{\"@id\":\"https:\\\/\\\/biocontact.ci-commerce.com\\\/en\\\/anfahrtsbeschreibung\\\/#primaryimage\"},\"image\":{\"@id\":\"https:\\\/\\\/biocontact.ci-commerce.com\\\/en\\\/anfahrtsbeschreibung\\\/#primaryimage\"},\"thumbnailUrl\":\"https:\\\/\\\/www.biocontact.info\\\/en\\\/wp-content\\\/uploads\\\/sites\\\/2\\\/2018\\\/08\\\/pictures_karte-uebersicht_web.png\",\"datePublished\":\"2018-08-10T14:12:35+00:00\",\"breadcrumb\":{\"@id\":\"https:\\\/\\\/biocontact.ci-commerce.com\\\/en\\\/anfahrtsbeschreibung\\\/#breadcrumb\"},\"inLanguage\":\"en-GB\",\"potentialAction\":[{\"@type\":\"ReadAction\",\"target\":[\"https:\\\/\\\/biocontact.ci-commerce.com\\\/en\\\/anfahrtsbeschreibung\\\/\"]}]},{\"@type\":\"ImageObject\",\"inLanguage\":\"en-GB\",\"@id\":\"https:\\\/\\\/biocontact.ci-commerce.com\\\/en\\\/anfahrtsbeschreibung\\\/#primaryimage\",\"url\":\"https:\\\/\\\/www.biocontact.info\\\/en\\\/wp-content\\\/uploads\\\/sites\\\/2\\\/2018\\\/08\\\/pictures_karte-uebersicht_web.png\",\"contentUrl\":\"https:\\\/\\\/www.biocontact.info\\\/en\\\/wp-content\\\/uploads\\\/sites\\\/2\\\/2018\\\/08\\\/pictures_karte-uebersicht_web.png\",\"width\":978,\"height\":1104},{\"@type\":\"BreadcrumbList\",\"@id\":\"https:\\\/\\\/biocontact.ci-commerce.com\\\/en\\\/anfahrtsbeschreibung\\\/#breadcrumb\",\"itemListElement\":[{\"@type\":\"ListItem\",\"position\":1,\"name\":\"Startseite\",\"item\":\"https:\\\/\\\/www.biocontact.info\\\/en\\\/\"},{\"@type\":\"ListItem\",\"position\":2,\"name\":\"Anfahrtsbeschreibung\"}]},{\"@type\":\"WebSite\",\"@id\":\"https:\\\/\\\/biocontact.ci-commerce.com\\\/en\\\/#website\",\"url\":\"https:\\\/\\\/biocontact.ci-commerce.com\\\/en\\\/\",\"name\":\"BioContact e.V. (English)\",\"description\":\"We network science and industry\",\"potentialAction\":[{\"@type\":\"SearchAction\",\"target\":{\"@type\":\"EntryPoint\",\"urlTemplate\":\"https:\\\/\\\/biocontact.ci-commerce.com\\\/en\\\/?s={search_term_string}\"},\"query-input\":{\"@type\":\"PropertyValueSpecification\",\"valueRequired\":true,\"valueName\":\"search_term_string\"}}],\"inLanguage\":\"en-GB\"}]}<\/script>\n<!-- \/ Yoast SEO plugin. -->","yoast_head_json":{"title":"Anfahrtsbeschreibung - BioContact e.V. (English)","robots":{"index":"index","follow":"follow","max-snippet":"max-snippet:-1","max-image-preview":"max-image-preview:large","max-video-preview":"max-video-preview:-1"},"canonical":"https:\/\/biocontact.ci-commerce.com\/en\/anfahrtsbeschreibung\/","og_locale":"en_GB","og_type":"article","og_title":"Anfahrtsbeschreibung - BioContact e.V. (English)","og_description":"Zu Fu\u00df vom Hauptbahnhof Sie ben\u00f6tigen etwa 20 Minuten zum Hauptgeb\u00e4ude des DKFZ. Verlassen Sie das Bahnhofsgeb\u00e4ude in n\u00f6rdliche Richtung und \u00fcberqueren Sie die vierspurige Stra\u00dfe \u201eKurf\u00fcrsten-Anlage\u201c. Folgen Sie der","og_url":"https:\/\/biocontact.ci-commerce.com\/en\/anfahrtsbeschreibung\/","og_site_name":"BioContact e.V. (English)","og_image":[{"width":978,"height":1104,"url":"https:\/\/biocontact.ci-commerce.com\/en\/wp-content\/uploads\/sites\/2\/2018\/08\/pictures_karte-uebersicht_web.png","type":"image\/png"}],"twitter_card":"summary_large_image","twitter_misc":{"Estimated reading time":"2 minutes"},"schema":{"@context":"https:\/\/schema.org","@graph":[{"@type":"WebPage","@id":"https:\/\/biocontact.ci-commerce.com\/en\/anfahrtsbeschreibung\/","url":"https:\/\/biocontact.ci-commerce.com\/en\/anfahrtsbeschreibung\/","name":"Anfahrtsbeschreibung - BioContact e.V. (English)","isPartOf":{"@id":"https:\/\/biocontact.ci-commerce.com\/en\/#website"},"primaryImageOfPage":{"@id":"https:\/\/biocontact.ci-commerce.com\/en\/anfahrtsbeschreibung\/#primaryimage"},"image":{"@id":"https:\/\/biocontact.ci-commerce.com\/en\/anfahrtsbeschreibung\/#primaryimage"},"thumbnailUrl":"https:\/\/www.biocontact.info\/en\/wp-content\/uploads\/sites\/2\/2018\/08\/pictures_karte-uebersicht_web.png","datePublished":"2018-08-10T14:12:35+00:00","breadcrumb":{"@id":"https:\/\/biocontact.ci-commerce.com\/en\/anfahrtsbeschreibung\/#breadcrumb"},"inLanguage":"en-GB","potentialAction":[{"@type":"ReadAction","target":["https:\/\/biocontact.ci-commerce.com\/en\/anfahrtsbeschreibung\/"]}]},{"@type":"ImageObject","inLanguage":"en-GB","@id":"https:\/\/biocontact.ci-commerce.com\/en\/anfahrtsbeschreibung\/#primaryimage","url":"https:\/\/www.biocontact.info\/en\/wp-content\/uploads\/sites\/2\/2018\/08\/pictures_karte-uebersicht_web.png","contentUrl":"https:\/\/www.biocontact.info\/en\/wp-content\/uploads\/sites\/2\/2018\/08\/pictures_karte-uebersicht_web.png","width":978,"height":1104},{"@type":"BreadcrumbList","@id":"https:\/\/biocontact.ci-commerce.com\/en\/anfahrtsbeschreibung\/#breadcrumb","itemListElement":[{"@type":"ListItem","position":1,"name":"Startseite","item":"https:\/\/www.biocontact.info\/en\/"},{"@type":"ListItem","position":2,"name":"Anfahrtsbeschreibung"}]},{"@type":"WebSite","@id":"https:\/\/biocontact.ci-commerce.com\/en\/#website","url":"https:\/\/biocontact.ci-commerce.com\/en\/","name":"BioContact e.V. (English)","description":"We network science and industry","potentialAction":[{"@type":"SearchAction","target":{"@type":"EntryPoint","urlTemplate":"https:\/\/biocontact.ci-commerce.com\/en\/?s={search_term_string}"},"query-input":{"@type":"PropertyValueSpecification","valueRequired":true,"valueName":"search_term_string"}}],"inLanguage":"en-GB"}]}},"_links":{"self":[{"href":"https:\/\/www.biocontact.info\/en\/wp-json\/wp\/v2\/pages\/772","targetHints":{"allow":["GET"]}}],"collection":[{"href":"https:\/\/www.biocontact.info\/en\/wp-json\/wp\/v2\/pages"}],"about":[{"href":"https:\/\/www.biocontact.info\/en\/wp-json\/wp\/v2\/types\/page"}],"author":[{"embeddable":true,"href":"https:\/\/www.biocontact.info\/en\/wp-json\/wp\/v2\/users\/1"}],"replies":[{"embeddable":true,"href":"https:\/\/www.biocontact.info\/en\/wp-json\/wp\/v2\/comments?post=772"}],"version-history":[{"count":0,"href":"https:\/\/www.biocontact.info\/en\/wp-json\/wp\/v2\/pages\/772\/revisions"}],"wp:featuredmedia":[{"embeddable":true,"href":"https:\/\/www.biocontact.info\/en\/wp-json\/wp\/v2\/media\/768"}],"wp:attachment":[{"href":"https:\/\/www.biocontact.info\/en\/wp-json\/wp\/v2\/media?parent=772"}],"curies":[{"name":"wp","href":"https:\/\/api.w.org\/{rel}","templated":true}]}}