{"id":762,"date":"2018-03-10T16:14:30","date_gmt":"2018-03-10T15:14:30","guid":{"rendered":"https:\/\/biocontact.info\/en\/workshop-career-service-berufsperspektiven-fur-natur-lebenswissenschaftler-ausserhalb-wissenschaft-2\/"},"modified":"2018-03-10T16:14:30","modified_gmt":"2018-03-10T15:14:30","slug":"workshop-career-service-berufsperspektiven-fur-natur-lebenswissenschaftler-ausserhalb-wissenschaft-2","status":"publish","type":"page","link":"https:\/\/www.biocontact.info\/en\/workshop-career-service-berufsperspektiven-fur-natur-lebenswissenschaftler-ausserhalb-wissenschaft-2\/","title":{"rendered":"Workshop Career Service: \u201eKommunikationstraining f\u00fcr den erfolgreichen Berufseinstieg\u201c"},"content":{"rendered":"<table cellpadding=\"1\" cellspacing=\"1\" style=\"width:900px\">\r\n\t<tbody>\r\n\t\t<tr>\r\n\t\t\t<td style=\"text-align:center; vertical-align:middle; width:250px\"><img loading=\"lazy\" decoding=\"async\" class=\" size-full wp-image-746\" alt=\"\" src=\"https:\/\/biocontact.ci-commerce.comen\/wp-content\/uploads\/sites\/2\/2018\/03\/pictures_Firmenlogos_logo_careerservice_gross_copy.png\" style=\"height:127px; width:200px\" width=\"789\" height=\"501\" srcset=\"https:\/\/www.biocontact.info\/en\/wp-content\/uploads\/sites\/2\/2018\/03\/pictures_Firmenlogos_logo_careerservice_gross_copy.png 789w, https:\/\/www.biocontact.info\/en\/wp-content\/uploads\/sites\/2\/2018\/03\/pictures_Firmenlogos_logo_careerservice_gross_copy-300x190.png 300w, https:\/\/www.biocontact.info\/en\/wp-content\/uploads\/sites\/2\/2018\/03\/pictures_Firmenlogos_logo_careerservice_gross_copy-768x488.png 768w\" sizes=\"auto, (max-width: 789px) 100vw, 789px\" \/><\/td>\r\n\t\t\t<td>\r\n\t\t\t<h4>Workshop Career Service: \u201eDie Macht der Sprache: Kommunikationsstraining f\u00fcr den erfolgreichen Berufseinstieg\u201c<\/h4>\r\n\r\n\t\t\t<h4>Referentin: Petra Lehmann<\/h4>\r\n\r\n\t\t\t<h4>15.05.2019 13:15 - 15:45 Uhr<\/h4>\r\n\r\n\t\t\t<h4>Sprache: Deutsch<\/h4>\r\n\t\t\t<\/td>\r\n\t\t<\/tr>\r\n\t\t<tr>\r\n\t\t\t<td colspan=\"2\">\r\n\t\t\t<p>Gute Kommunikationsf\u00e4higkeit wird von 90 % der Arbeitgeber als eine wesentliche Schl\u00fcsselkompetenz und neben fachlicher Qualifikation als wesentliches Einstellungskriterium angesehen. Bereits im Vorstellungsgespr\u00e4ch oder Assessment-Center werden mit gekonnter Kommunikation die Weichen gestellt. Viele Studierende und BerufseinsteigerInnen f\u00fchlen sich bei \u00fcberzeugender und gleichzeitig wertsch\u00e4tzender Kommunikation auf unsicherem Terrain. Jeder kennt diese Situationen: Man wird mit einer Aussage konfrontiert und findet keine Gegenantwort, man m\u00f6chte seine Leistung oder Argumente \u00fcberzeugend darlegen und hat das Gef\u00fchl, dass beim Gegen\u00fcber etwas anderes ankommt. Ziel ist es, das Gesagte so zu formulieren, dass der Andere es versteht und man \u00fcberzeugt. Um das Gesagte zu unterstreichen und diesem somit mehr Ausdruck zu verleihen ist die nonverbale Kommunikation ebenso bedeutend wie die verbalen Kommunikationstechniken. Neben den passenden und gekonnten Formulierungen geht es um Tonfall, Blickkontakte, K\u00f6rperspannung, Gestik &amp; Mimik.<\/p>\r\n\r\n\t\t\t<p>Der Workshop bietet neben Knowhow zu den wichtigsten Grundlagen der verbalen und nonverbalen Kommunikation Tipps zum Einsatz der Kommunikationstechniken in der Praxis.<\/p>\r\n\r\n\t\t\t<h2><a href=\"http:\/\/indico.dkfz.de\/e\/Workshops\">Registriert euch hier!<\/a><\/h2>\r\n\t\t\t<\/td>\r\n\t\t<\/tr>\r\n\t<\/tbody>\r\n<\/table>\r\n","protected":false},"excerpt":{"rendered":"<p>Workshop Career Service: \u201eDie Macht der Sprache: Kommunikationsstraining f\u00fcr den erfolgreichen Berufseinstieg\u201c Referentin: Petra Lehmann 15.05.2019 13:15 &#8211; 15:45 Uhr Sprache: Deutsch Gute Kommunikationsf\u00e4higkeit wird von 90 % der Arbeitgeber<\/p>\n","protected":false},"author":1,"featured_media":746,"parent":0,"menu_order":0,"comment_status":"closed","ping_status":"closed","template":"","meta":{"_eb_attr":"","_breakdance_hide_in_design_set":false,"_breakdance_tags":"","footnotes":""},"class_list":["post-762","page","type-page","status-publish","has-post-thumbnail","hentry"],"yoast_head":"<!-- This site is optimized with the Yoast SEO plugin v27.5 - https:\/\/yoast.com\/product\/yoast-seo-wordpress\/ -->\n<title>Workshop Career Service: \u201eKommunikationstraining f\u00fcr den erfolgreichen Berufseinstieg\u201c - BioContact e.V. (English)<\/title>\n<meta name=\"robots\" content=\"index, follow, max-snippet:-1, max-image-preview:large, max-video-preview:-1\" \/>\n<link rel=\"canonical\" href=\"https:\/\/biocontact.ci-commerce.com\/en\/workshop-career-service-berufsperspektiven-fur-natur-lebenswissenschaftler-ausserhalb-wissenschaft-2\/\" \/>\n<meta property=\"og:locale\" content=\"en_GB\" \/>\n<meta property=\"og:type\" content=\"article\" \/>\n<meta property=\"og:title\" content=\"Workshop Career Service: \u201eKommunikationstraining f\u00fcr den erfolgreichen Berufseinstieg\u201c - BioContact e.V. (English)\" \/>\n<meta property=\"og:description\" content=\"Workshop Career Service: \u201eDie Macht der Sprache: Kommunikationsstraining f\u00fcr den erfolgreichen Berufseinstieg\u201c Referentin: Petra Lehmann 15.05.2019 13:15 - 15:45 Uhr Sprache: Deutsch Gute Kommunikationsf\u00e4higkeit wird von 90 % der Arbeitgeber\" \/>\n<meta property=\"og:url\" content=\"https:\/\/biocontact.ci-commerce.com\/en\/workshop-career-service-berufsperspektiven-fur-natur-lebenswissenschaftler-ausserhalb-wissenschaft-2\/\" \/>\n<meta property=\"og:site_name\" content=\"BioContact e.V. (English)\" \/>\n<meta property=\"og:image\" content=\"https:\/\/biocontact.ci-commerce.com\/en\/wp-content\/uploads\/sites\/2\/2018\/03\/pictures_Firmenlogos_logo_careerservice_gross_copy.png\" \/>\n\t<meta property=\"og:image:width\" content=\"789\" \/>\n\t<meta property=\"og:image:height\" content=\"501\" \/>\n\t<meta property=\"og:image:type\" content=\"image\/png\" \/>\n<meta name=\"twitter:card\" content=\"summary_large_image\" \/>\n<meta name=\"twitter:label1\" content=\"Estimated reading time\" \/>\n\t<meta name=\"twitter:data1\" content=\"1 minute\" \/>\n<script type=\"application\/ld+json\" class=\"yoast-schema-graph\">{\"@context\":\"https:\\\/\\\/schema.org\",\"@graph\":[{\"@type\":\"WebPage\",\"@id\":\"https:\\\/\\\/biocontact.ci-commerce.com\\\/en\\\/workshop-career-service-berufsperspektiven-fur-natur-lebenswissenschaftler-ausserhalb-wissenschaft-2\\\/\",\"url\":\"https:\\\/\\\/biocontact.ci-commerce.com\\\/en\\\/workshop-career-service-berufsperspektiven-fur-natur-lebenswissenschaftler-ausserhalb-wissenschaft-2\\\/\",\"name\":\"Workshop Career Service: \u201eKommunikationstraining f\u00fcr den erfolgreichen Berufseinstieg\u201c - BioContact e.V. (English)\",\"isPartOf\":{\"@id\":\"https:\\\/\\\/biocontact.ci-commerce.com\\\/en\\\/#website\"},\"primaryImageOfPage\":{\"@id\":\"https:\\\/\\\/biocontact.ci-commerce.com\\\/en\\\/workshop-career-service-berufsperspektiven-fur-natur-lebenswissenschaftler-ausserhalb-wissenschaft-2\\\/#primaryimage\"},\"image\":{\"@id\":\"https:\\\/\\\/biocontact.ci-commerce.com\\\/en\\\/workshop-career-service-berufsperspektiven-fur-natur-lebenswissenschaftler-ausserhalb-wissenschaft-2\\\/#primaryimage\"},\"thumbnailUrl\":\"https:\\\/\\\/www.biocontact.info\\\/en\\\/wp-content\\\/uploads\\\/sites\\\/2\\\/2018\\\/03\\\/pictures_Firmenlogos_logo_careerservice_gross_copy.png\",\"datePublished\":\"2018-03-10T15:14:30+00:00\",\"breadcrumb\":{\"@id\":\"https:\\\/\\\/biocontact.ci-commerce.com\\\/en\\\/workshop-career-service-berufsperspektiven-fur-natur-lebenswissenschaftler-ausserhalb-wissenschaft-2\\\/#breadcrumb\"},\"inLanguage\":\"en-GB\",\"potentialAction\":[{\"@type\":\"ReadAction\",\"target\":[\"https:\\\/\\\/biocontact.ci-commerce.com\\\/en\\\/workshop-career-service-berufsperspektiven-fur-natur-lebenswissenschaftler-ausserhalb-wissenschaft-2\\\/\"]}]},{\"@type\":\"ImageObject\",\"inLanguage\":\"en-GB\",\"@id\":\"https:\\\/\\\/biocontact.ci-commerce.com\\\/en\\\/workshop-career-service-berufsperspektiven-fur-natur-lebenswissenschaftler-ausserhalb-wissenschaft-2\\\/#primaryimage\",\"url\":\"https:\\\/\\\/www.biocontact.info\\\/en\\\/wp-content\\\/uploads\\\/sites\\\/2\\\/2018\\\/03\\\/pictures_Firmenlogos_logo_careerservice_gross_copy.png\",\"contentUrl\":\"https:\\\/\\\/www.biocontact.info\\\/en\\\/wp-content\\\/uploads\\\/sites\\\/2\\\/2018\\\/03\\\/pictures_Firmenlogos_logo_careerservice_gross_copy.png\",\"width\":789,\"height\":501},{\"@type\":\"BreadcrumbList\",\"@id\":\"https:\\\/\\\/biocontact.ci-commerce.com\\\/en\\\/workshop-career-service-berufsperspektiven-fur-natur-lebenswissenschaftler-ausserhalb-wissenschaft-2\\\/#breadcrumb\",\"itemListElement\":[{\"@type\":\"ListItem\",\"position\":1,\"name\":\"Startseite\",\"item\":\"https:\\\/\\\/www.biocontact.info\\\/en\\\/\"},{\"@type\":\"ListItem\",\"position\":2,\"name\":\"Workshop Career Service: \u201eKommunikationstraining f\u00fcr den erfolgreichen Berufseinstieg\u201c\"}]},{\"@type\":\"WebSite\",\"@id\":\"https:\\\/\\\/biocontact.ci-commerce.com\\\/en\\\/#website\",\"url\":\"https:\\\/\\\/biocontact.ci-commerce.com\\\/en\\\/\",\"name\":\"BioContact e.V. (English)\",\"description\":\"We network science and industry\",\"potentialAction\":[{\"@type\":\"SearchAction\",\"target\":{\"@type\":\"EntryPoint\",\"urlTemplate\":\"https:\\\/\\\/biocontact.ci-commerce.com\\\/en\\\/?s={search_term_string}\"},\"query-input\":{\"@type\":\"PropertyValueSpecification\",\"valueRequired\":true,\"valueName\":\"search_term_string\"}}],\"inLanguage\":\"en-GB\"}]}<\/script>\n<!-- \/ Yoast SEO plugin. -->","yoast_head_json":{"title":"Workshop Career Service: \u201eKommunikationstraining f\u00fcr den erfolgreichen Berufseinstieg\u201c - BioContact e.V. (English)","robots":{"index":"index","follow":"follow","max-snippet":"max-snippet:-1","max-image-preview":"max-image-preview:large","max-video-preview":"max-video-preview:-1"},"canonical":"https:\/\/biocontact.ci-commerce.com\/en\/workshop-career-service-berufsperspektiven-fur-natur-lebenswissenschaftler-ausserhalb-wissenschaft-2\/","og_locale":"en_GB","og_type":"article","og_title":"Workshop Career Service: \u201eKommunikationstraining f\u00fcr den erfolgreichen Berufseinstieg\u201c - BioContact e.V. (English)","og_description":"Workshop Career Service: \u201eDie Macht der Sprache: Kommunikationsstraining f\u00fcr den erfolgreichen Berufseinstieg\u201c Referentin: Petra Lehmann 15.05.2019 13:15 - 15:45 Uhr Sprache: Deutsch Gute Kommunikationsf\u00e4higkeit wird von 90 % der Arbeitgeber","og_url":"https:\/\/biocontact.ci-commerce.com\/en\/workshop-career-service-berufsperspektiven-fur-natur-lebenswissenschaftler-ausserhalb-wissenschaft-2\/","og_site_name":"BioContact e.V. (English)","og_image":[{"width":789,"height":501,"url":"https:\/\/biocontact.ci-commerce.com\/en\/wp-content\/uploads\/sites\/2\/2018\/03\/pictures_Firmenlogos_logo_careerservice_gross_copy.png","type":"image\/png"}],"twitter_card":"summary_large_image","twitter_misc":{"Estimated reading time":"1 minute"},"schema":{"@context":"https:\/\/schema.org","@graph":[{"@type":"WebPage","@id":"https:\/\/biocontact.ci-commerce.com\/en\/workshop-career-service-berufsperspektiven-fur-natur-lebenswissenschaftler-ausserhalb-wissenschaft-2\/","url":"https:\/\/biocontact.ci-commerce.com\/en\/workshop-career-service-berufsperspektiven-fur-natur-lebenswissenschaftler-ausserhalb-wissenschaft-2\/","name":"Workshop Career Service: \u201eKommunikationstraining f\u00fcr den erfolgreichen Berufseinstieg\u201c - BioContact e.V. (English)","isPartOf":{"@id":"https:\/\/biocontact.ci-commerce.com\/en\/#website"},"primaryImageOfPage":{"@id":"https:\/\/biocontact.ci-commerce.com\/en\/workshop-career-service-berufsperspektiven-fur-natur-lebenswissenschaftler-ausserhalb-wissenschaft-2\/#primaryimage"},"image":{"@id":"https:\/\/biocontact.ci-commerce.com\/en\/workshop-career-service-berufsperspektiven-fur-natur-lebenswissenschaftler-ausserhalb-wissenschaft-2\/#primaryimage"},"thumbnailUrl":"https:\/\/www.biocontact.info\/en\/wp-content\/uploads\/sites\/2\/2018\/03\/pictures_Firmenlogos_logo_careerservice_gross_copy.png","datePublished":"2018-03-10T15:14:30+00:00","breadcrumb":{"@id":"https:\/\/biocontact.ci-commerce.com\/en\/workshop-career-service-berufsperspektiven-fur-natur-lebenswissenschaftler-ausserhalb-wissenschaft-2\/#breadcrumb"},"inLanguage":"en-GB","potentialAction":[{"@type":"ReadAction","target":["https:\/\/biocontact.ci-commerce.com\/en\/workshop-career-service-berufsperspektiven-fur-natur-lebenswissenschaftler-ausserhalb-wissenschaft-2\/"]}]},{"@type":"ImageObject","inLanguage":"en-GB","@id":"https:\/\/biocontact.ci-commerce.com\/en\/workshop-career-service-berufsperspektiven-fur-natur-lebenswissenschaftler-ausserhalb-wissenschaft-2\/#primaryimage","url":"https:\/\/www.biocontact.info\/en\/wp-content\/uploads\/sites\/2\/2018\/03\/pictures_Firmenlogos_logo_careerservice_gross_copy.png","contentUrl":"https:\/\/www.biocontact.info\/en\/wp-content\/uploads\/sites\/2\/2018\/03\/pictures_Firmenlogos_logo_careerservice_gross_copy.png","width":789,"height":501},{"@type":"BreadcrumbList","@id":"https:\/\/biocontact.ci-commerce.com\/en\/workshop-career-service-berufsperspektiven-fur-natur-lebenswissenschaftler-ausserhalb-wissenschaft-2\/#breadcrumb","itemListElement":[{"@type":"ListItem","position":1,"name":"Startseite","item":"https:\/\/www.biocontact.info\/en\/"},{"@type":"ListItem","position":2,"name":"Workshop Career Service: \u201eKommunikationstraining f\u00fcr den erfolgreichen Berufseinstieg\u201c"}]},{"@type":"WebSite","@id":"https:\/\/biocontact.ci-commerce.com\/en\/#website","url":"https:\/\/biocontact.ci-commerce.com\/en\/","name":"BioContact e.V. (English)","description":"We network science and industry","potentialAction":[{"@type":"SearchAction","target":{"@type":"EntryPoint","urlTemplate":"https:\/\/biocontact.ci-commerce.com\/en\/?s={search_term_string}"},"query-input":{"@type":"PropertyValueSpecification","valueRequired":true,"valueName":"search_term_string"}}],"inLanguage":"en-GB"}]}},"_links":{"self":[{"href":"https:\/\/www.biocontact.info\/en\/wp-json\/wp\/v2\/pages\/762","targetHints":{"allow":["GET"]}}],"collection":[{"href":"https:\/\/www.biocontact.info\/en\/wp-json\/wp\/v2\/pages"}],"about":[{"href":"https:\/\/www.biocontact.info\/en\/wp-json\/wp\/v2\/types\/page"}],"author":[{"embeddable":true,"href":"https:\/\/www.biocontact.info\/en\/wp-json\/wp\/v2\/users\/1"}],"replies":[{"embeddable":true,"href":"https:\/\/www.biocontact.info\/en\/wp-json\/wp\/v2\/comments?post=762"}],"version-history":[{"count":0,"href":"https:\/\/www.biocontact.info\/en\/wp-json\/wp\/v2\/pages\/762\/revisions"}],"wp:featuredmedia":[{"embeddable":true,"href":"https:\/\/www.biocontact.info\/en\/wp-json\/wp\/v2\/media\/746"}],"wp:attachment":[{"href":"https:\/\/www.biocontact.info\/en\/wp-json\/wp\/v2\/media?parent=762"}],"curies":[{"name":"wp","href":"https:\/\/api.w.org\/{rel}","templated":true}]}}