{"id":758,"date":"2017-10-19T17:24:45","date_gmt":"2017-10-19T15:24:45","guid":{"rendered":"https:\/\/biocontact.info\/en\/archiv-3\/"},"modified":"2017-10-19T17:24:45","modified_gmt":"2017-10-19T15:24:45","slug":"archiv-3","status":"publish","type":"page","link":"https:\/\/www.biocontact.info\/en\/archiv-3\/","title":{"rendered":"Archiv"},"content":{"rendered":"<p class=\"rtejustify\">Vom Pharmaunternehmen bis zur Beratung \u2013 die \u201e<strong>In CONTACT with<\/strong>\u201c Firmenpr\u00e4sentationen im vergangenen Jahr haben Ihnen einen breiten \u00dcberblick \u00fcber potentielle Arbeitgeber geboten. Mit dieser Vielfalt haben Sie die M\u00f6glichkeit sich \u00fcber Chancen in verschiedenen Bereichen zu informieren.<\/p>\r\n\r\n<p class=\"rtejustify\">Insbesondere die lockere Atmosph\u00e4re erlaubt es bei Getr\u00e4nken und Bretzeln individuelle Fragen direkt mit dem Firmenvertreter er\u00f6rtert zu k\u00f6nnen, was unsere \u201e<strong>In CONTACT with<\/strong>\u201c Veranstaltungen auszeichnet.<\/p>\r\n\r\n<p class=\"rtejustify\">Wir sind stolz, dass wir folgende Firmen letztes Jahr bei uns begr\u00fc\u00dfen durften:<\/p>\r\n\r\n<p><img loading=\"lazy\" decoding=\"async\" class=\" size-full wp-image-740\" alt=\"\" src=\"https:\/\/biocontact.ci-commerce.comen\/wp-content\/uploads\/sites\/2\/2017\/10\/pictures_Firmenlogos_icw2017.png\" style=\"height:508px; width:500px\" width=\"1000\" height=\"1015\" srcset=\"https:\/\/www.biocontact.info\/en\/wp-content\/uploads\/sites\/2\/2017\/10\/pictures_Firmenlogos_icw2017.png 1000w, https:\/\/www.biocontact.info\/en\/wp-content\/uploads\/sites\/2\/2017\/10\/pictures_Firmenlogos_icw2017-296x300.png 296w, https:\/\/www.biocontact.info\/en\/wp-content\/uploads\/sites\/2\/2017\/10\/pictures_Firmenlogos_icw2017-768x780.png 768w\" sizes=\"auto, (max-width: 1000px) 100vw, 1000px\" \/><\/p>\r\n\r\n<p class=\"rtejustify\">Wir freuen uns, Sie bei unseren \u201e<strong>In CONTACT with<\/strong>\u201c begr\u00fc\u00dfen zu d\u00fcrfen.<\/p>\r\n\r\n<p>&nbsp;<\/p>\r\n","protected":false},"excerpt":{"rendered":"<p>Vom Pharmaunternehmen bis zur Beratung \u2013 die \u201eIn CONTACT with\u201c Firmenpr\u00e4sentationen im vergangenen Jahr haben Ihnen einen breiten \u00dcberblick \u00fcber potentielle Arbeitgeber geboten. Mit dieser Vielfalt haben Sie die M\u00f6glichkeit<\/p>\n","protected":false},"author":1,"featured_media":740,"parent":0,"menu_order":0,"comment_status":"closed","ping_status":"closed","template":"","meta":{"_eb_attr":"","_breakdance_hide_in_design_set":false,"_breakdance_tags":"","footnotes":""},"class_list":["post-758","page","type-page","status-publish","has-post-thumbnail","hentry"],"yoast_head":"<!-- This site is optimized with the Yoast SEO plugin v27.4 - https:\/\/yoast.com\/product\/yoast-seo-wordpress\/ -->\n<title>Archiv - BioContact e.V. (English)<\/title>\n<meta name=\"robots\" content=\"index, follow, max-snippet:-1, max-image-preview:large, max-video-preview:-1\" \/>\n<link rel=\"canonical\" href=\"https:\/\/biocontact.ci-commerce.com\/en\/archiv-3\/\" \/>\n<meta property=\"og:locale\" content=\"en_GB\" \/>\n<meta property=\"og:type\" content=\"article\" \/>\n<meta property=\"og:title\" content=\"Archiv - BioContact e.V. (English)\" \/>\n<meta property=\"og:description\" content=\"Vom Pharmaunternehmen bis zur Beratung \u2013 die \u201eIn CONTACT with\u201c Firmenpr\u00e4sentationen im vergangenen Jahr haben Ihnen einen breiten \u00dcberblick \u00fcber potentielle Arbeitgeber geboten. Mit dieser Vielfalt haben Sie die M\u00f6glichkeit\" \/>\n<meta property=\"og:url\" content=\"https:\/\/biocontact.ci-commerce.com\/en\/archiv-3\/\" \/>\n<meta property=\"og:site_name\" content=\"BioContact e.V. (English)\" \/>\n<meta property=\"og:image\" content=\"https:\/\/biocontact.ci-commerce.com\/en\/wp-content\/uploads\/sites\/2\/2017\/10\/pictures_Firmenlogos_icw2017.png\" \/>\n\t<meta property=\"og:image:width\" content=\"1000\" \/>\n\t<meta property=\"og:image:height\" content=\"1015\" \/>\n\t<meta property=\"og:image:type\" content=\"image\/png\" \/>\n<meta name=\"twitter:card\" content=\"summary_large_image\" \/>\n<script type=\"application\/ld+json\" class=\"yoast-schema-graph\">{\"@context\":\"https:\\\/\\\/schema.org\",\"@graph\":[{\"@type\":\"WebPage\",\"@id\":\"https:\\\/\\\/biocontact.ci-commerce.com\\\/en\\\/archiv-3\\\/\",\"url\":\"https:\\\/\\\/biocontact.ci-commerce.com\\\/en\\\/archiv-3\\\/\",\"name\":\"Archiv - BioContact e.V. (English)\",\"isPartOf\":{\"@id\":\"https:\\\/\\\/biocontact.ci-commerce.com\\\/en\\\/#website\"},\"primaryImageOfPage\":{\"@id\":\"https:\\\/\\\/biocontact.ci-commerce.com\\\/en\\\/archiv-3\\\/#primaryimage\"},\"image\":{\"@id\":\"https:\\\/\\\/biocontact.ci-commerce.com\\\/en\\\/archiv-3\\\/#primaryimage\"},\"thumbnailUrl\":\"https:\\\/\\\/www.biocontact.info\\\/en\\\/wp-content\\\/uploads\\\/sites\\\/2\\\/2017\\\/10\\\/pictures_Firmenlogos_icw2017.png\",\"datePublished\":\"2017-10-19T15:24:45+00:00\",\"breadcrumb\":{\"@id\":\"https:\\\/\\\/biocontact.ci-commerce.com\\\/en\\\/archiv-3\\\/#breadcrumb\"},\"inLanguage\":\"en-GB\",\"potentialAction\":[{\"@type\":\"ReadAction\",\"target\":[\"https:\\\/\\\/biocontact.ci-commerce.com\\\/en\\\/archiv-3\\\/\"]}]},{\"@type\":\"ImageObject\",\"inLanguage\":\"en-GB\",\"@id\":\"https:\\\/\\\/biocontact.ci-commerce.com\\\/en\\\/archiv-3\\\/#primaryimage\",\"url\":\"https:\\\/\\\/www.biocontact.info\\\/en\\\/wp-content\\\/uploads\\\/sites\\\/2\\\/2017\\\/10\\\/pictures_Firmenlogos_icw2017.png\",\"contentUrl\":\"https:\\\/\\\/www.biocontact.info\\\/en\\\/wp-content\\\/uploads\\\/sites\\\/2\\\/2017\\\/10\\\/pictures_Firmenlogos_icw2017.png\",\"width\":1000,\"height\":1015},{\"@type\":\"BreadcrumbList\",\"@id\":\"https:\\\/\\\/biocontact.ci-commerce.com\\\/en\\\/archiv-3\\\/#breadcrumb\",\"itemListElement\":[{\"@type\":\"ListItem\",\"position\":1,\"name\":\"Startseite\",\"item\":\"https:\\\/\\\/www.biocontact.info\\\/en\\\/\"},{\"@type\":\"ListItem\",\"position\":2,\"name\":\"Archiv\"}]},{\"@type\":\"WebSite\",\"@id\":\"https:\\\/\\\/biocontact.ci-commerce.com\\\/en\\\/#website\",\"url\":\"https:\\\/\\\/biocontact.ci-commerce.com\\\/en\\\/\",\"name\":\"BioContact e.V. (English)\",\"description\":\"We network science and industry\",\"potentialAction\":[{\"@type\":\"SearchAction\",\"target\":{\"@type\":\"EntryPoint\",\"urlTemplate\":\"https:\\\/\\\/biocontact.ci-commerce.com\\\/en\\\/?s={search_term_string}\"},\"query-input\":{\"@type\":\"PropertyValueSpecification\",\"valueRequired\":true,\"valueName\":\"search_term_string\"}}],\"inLanguage\":\"en-GB\"}]}<\/script>\n<!-- \/ Yoast SEO plugin. -->","yoast_head_json":{"title":"Archiv - BioContact e.V. (English)","robots":{"index":"index","follow":"follow","max-snippet":"max-snippet:-1","max-image-preview":"max-image-preview:large","max-video-preview":"max-video-preview:-1"},"canonical":"https:\/\/biocontact.ci-commerce.com\/en\/archiv-3\/","og_locale":"en_GB","og_type":"article","og_title":"Archiv - BioContact e.V. (English)","og_description":"Vom Pharmaunternehmen bis zur Beratung \u2013 die \u201eIn CONTACT with\u201c Firmenpr\u00e4sentationen im vergangenen Jahr haben Ihnen einen breiten \u00dcberblick \u00fcber potentielle Arbeitgeber geboten. Mit dieser Vielfalt haben Sie die M\u00f6glichkeit","og_url":"https:\/\/biocontact.ci-commerce.com\/en\/archiv-3\/","og_site_name":"BioContact e.V. (English)","og_image":[{"width":1000,"height":1015,"url":"https:\/\/biocontact.ci-commerce.com\/en\/wp-content\/uploads\/sites\/2\/2017\/10\/pictures_Firmenlogos_icw2017.png","type":"image\/png"}],"twitter_card":"summary_large_image","schema":{"@context":"https:\/\/schema.org","@graph":[{"@type":"WebPage","@id":"https:\/\/biocontact.ci-commerce.com\/en\/archiv-3\/","url":"https:\/\/biocontact.ci-commerce.com\/en\/archiv-3\/","name":"Archiv - BioContact e.V. (English)","isPartOf":{"@id":"https:\/\/biocontact.ci-commerce.com\/en\/#website"},"primaryImageOfPage":{"@id":"https:\/\/biocontact.ci-commerce.com\/en\/archiv-3\/#primaryimage"},"image":{"@id":"https:\/\/biocontact.ci-commerce.com\/en\/archiv-3\/#primaryimage"},"thumbnailUrl":"https:\/\/www.biocontact.info\/en\/wp-content\/uploads\/sites\/2\/2017\/10\/pictures_Firmenlogos_icw2017.png","datePublished":"2017-10-19T15:24:45+00:00","breadcrumb":{"@id":"https:\/\/biocontact.ci-commerce.com\/en\/archiv-3\/#breadcrumb"},"inLanguage":"en-GB","potentialAction":[{"@type":"ReadAction","target":["https:\/\/biocontact.ci-commerce.com\/en\/archiv-3\/"]}]},{"@type":"ImageObject","inLanguage":"en-GB","@id":"https:\/\/biocontact.ci-commerce.com\/en\/archiv-3\/#primaryimage","url":"https:\/\/www.biocontact.info\/en\/wp-content\/uploads\/sites\/2\/2017\/10\/pictures_Firmenlogos_icw2017.png","contentUrl":"https:\/\/www.biocontact.info\/en\/wp-content\/uploads\/sites\/2\/2017\/10\/pictures_Firmenlogos_icw2017.png","width":1000,"height":1015},{"@type":"BreadcrumbList","@id":"https:\/\/biocontact.ci-commerce.com\/en\/archiv-3\/#breadcrumb","itemListElement":[{"@type":"ListItem","position":1,"name":"Startseite","item":"https:\/\/www.biocontact.info\/en\/"},{"@type":"ListItem","position":2,"name":"Archiv"}]},{"@type":"WebSite","@id":"https:\/\/biocontact.ci-commerce.com\/en\/#website","url":"https:\/\/biocontact.ci-commerce.com\/en\/","name":"BioContact e.V. (English)","description":"We network science and industry","potentialAction":[{"@type":"SearchAction","target":{"@type":"EntryPoint","urlTemplate":"https:\/\/biocontact.ci-commerce.com\/en\/?s={search_term_string}"},"query-input":{"@type":"PropertyValueSpecification","valueRequired":true,"valueName":"search_term_string"}}],"inLanguage":"en-GB"}]}},"_links":{"self":[{"href":"https:\/\/www.biocontact.info\/en\/wp-json\/wp\/v2\/pages\/758","targetHints":{"allow":["GET"]}}],"collection":[{"href":"https:\/\/www.biocontact.info\/en\/wp-json\/wp\/v2\/pages"}],"about":[{"href":"https:\/\/www.biocontact.info\/en\/wp-json\/wp\/v2\/types\/page"}],"author":[{"embeddable":true,"href":"https:\/\/www.biocontact.info\/en\/wp-json\/wp\/v2\/users\/1"}],"replies":[{"embeddable":true,"href":"https:\/\/www.biocontact.info\/en\/wp-json\/wp\/v2\/comments?post=758"}],"version-history":[{"count":0,"href":"https:\/\/www.biocontact.info\/en\/wp-json\/wp\/v2\/pages\/758\/revisions"}],"wp:featuredmedia":[{"embeddable":true,"href":"https:\/\/www.biocontact.info\/en\/wp-json\/wp\/v2\/media\/740"}],"wp:attachment":[{"href":"https:\/\/www.biocontact.info\/en\/wp-json\/wp\/v2\/media?parent=758"}],"curies":[{"name":"wp","href":"https:\/\/api.w.org\/{rel}","templated":true}]}}