{"id":757,"date":"2017-08-24T13:40:41","date_gmt":"2017-08-24T11:40:41","guid":{"rendered":"https:\/\/biocontact.info\/en\/vielen-dank-2\/"},"modified":"2017-08-24T13:40:41","modified_gmt":"2017-08-24T11:40:41","slug":"vielen-dank-2","status":"publish","type":"page","link":"https:\/\/www.biocontact.info\/en\/vielen-dank-2\/","title":{"rendered":"Vielen Dank! \/ Thank you!"},"content":{"rendered":"<p>Herzlichen Dank f\u00fcr die Anmeldung Ihrer Firma zur <strong>CONTACT2022<\/strong>. Wir werden Ihnen die Anmeldung in den n\u00e4chsten Tagen per E-Mail pers\u00f6nlich best\u00e4tigen. Sollten Sie von uns keine Benachrichtigung erhalten, setzen Sie sich bitte mit uns \u00fcber <a href=\"mailto:info@biocontact.info\">info@biocontact.info<\/a> in Verbindung.<\/p>\r\n\r\n<p><strong>Bitte f\u00fcllen Sie zur Angabe der Anmeldeinformationen&nbsp;<\/strong><strong>f\u00fcr die Messe das erg\u00e4nzende <u>Formular Registrierung Teil 2<\/u>&nbsp;<\/strong><strong>aus. Benutzen Sie dazu bitte den Link in der rechten Seitenleiste!<\/strong><\/p>\r\n\r\n<p><em>Thank you for registering your company for the CONTACT2022 job fair. Subsequently you will receive a confirmation E\u2011mail in the upcoming days. If you did not receive a confirmation E\u2011mail, please notify us via <a href=\"mailto:info@biocontact.info\">info@biocontact.info<\/a>.<\/em><\/p>\r\n\r\n<p><strong><em>Please complete the <u>supplementary form registration part 2<\/u> in order to provide further information required for the job fair. Please use the link in the sidebar on the right!<\/em><\/strong><\/p>\r\n","protected":false},"excerpt":{"rendered":"<p>Herzlichen Dank f\u00fcr die Anmeldung Ihrer Firma zur CONTACT2022. Wir werden Ihnen die Anmeldung in den n\u00e4chsten Tagen per E-Mail pers\u00f6nlich best\u00e4tigen. Sollten Sie von uns keine Benachrichtigung erhalten, setzen<\/p>\n","protected":false},"author":1,"featured_media":0,"parent":0,"menu_order":0,"comment_status":"closed","ping_status":"closed","template":"","meta":{"_eb_attr":"","_breakdance_hide_in_design_set":false,"_breakdance_tags":"","footnotes":""},"class_list":["post-757","page","type-page","status-publish","hentry"],"yoast_head":"<!-- This site is optimized with the Yoast SEO plugin v27.5 - https:\/\/yoast.com\/product\/yoast-seo-wordpress\/ -->\n<title>Vielen Dank! \/ Thank you! - BioContact e.V. (English)<\/title>\n<meta name=\"robots\" content=\"index, follow, max-snippet:-1, max-image-preview:large, max-video-preview:-1\" \/>\n<link rel=\"canonical\" href=\"https:\/\/biocontact.ci-commerce.com\/en\/vielen-dank-2\/\" \/>\n<meta property=\"og:locale\" content=\"en_GB\" \/>\n<meta property=\"og:type\" content=\"article\" \/>\n<meta property=\"og:title\" content=\"Vielen Dank! \/ Thank you! - BioContact e.V. (English)\" \/>\n<meta property=\"og:description\" content=\"Herzlichen Dank f\u00fcr die Anmeldung Ihrer Firma zur CONTACT2022. Wir werden Ihnen die Anmeldung in den n\u00e4chsten Tagen per E-Mail pers\u00f6nlich best\u00e4tigen. Sollten Sie von uns keine Benachrichtigung erhalten, setzen\" \/>\n<meta property=\"og:url\" content=\"https:\/\/biocontact.ci-commerce.com\/en\/vielen-dank-2\/\" \/>\n<meta property=\"og:site_name\" content=\"BioContact e.V. (English)\" \/>\n<meta name=\"twitter:card\" content=\"summary_large_image\" \/>\n<meta name=\"twitter:label1\" content=\"Estimated reading time\" \/>\n\t<meta name=\"twitter:data1\" content=\"1 minute\" \/>\n<script type=\"application\/ld+json\" class=\"yoast-schema-graph\">{\"@context\":\"https:\\\/\\\/schema.org\",\"@graph\":[{\"@type\":\"WebPage\",\"@id\":\"https:\\\/\\\/biocontact.ci-commerce.com\\\/en\\\/vielen-dank-2\\\/\",\"url\":\"https:\\\/\\\/biocontact.ci-commerce.com\\\/en\\\/vielen-dank-2\\\/\",\"name\":\"Vielen Dank! \\\/ Thank you! - BioContact e.V. (English)\",\"isPartOf\":{\"@id\":\"https:\\\/\\\/biocontact.ci-commerce.com\\\/en\\\/#website\"},\"datePublished\":\"2017-08-24T11:40:41+00:00\",\"breadcrumb\":{\"@id\":\"https:\\\/\\\/biocontact.ci-commerce.com\\\/en\\\/vielen-dank-2\\\/#breadcrumb\"},\"inLanguage\":\"en-GB\",\"potentialAction\":[{\"@type\":\"ReadAction\",\"target\":[\"https:\\\/\\\/biocontact.ci-commerce.com\\\/en\\\/vielen-dank-2\\\/\"]}]},{\"@type\":\"BreadcrumbList\",\"@id\":\"https:\\\/\\\/biocontact.ci-commerce.com\\\/en\\\/vielen-dank-2\\\/#breadcrumb\",\"itemListElement\":[{\"@type\":\"ListItem\",\"position\":1,\"name\":\"Startseite\",\"item\":\"https:\\\/\\\/www.biocontact.info\\\/en\\\/\"},{\"@type\":\"ListItem\",\"position\":2,\"name\":\"Vielen Dank! \\\/ Thank you!\"}]},{\"@type\":\"WebSite\",\"@id\":\"https:\\\/\\\/biocontact.ci-commerce.com\\\/en\\\/#website\",\"url\":\"https:\\\/\\\/biocontact.ci-commerce.com\\\/en\\\/\",\"name\":\"BioContact e.V. (English)\",\"description\":\"We network science and industry\",\"potentialAction\":[{\"@type\":\"SearchAction\",\"target\":{\"@type\":\"EntryPoint\",\"urlTemplate\":\"https:\\\/\\\/biocontact.ci-commerce.com\\\/en\\\/?s={search_term_string}\"},\"query-input\":{\"@type\":\"PropertyValueSpecification\",\"valueRequired\":true,\"valueName\":\"search_term_string\"}}],\"inLanguage\":\"en-GB\"}]}<\/script>\n<!-- \/ Yoast SEO plugin. -->","yoast_head_json":{"title":"Vielen Dank! \/ Thank you! - BioContact e.V. (English)","robots":{"index":"index","follow":"follow","max-snippet":"max-snippet:-1","max-image-preview":"max-image-preview:large","max-video-preview":"max-video-preview:-1"},"canonical":"https:\/\/biocontact.ci-commerce.com\/en\/vielen-dank-2\/","og_locale":"en_GB","og_type":"article","og_title":"Vielen Dank! \/ Thank you! - BioContact e.V. (English)","og_description":"Herzlichen Dank f\u00fcr die Anmeldung Ihrer Firma zur CONTACT2022. Wir werden Ihnen die Anmeldung in den n\u00e4chsten Tagen per E-Mail pers\u00f6nlich best\u00e4tigen. Sollten Sie von uns keine Benachrichtigung erhalten, setzen","og_url":"https:\/\/biocontact.ci-commerce.com\/en\/vielen-dank-2\/","og_site_name":"BioContact e.V. (English)","twitter_card":"summary_large_image","twitter_misc":{"Estimated reading time":"1 minute"},"schema":{"@context":"https:\/\/schema.org","@graph":[{"@type":"WebPage","@id":"https:\/\/biocontact.ci-commerce.com\/en\/vielen-dank-2\/","url":"https:\/\/biocontact.ci-commerce.com\/en\/vielen-dank-2\/","name":"Vielen Dank! \/ Thank you! - BioContact e.V. (English)","isPartOf":{"@id":"https:\/\/biocontact.ci-commerce.com\/en\/#website"},"datePublished":"2017-08-24T11:40:41+00:00","breadcrumb":{"@id":"https:\/\/biocontact.ci-commerce.com\/en\/vielen-dank-2\/#breadcrumb"},"inLanguage":"en-GB","potentialAction":[{"@type":"ReadAction","target":["https:\/\/biocontact.ci-commerce.com\/en\/vielen-dank-2\/"]}]},{"@type":"BreadcrumbList","@id":"https:\/\/biocontact.ci-commerce.com\/en\/vielen-dank-2\/#breadcrumb","itemListElement":[{"@type":"ListItem","position":1,"name":"Startseite","item":"https:\/\/www.biocontact.info\/en\/"},{"@type":"ListItem","position":2,"name":"Vielen Dank! \/ Thank you!"}]},{"@type":"WebSite","@id":"https:\/\/biocontact.ci-commerce.com\/en\/#website","url":"https:\/\/biocontact.ci-commerce.com\/en\/","name":"BioContact e.V. (English)","description":"We network science and industry","potentialAction":[{"@type":"SearchAction","target":{"@type":"EntryPoint","urlTemplate":"https:\/\/biocontact.ci-commerce.com\/en\/?s={search_term_string}"},"query-input":{"@type":"PropertyValueSpecification","valueRequired":true,"valueName":"search_term_string"}}],"inLanguage":"en-GB"}]}},"_links":{"self":[{"href":"https:\/\/www.biocontact.info\/en\/wp-json\/wp\/v2\/pages\/757","targetHints":{"allow":["GET"]}}],"collection":[{"href":"https:\/\/www.biocontact.info\/en\/wp-json\/wp\/v2\/pages"}],"about":[{"href":"https:\/\/www.biocontact.info\/en\/wp-json\/wp\/v2\/types\/page"}],"author":[{"embeddable":true,"href":"https:\/\/www.biocontact.info\/en\/wp-json\/wp\/v2\/users\/1"}],"replies":[{"embeddable":true,"href":"https:\/\/www.biocontact.info\/en\/wp-json\/wp\/v2\/comments?post=757"}],"version-history":[{"count":0,"href":"https:\/\/www.biocontact.info\/en\/wp-json\/wp\/v2\/pages\/757\/revisions"}],"wp:attachment":[{"href":"https:\/\/www.biocontact.info\/en\/wp-json\/wp\/v2\/media?parent=757"}],"curies":[{"name":"wp","href":"https:\/\/api.w.org\/{rel}","templated":true}]}}