{"id":752,"date":"2018-03-10T16:29:24","date_gmt":"2018-03-10T15:29:24","guid":{"rendered":"https:\/\/biocontact.info\/en\/workshop-mlp-gehaltsverhandlung-zum-berufseinstieg-verdiene-ich-mehr-geld\/"},"modified":"2018-03-10T16:29:24","modified_gmt":"2018-03-10T15:29:24","slug":"workshop-mlp-gehaltsverhandlung-zum-berufseinstieg-verdiene-ich-mehr-geld","status":"publish","type":"page","link":"https:\/\/www.biocontact.info\/en\/workshop-mlp-gehaltsverhandlung-zum-berufseinstieg-verdiene-ich-mehr-geld\/","title":{"rendered":"Workshop MLP (A): &#8220;Gehaltsverhandlung zum Berufseinstieg &#8211; Wie verdiene ich mehr Geld?&#8221;"},"content":{"rendered":"<table cellpadding=\"1\" cellspacing=\"1\" style=\"width:900px\">\r\n\t<tbody>\r\n\t\t<tr>\r\n\t\t\t<td style=\"text-align:center; vertical-align:middle; width:250px\"><img loading=\"lazy\" decoding=\"async\" class=\" size-full wp-image-744\" alt=\"\" src=\"https:\/\/biocontact.ci-commerce.comen\/wp-content\/uploads\/sites\/2\/2018\/03\/pictures_Firmenlogos_744px-mlp-logo.svg_.png\" style=\"height:62px; width:200px\" width=\"744\" height=\"229\" srcset=\"https:\/\/www.biocontact.info\/en\/wp-content\/uploads\/sites\/2\/2018\/03\/pictures_Firmenlogos_744px-mlp-logo.svg_.png 744w, https:\/\/www.biocontact.info\/en\/wp-content\/uploads\/sites\/2\/2018\/03\/pictures_Firmenlogos_744px-mlp-logo.svg_-300x92.png 300w\" sizes=\"auto, (max-width: 744px) 100vw, 744px\" \/><\/td>\r\n\t\t\t<td>\r\n\t\t\t<h4>Workshop MLP: \"Gehaltsverhandlung zum Berufseinstieg - Wie verdiene ich mehr Geld?\"<\/h4>\r\n\r\n\t\t\t<h4>Referenten: David Zumstein, Denny Baytar und Romina Scheidt, Senior Financial Consultants bei MLP Finanzberatung SE<\/h4>\r\n\r\n\t\t\t<h4>15.05.2019 11:45 - 14:15 Uhr<\/h4>\r\n\r\n\t\t\t<h4>Sprache: Deutsch<\/h4>\r\n\t\t\t<\/td>\r\n\t\t<\/tr>\r\n\t\t<tr>\r\n\t\t\t<td colspan=\"2\">\r\n\t\t\t<p>Sp\u00e4testens zum Berufseinstieg sollten Sie eine klare Gehaltsvorstellung haben. \u00dcben Sie, Werbung in eigener Sache zu betreiben, sich optimal auf das Gehaltsgespr\u00e4ch vorzubereiten und dieses selbstbewusst durchzuf\u00fchren. Der erste Eindruck ist von entscheidender Bedeutung und sollte das erste Ausrufezeichen setzen. Lernen Sie dar\u00fcber hinaus die eigenen St\u00e4rken und Schw\u00e4chen allgemein und bei Verhandlungen im Speziellen kennen. Ziel ist es, den Teilnehmerinnen aufzuzeigen, wie man authentisch und \u00fcberzeugend auftritt, welche Gehaltsbestandteile es gibt und was man eigentlich verhandeln kann.<\/p>\r\n\r\n\t\t\t<p><u><strong>Inhalt<\/strong><\/u><\/p>\r\n\r\n\t\t\t<ul>\r\n\t\t\t\t<li>Ermittlung des eigenen Marktwerts<\/li>\r\n\t\t\t\t<li>Tipps f\u00fcr ein erfolgreiches Verhandlungsgespr\u00e4ch<\/li>\r\n\t\t\t\t<li>Rollenspiele zum \u00dcben anhand realer Fallbeispiele<\/li>\r\n\t\t\t\t<li>St\u00e4rken und Schw\u00e4chen im Bewerbungs- und Verhandlungskontext<\/li>\r\n\t\t\t<\/ul>\r\n\r\n\t\t\t<p><u><strong>Nach dem Seminar werden die Teilnehmer<\/strong><\/u><\/p>\r\n\r\n\t\t\t<ul>\r\n\t\t\t\t<li>Wissen, was ihr Marktwert ist<\/li>\r\n\t\t\t\t<li>Besser verhandeln in allen Lebenslagen<\/li>\r\n\t\t\t\t<li>Tools zur Identifikation der eigenen St\u00e4rken und auch zur Evaluierung des Einstiegsgehalts zur Verf\u00fcgung gestellt bekommen<\/li>\r\n\t\t\t<\/ul>\r\n\r\n\t\t\t<h2><a href=\"http:\/\/indico.dkfz.de\/e\/Workshops\">Registriert euch hier!<\/a><\/h2>\r\n\t\t\t<\/td>\r\n\t\t<\/tr>\r\n\t<\/tbody>\r\n<\/table>\r\n","protected":false},"excerpt":{"rendered":"<p>Workshop MLP: &#8220;Gehaltsverhandlung zum Berufseinstieg &#8211; Wie verdiene ich mehr Geld?&#8221; Referenten: David Zumstein, Denny Baytar und Romina Scheidt, Senior Financial Consultants bei MLP Finanzberatung SE 15.05.2019 11:45 &#8211; 14:15<\/p>\n","protected":false},"author":1,"featured_media":744,"parent":0,"menu_order":0,"comment_status":"closed","ping_status":"closed","template":"","meta":{"_eb_attr":"","_breakdance_hide_in_design_set":false,"_breakdance_tags":"","footnotes":""},"class_list":["post-752","page","type-page","status-publish","has-post-thumbnail","hentry"],"yoast_head":"<!-- This site is optimized with the Yoast SEO plugin v27.5 - https:\/\/yoast.com\/product\/yoast-seo-wordpress\/ -->\n<title>Workshop MLP (A): &quot;Gehaltsverhandlung zum Berufseinstieg - Wie verdiene ich mehr Geld?&quot; - BioContact e.V. (English)<\/title>\n<meta name=\"robots\" content=\"index, follow, max-snippet:-1, max-image-preview:large, max-video-preview:-1\" \/>\n<link rel=\"canonical\" href=\"https:\/\/biocontact.ci-commerce.com\/en\/workshop-mlp-gehaltsverhandlung-zum-berufseinstieg-verdiene-ich-mehr-geld\/\" \/>\n<meta property=\"og:locale\" content=\"en_GB\" \/>\n<meta property=\"og:type\" content=\"article\" \/>\n<meta property=\"og:title\" content=\"Workshop MLP (A): &quot;Gehaltsverhandlung zum Berufseinstieg - Wie verdiene ich mehr Geld?&quot; - BioContact e.V. (English)\" \/>\n<meta property=\"og:description\" content=\"Workshop MLP: &quot;Gehaltsverhandlung zum Berufseinstieg - Wie verdiene ich mehr Geld?&quot; Referenten: David Zumstein, Denny Baytar und Romina Scheidt, Senior Financial Consultants bei MLP Finanzberatung SE 15.05.2019 11:45 - 14:15\" \/>\n<meta property=\"og:url\" content=\"https:\/\/biocontact.ci-commerce.com\/en\/workshop-mlp-gehaltsverhandlung-zum-berufseinstieg-verdiene-ich-mehr-geld\/\" \/>\n<meta property=\"og:site_name\" content=\"BioContact e.V. (English)\" \/>\n<meta property=\"og:image\" content=\"https:\/\/biocontact.ci-commerce.com\/en\/wp-content\/uploads\/sites\/2\/2018\/03\/pictures_Firmenlogos_744px-mlp-logo.svg_.png\" \/>\n\t<meta property=\"og:image:width\" content=\"744\" \/>\n\t<meta property=\"og:image:height\" content=\"229\" \/>\n\t<meta property=\"og:image:type\" content=\"image\/png\" \/>\n<meta name=\"twitter:card\" content=\"summary_large_image\" \/>\n<meta name=\"twitter:label1\" content=\"Estimated reading time\" \/>\n\t<meta name=\"twitter:data1\" content=\"1 minute\" \/>\n<script type=\"application\/ld+json\" class=\"yoast-schema-graph\">{\"@context\":\"https:\\\/\\\/schema.org\",\"@graph\":[{\"@type\":\"WebPage\",\"@id\":\"https:\\\/\\\/biocontact.ci-commerce.com\\\/en\\\/workshop-mlp-gehaltsverhandlung-zum-berufseinstieg-verdiene-ich-mehr-geld\\\/\",\"url\":\"https:\\\/\\\/biocontact.ci-commerce.com\\\/en\\\/workshop-mlp-gehaltsverhandlung-zum-berufseinstieg-verdiene-ich-mehr-geld\\\/\",\"name\":\"Workshop MLP (A): \\\"Gehaltsverhandlung zum Berufseinstieg - Wie verdiene ich mehr Geld?\\\" - BioContact e.V. (English)\",\"isPartOf\":{\"@id\":\"https:\\\/\\\/biocontact.ci-commerce.com\\\/en\\\/#website\"},\"primaryImageOfPage\":{\"@id\":\"https:\\\/\\\/biocontact.ci-commerce.com\\\/en\\\/workshop-mlp-gehaltsverhandlung-zum-berufseinstieg-verdiene-ich-mehr-geld\\\/#primaryimage\"},\"image\":{\"@id\":\"https:\\\/\\\/biocontact.ci-commerce.com\\\/en\\\/workshop-mlp-gehaltsverhandlung-zum-berufseinstieg-verdiene-ich-mehr-geld\\\/#primaryimage\"},\"thumbnailUrl\":\"https:\\\/\\\/www.biocontact.info\\\/en\\\/wp-content\\\/uploads\\\/sites\\\/2\\\/2018\\\/03\\\/pictures_Firmenlogos_744px-mlp-logo.svg_.png\",\"datePublished\":\"2018-03-10T15:29:24+00:00\",\"breadcrumb\":{\"@id\":\"https:\\\/\\\/biocontact.ci-commerce.com\\\/en\\\/workshop-mlp-gehaltsverhandlung-zum-berufseinstieg-verdiene-ich-mehr-geld\\\/#breadcrumb\"},\"inLanguage\":\"en-GB\",\"potentialAction\":[{\"@type\":\"ReadAction\",\"target\":[\"https:\\\/\\\/biocontact.ci-commerce.com\\\/en\\\/workshop-mlp-gehaltsverhandlung-zum-berufseinstieg-verdiene-ich-mehr-geld\\\/\"]}]},{\"@type\":\"ImageObject\",\"inLanguage\":\"en-GB\",\"@id\":\"https:\\\/\\\/biocontact.ci-commerce.com\\\/en\\\/workshop-mlp-gehaltsverhandlung-zum-berufseinstieg-verdiene-ich-mehr-geld\\\/#primaryimage\",\"url\":\"https:\\\/\\\/www.biocontact.info\\\/en\\\/wp-content\\\/uploads\\\/sites\\\/2\\\/2018\\\/03\\\/pictures_Firmenlogos_744px-mlp-logo.svg_.png\",\"contentUrl\":\"https:\\\/\\\/www.biocontact.info\\\/en\\\/wp-content\\\/uploads\\\/sites\\\/2\\\/2018\\\/03\\\/pictures_Firmenlogos_744px-mlp-logo.svg_.png\",\"width\":744,\"height\":229},{\"@type\":\"BreadcrumbList\",\"@id\":\"https:\\\/\\\/biocontact.ci-commerce.com\\\/en\\\/workshop-mlp-gehaltsverhandlung-zum-berufseinstieg-verdiene-ich-mehr-geld\\\/#breadcrumb\",\"itemListElement\":[{\"@type\":\"ListItem\",\"position\":1,\"name\":\"Startseite\",\"item\":\"https:\\\/\\\/www.biocontact.info\\\/en\\\/\"},{\"@type\":\"ListItem\",\"position\":2,\"name\":\"Workshop MLP (A): &#8222;Gehaltsverhandlung zum Berufseinstieg &#8211; Wie verdiene ich mehr Geld?&#8220;\"}]},{\"@type\":\"WebSite\",\"@id\":\"https:\\\/\\\/biocontact.ci-commerce.com\\\/en\\\/#website\",\"url\":\"https:\\\/\\\/biocontact.ci-commerce.com\\\/en\\\/\",\"name\":\"BioContact e.V. (English)\",\"description\":\"We network science and industry\",\"potentialAction\":[{\"@type\":\"SearchAction\",\"target\":{\"@type\":\"EntryPoint\",\"urlTemplate\":\"https:\\\/\\\/biocontact.ci-commerce.com\\\/en\\\/?s={search_term_string}\"},\"query-input\":{\"@type\":\"PropertyValueSpecification\",\"valueRequired\":true,\"valueName\":\"search_term_string\"}}],\"inLanguage\":\"en-GB\"}]}<\/script>\n<!-- \/ Yoast SEO plugin. -->","yoast_head_json":{"title":"Workshop MLP (A): \"Gehaltsverhandlung zum Berufseinstieg - Wie verdiene ich mehr Geld?\" - BioContact e.V. (English)","robots":{"index":"index","follow":"follow","max-snippet":"max-snippet:-1","max-image-preview":"max-image-preview:large","max-video-preview":"max-video-preview:-1"},"canonical":"https:\/\/biocontact.ci-commerce.com\/en\/workshop-mlp-gehaltsverhandlung-zum-berufseinstieg-verdiene-ich-mehr-geld\/","og_locale":"en_GB","og_type":"article","og_title":"Workshop MLP (A): \"Gehaltsverhandlung zum Berufseinstieg - Wie verdiene ich mehr Geld?\" - BioContact e.V. (English)","og_description":"Workshop MLP: \"Gehaltsverhandlung zum Berufseinstieg - Wie verdiene ich mehr Geld?\" Referenten: David Zumstein, Denny Baytar und Romina Scheidt, Senior Financial Consultants bei MLP Finanzberatung SE 15.05.2019 11:45 - 14:15","og_url":"https:\/\/biocontact.ci-commerce.com\/en\/workshop-mlp-gehaltsverhandlung-zum-berufseinstieg-verdiene-ich-mehr-geld\/","og_site_name":"BioContact e.V. (English)","og_image":[{"width":744,"height":229,"url":"https:\/\/biocontact.ci-commerce.com\/en\/wp-content\/uploads\/sites\/2\/2018\/03\/pictures_Firmenlogos_744px-mlp-logo.svg_.png","type":"image\/png"}],"twitter_card":"summary_large_image","twitter_misc":{"Estimated reading time":"1 minute"},"schema":{"@context":"https:\/\/schema.org","@graph":[{"@type":"WebPage","@id":"https:\/\/biocontact.ci-commerce.com\/en\/workshop-mlp-gehaltsverhandlung-zum-berufseinstieg-verdiene-ich-mehr-geld\/","url":"https:\/\/biocontact.ci-commerce.com\/en\/workshop-mlp-gehaltsverhandlung-zum-berufseinstieg-verdiene-ich-mehr-geld\/","name":"Workshop MLP (A): \"Gehaltsverhandlung zum Berufseinstieg - Wie verdiene ich mehr Geld?\" - BioContact e.V. (English)","isPartOf":{"@id":"https:\/\/biocontact.ci-commerce.com\/en\/#website"},"primaryImageOfPage":{"@id":"https:\/\/biocontact.ci-commerce.com\/en\/workshop-mlp-gehaltsverhandlung-zum-berufseinstieg-verdiene-ich-mehr-geld\/#primaryimage"},"image":{"@id":"https:\/\/biocontact.ci-commerce.com\/en\/workshop-mlp-gehaltsverhandlung-zum-berufseinstieg-verdiene-ich-mehr-geld\/#primaryimage"},"thumbnailUrl":"https:\/\/www.biocontact.info\/en\/wp-content\/uploads\/sites\/2\/2018\/03\/pictures_Firmenlogos_744px-mlp-logo.svg_.png","datePublished":"2018-03-10T15:29:24+00:00","breadcrumb":{"@id":"https:\/\/biocontact.ci-commerce.com\/en\/workshop-mlp-gehaltsverhandlung-zum-berufseinstieg-verdiene-ich-mehr-geld\/#breadcrumb"},"inLanguage":"en-GB","potentialAction":[{"@type":"ReadAction","target":["https:\/\/biocontact.ci-commerce.com\/en\/workshop-mlp-gehaltsverhandlung-zum-berufseinstieg-verdiene-ich-mehr-geld\/"]}]},{"@type":"ImageObject","inLanguage":"en-GB","@id":"https:\/\/biocontact.ci-commerce.com\/en\/workshop-mlp-gehaltsverhandlung-zum-berufseinstieg-verdiene-ich-mehr-geld\/#primaryimage","url":"https:\/\/www.biocontact.info\/en\/wp-content\/uploads\/sites\/2\/2018\/03\/pictures_Firmenlogos_744px-mlp-logo.svg_.png","contentUrl":"https:\/\/www.biocontact.info\/en\/wp-content\/uploads\/sites\/2\/2018\/03\/pictures_Firmenlogos_744px-mlp-logo.svg_.png","width":744,"height":229},{"@type":"BreadcrumbList","@id":"https:\/\/biocontact.ci-commerce.com\/en\/workshop-mlp-gehaltsverhandlung-zum-berufseinstieg-verdiene-ich-mehr-geld\/#breadcrumb","itemListElement":[{"@type":"ListItem","position":1,"name":"Startseite","item":"https:\/\/www.biocontact.info\/en\/"},{"@type":"ListItem","position":2,"name":"Workshop MLP (A): &#8222;Gehaltsverhandlung zum Berufseinstieg &#8211; Wie verdiene ich mehr Geld?&#8220;"}]},{"@type":"WebSite","@id":"https:\/\/biocontact.ci-commerce.com\/en\/#website","url":"https:\/\/biocontact.ci-commerce.com\/en\/","name":"BioContact e.V. (English)","description":"We network science and industry","potentialAction":[{"@type":"SearchAction","target":{"@type":"EntryPoint","urlTemplate":"https:\/\/biocontact.ci-commerce.com\/en\/?s={search_term_string}"},"query-input":{"@type":"PropertyValueSpecification","valueRequired":true,"valueName":"search_term_string"}}],"inLanguage":"en-GB"}]}},"_links":{"self":[{"href":"https:\/\/www.biocontact.info\/en\/wp-json\/wp\/v2\/pages\/752","targetHints":{"allow":["GET"]}}],"collection":[{"href":"https:\/\/www.biocontact.info\/en\/wp-json\/wp\/v2\/pages"}],"about":[{"href":"https:\/\/www.biocontact.info\/en\/wp-json\/wp\/v2\/types\/page"}],"author":[{"embeddable":true,"href":"https:\/\/www.biocontact.info\/en\/wp-json\/wp\/v2\/users\/1"}],"replies":[{"embeddable":true,"href":"https:\/\/www.biocontact.info\/en\/wp-json\/wp\/v2\/comments?post=752"}],"version-history":[{"count":0,"href":"https:\/\/www.biocontact.info\/en\/wp-json\/wp\/v2\/pages\/752\/revisions"}],"wp:featuredmedia":[{"embeddable":true,"href":"https:\/\/www.biocontact.info\/en\/wp-json\/wp\/v2\/media\/744"}],"wp:attachment":[{"href":"https:\/\/www.biocontact.info\/en\/wp-json\/wp\/v2\/media?parent=752"}],"curies":[{"name":"wp","href":"https:\/\/api.w.org\/{rel}","templated":true}]}}