{"id":706,"date":"2016-12-12T15:05:13","date_gmt":"2016-12-12T14:05:13","guid":{"rendered":"https:\/\/biocontact.info\/en\/members\/"},"modified":"2023-11-01T19:08:09","modified_gmt":"2023-11-01T18:08:09","slug":"members","status":"publish","type":"page","link":"https:\/\/www.biocontact.info\/en\/members\/","title":{"rendered":"Members"},"content":{"rendered":"\n<p class=\"has-medium-font-size\">The volunteer members of BioContact e.V. are already busy preparing the job fair <strong>CONTACT2023<\/strong>. For more information on our teams and their responsibilities, please scroll down.<\/p>\n\n\n\n<figure class=\"wp-block-gallery has-nested-images columns-default is-cropped wp-block-gallery-1 is-layout-flex wp-block-gallery-is-layout-flex\">\n<figure class=\"wp-block-image size-full\"><img loading=\"lazy\" decoding=\"async\" width=\"1619\" height=\"1080\" data-id=\"1202\" src=\"https:\/\/www.biocontact.info\/en\/wp-content\/uploads\/sites\/2\/2022\/11\/Gruppen_Foto.jpg\" alt=\"\" class=\"wp-image-1202\" srcset=\"https:\/\/www.biocontact.info\/en\/wp-content\/uploads\/sites\/2\/2022\/11\/Gruppen_Foto.jpg 1619w, https:\/\/www.biocontact.info\/en\/wp-content\/uploads\/sites\/2\/2022\/11\/Gruppen_Foto-300x200.jpg 300w, https:\/\/www.biocontact.info\/en\/wp-content\/uploads\/sites\/2\/2022\/11\/Gruppen_Foto-1024x683.jpg 1024w, https:\/\/www.biocontact.info\/en\/wp-content\/uploads\/sites\/2\/2022\/11\/Gruppen_Foto-768x512.jpg 768w, https:\/\/www.biocontact.info\/en\/wp-content\/uploads\/sites\/2\/2022\/11\/Gruppen_Foto-1536x1025.jpg 1536w, https:\/\/www.biocontact.info\/en\/wp-content\/uploads\/sites\/2\/2022\/11\/Gruppen_Foto-1600x1067.jpg 1600w\" sizes=\"auto, (max-width: 1619px) 100vw, 1619px\" \/><\/figure>\n<\/figure>\n\n\n\n<p class=\"has-medium-font-size\"><strong>Back row (left to right): <\/strong>Kathleen Schl\u00fcter, Michaela Schmitt, Christina Stengl, Janina M\u00fcller, Saskia Tauch, Nina Decker, Michelle Michelhans, Laura von Soosten, Mona G\u00f6ttmann, Tobias Strobel, Stefan Zens.<\/p>\n\n\n\n<p class=\"has-medium-font-size\"><strong>Front row (left to right): <\/strong>Jonas Schwickert, Simon Steiger, Emma Koeleman, Anna Riedel, Robin Weinmann, Melinda Ahmels, Denise Grieshober, Dimitri Kasakovski, Ramon Lopez Perez, Lena Schorr, Aline Reuter, Karl Kristian Krull.<\/p>\n\n\n\n<p class=\"has-medium-font-size\"><strong>Other members: <\/strong>Lina-Marie Wagner, Nico Disch, Aline Daniel, Jaime Fernandez Sobaberas, Stephanie Preu\u00df, Lea Jopp-Saile, Magdalena Antes, Lucia Svoboda, Florian Gr\u00fcnschl\u00e4ger, Caroline Lohoff, Adela-Eugenie Vrsanova, Jochen Hernandez, Valerie Griesche.<\/p>\n\n\n\n<p><\/p>\n\n\n\n<h3 class=\"wp-block-heading\">club teams:<\/h3>\n\n\n\n<p><\/p>\n\n\n\n<div class=\"wp-block-columns is-layout-flex wp-container-core-columns-is-layout-9d6595d7 wp-block-columns-is-layout-flex\" style=\"font-size:4px;font-style:normal;font-weight:600\">\n<div class=\"wp-block-column is-vertically-aligned-bottom is-layout-flow wp-block-column-is-layout-flow\" style=\"flex-basis:66.67%\">\n<figure class=\"wp-block-gallery has-nested-images columns-default is-cropped wp-block-gallery-2 is-layout-flex wp-block-gallery-is-layout-flex\">\n<figure class=\"wp-block-image size-full\"><img decoding=\"async\" data-id=\"2528\" src=\"https:\/\/www.biocontact.info\/wp-content\/uploads\/2022\/12\/Vorstand_logo.jpg\" alt=\"\" class=\"wp-image-2528\"\/><figcaption class=\"wp-element-caption\">Directors<\/figcaption><\/figure>\n<\/figure>\n<\/div>\n\n\n\n<div class=\"wp-block-column is-layout-flow wp-block-column-is-layout-flow\" style=\"flex-basis:33.33%\">\n<figure class=\"wp-block-gallery has-nested-images columns-default is-cropped wp-block-gallery-3 is-layout-flex wp-block-gallery-is-layout-flex\">\n<figure class=\"wp-block-image size-full\"><img decoding=\"async\" data-id=\"2521\" src=\"https:\/\/www.biocontact.info\/wp-content\/uploads\/2022\/12\/Alumni_logo.jpg\" alt=\"\" class=\"wp-image-2521\"\/><figcaption class=\"wp-element-caption\">Alumni<\/figcaption><\/figure>\n<\/figure>\n<\/div>\n<\/div>\n\n\n\n<figure class=\"wp-block-gallery has-nested-images columns-default is-cropped wp-block-gallery-4 is-layout-flex wp-block-gallery-is-layout-flex\">\n<figure class=\"wp-block-image size-full\"><img decoding=\"async\" data-id=\"2523\" src=\"https:\/\/www.biocontact.info\/wp-content\/uploads\/2022\/12\/GD_logo.jpg\" alt=\"\" class=\"wp-image-2523\"\/><figcaption class=\"wp-element-caption\"><strong>Graphic &amp; Design<\/strong><\/figcaption><\/figure>\n\n\n\n<figure class=\"wp-block-image size-full\"><img decoding=\"async\" data-id=\"2527\" src=\"https:\/\/www.biocontact.info\/wp-content\/uploads\/2022\/12\/PR_logo.jpg\" alt=\"\" class=\"wp-image-2527\"\/><figcaption class=\"wp-element-caption\"><strong>Public Relations<\/strong><\/figcaption><\/figure>\n\n\n\n<figure class=\"wp-block-image size-full\"><img decoding=\"async\" data-id=\"2529\" src=\"https:\/\/www.biocontact.info\/wp-content\/uploads\/2022\/12\/Weiterbilung_logo.jpg\" alt=\"\" class=\"wp-image-2529\"\/><figcaption class=\"wp-element-caption\"><strong>Training &amp; Education<\/strong><\/figcaption><\/figure>\n<\/figure>\n\n\n\n<p class=\"has-small-font-size\">     <\/p>\n\n\n\n<p><\/p>\n\n\n\n<div class=\"wp-block-columns is-layout-flex wp-container-core-columns-is-layout-9d6595d7 wp-block-columns-is-layout-flex\" style=\"font-size:4px;font-style:normal;font-weight:600\">\n<div class=\"wp-block-column is-vertically-aligned-top is-layout-flow wp-block-column-is-layout-flow\" style=\"flex-basis:50%\">\n<figure class=\"wp-block-gallery has-nested-images columns-default is-cropped wp-block-gallery-5 is-layout-flex wp-block-gallery-is-layout-flex\">\n<figure class=\"wp-block-image size-full\"><img decoding=\"async\" data-id=\"2522\" src=\"https:\/\/www.biocontact.info\/wp-content\/uploads\/2022\/12\/EMO_logo.jpg\" alt=\"\" class=\"wp-image-2522\"\/><figcaption class=\"wp-element-caption\">Event- &amp; Trade Fair Organization<\/figcaption><\/figure>\n<\/figure>\n<\/div>\n\n\n\n<div class=\"wp-block-column is-vertically-aligned-top is-layout-flow wp-block-column-is-layout-flow\" style=\"flex-basis:25%\">\n<figure class=\"wp-block-gallery has-nested-images columns-default is-cropped wp-block-gallery-6 is-layout-flex wp-block-gallery-is-layout-flex\">\n<figure class=\"wp-block-image size-full\"><img decoding=\"async\" data-id=\"2539\" src=\"https:\/\/www.biocontact.info\/wp-content\/uploads\/2022\/12\/IT_2_logo-edited-1.jpg\" alt=\"\" class=\"wp-image-2539\"\/><figcaption class=\"wp-element-caption\">IT &amp; Webdesign<\/figcaption><\/figure>\n<\/figure>\n<\/div>\n\n\n\n<div class=\"wp-block-column is-vertically-aligned-top is-layout-flow wp-block-column-is-layout-flow\" style=\"flex-basis:25%\">\n<figure class=\"wp-block-gallery has-nested-images columns-default is-cropped wp-block-gallery-7 is-layout-flex wp-block-gallery-is-layout-flex\">\n<figure class=\"wp-block-image size-full\"><img decoding=\"async\" data-id=\"2540\" src=\"https:\/\/www.biocontact.info\/wp-content\/uploads\/2022\/12\/IT_1_logo-edited-1.jpg\" alt=\"\" class=\"wp-image-2540\"\/><figcaption class=\"wp-element-caption\">IT &amp; Webdesign<\/figcaption><\/figure>\n<\/figure>\n<\/div>\n<\/div>\n\n\n\n<p><\/p>\n","protected":false},"excerpt":{"rendered":"<p>The volunteer members of BioContact e.V. are already busy preparing the job fair CONTACT2023. For more information on our teams and their responsibilities, please scroll down. Back row (left to<\/p>\n","protected":false},"author":1,"featured_media":8,"parent":0,"menu_order":0,"comment_status":"closed","ping_status":"closed","template":"","meta":{"_eb_attr":"","_breakdance_hide_in_design_set":false,"_breakdance_tags":"","footnotes":""},"class_list":["post-706","page","type-page","status-publish","has-post-thumbnail","hentry"],"yoast_head":"<!-- This site is optimized with the Yoast SEO plugin v27.5 - https:\/\/yoast.com\/product\/yoast-seo-wordpress\/ -->\n<title>Members - BioContact e.V. (English)<\/title>\n<meta name=\"robots\" content=\"index, follow, max-snippet:-1, max-image-preview:large, max-video-preview:-1\" \/>\n<link rel=\"canonical\" href=\"https:\/\/www.biocontact.info\/en\/members\/\" \/>\n<meta property=\"og:locale\" content=\"en_GB\" \/>\n<meta property=\"og:type\" content=\"article\" \/>\n<meta property=\"og:title\" content=\"Members - BioContact e.V. (English)\" \/>\n<meta property=\"og:description\" content=\"The volunteer members of BioContact e.V. are already busy preparing the job fair CONTACT2023. For more information on our teams and their responsibilities, please scroll down. Back row (left to\" \/>\n<meta property=\"og:url\" content=\"https:\/\/www.biocontact.info\/en\/members\/\" \/>\n<meta property=\"og:site_name\" content=\"BioContact e.V. (English)\" \/>\n<meta property=\"article:modified_time\" content=\"2023-11-01T18:08:09+00:00\" \/>\n<meta property=\"og:image\" content=\"https:\/\/www.biocontact.info\/en\/wp-content\/uploads\/sites\/2\/2022\/10\/about-bg.jpg\" \/>\n\t<meta property=\"og:image:width\" content=\"1\" \/>\n\t<meta property=\"og:image:height\" content=\"1\" \/>\n\t<meta property=\"og:image:type\" content=\"image\/jpeg\" \/>\n<meta name=\"twitter:card\" content=\"summary_large_image\" \/>\n<meta name=\"twitter:label1\" content=\"Estimated reading time\" \/>\n\t<meta name=\"twitter:data1\" content=\"3 minutes\" \/>\n<script type=\"application\/ld+json\" class=\"yoast-schema-graph\">{\"@context\":\"https:\\\/\\\/schema.org\",\"@graph\":[{\"@type\":\"WebPage\",\"@id\":\"https:\\\/\\\/www.biocontact.info\\\/en\\\/members\\\/\",\"url\":\"https:\\\/\\\/www.biocontact.info\\\/en\\\/members\\\/\",\"name\":\"Members - BioContact e.V. (English)\",\"isPartOf\":{\"@id\":\"https:\\\/\\\/biocontact.ci-commerce.com\\\/en\\\/#website\"},\"primaryImageOfPage\":{\"@id\":\"https:\\\/\\\/www.biocontact.info\\\/en\\\/members\\\/#primaryimage\"},\"image\":{\"@id\":\"https:\\\/\\\/www.biocontact.info\\\/en\\\/members\\\/#primaryimage\"},\"thumbnailUrl\":\"https:\\\/\\\/www.biocontact.info\\\/en\\\/wp-content\\\/uploads\\\/sites\\\/2\\\/2022\\\/10\\\/about-bg.jpg\",\"datePublished\":\"2016-12-12T14:05:13+00:00\",\"dateModified\":\"2023-11-01T18:08:09+00:00\",\"breadcrumb\":{\"@id\":\"https:\\\/\\\/www.biocontact.info\\\/en\\\/members\\\/#breadcrumb\"},\"inLanguage\":\"en-GB\",\"potentialAction\":[{\"@type\":\"ReadAction\",\"target\":[\"https:\\\/\\\/www.biocontact.info\\\/en\\\/members\\\/\"]}]},{\"@type\":\"ImageObject\",\"inLanguage\":\"en-GB\",\"@id\":\"https:\\\/\\\/www.biocontact.info\\\/en\\\/members\\\/#primaryimage\",\"url\":\"https:\\\/\\\/www.biocontact.info\\\/en\\\/wp-content\\\/uploads\\\/sites\\\/2\\\/2022\\\/10\\\/about-bg.jpg\",\"contentUrl\":\"https:\\\/\\\/www.biocontact.info\\\/en\\\/wp-content\\\/uploads\\\/sites\\\/2\\\/2022\\\/10\\\/about-bg.jpg\",\"width\":1400,\"height\":736},{\"@type\":\"BreadcrumbList\",\"@id\":\"https:\\\/\\\/www.biocontact.info\\\/en\\\/members\\\/#breadcrumb\",\"itemListElement\":[{\"@type\":\"ListItem\",\"position\":1,\"name\":\"Startseite\",\"item\":\"https:\\\/\\\/www.biocontact.info\\\/en\\\/\"},{\"@type\":\"ListItem\",\"position\":2,\"name\":\"Members\"}]},{\"@type\":\"WebSite\",\"@id\":\"https:\\\/\\\/biocontact.ci-commerce.com\\\/en\\\/#website\",\"url\":\"https:\\\/\\\/biocontact.ci-commerce.com\\\/en\\\/\",\"name\":\"BioContact e.V. (English)\",\"description\":\"We network science and industry\",\"potentialAction\":[{\"@type\":\"SearchAction\",\"target\":{\"@type\":\"EntryPoint\",\"urlTemplate\":\"https:\\\/\\\/biocontact.ci-commerce.com\\\/en\\\/?s={search_term_string}\"},\"query-input\":{\"@type\":\"PropertyValueSpecification\",\"valueRequired\":true,\"valueName\":\"search_term_string\"}}],\"inLanguage\":\"en-GB\"}]}<\/script>\n<!-- \/ Yoast SEO plugin. -->","yoast_head_json":{"title":"Members - BioContact e.V. (English)","robots":{"index":"index","follow":"follow","max-snippet":"max-snippet:-1","max-image-preview":"max-image-preview:large","max-video-preview":"max-video-preview:-1"},"canonical":"https:\/\/www.biocontact.info\/en\/members\/","og_locale":"en_GB","og_type":"article","og_title":"Members - BioContact e.V. (English)","og_description":"The volunteer members of BioContact e.V. are already busy preparing the job fair CONTACT2023. For more information on our teams and their responsibilities, please scroll down. Back row (left to","og_url":"https:\/\/www.biocontact.info\/en\/members\/","og_site_name":"BioContact e.V. (English)","article_modified_time":"2023-11-01T18:08:09+00:00","og_image":[{"url":"https:\/\/www.biocontact.info\/en\/wp-content\/uploads\/sites\/2\/2022\/10\/about-bg.jpg","width":1,"height":1,"type":"image\/jpeg"}],"twitter_card":"summary_large_image","twitter_misc":{"Estimated reading time":"3 minutes"},"schema":{"@context":"https:\/\/schema.org","@graph":[{"@type":"WebPage","@id":"https:\/\/www.biocontact.info\/en\/members\/","url":"https:\/\/www.biocontact.info\/en\/members\/","name":"Members - BioContact e.V. (English)","isPartOf":{"@id":"https:\/\/biocontact.ci-commerce.com\/en\/#website"},"primaryImageOfPage":{"@id":"https:\/\/www.biocontact.info\/en\/members\/#primaryimage"},"image":{"@id":"https:\/\/www.biocontact.info\/en\/members\/#primaryimage"},"thumbnailUrl":"https:\/\/www.biocontact.info\/en\/wp-content\/uploads\/sites\/2\/2022\/10\/about-bg.jpg","datePublished":"2016-12-12T14:05:13+00:00","dateModified":"2023-11-01T18:08:09+00:00","breadcrumb":{"@id":"https:\/\/www.biocontact.info\/en\/members\/#breadcrumb"},"inLanguage":"en-GB","potentialAction":[{"@type":"ReadAction","target":["https:\/\/www.biocontact.info\/en\/members\/"]}]},{"@type":"ImageObject","inLanguage":"en-GB","@id":"https:\/\/www.biocontact.info\/en\/members\/#primaryimage","url":"https:\/\/www.biocontact.info\/en\/wp-content\/uploads\/sites\/2\/2022\/10\/about-bg.jpg","contentUrl":"https:\/\/www.biocontact.info\/en\/wp-content\/uploads\/sites\/2\/2022\/10\/about-bg.jpg","width":1400,"height":736},{"@type":"BreadcrumbList","@id":"https:\/\/www.biocontact.info\/en\/members\/#breadcrumb","itemListElement":[{"@type":"ListItem","position":1,"name":"Startseite","item":"https:\/\/www.biocontact.info\/en\/"},{"@type":"ListItem","position":2,"name":"Members"}]},{"@type":"WebSite","@id":"https:\/\/biocontact.ci-commerce.com\/en\/#website","url":"https:\/\/biocontact.ci-commerce.com\/en\/","name":"BioContact e.V. (English)","description":"We network science and industry","potentialAction":[{"@type":"SearchAction","target":{"@type":"EntryPoint","urlTemplate":"https:\/\/biocontact.ci-commerce.com\/en\/?s={search_term_string}"},"query-input":{"@type":"PropertyValueSpecification","valueRequired":true,"valueName":"search_term_string"}}],"inLanguage":"en-GB"}]}},"_links":{"self":[{"href":"https:\/\/www.biocontact.info\/en\/wp-json\/wp\/v2\/pages\/706","targetHints":{"allow":["GET"]}}],"collection":[{"href":"https:\/\/www.biocontact.info\/en\/wp-json\/wp\/v2\/pages"}],"about":[{"href":"https:\/\/www.biocontact.info\/en\/wp-json\/wp\/v2\/types\/page"}],"author":[{"embeddable":true,"href":"https:\/\/www.biocontact.info\/en\/wp-json\/wp\/v2\/users\/1"}],"replies":[{"embeddable":true,"href":"https:\/\/www.biocontact.info\/en\/wp-json\/wp\/v2\/comments?post=706"}],"version-history":[{"count":5,"href":"https:\/\/www.biocontact.info\/en\/wp-json\/wp\/v2\/pages\/706\/revisions"}],"predecessor-version":[{"id":1829,"href":"https:\/\/www.biocontact.info\/en\/wp-json\/wp\/v2\/pages\/706\/revisions\/1829"}],"wp:featuredmedia":[{"embeddable":true,"href":"https:\/\/www.biocontact.info\/en\/wp-json\/wp\/v2\/media\/8"}],"wp:attachment":[{"href":"https:\/\/www.biocontact.info\/en\/wp-json\/wp\/v2\/media?parent=706"}],"curies":[{"name":"wp","href":"https:\/\/api.w.org\/{rel}","templated":true}]}}