{"id":700,"date":"2017-08-07T16:43:59","date_gmt":"2017-08-07T14:43:59","guid":{"rendered":"https:\/\/biocontact.info\/en\/informationen-fuer-start-ups\/"},"modified":"2017-08-07T16:43:59","modified_gmt":"2017-08-07T14:43:59","slug":"informationen-fuer-start-ups","status":"publish","type":"page","link":"https:\/\/www.biocontact.info\/en\/informationen-fuer-start-ups\/","title":{"rendered":"Informationen f\u00fcr Startups und Kleine\/Mittlere Unternehmen"},"content":{"rendered":"<p><strong>Die CONTACT2020 wird&nbsp; am 29.04.2020 stattfinden. Fr\u00fchreservierungen sind bereits m\u00f6glich.&nbsp;<\/strong><br \/>\r\n&nbsp;<\/p>\r\n\r\n<p><strong>Wir freuen uns auf eine erfolgreiche Jubil\u00e4ums CONTACT2020.<\/strong><\/p>\r\n\r\n<p>&nbsp;<\/p>\r\n\r\n<p>&nbsp;<\/p>\r\n\r\n<p><strong>Achtung!<\/strong>&nbsp;Wir m\u00f6chten Sie darauf hinweisen, dass wir mit dem Unternehmen 'Expo Guide' keinerlei Gesch\u00e4ftsbeziehung unterhalten! Der Verein BioContact e.V. warnt Sie ausdr\u00fccklich davor, Serviceleistungen von diesem Unternehmen in Anspruch zu nehmen.<\/p>\r\n\r\n<p>F\u00fcr weitere Informationen stehen wir Ihnen jederzeit unter <a href=\"mailto:info@biocontact.info\">info@biocontact.info<\/a> zur Verf\u00fcgung.<\/p>\r\n","protected":false},"excerpt":{"rendered":"<p>Die CONTACT2020 wird&nbsp; am 29.04.2020 stattfinden. Fr\u00fchreservierungen sind bereits m\u00f6glich.&nbsp; &nbsp; Wir freuen uns auf eine erfolgreiche Jubil\u00e4ums CONTACT2020. &nbsp; &nbsp; Achtung!&nbsp;Wir m\u00f6chten Sie darauf hinweisen, dass wir mit dem<\/p>\n","protected":false},"author":1,"featured_media":0,"parent":0,"menu_order":0,"comment_status":"closed","ping_status":"closed","template":"","meta":{"_eb_attr":"","_breakdance_hide_in_design_set":false,"_breakdance_tags":"","footnotes":""},"class_list":["post-700","page","type-page","status-publish","hentry"],"yoast_head":"<!-- This site is optimized with the Yoast SEO plugin v27.5 - https:\/\/yoast.com\/product\/yoast-seo-wordpress\/ -->\n<title>Informationen f\u00fcr Startups und Kleine\/Mittlere Unternehmen - BioContact e.V. (English)<\/title>\n<meta name=\"robots\" content=\"index, follow, max-snippet:-1, max-image-preview:large, max-video-preview:-1\" \/>\n<link rel=\"canonical\" href=\"https:\/\/biocontact.ci-commerce.com\/en\/informationen-fuer-start-ups\/\" \/>\n<meta property=\"og:locale\" content=\"en_GB\" \/>\n<meta property=\"og:type\" content=\"article\" \/>\n<meta property=\"og:title\" content=\"Informationen f\u00fcr Startups und Kleine\/Mittlere Unternehmen - BioContact e.V. (English)\" \/>\n<meta property=\"og:description\" content=\"Die CONTACT2020 wird&nbsp; am 29.04.2020 stattfinden. Fr\u00fchreservierungen sind bereits m\u00f6glich.&nbsp; &nbsp; Wir freuen uns auf eine erfolgreiche Jubil\u00e4ums CONTACT2020. &nbsp; &nbsp; Achtung!&nbsp;Wir m\u00f6chten Sie darauf hinweisen, dass wir mit dem\" \/>\n<meta property=\"og:url\" content=\"https:\/\/biocontact.ci-commerce.com\/en\/informationen-fuer-start-ups\/\" \/>\n<meta property=\"og:site_name\" content=\"BioContact e.V. (English)\" \/>\n<meta name=\"twitter:card\" content=\"summary_large_image\" \/>\n<script type=\"application\/ld+json\" class=\"yoast-schema-graph\">{\"@context\":\"https:\\\/\\\/schema.org\",\"@graph\":[{\"@type\":\"WebPage\",\"@id\":\"https:\\\/\\\/biocontact.ci-commerce.com\\\/en\\\/informationen-fuer-start-ups\\\/\",\"url\":\"https:\\\/\\\/biocontact.ci-commerce.com\\\/en\\\/informationen-fuer-start-ups\\\/\",\"name\":\"Informationen f\u00fcr Startups und Kleine\\\/Mittlere Unternehmen - BioContact e.V. (English)\",\"isPartOf\":{\"@id\":\"https:\\\/\\\/biocontact.ci-commerce.com\\\/en\\\/#website\"},\"datePublished\":\"2017-08-07T14:43:59+00:00\",\"breadcrumb\":{\"@id\":\"https:\\\/\\\/biocontact.ci-commerce.com\\\/en\\\/informationen-fuer-start-ups\\\/#breadcrumb\"},\"inLanguage\":\"en-GB\",\"potentialAction\":[{\"@type\":\"ReadAction\",\"target\":[\"https:\\\/\\\/biocontact.ci-commerce.com\\\/en\\\/informationen-fuer-start-ups\\\/\"]}]},{\"@type\":\"BreadcrumbList\",\"@id\":\"https:\\\/\\\/biocontact.ci-commerce.com\\\/en\\\/informationen-fuer-start-ups\\\/#breadcrumb\",\"itemListElement\":[{\"@type\":\"ListItem\",\"position\":1,\"name\":\"Startseite\",\"item\":\"https:\\\/\\\/www.biocontact.info\\\/en\\\/\"},{\"@type\":\"ListItem\",\"position\":2,\"name\":\"Informationen f\u00fcr Startups und Kleine\\\/Mittlere Unternehmen\"}]},{\"@type\":\"WebSite\",\"@id\":\"https:\\\/\\\/biocontact.ci-commerce.com\\\/en\\\/#website\",\"url\":\"https:\\\/\\\/biocontact.ci-commerce.com\\\/en\\\/\",\"name\":\"BioContact e.V. (English)\",\"description\":\"We network science and industry\",\"potentialAction\":[{\"@type\":\"SearchAction\",\"target\":{\"@type\":\"EntryPoint\",\"urlTemplate\":\"https:\\\/\\\/biocontact.ci-commerce.com\\\/en\\\/?s={search_term_string}\"},\"query-input\":{\"@type\":\"PropertyValueSpecification\",\"valueRequired\":true,\"valueName\":\"search_term_string\"}}],\"inLanguage\":\"en-GB\"}]}<\/script>\n<!-- \/ Yoast SEO plugin. -->","yoast_head_json":{"title":"Informationen f\u00fcr Startups und Kleine\/Mittlere Unternehmen - BioContact e.V. (English)","robots":{"index":"index","follow":"follow","max-snippet":"max-snippet:-1","max-image-preview":"max-image-preview:large","max-video-preview":"max-video-preview:-1"},"canonical":"https:\/\/biocontact.ci-commerce.com\/en\/informationen-fuer-start-ups\/","og_locale":"en_GB","og_type":"article","og_title":"Informationen f\u00fcr Startups und Kleine\/Mittlere Unternehmen - BioContact e.V. (English)","og_description":"Die CONTACT2020 wird&nbsp; am 29.04.2020 stattfinden. Fr\u00fchreservierungen sind bereits m\u00f6glich.&nbsp; &nbsp; Wir freuen uns auf eine erfolgreiche Jubil\u00e4ums CONTACT2020. &nbsp; &nbsp; Achtung!&nbsp;Wir m\u00f6chten Sie darauf hinweisen, dass wir mit dem","og_url":"https:\/\/biocontact.ci-commerce.com\/en\/informationen-fuer-start-ups\/","og_site_name":"BioContact e.V. (English)","twitter_card":"summary_large_image","schema":{"@context":"https:\/\/schema.org","@graph":[{"@type":"WebPage","@id":"https:\/\/biocontact.ci-commerce.com\/en\/informationen-fuer-start-ups\/","url":"https:\/\/biocontact.ci-commerce.com\/en\/informationen-fuer-start-ups\/","name":"Informationen f\u00fcr Startups und Kleine\/Mittlere Unternehmen - BioContact e.V. (English)","isPartOf":{"@id":"https:\/\/biocontact.ci-commerce.com\/en\/#website"},"datePublished":"2017-08-07T14:43:59+00:00","breadcrumb":{"@id":"https:\/\/biocontact.ci-commerce.com\/en\/informationen-fuer-start-ups\/#breadcrumb"},"inLanguage":"en-GB","potentialAction":[{"@type":"ReadAction","target":["https:\/\/biocontact.ci-commerce.com\/en\/informationen-fuer-start-ups\/"]}]},{"@type":"BreadcrumbList","@id":"https:\/\/biocontact.ci-commerce.com\/en\/informationen-fuer-start-ups\/#breadcrumb","itemListElement":[{"@type":"ListItem","position":1,"name":"Startseite","item":"https:\/\/www.biocontact.info\/en\/"},{"@type":"ListItem","position":2,"name":"Informationen f\u00fcr Startups und Kleine\/Mittlere Unternehmen"}]},{"@type":"WebSite","@id":"https:\/\/biocontact.ci-commerce.com\/en\/#website","url":"https:\/\/biocontact.ci-commerce.com\/en\/","name":"BioContact e.V. (English)","description":"We network science and industry","potentialAction":[{"@type":"SearchAction","target":{"@type":"EntryPoint","urlTemplate":"https:\/\/biocontact.ci-commerce.com\/en\/?s={search_term_string}"},"query-input":{"@type":"PropertyValueSpecification","valueRequired":true,"valueName":"search_term_string"}}],"inLanguage":"en-GB"}]}},"_links":{"self":[{"href":"https:\/\/www.biocontact.info\/en\/wp-json\/wp\/v2\/pages\/700","targetHints":{"allow":["GET"]}}],"collection":[{"href":"https:\/\/www.biocontact.info\/en\/wp-json\/wp\/v2\/pages"}],"about":[{"href":"https:\/\/www.biocontact.info\/en\/wp-json\/wp\/v2\/types\/page"}],"author":[{"embeddable":true,"href":"https:\/\/www.biocontact.info\/en\/wp-json\/wp\/v2\/users\/1"}],"replies":[{"embeddable":true,"href":"https:\/\/www.biocontact.info\/en\/wp-json\/wp\/v2\/comments?post=700"}],"version-history":[{"count":0,"href":"https:\/\/www.biocontact.info\/en\/wp-json\/wp\/v2\/pages\/700\/revisions"}],"wp:attachment":[{"href":"https:\/\/www.biocontact.info\/en\/wp-json\/wp\/v2\/media?parent=700"}],"curies":[{"name":"wp","href":"https:\/\/api.w.org\/{rel}","templated":true}]}}