{"id":699,"date":"2016-10-13T18:14:40","date_gmt":"2016-10-13T16:14:40","guid":{"rendered":"https:\/\/biocontact.info\/en\/vereinsteams-2017\/"},"modified":"2016-10-13T18:14:40","modified_gmt":"2016-10-13T16:14:40","slug":"vereinsteams-2017","status":"publish","type":"page","link":"https:\/\/www.biocontact.info\/en\/vereinsteams-2017\/","title":{"rendered":"Vereinsteams 2017"},"content":{"rendered":"<p>&nbsp;<\/p>\r\n\r\n<table border=\"0\" cellpadding=\"1\" cellspacing=\"1\" style=\"width:700px\">\r\n\t<tbody>\r\n\t\t<tr>\r\n\t\t\t<td>\r\n\t\t\t<p><strong>Vorstand<\/strong><\/p>\r\n\r\n\t\t\t<p><a class=\"colorbox\" href=\"https:\/\/biocontact.ci-commerce.comen\/wp-content\/uploads\/sites\/2\/2016\/10\/pictures_Teamfotos_contact2015-gruppenbild.jpg\" title=\"Der Vorstand koordiniert die Arbeit in den Teams und beh\u00e4lt den \u00dcberblick \u00fcber Zeitpl\u00e4ne sowie die Vereinskasse. Auf dem Bild (v.l.n.r): Benjamin Stottmeier (2. Vorsitzender), Alica Torkov (2. Schriftf\u00fchrerin), Moritz Gartlgruber (Kassenwart), Carolin Pl\u00f6ger (1. Vorsitzende), Felix Geist (1. Schriftf\u00fchrer).\"><img loading=\"lazy\" decoding=\"async\" class=\" size-full wp-image-694\" alt=\"\" src=\"https:\/\/biocontact.ci-commerce.comen\/wp-content\/uploads\/sites\/2\/2016\/10\/pictures_Teamfotos_contact2015-gruppenbild.jpg\" style=\"height:212px; width:330px\" width=\"1152\" height=\"768\" srcset=\"https:\/\/www.biocontact.info\/en\/wp-content\/uploads\/sites\/2\/2016\/10\/pictures_Teamfotos_contact2015-gruppenbild.jpg 1152w, https:\/\/www.biocontact.info\/en\/wp-content\/uploads\/sites\/2\/2016\/10\/pictures_Teamfotos_contact2015-gruppenbild-300x200.jpg 300w, https:\/\/www.biocontact.info\/en\/wp-content\/uploads\/sites\/2\/2016\/10\/pictures_Teamfotos_contact2015-gruppenbild-1024x683.jpg 1024w, https:\/\/www.biocontact.info\/en\/wp-content\/uploads\/sites\/2\/2016\/10\/pictures_Teamfotos_contact2015-gruppenbild-768x512.jpg 768w\" sizes=\"auto, (max-width: 1152px) 100vw, 1152px\" \/><\/a><\/p>\r\n\t\t\t<\/td>\r\n\t\t\t<td>\r\n\t\t\t<p><strong>Event- und Messeorganisation<\/strong><\/p>\r\n\r\n\t\t\t<p><a class=\"colorbox\" href=\"https:\/\/biocontact.ci-commerce.comen\/wp-content\/uploads\/sites\/2\/2016\/10\/pictures_Teamfotos_eventsmesseorga-4864.jpg\" title=\"Das Event- und Messeorganisationsteam plant und koordiniert die vereinsinternen Events sowie die Life-Science Jobmesse CONTACT2016. Auf dem Bild (v.l.n.r.): Sabine Hartlieb, Fabian Tetzlaff (Teamleiter), Elisabeth Drucker, Alexander Bott (Teamleiter), Christina Lehrer, Eike Fischer, Anja Bort, Firat Terzi.\"><img loading=\"lazy\" decoding=\"async\" class=\" size-full wp-image-695\" alt=\"\" src=\"https:\/\/biocontact.ci-commerce.comen\/wp-content\/uploads\/sites\/2\/2016\/10\/pictures_Teamfotos_eventsmesseorga-4864.jpg\" style=\"height:213px; width:320px\" width=\"1280\" height=\"853\" srcset=\"https:\/\/www.biocontact.info\/en\/wp-content\/uploads\/sites\/2\/2016\/10\/pictures_Teamfotos_eventsmesseorga-4864.jpg 1280w, https:\/\/www.biocontact.info\/en\/wp-content\/uploads\/sites\/2\/2016\/10\/pictures_Teamfotos_eventsmesseorga-4864-300x200.jpg 300w, https:\/\/www.biocontact.info\/en\/wp-content\/uploads\/sites\/2\/2016\/10\/pictures_Teamfotos_eventsmesseorga-4864-1024x682.jpg 1024w, https:\/\/www.biocontact.info\/en\/wp-content\/uploads\/sites\/2\/2016\/10\/pictures_Teamfotos_eventsmesseorga-4864-768x512.jpg 768w\" sizes=\"auto, (max-width: 1280px) 100vw, 1280px\" \/><\/a><\/p>\r\n\t\t\t<\/td>\r\n\t\t<\/tr>\r\n\t\t<tr>\r\n\t\t\t<td>\r\n\t\t\t<p><strong>IT<\/strong><\/p>\r\n\r\n\t\t\t<p><strong><a class=\"colorbox\" href=\"https:\/\/biocontact.ci-commerce.comen\/wp-content\/uploads\/sites\/2\/2016\/10\/pictures_Teamfotos_it-4856.jpg\" title=\"Das IT-Team k\u00fcmmert sich um die technischen und inhaltlichen Aspekte der Messe- und Vereinshomepage.  Auf dem Bild (v.l.n.r.): Linda N\u00f6tzold, Si Chen (Teamleiterin), Sebastian Brabetz, Susanne Gr\u00f6bner, Eva Nievergall.\"><img loading=\"lazy\" decoding=\"async\" class=\" size-full wp-image-696\" alt=\"\" src=\"https:\/\/biocontact.ci-commerce.comen\/wp-content\/uploads\/sites\/2\/2016\/10\/pictures_Teamfotos_it-4856.jpg\" style=\"height:213px; width:320px\" width=\"1280\" height=\"853\" srcset=\"https:\/\/www.biocontact.info\/en\/wp-content\/uploads\/sites\/2\/2016\/10\/pictures_Teamfotos_it-4856.jpg 1280w, https:\/\/www.biocontact.info\/en\/wp-content\/uploads\/sites\/2\/2016\/10\/pictures_Teamfotos_it-4856-300x200.jpg 300w, https:\/\/www.biocontact.info\/en\/wp-content\/uploads\/sites\/2\/2016\/10\/pictures_Teamfotos_it-4856-1024x682.jpg 1024w, https:\/\/www.biocontact.info\/en\/wp-content\/uploads\/sites\/2\/2016\/10\/pictures_Teamfotos_it-4856-768x512.jpg 768w\" sizes=\"auto, (max-width: 1280px) 100vw, 1280px\" \/><\/a><\/strong><\/p>\r\n\t\t\t<\/td>\r\n\t\t\t<td>\r\n\t\t\t<p><strong>Grafik und Design<\/strong><\/p>\r\n\r\n\t\t\t<p><a class=\"colorbox\" href=\"https:\/\/biocontact.ci-commerce.comen\/wp-content\/uploads\/sites\/2\/2016\/10\/pictures_Teamfotos_gd-4876.jpg\" title=\"Das Grafik &amp; Design Team ist verantwortlich f\u00fcr die grafische Au\u00dfendarstellung des Vereins. Es gestaltet alle Drucksachen wie Poster und Messekatalog der CONTACT, designt Anzeigen und implementiert das vereinseigene Corporate Design. Auf dem Bild (v.l.n.r.): Robert Hardt, Elena Bausch, Lisa Schardt, Tim Rath (Teamleiter), Anna Degen, Nicolas Gengenbacher, Laura Wiehle (Teamleiterin).\"><img loading=\"lazy\" decoding=\"async\" class=\" size-full wp-image-697\" alt=\"\" src=\"https:\/\/biocontact.ci-commerce.comen\/wp-content\/uploads\/sites\/2\/2016\/10\/pictures_Teamfotos_gd-4876.jpg\" style=\"height:213px; width:320px\" width=\"1280\" height=\"854\" srcset=\"https:\/\/www.biocontact.info\/en\/wp-content\/uploads\/sites\/2\/2016\/10\/pictures_Teamfotos_gd-4876.jpg 1280w, https:\/\/www.biocontact.info\/en\/wp-content\/uploads\/sites\/2\/2016\/10\/pictures_Teamfotos_gd-4876-300x200.jpg 300w, https:\/\/www.biocontact.info\/en\/wp-content\/uploads\/sites\/2\/2016\/10\/pictures_Teamfotos_gd-4876-1024x683.jpg 1024w, https:\/\/www.biocontact.info\/en\/wp-content\/uploads\/sites\/2\/2016\/10\/pictures_Teamfotos_gd-4876-768x512.jpg 768w\" sizes=\"auto, (max-width: 1280px) 100vw, 1280px\" \/><\/a><\/p>\r\n\t\t\t<\/td>\r\n\t\t<\/tr>\r\n\t\t<tr>\r\n\t\t\t<td>\r\n\t\t\t<p><strong>PR<\/strong><\/p>\r\n\r\n\t\t\t<p><a class=\"colorbox\" href=\"https:\/\/biocontact.ci-commerce.comen\/wp-content\/uploads\/sites\/2\/2016\/10\/pictures_Teamfotos_pr-4834.jpg\" title=\"Das PR-Team managt die Pr\u00e4sentation des Vereins in der \u00d6ffentlichkeit. Dar\u00fcber hinaus k\u00fcmmert es sich um die Bekanntmachung und Werbung der durch den Verein organisierten Life Science Jobmesse CONTACT und den mehrmals im Jahr stattfindenden Firmenpr\u00e4sentationen. Auf dem Bild (v.l.n.r): Laura Milde, Gina Walter, Jan Hendrik Rieger, Beate Scholz, Daniel Baumann (Teamleiter), Anja Feldner, Maren Pein, Steffen Link.\"><img loading=\"lazy\" decoding=\"async\" class=\" size-full wp-image-698\" alt=\"\" src=\"https:\/\/biocontact.ci-commerce.comen\/wp-content\/uploads\/sites\/2\/2016\/10\/pictures_Teamfotos_pr-4834.jpg\" style=\"height:213px; width:320px\" width=\"1280\" height=\"854\" srcset=\"https:\/\/www.biocontact.info\/en\/wp-content\/uploads\/sites\/2\/2016\/10\/pictures_Teamfotos_pr-4834.jpg 1280w, https:\/\/www.biocontact.info\/en\/wp-content\/uploads\/sites\/2\/2016\/10\/pictures_Teamfotos_pr-4834-300x200.jpg 300w, https:\/\/www.biocontact.info\/en\/wp-content\/uploads\/sites\/2\/2016\/10\/pictures_Teamfotos_pr-4834-1024x683.jpg 1024w, https:\/\/www.biocontact.info\/en\/wp-content\/uploads\/sites\/2\/2016\/10\/pictures_Teamfotos_pr-4834-768x512.jpg 768w\" sizes=\"auto, (max-width: 1280px) 100vw, 1280px\" \/><\/a><\/p>\r\n\t\t\t<\/td>\r\n\t\t\t<td>\r\n\t\t\t<p><strong>Weiterbildung<\/strong><\/p>\r\n\r\n\t\t\t<p><a class=\"colorbox\" href=\"\/sites\/default\/files\/pictures\/Teamfotos\/weiterbildung-4846_0.jpg\" title=\"Das Team Weiterbildung organisiert das Vortragsprogramm auf der Messe und ist auch f\u00fcr die Workshops und Bewerbungsmappenchecks verantwortlich. Zus\u00e4tzlich k\u00fcmmert sich das Team um interne Workshops f\u00fcr BioContactler sowie Individuelle Firmenpr\u00e4sentationen (IFP). Diese IFPs sind \u00f6ffentliche und kostenlose Firmenvortr\u00e4ge. Die Firmen geben einen \u00dcberblick \u00fcber ihre Arbeit und berichten aus der Praxis. Auf dem Bild (v.l.n.r.): Christin El\u00dfner, Ann-Christin Gaupel, Roberta Pinna, Laura H\u00fcser, Sarah St\u00f6cker (Teamleiterin), Michaela M\u00fcller. Es fehlen auf dem Bild: Julia Knopf, Katharina Beckenbauer.\"><img decoding=\"async\" alt=\"\" src=\"\/sites\/default\/files\/pictures\/Teamfotos\/weiterbildung-4846_0.jpg\" style=\"height:213px; width:320px\" \/><\/a><\/p>\r\n\t\t\t<\/td>\r\n\t\t<\/tr>\r\n\t<\/tbody>\r\n<\/table>\r\n","protected":false},"excerpt":{"rendered":"<p>&nbsp; Vorstand Event- und Messeorganisation IT Grafik und Design PR Weiterbildung<\/p>\n","protected":false},"author":1,"featured_media":694,"parent":0,"menu_order":0,"comment_status":"closed","ping_status":"closed","template":"","meta":{"_eb_attr":"","_breakdance_hide_in_design_set":false,"_breakdance_tags":"","footnotes":""},"class_list":["post-699","page","type-page","status-publish","has-post-thumbnail","hentry"],"yoast_head":"<!-- This site is optimized with the Yoast SEO plugin v27.5 - https:\/\/yoast.com\/product\/yoast-seo-wordpress\/ -->\n<title>Vereinsteams 2017 - BioContact e.V. (English)<\/title>\n<meta name=\"robots\" content=\"index, follow, max-snippet:-1, max-image-preview:large, max-video-preview:-1\" \/>\n<link rel=\"canonical\" href=\"https:\/\/biocontact.ci-commerce.com\/en\/vereinsteams-2017\/\" \/>\n<meta property=\"og:locale\" content=\"en_GB\" \/>\n<meta property=\"og:type\" content=\"article\" \/>\n<meta property=\"og:title\" content=\"Vereinsteams 2017 - BioContact e.V. (English)\" \/>\n<meta property=\"og:description\" content=\"&nbsp; Vorstand Event- und Messeorganisation IT Grafik und Design PR Weiterbildung\" \/>\n<meta property=\"og:url\" content=\"https:\/\/biocontact.ci-commerce.com\/en\/vereinsteams-2017\/\" \/>\n<meta property=\"og:site_name\" content=\"BioContact e.V. (English)\" \/>\n<meta property=\"og:image\" content=\"https:\/\/biocontact.ci-commerce.com\/en\/wp-content\/uploads\/sites\/2\/2016\/10\/pictures_Teamfotos_contact2015-gruppenbild.jpg\" \/>\n\t<meta property=\"og:image:width\" content=\"1152\" \/>\n\t<meta property=\"og:image:height\" content=\"768\" \/>\n\t<meta property=\"og:image:type\" content=\"image\/jpeg\" \/>\n<meta name=\"twitter:card\" content=\"summary_large_image\" \/>\n<script type=\"application\/ld+json\" class=\"yoast-schema-graph\">{\"@context\":\"https:\\\/\\\/schema.org\",\"@graph\":[{\"@type\":\"WebPage\",\"@id\":\"https:\\\/\\\/biocontact.ci-commerce.com\\\/en\\\/vereinsteams-2017\\\/\",\"url\":\"https:\\\/\\\/biocontact.ci-commerce.com\\\/en\\\/vereinsteams-2017\\\/\",\"name\":\"Vereinsteams 2017 - BioContact e.V. (English)\",\"isPartOf\":{\"@id\":\"https:\\\/\\\/biocontact.ci-commerce.com\\\/en\\\/#website\"},\"primaryImageOfPage\":{\"@id\":\"https:\\\/\\\/biocontact.ci-commerce.com\\\/en\\\/vereinsteams-2017\\\/#primaryimage\"},\"image\":{\"@id\":\"https:\\\/\\\/biocontact.ci-commerce.com\\\/en\\\/vereinsteams-2017\\\/#primaryimage\"},\"thumbnailUrl\":\"https:\\\/\\\/www.biocontact.info\\\/en\\\/wp-content\\\/uploads\\\/sites\\\/2\\\/2016\\\/10\\\/pictures_Teamfotos_contact2015-gruppenbild.jpg\",\"datePublished\":\"2016-10-13T16:14:40+00:00\",\"breadcrumb\":{\"@id\":\"https:\\\/\\\/biocontact.ci-commerce.com\\\/en\\\/vereinsteams-2017\\\/#breadcrumb\"},\"inLanguage\":\"en-GB\",\"potentialAction\":[{\"@type\":\"ReadAction\",\"target\":[\"https:\\\/\\\/biocontact.ci-commerce.com\\\/en\\\/vereinsteams-2017\\\/\"]}]},{\"@type\":\"ImageObject\",\"inLanguage\":\"en-GB\",\"@id\":\"https:\\\/\\\/biocontact.ci-commerce.com\\\/en\\\/vereinsteams-2017\\\/#primaryimage\",\"url\":\"https:\\\/\\\/www.biocontact.info\\\/en\\\/wp-content\\\/uploads\\\/sites\\\/2\\\/2016\\\/10\\\/pictures_Teamfotos_contact2015-gruppenbild.jpg\",\"contentUrl\":\"https:\\\/\\\/www.biocontact.info\\\/en\\\/wp-content\\\/uploads\\\/sites\\\/2\\\/2016\\\/10\\\/pictures_Teamfotos_contact2015-gruppenbild.jpg\",\"width\":1152,\"height\":768},{\"@type\":\"BreadcrumbList\",\"@id\":\"https:\\\/\\\/biocontact.ci-commerce.com\\\/en\\\/vereinsteams-2017\\\/#breadcrumb\",\"itemListElement\":[{\"@type\":\"ListItem\",\"position\":1,\"name\":\"Startseite\",\"item\":\"https:\\\/\\\/www.biocontact.info\\\/en\\\/\"},{\"@type\":\"ListItem\",\"position\":2,\"name\":\"Vereinsteams 2017\"}]},{\"@type\":\"WebSite\",\"@id\":\"https:\\\/\\\/biocontact.ci-commerce.com\\\/en\\\/#website\",\"url\":\"https:\\\/\\\/biocontact.ci-commerce.com\\\/en\\\/\",\"name\":\"BioContact e.V. (English)\",\"description\":\"We network science and industry\",\"potentialAction\":[{\"@type\":\"SearchAction\",\"target\":{\"@type\":\"EntryPoint\",\"urlTemplate\":\"https:\\\/\\\/biocontact.ci-commerce.com\\\/en\\\/?s={search_term_string}\"},\"query-input\":{\"@type\":\"PropertyValueSpecification\",\"valueRequired\":true,\"valueName\":\"search_term_string\"}}],\"inLanguage\":\"en-GB\"}]}<\/script>\n<!-- \/ Yoast SEO plugin. -->","yoast_head_json":{"title":"Vereinsteams 2017 - BioContact e.V. (English)","robots":{"index":"index","follow":"follow","max-snippet":"max-snippet:-1","max-image-preview":"max-image-preview:large","max-video-preview":"max-video-preview:-1"},"canonical":"https:\/\/biocontact.ci-commerce.com\/en\/vereinsteams-2017\/","og_locale":"en_GB","og_type":"article","og_title":"Vereinsteams 2017 - BioContact e.V. (English)","og_description":"&nbsp; Vorstand Event- und Messeorganisation IT Grafik und Design PR Weiterbildung","og_url":"https:\/\/biocontact.ci-commerce.com\/en\/vereinsteams-2017\/","og_site_name":"BioContact e.V. (English)","og_image":[{"width":1152,"height":768,"url":"https:\/\/biocontact.ci-commerce.com\/en\/wp-content\/uploads\/sites\/2\/2016\/10\/pictures_Teamfotos_contact2015-gruppenbild.jpg","type":"image\/jpeg"}],"twitter_card":"summary_large_image","schema":{"@context":"https:\/\/schema.org","@graph":[{"@type":"WebPage","@id":"https:\/\/biocontact.ci-commerce.com\/en\/vereinsteams-2017\/","url":"https:\/\/biocontact.ci-commerce.com\/en\/vereinsteams-2017\/","name":"Vereinsteams 2017 - BioContact e.V. (English)","isPartOf":{"@id":"https:\/\/biocontact.ci-commerce.com\/en\/#website"},"primaryImageOfPage":{"@id":"https:\/\/biocontact.ci-commerce.com\/en\/vereinsteams-2017\/#primaryimage"},"image":{"@id":"https:\/\/biocontact.ci-commerce.com\/en\/vereinsteams-2017\/#primaryimage"},"thumbnailUrl":"https:\/\/www.biocontact.info\/en\/wp-content\/uploads\/sites\/2\/2016\/10\/pictures_Teamfotos_contact2015-gruppenbild.jpg","datePublished":"2016-10-13T16:14:40+00:00","breadcrumb":{"@id":"https:\/\/biocontact.ci-commerce.com\/en\/vereinsteams-2017\/#breadcrumb"},"inLanguage":"en-GB","potentialAction":[{"@type":"ReadAction","target":["https:\/\/biocontact.ci-commerce.com\/en\/vereinsteams-2017\/"]}]},{"@type":"ImageObject","inLanguage":"en-GB","@id":"https:\/\/biocontact.ci-commerce.com\/en\/vereinsteams-2017\/#primaryimage","url":"https:\/\/www.biocontact.info\/en\/wp-content\/uploads\/sites\/2\/2016\/10\/pictures_Teamfotos_contact2015-gruppenbild.jpg","contentUrl":"https:\/\/www.biocontact.info\/en\/wp-content\/uploads\/sites\/2\/2016\/10\/pictures_Teamfotos_contact2015-gruppenbild.jpg","width":1152,"height":768},{"@type":"BreadcrumbList","@id":"https:\/\/biocontact.ci-commerce.com\/en\/vereinsteams-2017\/#breadcrumb","itemListElement":[{"@type":"ListItem","position":1,"name":"Startseite","item":"https:\/\/www.biocontact.info\/en\/"},{"@type":"ListItem","position":2,"name":"Vereinsteams 2017"}]},{"@type":"WebSite","@id":"https:\/\/biocontact.ci-commerce.com\/en\/#website","url":"https:\/\/biocontact.ci-commerce.com\/en\/","name":"BioContact e.V. (English)","description":"We network science and industry","potentialAction":[{"@type":"SearchAction","target":{"@type":"EntryPoint","urlTemplate":"https:\/\/biocontact.ci-commerce.com\/en\/?s={search_term_string}"},"query-input":{"@type":"PropertyValueSpecification","valueRequired":true,"valueName":"search_term_string"}}],"inLanguage":"en-GB"}]}},"_links":{"self":[{"href":"https:\/\/www.biocontact.info\/en\/wp-json\/wp\/v2\/pages\/699","targetHints":{"allow":["GET"]}}],"collection":[{"href":"https:\/\/www.biocontact.info\/en\/wp-json\/wp\/v2\/pages"}],"about":[{"href":"https:\/\/www.biocontact.info\/en\/wp-json\/wp\/v2\/types\/page"}],"author":[{"embeddable":true,"href":"https:\/\/www.biocontact.info\/en\/wp-json\/wp\/v2\/users\/1"}],"replies":[{"embeddable":true,"href":"https:\/\/www.biocontact.info\/en\/wp-json\/wp\/v2\/comments?post=699"}],"version-history":[{"count":0,"href":"https:\/\/www.biocontact.info\/en\/wp-json\/wp\/v2\/pages\/699\/revisions"}],"wp:featuredmedia":[{"embeddable":true,"href":"https:\/\/www.biocontact.info\/en\/wp-json\/wp\/v2\/media\/694"}],"wp:attachment":[{"href":"https:\/\/www.biocontact.info\/en\/wp-json\/wp\/v2\/media?parent=699"}],"curies":[{"name":"wp","href":"https:\/\/api.w.org\/{rel}","templated":true}]}}