{"id":681,"date":"2015-10-10T18:45:01","date_gmt":"2015-10-10T16:45:01","guid":{"rendered":"https:\/\/biocontact.info\/en\/contact2016-0\/"},"modified":"2015-10-10T18:45:01","modified_gmt":"2015-10-10T16:45:01","slug":"contact2016-0","status":"publish","type":"page","link":"https:\/\/www.biocontact.info\/en\/contact2016-0\/","title":{"rendered":"CONTACT2016"},"content":{"rendered":"<p>&nbsp;<\/p>\r\n\r\n<p><strong>Die vergangene CONTACT2016 fand am 19. April 2016 im Kommunikationszentrum des Deutschen Krebsforschungszentrums (DKFZ) in Heidelberg statt.&nbsp;Wir danken allen Ausstellern und Messebesuchern f\u00fcr Ihre Teilnahme!<\/strong><\/p>\r\n\r\n<p>Mit der <strong>CONTACT2016<\/strong> veranstaltete der Verein BioContact e.V. bereits zum 16. Mal in Folge die erfolgreichste Life Science Jobmesse in der Rhein-Neckar-Region. Wie jedes Jahr hat auch die <strong>CONTACT2016<\/strong> erneut Naturwissenschaftlern, Medizinern sowie labortechnischem Personal die M\u00f6glichkeit geboten, sich mit Firmen aus den Bereichen der Lebenswissenschaften, Biotechnologie und Pharmazie auszutauschen.<\/p>\r\n\r\n<p>In lockerer Atmosph\u00e4re hatten die Besucher die M\u00f6glichkeit, im direkten Gespr\u00e4ch mit Unternehmensvertretern Informationen zum Berufseinstieg sowie zu Karrierechancen zu erhalten und erste pers\u00f6nliche Kontakte zu kn\u00fcpfen.<\/p>\r\n\r\n<p><img loading=\"lazy\" decoding=\"async\" class=\" size-full wp-image-679\" alt=\"\" src=\"https:\/\/biocontact.ci-commerce.comen\/wp-content\/uploads\/sites\/2\/2015\/10\/pictures_Messefotos_contact2015-7.jpg\" style=\"height:214px; width:320px\" width=\"1280\" height=\"854\" srcset=\"https:\/\/www.biocontact.info\/en\/wp-content\/uploads\/sites\/2\/2015\/10\/pictures_Messefotos_contact2015-7.jpg 1280w, https:\/\/www.biocontact.info\/en\/wp-content\/uploads\/sites\/2\/2015\/10\/pictures_Messefotos_contact2015-7-300x200.jpg 300w, https:\/\/www.biocontact.info\/en\/wp-content\/uploads\/sites\/2\/2015\/10\/pictures_Messefotos_contact2015-7-1024x683.jpg 1024w, https:\/\/www.biocontact.info\/en\/wp-content\/uploads\/sites\/2\/2015\/10\/pictures_Messefotos_contact2015-7-768x512.jpg 768w\" sizes=\"auto, (max-width: 1280px) 100vw, 1280px\" \/>&nbsp; &nbsp; &nbsp;&nbsp;<img loading=\"lazy\" decoding=\"async\" class=\" size-full wp-image-680\" alt=\"\" src=\"https:\/\/biocontact.ci-commerce.comen\/wp-content\/uploads\/sites\/2\/2015\/10\/pictures_Messefotos_contact2015-15.jpg\" style=\"height:214px; width:320px\" width=\"1280\" height=\"854\" srcset=\"https:\/\/www.biocontact.info\/en\/wp-content\/uploads\/sites\/2\/2015\/10\/pictures_Messefotos_contact2015-15.jpg 1280w, https:\/\/www.biocontact.info\/en\/wp-content\/uploads\/sites\/2\/2015\/10\/pictures_Messefotos_contact2015-15-300x200.jpg 300w, https:\/\/www.biocontact.info\/en\/wp-content\/uploads\/sites\/2\/2015\/10\/pictures_Messefotos_contact2015-15-1024x683.jpg 1024w, https:\/\/www.biocontact.info\/en\/wp-content\/uploads\/sites\/2\/2015\/10\/pictures_Messefotos_contact2015-15-768x512.jpg 768w\" sizes=\"auto, (max-width: 1280px) 100vw, 1280px\" \/><\/p>\r\n\r\n<p>Veranstaltungsbegleitend wurde ein breitgef\u00e4chertes <strong>Vortragsprogramm<\/strong>&nbsp;angeboten, welches das vielseitige Spektrum der beruflichen Karrierechancen innerhalb der Life Science Branche aufgezeigt hat.<\/p>\r\n\r\n<p>Dar\u00fcber hinaus hatten Besucher die M\u00f6glichkeit im Rahmen eines kostenlosen <strong>Bewerbungsmappenchecks<\/strong> ihren Unterlagen den letzten Schliff zu geben und sich in <strong>Workshops<\/strong> vertieft \u00fcber das Thema Berufseinstieg zu informieren, um optimal auf den Bewerbungsprozess vorbereitet zu sein.<\/p>\r\n\r\n<p>BioContact e.V.<\/p>\r\n\r\n<p>&nbsp;<\/p>\r\n\r\n<p>&nbsp;<\/p>\r\n","protected":false},"excerpt":{"rendered":"<p>&nbsp; Die vergangene CONTACT2016 fand am 19. April 2016 im Kommunikationszentrum des Deutschen Krebsforschungszentrums (DKFZ) in Heidelberg statt.&nbsp;Wir danken allen Ausstellern und Messebesuchern f\u00fcr Ihre Teilnahme! Mit der CONTACT2016 veranstaltete<\/p>\n","protected":false},"author":1,"featured_media":679,"parent":0,"menu_order":0,"comment_status":"closed","ping_status":"closed","template":"","meta":{"_eb_attr":"","_breakdance_hide_in_design_set":false,"_breakdance_tags":"","footnotes":""},"class_list":["post-681","page","type-page","status-publish","has-post-thumbnail","hentry"],"yoast_head":"<!-- This site is optimized with the Yoast SEO plugin v27.4 - https:\/\/yoast.com\/product\/yoast-seo-wordpress\/ -->\n<title>CONTACT2016 - BioContact e.V. (English)<\/title>\n<meta name=\"robots\" content=\"index, follow, max-snippet:-1, max-image-preview:large, max-video-preview:-1\" \/>\n<link rel=\"canonical\" href=\"https:\/\/biocontact.ci-commerce.com\/en\/contact2016-0\/\" \/>\n<meta property=\"og:locale\" content=\"en_GB\" \/>\n<meta property=\"og:type\" content=\"article\" \/>\n<meta property=\"og:title\" content=\"CONTACT2016 - BioContact e.V. (English)\" \/>\n<meta property=\"og:description\" content=\"&nbsp; Die vergangene CONTACT2016 fand am 19. April 2016 im Kommunikationszentrum des Deutschen Krebsforschungszentrums (DKFZ) in Heidelberg statt.&nbsp;Wir danken allen Ausstellern und Messebesuchern f\u00fcr Ihre Teilnahme! Mit der CONTACT2016 veranstaltete\" \/>\n<meta property=\"og:url\" content=\"https:\/\/biocontact.ci-commerce.com\/en\/contact2016-0\/\" \/>\n<meta property=\"og:site_name\" content=\"BioContact e.V. (English)\" \/>\n<meta property=\"og:image\" content=\"https:\/\/biocontact.ci-commerce.com\/en\/wp-content\/uploads\/sites\/2\/2015\/10\/pictures_Messefotos_contact2015-7.jpg\" \/>\n\t<meta property=\"og:image:width\" content=\"1280\" \/>\n\t<meta property=\"og:image:height\" content=\"854\" \/>\n\t<meta property=\"og:image:type\" content=\"image\/jpeg\" \/>\n<meta name=\"twitter:card\" content=\"summary_large_image\" \/>\n<meta name=\"twitter:label1\" content=\"Estimated reading time\" \/>\n\t<meta name=\"twitter:data1\" content=\"1 minute\" \/>\n<script type=\"application\/ld+json\" class=\"yoast-schema-graph\">{\"@context\":\"https:\\\/\\\/schema.org\",\"@graph\":[{\"@type\":\"WebPage\",\"@id\":\"https:\\\/\\\/biocontact.ci-commerce.com\\\/en\\\/contact2016-0\\\/\",\"url\":\"https:\\\/\\\/biocontact.ci-commerce.com\\\/en\\\/contact2016-0\\\/\",\"name\":\"CONTACT2016 - BioContact e.V. (English)\",\"isPartOf\":{\"@id\":\"https:\\\/\\\/biocontact.ci-commerce.com\\\/en\\\/#website\"},\"primaryImageOfPage\":{\"@id\":\"https:\\\/\\\/biocontact.ci-commerce.com\\\/en\\\/contact2016-0\\\/#primaryimage\"},\"image\":{\"@id\":\"https:\\\/\\\/biocontact.ci-commerce.com\\\/en\\\/contact2016-0\\\/#primaryimage\"},\"thumbnailUrl\":\"https:\\\/\\\/www.biocontact.info\\\/en\\\/wp-content\\\/uploads\\\/sites\\\/2\\\/2015\\\/10\\\/pictures_Messefotos_contact2015-7.jpg\",\"datePublished\":\"2015-10-10T16:45:01+00:00\",\"breadcrumb\":{\"@id\":\"https:\\\/\\\/biocontact.ci-commerce.com\\\/en\\\/contact2016-0\\\/#breadcrumb\"},\"inLanguage\":\"en-GB\",\"potentialAction\":[{\"@type\":\"ReadAction\",\"target\":[\"https:\\\/\\\/biocontact.ci-commerce.com\\\/en\\\/contact2016-0\\\/\"]}]},{\"@type\":\"ImageObject\",\"inLanguage\":\"en-GB\",\"@id\":\"https:\\\/\\\/biocontact.ci-commerce.com\\\/en\\\/contact2016-0\\\/#primaryimage\",\"url\":\"https:\\\/\\\/www.biocontact.info\\\/en\\\/wp-content\\\/uploads\\\/sites\\\/2\\\/2015\\\/10\\\/pictures_Messefotos_contact2015-7.jpg\",\"contentUrl\":\"https:\\\/\\\/www.biocontact.info\\\/en\\\/wp-content\\\/uploads\\\/sites\\\/2\\\/2015\\\/10\\\/pictures_Messefotos_contact2015-7.jpg\",\"width\":1280,\"height\":854},{\"@type\":\"BreadcrumbList\",\"@id\":\"https:\\\/\\\/biocontact.ci-commerce.com\\\/en\\\/contact2016-0\\\/#breadcrumb\",\"itemListElement\":[{\"@type\":\"ListItem\",\"position\":1,\"name\":\"Startseite\",\"item\":\"https:\\\/\\\/www.biocontact.info\\\/en\\\/\"},{\"@type\":\"ListItem\",\"position\":2,\"name\":\"CONTACT2016\"}]},{\"@type\":\"WebSite\",\"@id\":\"https:\\\/\\\/biocontact.ci-commerce.com\\\/en\\\/#website\",\"url\":\"https:\\\/\\\/biocontact.ci-commerce.com\\\/en\\\/\",\"name\":\"BioContact e.V. (English)\",\"description\":\"We network science and industry\",\"potentialAction\":[{\"@type\":\"SearchAction\",\"target\":{\"@type\":\"EntryPoint\",\"urlTemplate\":\"https:\\\/\\\/biocontact.ci-commerce.com\\\/en\\\/?s={search_term_string}\"},\"query-input\":{\"@type\":\"PropertyValueSpecification\",\"valueRequired\":true,\"valueName\":\"search_term_string\"}}],\"inLanguage\":\"en-GB\"}]}<\/script>\n<!-- \/ Yoast SEO plugin. -->","yoast_head_json":{"title":"CONTACT2016 - BioContact e.V. (English)","robots":{"index":"index","follow":"follow","max-snippet":"max-snippet:-1","max-image-preview":"max-image-preview:large","max-video-preview":"max-video-preview:-1"},"canonical":"https:\/\/biocontact.ci-commerce.com\/en\/contact2016-0\/","og_locale":"en_GB","og_type":"article","og_title":"CONTACT2016 - BioContact e.V. (English)","og_description":"&nbsp; Die vergangene CONTACT2016 fand am 19. April 2016 im Kommunikationszentrum des Deutschen Krebsforschungszentrums (DKFZ) in Heidelberg statt.&nbsp;Wir danken allen Ausstellern und Messebesuchern f\u00fcr Ihre Teilnahme! Mit der CONTACT2016 veranstaltete","og_url":"https:\/\/biocontact.ci-commerce.com\/en\/contact2016-0\/","og_site_name":"BioContact e.V. (English)","og_image":[{"width":1280,"height":854,"url":"https:\/\/biocontact.ci-commerce.com\/en\/wp-content\/uploads\/sites\/2\/2015\/10\/pictures_Messefotos_contact2015-7.jpg","type":"image\/jpeg"}],"twitter_card":"summary_large_image","twitter_misc":{"Estimated reading time":"1 minute"},"schema":{"@context":"https:\/\/schema.org","@graph":[{"@type":"WebPage","@id":"https:\/\/biocontact.ci-commerce.com\/en\/contact2016-0\/","url":"https:\/\/biocontact.ci-commerce.com\/en\/contact2016-0\/","name":"CONTACT2016 - BioContact e.V. (English)","isPartOf":{"@id":"https:\/\/biocontact.ci-commerce.com\/en\/#website"},"primaryImageOfPage":{"@id":"https:\/\/biocontact.ci-commerce.com\/en\/contact2016-0\/#primaryimage"},"image":{"@id":"https:\/\/biocontact.ci-commerce.com\/en\/contact2016-0\/#primaryimage"},"thumbnailUrl":"https:\/\/www.biocontact.info\/en\/wp-content\/uploads\/sites\/2\/2015\/10\/pictures_Messefotos_contact2015-7.jpg","datePublished":"2015-10-10T16:45:01+00:00","breadcrumb":{"@id":"https:\/\/biocontact.ci-commerce.com\/en\/contact2016-0\/#breadcrumb"},"inLanguage":"en-GB","potentialAction":[{"@type":"ReadAction","target":["https:\/\/biocontact.ci-commerce.com\/en\/contact2016-0\/"]}]},{"@type":"ImageObject","inLanguage":"en-GB","@id":"https:\/\/biocontact.ci-commerce.com\/en\/contact2016-0\/#primaryimage","url":"https:\/\/www.biocontact.info\/en\/wp-content\/uploads\/sites\/2\/2015\/10\/pictures_Messefotos_contact2015-7.jpg","contentUrl":"https:\/\/www.biocontact.info\/en\/wp-content\/uploads\/sites\/2\/2015\/10\/pictures_Messefotos_contact2015-7.jpg","width":1280,"height":854},{"@type":"BreadcrumbList","@id":"https:\/\/biocontact.ci-commerce.com\/en\/contact2016-0\/#breadcrumb","itemListElement":[{"@type":"ListItem","position":1,"name":"Startseite","item":"https:\/\/www.biocontact.info\/en\/"},{"@type":"ListItem","position":2,"name":"CONTACT2016"}]},{"@type":"WebSite","@id":"https:\/\/biocontact.ci-commerce.com\/en\/#website","url":"https:\/\/biocontact.ci-commerce.com\/en\/","name":"BioContact e.V. (English)","description":"We network science and industry","potentialAction":[{"@type":"SearchAction","target":{"@type":"EntryPoint","urlTemplate":"https:\/\/biocontact.ci-commerce.com\/en\/?s={search_term_string}"},"query-input":{"@type":"PropertyValueSpecification","valueRequired":true,"valueName":"search_term_string"}}],"inLanguage":"en-GB"}]}},"_links":{"self":[{"href":"https:\/\/www.biocontact.info\/en\/wp-json\/wp\/v2\/pages\/681","targetHints":{"allow":["GET"]}}],"collection":[{"href":"https:\/\/www.biocontact.info\/en\/wp-json\/wp\/v2\/pages"}],"about":[{"href":"https:\/\/www.biocontact.info\/en\/wp-json\/wp\/v2\/types\/page"}],"author":[{"embeddable":true,"href":"https:\/\/www.biocontact.info\/en\/wp-json\/wp\/v2\/users\/1"}],"replies":[{"embeddable":true,"href":"https:\/\/www.biocontact.info\/en\/wp-json\/wp\/v2\/comments?post=681"}],"version-history":[{"count":0,"href":"https:\/\/www.biocontact.info\/en\/wp-json\/wp\/v2\/pages\/681\/revisions"}],"wp:featuredmedia":[{"embeddable":true,"href":"https:\/\/www.biocontact.info\/en\/wp-json\/wp\/v2\/media\/679"}],"wp:attachment":[{"href":"https:\/\/www.biocontact.info\/en\/wp-json\/wp\/v2\/media?parent=681"}],"curies":[{"name":"wp","href":"https:\/\/api.w.org\/{rel}","templated":true}]}}