{"id":678,"date":"2013-12-12T01:35:26","date_gmt":"2013-12-12T00:35:26","guid":{"rendered":"https:\/\/biocontact.info\/en\/archiv-jobmessen\/"},"modified":"2013-12-12T01:35:26","modified_gmt":"2013-12-12T00:35:26","slug":"archiv-jobmessen","status":"publish","type":"page","link":"https:\/\/www.biocontact.info\/en\/archiv-jobmessen\/","title":{"rendered":"Archiv der Jobmessen"},"content":{"rendered":"<p>BioContact e.V. organisiert die Jobmesse <strong>CONTACT<\/strong> bereits seit 2001 im Fr\u00fchjahr jeden Jahres. W\u00e4hrend der Messe haben firmen Firmen die M\u00f6glichkeit ihr Unternehmen zu pr\u00e4sentierten und Absolventen k\u00f6nnen direkt mit potenziellen Arbeitgebern ins Gespr\u00e4ch kommen. Zus\u00e4tzlich bietet die CONTACT ein interessantes Rahmenprogramm mit Vortr\u00e4gen und Workshops an, das die gesamte Spannbreite der Life Science-Branche mit ihren vielen attraktiven Jobangeboten beleuchtet.<\/p>\r\n\r\n<p>Hier finden Sie die Plakate der <strong>CONTACT<\/strong>-Veranstaltungen der letzten Jahre:<\/p>\r\n\r\n<div><a href=\"http:\/\/www.biocontact.info\/contact2016-0\"><img loading=\"lazy\" decoding=\"async\" class=\" size-full wp-image-662\" alt=\"\" src=\"https:\/\/biocontact.ci-commerce.comen\/wp-content\/uploads\/sites\/2\/2013\/12\/pictures_Messeplakate_contact2016_a3-cs2-final.jpg\" style=\"float:left; height:219px; margin:1px; width:156px\" title=\"CONTACT 2016\" width=\"913\" height=\"1280\" srcset=\"https:\/\/www.biocontact.info\/en\/wp-content\/uploads\/sites\/2\/2013\/12\/pictures_Messeplakate_contact2016_a3-cs2-final.jpg 913w, https:\/\/www.biocontact.info\/en\/wp-content\/uploads\/sites\/2\/2013\/12\/pictures_Messeplakate_contact2016_a3-cs2-final-214x300.jpg 214w, https:\/\/www.biocontact.info\/en\/wp-content\/uploads\/sites\/2\/2013\/12\/pictures_Messeplakate_contact2016_a3-cs2-final-730x1024.jpg 730w, https:\/\/www.biocontact.info\/en\/wp-content\/uploads\/sites\/2\/2013\/12\/pictures_Messeplakate_contact2016_a3-cs2-final-768x1077.jpg 768w\" sizes=\"auto, (max-width: 913px) 100vw, 913px\" \/><\/a><a href=\"\/node\/138\"><img loading=\"lazy\" decoding=\"async\" class=\" size-full wp-image-663\" alt=\"\" src=\"https:\/\/biocontact.ci-commerce.comen\/wp-content\/uploads\/sites\/2\/2013\/12\/u564_contact2015_a3_final.png\" style=\"float:left; font-family:roboto,sans-serif; font-size:13px; font-style:normal; font-variant:normal; font-weight:normal; height:211px; line-height:18.2px; margin:1px; width:156px\" width=\"908\" height=\"1280\" srcset=\"https:\/\/www.biocontact.info\/en\/wp-content\/uploads\/sites\/2\/2013\/12\/u564_contact2015_a3_final.png 908w, https:\/\/www.biocontact.info\/en\/wp-content\/uploads\/sites\/2\/2013\/12\/u564_contact2015_a3_final-213x300.png 213w, https:\/\/www.biocontact.info\/en\/wp-content\/uploads\/sites\/2\/2013\/12\/u564_contact2015_a3_final-726x1024.png 726w, https:\/\/www.biocontact.info\/en\/wp-content\/uploads\/sites\/2\/2013\/12\/u564_contact2015_a3_final-768x1083.png 768w\" sizes=\"auto, (max-width: 908px) 100vw, 908px\" \/><\/a><a href=\"\/node\/3\"><img loading=\"lazy\" decoding=\"async\" class=\" size-full wp-image-664\" alt=\"Plakat der CONTACT 2014\" src=\"https:\/\/biocontact.ci-commerce.comen\/wp-content\/uploads\/sites\/2\/2013\/12\/pictures_plakat-contact-2014_0.jpg\" style=\"float:left; height:211px; margin:1px; width:156px\" title=\"CONTACT 2014\" width=\"160\" height=\"216\" \/><\/a><img loading=\"lazy\" decoding=\"async\" class=\" size-full wp-image-665\" alt=\"Plakat der CONTACT 2013\" src=\"https:\/\/biocontact.ci-commerce.comen\/wp-content\/uploads\/sites\/2\/2013\/12\/pictures_plakat-contact-2013.gif\" style=\"float:left; height:210px; margin:1px; width:154px\" title=\"CONTACT 2013\" width=\"160\" height=\"227\" \/><\/div>\r\n\r\n<div>&nbsp;<\/div>\r\n\r\n<div>&nbsp;<\/div>\r\n\r\n<div>&nbsp;<\/div>\r\n\r\n<div>&nbsp;<\/div>\r\n\r\n<div>&nbsp;<\/div>\r\n\r\n<div>&nbsp;<\/div>\r\n\r\n<div>&nbsp;<\/div>\r\n\r\n<div>&nbsp;<\/div>\r\n\r\n<div>&nbsp;<\/div>\r\n\r\n<div>&nbsp;<\/div>\r\n\r\n<div>&nbsp;<\/div>\r\n\r\n<div>&nbsp;<\/div>\r\n\r\n<div>&nbsp;<\/div>\r\n\r\n<div><img loading=\"lazy\" decoding=\"async\" class=\" size-full wp-image-666\" alt=\"Plakat der CONTACT 2012\" src=\"https:\/\/biocontact.ci-commerce.comen\/wp-content\/uploads\/sites\/2\/2013\/12\/pictures_plakat-contact-2012.gif\" style=\"float:left; height:211px; margin:1px; width:156px\" title=\"CONTACT 2012\" width=\"160\" height=\"226\" \/><img loading=\"lazy\" decoding=\"async\" class=\" size-full wp-image-667\" alt=\"Plakat der CONTACT 2011\" src=\"https:\/\/biocontact.ci-commerce.comen\/wp-content\/uploads\/sites\/2\/2013\/12\/pictures_plakat-contact-2011.gif\" style=\"float:left; font-family:roboto,sans-serif; font-size:13px; font-style:normal; font-variant:normal; font-weight:normal; height:211px; line-height:18.2px; margin:1px; width:156px\" title=\"CONTACT 2011\" width=\"142\" height=\"200\" \/><img loading=\"lazy\" decoding=\"async\" class=\" size-full wp-image-668\" alt=\"Plakat der CONTACT 2010\" src=\"https:\/\/biocontact.ci-commerce.comen\/wp-content\/uploads\/sites\/2\/2013\/12\/pictures_plakat-contact-2010.gif\" style=\"float:left; height:211px; margin:1px; width:156px\" title=\"CONTACT 2010\" width=\"160\" height=\"220\" \/><img loading=\"lazy\" decoding=\"async\" class=\" size-full wp-image-669\" alt=\"Plakat der CONTACT 2009\" src=\"https:\/\/biocontact.ci-commerce.comen\/wp-content\/uploads\/sites\/2\/2013\/12\/pictures_plakat-contact-2009.gif\" style=\"float:left; height:211px; margin:1px; width:156px\" title=\"CONTACT 2009\" width=\"160\" height=\"220\" \/><\/div>\r\n\r\n<div>&nbsp;<\/div>\r\n\r\n<div>&nbsp;<\/div>\r\n\r\n<div>&nbsp;<\/div>\r\n\r\n<div>&nbsp;<\/div>\r\n\r\n<div>&nbsp;<\/div>\r\n\r\n<div>&nbsp;<\/div>\r\n\r\n<div>&nbsp;<\/div>\r\n\r\n<div>&nbsp;<\/div>\r\n\r\n<div>&nbsp;<\/div>\r\n\r\n<div>&nbsp;<\/div>\r\n\r\n<div>&nbsp;<\/div>\r\n\r\n<div>&nbsp;<\/div>\r\n\r\n<div>&nbsp;<\/div>\r\n\r\n<div><img loading=\"lazy\" decoding=\"async\" class=\" size-full wp-image-670\" alt=\"Plakat der CONTACT 2008\" src=\"https:\/\/biocontact.ci-commerce.comen\/wp-content\/uploads\/sites\/2\/2013\/12\/pictures_plakat-contact-2008.gif\" style=\"float:left; height:211px; margin:1px; width:156px\" title=\"CONTACT 2008\" width=\"160\" height=\"220\" \/><img loading=\"lazy\" decoding=\"async\" class=\" size-full wp-image-671\" alt=\"Plakat der CONTACT 2007\" src=\"https:\/\/biocontact.ci-commerce.comen\/wp-content\/uploads\/sites\/2\/2013\/12\/pictures_plakat-contact-2007.gif\" style=\"float:left; font-family:roboto,sans-serif; font-size:13px; font-style:normal; font-variant:normal; font-weight:normal; height:211px; line-height:18.2px; margin:1px; width:156px\" title=\"CONTACT 2007\" width=\"160\" height=\"220\" \/><img loading=\"lazy\" decoding=\"async\" class=\" size-full wp-image-672\" alt=\"Plakat der CONTACT 2006\" src=\"https:\/\/biocontact.ci-commerce.comen\/wp-content\/uploads\/sites\/2\/2013\/12\/pictures_plakat-contact-2006.gif\" style=\"float:left; height:211px; margin:1px; width:156px\" title=\"CONTACT 2006\" width=\"150\" height=\"211\" \/><img loading=\"lazy\" decoding=\"async\" class=\" size-full wp-image-673\" alt=\"Plakat der CONTACT 2005\" src=\"https:\/\/biocontact.ci-commerce.comen\/wp-content\/uploads\/sites\/2\/2013\/12\/pictures_plakat-contact-2005.gif\" style=\"float:left; height:211px; margin:1px; width:150px\" title=\"CONTACT 2005\" width=\"150\" height=\"215\" \/><\/div>\r\n\r\n<div>&nbsp;<\/div>\r\n\r\n<div>&nbsp;<\/div>\r\n\r\n<div>&nbsp;<\/div>\r\n\r\n<div>&nbsp;<\/div>\r\n\r\n<div>&nbsp;<\/div>\r\n\r\n<div>&nbsp;<\/div>\r\n\r\n<div>&nbsp;<\/div>\r\n\r\n<div>&nbsp;<\/div>\r\n\r\n<div>&nbsp;<\/div>\r\n\r\n<div>&nbsp;<\/div>\r\n\r\n<div>&nbsp;<\/div>\r\n\r\n<div>&nbsp;<\/div>\r\n\r\n<div>&nbsp;<\/div>\r\n\r\n<div><img loading=\"lazy\" decoding=\"async\" class=\" size-full wp-image-674\" alt=\"Plakat der CONTACT 2004\" src=\"https:\/\/biocontact.ci-commerce.comen\/wp-content\/uploads\/sites\/2\/2013\/12\/pictures_plakat-contact-2004.gif\" style=\"float:left; height:211px; margin:1px; width:148px\" title=\"CONTACT 2004\" width=\"150\" height=\"214\" \/><img loading=\"lazy\" decoding=\"async\" class=\" size-full wp-image-675\" alt=\"Plakat der CONTACT 2003\" src=\"https:\/\/biocontact.ci-commerce.comen\/wp-content\/uploads\/sites\/2\/2013\/12\/pictures_plakat-contact-2003.gif\" style=\"float:left; font-family:roboto,sans-serif; font-size:13px; font-style:normal; font-variant:normal; font-weight:normal; height:211px; line-height:18.2px; margin:1px; width:148px\" title=\"CONTACT 2003\" width=\"150\" height=\"214\" \/><img loading=\"lazy\" decoding=\"async\" class=\" size-full wp-image-676\" alt=\"Plakat der CONTACT 2002\" src=\"https:\/\/biocontact.ci-commerce.comen\/wp-content\/uploads\/sites\/2\/2013\/12\/pictures_plakat-contact-2002.gif\" style=\"float:left; height:211px; margin:1px; width:148px\" title=\"CONTACT 2002\" width=\"150\" height=\"214\" \/><img loading=\"lazy\" decoding=\"async\" class=\" size-full wp-image-677\" alt=\"Plakat der CONTACT 2001\" src=\"https:\/\/biocontact.ci-commerce.comen\/wp-content\/uploads\/sites\/2\/2013\/12\/pictures_plakat-contact-2001.gif\" style=\"height:211px; margin:1px; width:147px\" title=\"CONTACT 2001\" width=\"150\" height=\"215\" \/><\/div>\r\n","protected":false},"excerpt":{"rendered":"<p>BioContact e.V. organisiert die Jobmesse CONTACT bereits seit 2001 im Fr\u00fchjahr jeden Jahres. W\u00e4hrend der Messe haben firmen Firmen die M\u00f6glichkeit ihr Unternehmen zu pr\u00e4sentierten und Absolventen k\u00f6nnen direkt mit<\/p>\n","protected":false},"author":1,"featured_media":662,"parent":0,"menu_order":0,"comment_status":"closed","ping_status":"closed","template":"","meta":{"_eb_attr":"","_breakdance_hide_in_design_set":false,"_breakdance_tags":"","footnotes":""},"class_list":["post-678","page","type-page","status-publish","has-post-thumbnail","hentry"],"yoast_head":"<!-- This site is optimized with the Yoast SEO plugin v27.5 - https:\/\/yoast.com\/product\/yoast-seo-wordpress\/ -->\n<title>Archiv der Jobmessen - BioContact e.V. (English)<\/title>\n<meta name=\"robots\" content=\"index, follow, max-snippet:-1, max-image-preview:large, max-video-preview:-1\" \/>\n<link rel=\"canonical\" href=\"https:\/\/biocontact.ci-commerce.com\/en\/archiv-jobmessen\/\" \/>\n<meta property=\"og:locale\" content=\"en_GB\" \/>\n<meta property=\"og:type\" content=\"article\" \/>\n<meta property=\"og:title\" content=\"Archiv der Jobmessen - BioContact e.V. (English)\" \/>\n<meta property=\"og:description\" content=\"BioContact e.V. organisiert die Jobmesse CONTACT bereits seit 2001 im Fr\u00fchjahr jeden Jahres. W\u00e4hrend der Messe haben firmen Firmen die M\u00f6glichkeit ihr Unternehmen zu pr\u00e4sentierten und Absolventen k\u00f6nnen direkt mit\" \/>\n<meta property=\"og:url\" content=\"https:\/\/biocontact.ci-commerce.com\/en\/archiv-jobmessen\/\" \/>\n<meta property=\"og:site_name\" content=\"BioContact e.V. (English)\" \/>\n<meta property=\"og:image\" content=\"https:\/\/biocontact.ci-commerce.com\/en\/wp-content\/uploads\/sites\/2\/2013\/12\/pictures_Messeplakate_contact2016_a3-cs2-final.jpg\" \/>\n\t<meta property=\"og:image:width\" content=\"913\" \/>\n\t<meta property=\"og:image:height\" content=\"1280\" \/>\n\t<meta property=\"og:image:type\" content=\"image\/jpeg\" \/>\n<meta name=\"twitter:card\" content=\"summary_large_image\" \/>\n<meta name=\"twitter:label1\" content=\"Estimated reading time\" \/>\n\t<meta name=\"twitter:data1\" content=\"1 minute\" \/>\n<script type=\"application\/ld+json\" class=\"yoast-schema-graph\">{\"@context\":\"https:\\\/\\\/schema.org\",\"@graph\":[{\"@type\":\"WebPage\",\"@id\":\"https:\\\/\\\/biocontact.ci-commerce.com\\\/en\\\/archiv-jobmessen\\\/\",\"url\":\"https:\\\/\\\/biocontact.ci-commerce.com\\\/en\\\/archiv-jobmessen\\\/\",\"name\":\"Archiv der Jobmessen - BioContact e.V. (English)\",\"isPartOf\":{\"@id\":\"https:\\\/\\\/biocontact.ci-commerce.com\\\/en\\\/#website\"},\"primaryImageOfPage\":{\"@id\":\"https:\\\/\\\/biocontact.ci-commerce.com\\\/en\\\/archiv-jobmessen\\\/#primaryimage\"},\"image\":{\"@id\":\"https:\\\/\\\/biocontact.ci-commerce.com\\\/en\\\/archiv-jobmessen\\\/#primaryimage\"},\"thumbnailUrl\":\"https:\\\/\\\/www.biocontact.info\\\/en\\\/wp-content\\\/uploads\\\/sites\\\/2\\\/2013\\\/12\\\/pictures_Messeplakate_contact2016_a3-cs2-final.jpg\",\"datePublished\":\"2013-12-12T00:35:26+00:00\",\"breadcrumb\":{\"@id\":\"https:\\\/\\\/biocontact.ci-commerce.com\\\/en\\\/archiv-jobmessen\\\/#breadcrumb\"},\"inLanguage\":\"en-GB\",\"potentialAction\":[{\"@type\":\"ReadAction\",\"target\":[\"https:\\\/\\\/biocontact.ci-commerce.com\\\/en\\\/archiv-jobmessen\\\/\"]}]},{\"@type\":\"ImageObject\",\"inLanguage\":\"en-GB\",\"@id\":\"https:\\\/\\\/biocontact.ci-commerce.com\\\/en\\\/archiv-jobmessen\\\/#primaryimage\",\"url\":\"https:\\\/\\\/www.biocontact.info\\\/en\\\/wp-content\\\/uploads\\\/sites\\\/2\\\/2013\\\/12\\\/pictures_Messeplakate_contact2016_a3-cs2-final.jpg\",\"contentUrl\":\"https:\\\/\\\/www.biocontact.info\\\/en\\\/wp-content\\\/uploads\\\/sites\\\/2\\\/2013\\\/12\\\/pictures_Messeplakate_contact2016_a3-cs2-final.jpg\",\"width\":913,\"height\":1280,\"caption\":\"CONTACT 2016\"},{\"@type\":\"BreadcrumbList\",\"@id\":\"https:\\\/\\\/biocontact.ci-commerce.com\\\/en\\\/archiv-jobmessen\\\/#breadcrumb\",\"itemListElement\":[{\"@type\":\"ListItem\",\"position\":1,\"name\":\"Startseite\",\"item\":\"https:\\\/\\\/www.biocontact.info\\\/en\\\/\"},{\"@type\":\"ListItem\",\"position\":2,\"name\":\"Archiv der Jobmessen\"}]},{\"@type\":\"WebSite\",\"@id\":\"https:\\\/\\\/biocontact.ci-commerce.com\\\/en\\\/#website\",\"url\":\"https:\\\/\\\/biocontact.ci-commerce.com\\\/en\\\/\",\"name\":\"BioContact e.V. (English)\",\"description\":\"We network science and industry\",\"potentialAction\":[{\"@type\":\"SearchAction\",\"target\":{\"@type\":\"EntryPoint\",\"urlTemplate\":\"https:\\\/\\\/biocontact.ci-commerce.com\\\/en\\\/?s={search_term_string}\"},\"query-input\":{\"@type\":\"PropertyValueSpecification\",\"valueRequired\":true,\"valueName\":\"search_term_string\"}}],\"inLanguage\":\"en-GB\"}]}<\/script>\n<!-- \/ Yoast SEO plugin. -->","yoast_head_json":{"title":"Archiv der Jobmessen - BioContact e.V. (English)","robots":{"index":"index","follow":"follow","max-snippet":"max-snippet:-1","max-image-preview":"max-image-preview:large","max-video-preview":"max-video-preview:-1"},"canonical":"https:\/\/biocontact.ci-commerce.com\/en\/archiv-jobmessen\/","og_locale":"en_GB","og_type":"article","og_title":"Archiv der Jobmessen - BioContact e.V. (English)","og_description":"BioContact e.V. organisiert die Jobmesse CONTACT bereits seit 2001 im Fr\u00fchjahr jeden Jahres. W\u00e4hrend der Messe haben firmen Firmen die M\u00f6glichkeit ihr Unternehmen zu pr\u00e4sentierten und Absolventen k\u00f6nnen direkt mit","og_url":"https:\/\/biocontact.ci-commerce.com\/en\/archiv-jobmessen\/","og_site_name":"BioContact e.V. (English)","og_image":[{"width":913,"height":1280,"url":"https:\/\/biocontact.ci-commerce.com\/en\/wp-content\/uploads\/sites\/2\/2013\/12\/pictures_Messeplakate_contact2016_a3-cs2-final.jpg","type":"image\/jpeg"}],"twitter_card":"summary_large_image","twitter_misc":{"Estimated reading time":"1 minute"},"schema":{"@context":"https:\/\/schema.org","@graph":[{"@type":"WebPage","@id":"https:\/\/biocontact.ci-commerce.com\/en\/archiv-jobmessen\/","url":"https:\/\/biocontact.ci-commerce.com\/en\/archiv-jobmessen\/","name":"Archiv der Jobmessen - BioContact e.V. (English)","isPartOf":{"@id":"https:\/\/biocontact.ci-commerce.com\/en\/#website"},"primaryImageOfPage":{"@id":"https:\/\/biocontact.ci-commerce.com\/en\/archiv-jobmessen\/#primaryimage"},"image":{"@id":"https:\/\/biocontact.ci-commerce.com\/en\/archiv-jobmessen\/#primaryimage"},"thumbnailUrl":"https:\/\/www.biocontact.info\/en\/wp-content\/uploads\/sites\/2\/2013\/12\/pictures_Messeplakate_contact2016_a3-cs2-final.jpg","datePublished":"2013-12-12T00:35:26+00:00","breadcrumb":{"@id":"https:\/\/biocontact.ci-commerce.com\/en\/archiv-jobmessen\/#breadcrumb"},"inLanguage":"en-GB","potentialAction":[{"@type":"ReadAction","target":["https:\/\/biocontact.ci-commerce.com\/en\/archiv-jobmessen\/"]}]},{"@type":"ImageObject","inLanguage":"en-GB","@id":"https:\/\/biocontact.ci-commerce.com\/en\/archiv-jobmessen\/#primaryimage","url":"https:\/\/www.biocontact.info\/en\/wp-content\/uploads\/sites\/2\/2013\/12\/pictures_Messeplakate_contact2016_a3-cs2-final.jpg","contentUrl":"https:\/\/www.biocontact.info\/en\/wp-content\/uploads\/sites\/2\/2013\/12\/pictures_Messeplakate_contact2016_a3-cs2-final.jpg","width":913,"height":1280,"caption":"CONTACT 2016"},{"@type":"BreadcrumbList","@id":"https:\/\/biocontact.ci-commerce.com\/en\/archiv-jobmessen\/#breadcrumb","itemListElement":[{"@type":"ListItem","position":1,"name":"Startseite","item":"https:\/\/www.biocontact.info\/en\/"},{"@type":"ListItem","position":2,"name":"Archiv der Jobmessen"}]},{"@type":"WebSite","@id":"https:\/\/biocontact.ci-commerce.com\/en\/#website","url":"https:\/\/biocontact.ci-commerce.com\/en\/","name":"BioContact e.V. (English)","description":"We network science and industry","potentialAction":[{"@type":"SearchAction","target":{"@type":"EntryPoint","urlTemplate":"https:\/\/biocontact.ci-commerce.com\/en\/?s={search_term_string}"},"query-input":{"@type":"PropertyValueSpecification","valueRequired":true,"valueName":"search_term_string"}}],"inLanguage":"en-GB"}]}},"_links":{"self":[{"href":"https:\/\/www.biocontact.info\/en\/wp-json\/wp\/v2\/pages\/678","targetHints":{"allow":["GET"]}}],"collection":[{"href":"https:\/\/www.biocontact.info\/en\/wp-json\/wp\/v2\/pages"}],"about":[{"href":"https:\/\/www.biocontact.info\/en\/wp-json\/wp\/v2\/types\/page"}],"author":[{"embeddable":true,"href":"https:\/\/www.biocontact.info\/en\/wp-json\/wp\/v2\/users\/1"}],"replies":[{"embeddable":true,"href":"https:\/\/www.biocontact.info\/en\/wp-json\/wp\/v2\/comments?post=678"}],"version-history":[{"count":0,"href":"https:\/\/www.biocontact.info\/en\/wp-json\/wp\/v2\/pages\/678\/revisions"}],"wp:featuredmedia":[{"embeddable":true,"href":"https:\/\/www.biocontact.info\/en\/wp-json\/wp\/v2\/media\/662"}],"wp:attachment":[{"href":"https:\/\/www.biocontact.info\/en\/wp-json\/wp\/v2\/media?parent=678"}],"curies":[{"name":"wp","href":"https:\/\/api.w.org\/{rel}","templated":true}]}}