{"id":660,"date":"2014-10-23T15:01:42","date_gmt":"2014-10-23T13:01:42","guid":{"rendered":"https:\/\/biocontact.info\/en\/contact2015\/"},"modified":"2025-04-10T17:27:38","modified_gmt":"2025-04-10T15:27:38","slug":"contact2015","status":"publish","type":"page","link":"https:\/\/www.biocontact.info\/en\/contact2015\/","title":{"rendered":"CONTACT2015"},"content":{"rendered":"<p><strong>Vielen Dank an alle Firmen, Messebesucher und Helfer, die dazu beigetragen haben, dass die 15. CONTACT in Folge mit Erfolg stattgefunden hat.<\/strong><\/p>\r\n\r\n<p><img loading=\"lazy\" decoding=\"async\" class=\" size-full wp-image-659\" alt=\"\" src=\"https:\/\/biocontact.ci-commerce.comen\/wp-content\/uploads\/sites\/2\/2014\/10\/u220_contact2015-gruppenbild.jpg\" style=\"height:467px;width:700px\" width=\"1152\" height=\"768\" srcset=\"https:\/\/www.biocontact.info\/en\/wp-content\/uploads\/sites\/2\/2014\/10\/u220_contact2015-gruppenbild.jpg 1152w, https:\/\/www.biocontact.info\/en\/wp-content\/uploads\/sites\/2\/2014\/10\/u220_contact2015-gruppenbild-300x200.jpg 300w, https:\/\/www.biocontact.info\/en\/wp-content\/uploads\/sites\/2\/2014\/10\/u220_contact2015-gruppenbild-1024x683.jpg 1024w, https:\/\/www.biocontact.info\/en\/wp-content\/uploads\/sites\/2\/2014\/10\/u220_contact2015-gruppenbild-768x512.jpg 768w\" sizes=\"auto, (max-width: 1152px) 100vw, 1152px\" \/><\/p>\r\n\r\n<p>Die diesj\u00e4hrige <strong>CONTACT2015<\/strong> fand am <strong>22. April 2015<\/strong> von 10:00 bis 17:30 Uhr im Kommunikationszentrum des <a href=\"http:\/\/www.dkfz.de\/en\/index.html\">Deutschen Krebsforschungszentrums<\/a> (DKFZ) in Heidelberg statt.<\/p>\r\n\r\n<p>Mit der <strong>CONTACT2015 <\/strong>veranstaltete der Verein BioContact e.V. bereits zum 15. Mal in Folge die erfolgreichste Life Science Jobmesse im Rhein-Neckar-Raum. Jedes Jahr bietet die CONTACT erneut Absolventen naturwissenschaftlicher Studieng\u00e4nge, Medizinern sowie labortechnischem Personal die M\u00f6glichkeit, sich mit Firmen aus den Bereichen der Lebenswissenschaften, Biotechnologie und Pharmazie auszutauschen. In lockerer Atmosph\u00e4re k\u00f6nnen die Besucher im direkten Gespr\u00e4ch mit Unternehmensvertretern Informationen zum Berufseinstieg sowie \u00fcber Karrierechancen erhalten und erste pers\u00f6nliche Kontakte kn\u00fcpfen.<\/p>\r\n\r\n<p>Auf der <strong>CONTACT2015 <\/strong>pr\u00e4sentierten sich wieder zahlreiche Firmen der Biotech- und Pharmabranche sowie ausgew\u00e4hlte Consultingfirmen und Wissenschaftsverlage mit vielf\u00e4ltigen Informationen zum Berufseinstieg und offenen Stellen.<\/p>\r\n\r\n<p>Veranstaltungsbegleitend wurde ein breitgef\u00e4chertes <strong><a href=\"\/node\/209\">Vortragsprogramm<\/a> <\/strong>angeboten, welches das vielseitige Spektrum der beruflichen Karrierechancen innerhalb der Life Science Branche aufzeigte.<\/p>\r\n\r\n<p>Dar\u00fcber hinaus konnten Besucher in einem kostenlosen <strong><a href=\"\/node\/178\">Bewerbungsmappencheck<\/a> <\/strong>ihren Unterlagen den letzten Schliff geben und sich in <a href=\"\/node\/178\"><strong>Workshops <\/strong><\/a>vertieft zum Thema Berufseinstieg informieren, um optimal f\u00fcr den Bewerbungsprozess vorbereitet zu sein (<a href=\"\/node\/178\"><strong>Online-Anmeldung ab Ende M\u00e4rz hier<\/strong><\/a>). Auf der <strong>Jobwall <\/strong>fanden sich auch gleich die passenden Stellenangebote.<\/p>\r\n\r\n<p>&nbsp;<\/p>\r\n\r\n<p>BioContact e.V.<\/p>\r\n","protected":false},"excerpt":{"rendered":"<p>Vielen Dank an alle Firmen, Messebesucher und Helfer, die dazu beigetragen haben, dass die 15. CONTACT in Folge mit Erfolg stattgefunden hat. Die diesj\u00e4hrige CONTACT2015 fand am 22. April 2015<\/p>\n","protected":false},"author":1,"featured_media":659,"parent":0,"menu_order":0,"comment_status":"closed","ping_status":"closed","template":"","meta":{"_eb_attr":"","_breakdance_hide_in_design_set":false,"_breakdance_tags":"","footnotes":""},"class_list":["post-660","page","type-page","status-publish","has-post-thumbnail","hentry"],"yoast_head":"<!-- This site is optimized with the Yoast SEO plugin v27.5 - https:\/\/yoast.com\/product\/yoast-seo-wordpress\/ -->\n<title>CONTACT2015 - BioContact e.V. (English)<\/title>\n<meta name=\"robots\" content=\"index, follow, max-snippet:-1, max-image-preview:large, max-video-preview:-1\" \/>\n<link rel=\"canonical\" href=\"https:\/\/www.biocontact.info\/en\/contact2015\/\" \/>\n<meta property=\"og:locale\" content=\"en_GB\" \/>\n<meta property=\"og:type\" content=\"article\" \/>\n<meta property=\"og:title\" content=\"CONTACT2015 - BioContact e.V. (English)\" \/>\n<meta property=\"og:description\" content=\"Vielen Dank an alle Firmen, Messebesucher und Helfer, die dazu beigetragen haben, dass die 15. CONTACT in Folge mit Erfolg stattgefunden hat. Die diesj\u00e4hrige CONTACT2015 fand am 22. April 2015\" \/>\n<meta property=\"og:url\" content=\"https:\/\/www.biocontact.info\/en\/contact2015\/\" \/>\n<meta property=\"og:site_name\" content=\"BioContact e.V. (English)\" \/>\n<meta property=\"article:modified_time\" content=\"2025-04-10T15:27:38+00:00\" \/>\n<meta property=\"og:image\" content=\"https:\/\/www.biocontact.info\/en\/wp-content\/uploads\/sites\/2\/2014\/10\/u220_contact2015-gruppenbild.jpg\" \/>\n\t<meta property=\"og:image:width\" content=\"1152\" \/>\n\t<meta property=\"og:image:height\" content=\"768\" \/>\n\t<meta property=\"og:image:type\" content=\"image\/jpeg\" \/>\n<meta name=\"twitter:card\" content=\"summary_large_image\" \/>\n<meta name=\"twitter:label1\" content=\"Estimated reading time\" \/>\n\t<meta name=\"twitter:data1\" content=\"2 minutes\" \/>\n<script type=\"application\/ld+json\" class=\"yoast-schema-graph\">{\"@context\":\"https:\\\/\\\/schema.org\",\"@graph\":[{\"@type\":\"WebPage\",\"@id\":\"https:\\\/\\\/www.biocontact.info\\\/en\\\/contact2015\\\/\",\"url\":\"https:\\\/\\\/www.biocontact.info\\\/en\\\/contact2015\\\/\",\"name\":\"CONTACT2015 - BioContact e.V. (English)\",\"isPartOf\":{\"@id\":\"https:\\\/\\\/biocontact.ci-commerce.com\\\/en\\\/#website\"},\"primaryImageOfPage\":{\"@id\":\"https:\\\/\\\/www.biocontact.info\\\/en\\\/contact2015\\\/#primaryimage\"},\"image\":{\"@id\":\"https:\\\/\\\/www.biocontact.info\\\/en\\\/contact2015\\\/#primaryimage\"},\"thumbnailUrl\":\"https:\\\/\\\/www.biocontact.info\\\/en\\\/wp-content\\\/uploads\\\/sites\\\/2\\\/2014\\\/10\\\/u220_contact2015-gruppenbild.jpg\",\"datePublished\":\"2014-10-23T13:01:42+00:00\",\"dateModified\":\"2025-04-10T15:27:38+00:00\",\"breadcrumb\":{\"@id\":\"https:\\\/\\\/www.biocontact.info\\\/en\\\/contact2015\\\/#breadcrumb\"},\"inLanguage\":\"en-GB\",\"potentialAction\":[{\"@type\":\"ReadAction\",\"target\":[\"https:\\\/\\\/www.biocontact.info\\\/en\\\/contact2015\\\/\"]}]},{\"@type\":\"ImageObject\",\"inLanguage\":\"en-GB\",\"@id\":\"https:\\\/\\\/www.biocontact.info\\\/en\\\/contact2015\\\/#primaryimage\",\"url\":\"https:\\\/\\\/www.biocontact.info\\\/en\\\/wp-content\\\/uploads\\\/sites\\\/2\\\/2014\\\/10\\\/u220_contact2015-gruppenbild.jpg\",\"contentUrl\":\"https:\\\/\\\/www.biocontact.info\\\/en\\\/wp-content\\\/uploads\\\/sites\\\/2\\\/2014\\\/10\\\/u220_contact2015-gruppenbild.jpg\",\"width\":1152,\"height\":768},{\"@type\":\"BreadcrumbList\",\"@id\":\"https:\\\/\\\/www.biocontact.info\\\/en\\\/contact2015\\\/#breadcrumb\",\"itemListElement\":[{\"@type\":\"ListItem\",\"position\":1,\"name\":\"Startseite\",\"item\":\"https:\\\/\\\/www.biocontact.info\\\/en\\\/\"},{\"@type\":\"ListItem\",\"position\":2,\"name\":\"CONTACT2015\"}]},{\"@type\":\"WebSite\",\"@id\":\"https:\\\/\\\/biocontact.ci-commerce.com\\\/en\\\/#website\",\"url\":\"https:\\\/\\\/biocontact.ci-commerce.com\\\/en\\\/\",\"name\":\"BioContact e.V. (English)\",\"description\":\"We network science and industry\",\"potentialAction\":[{\"@type\":\"SearchAction\",\"target\":{\"@type\":\"EntryPoint\",\"urlTemplate\":\"https:\\\/\\\/biocontact.ci-commerce.com\\\/en\\\/?s={search_term_string}\"},\"query-input\":{\"@type\":\"PropertyValueSpecification\",\"valueRequired\":true,\"valueName\":\"search_term_string\"}}],\"inLanguage\":\"en-GB\"}]}<\/script>\n<!-- \/ Yoast SEO plugin. -->","yoast_head_json":{"title":"CONTACT2015 - BioContact e.V. (English)","robots":{"index":"index","follow":"follow","max-snippet":"max-snippet:-1","max-image-preview":"max-image-preview:large","max-video-preview":"max-video-preview:-1"},"canonical":"https:\/\/www.biocontact.info\/en\/contact2015\/","og_locale":"en_GB","og_type":"article","og_title":"CONTACT2015 - BioContact e.V. (English)","og_description":"Vielen Dank an alle Firmen, Messebesucher und Helfer, die dazu beigetragen haben, dass die 15. CONTACT in Folge mit Erfolg stattgefunden hat. Die diesj\u00e4hrige CONTACT2015 fand am 22. April 2015","og_url":"https:\/\/www.biocontact.info\/en\/contact2015\/","og_site_name":"BioContact e.V. (English)","article_modified_time":"2025-04-10T15:27:38+00:00","og_image":[{"width":1152,"height":768,"url":"https:\/\/www.biocontact.info\/en\/wp-content\/uploads\/sites\/2\/2014\/10\/u220_contact2015-gruppenbild.jpg","type":"image\/jpeg"}],"twitter_card":"summary_large_image","twitter_misc":{"Estimated reading time":"2 minutes"},"schema":{"@context":"https:\/\/schema.org","@graph":[{"@type":"WebPage","@id":"https:\/\/www.biocontact.info\/en\/contact2015\/","url":"https:\/\/www.biocontact.info\/en\/contact2015\/","name":"CONTACT2015 - BioContact e.V. (English)","isPartOf":{"@id":"https:\/\/biocontact.ci-commerce.com\/en\/#website"},"primaryImageOfPage":{"@id":"https:\/\/www.biocontact.info\/en\/contact2015\/#primaryimage"},"image":{"@id":"https:\/\/www.biocontact.info\/en\/contact2015\/#primaryimage"},"thumbnailUrl":"https:\/\/www.biocontact.info\/en\/wp-content\/uploads\/sites\/2\/2014\/10\/u220_contact2015-gruppenbild.jpg","datePublished":"2014-10-23T13:01:42+00:00","dateModified":"2025-04-10T15:27:38+00:00","breadcrumb":{"@id":"https:\/\/www.biocontact.info\/en\/contact2015\/#breadcrumb"},"inLanguage":"en-GB","potentialAction":[{"@type":"ReadAction","target":["https:\/\/www.biocontact.info\/en\/contact2015\/"]}]},{"@type":"ImageObject","inLanguage":"en-GB","@id":"https:\/\/www.biocontact.info\/en\/contact2015\/#primaryimage","url":"https:\/\/www.biocontact.info\/en\/wp-content\/uploads\/sites\/2\/2014\/10\/u220_contact2015-gruppenbild.jpg","contentUrl":"https:\/\/www.biocontact.info\/en\/wp-content\/uploads\/sites\/2\/2014\/10\/u220_contact2015-gruppenbild.jpg","width":1152,"height":768},{"@type":"BreadcrumbList","@id":"https:\/\/www.biocontact.info\/en\/contact2015\/#breadcrumb","itemListElement":[{"@type":"ListItem","position":1,"name":"Startseite","item":"https:\/\/www.biocontact.info\/en\/"},{"@type":"ListItem","position":2,"name":"CONTACT2015"}]},{"@type":"WebSite","@id":"https:\/\/biocontact.ci-commerce.com\/en\/#website","url":"https:\/\/biocontact.ci-commerce.com\/en\/","name":"BioContact e.V. (English)","description":"We network science and industry","potentialAction":[{"@type":"SearchAction","target":{"@type":"EntryPoint","urlTemplate":"https:\/\/biocontact.ci-commerce.com\/en\/?s={search_term_string}"},"query-input":{"@type":"PropertyValueSpecification","valueRequired":true,"valueName":"search_term_string"}}],"inLanguage":"en-GB"}]}},"_links":{"self":[{"href":"https:\/\/www.biocontact.info\/en\/wp-json\/wp\/v2\/pages\/660","targetHints":{"allow":["GET"]}}],"collection":[{"href":"https:\/\/www.biocontact.info\/en\/wp-json\/wp\/v2\/pages"}],"about":[{"href":"https:\/\/www.biocontact.info\/en\/wp-json\/wp\/v2\/types\/page"}],"author":[{"embeddable":true,"href":"https:\/\/www.biocontact.info\/en\/wp-json\/wp\/v2\/users\/1"}],"replies":[{"embeddable":true,"href":"https:\/\/www.biocontact.info\/en\/wp-json\/wp\/v2\/comments?post=660"}],"version-history":[{"count":1,"href":"https:\/\/www.biocontact.info\/en\/wp-json\/wp\/v2\/pages\/660\/revisions"}],"predecessor-version":[{"id":4256,"href":"https:\/\/www.biocontact.info\/en\/wp-json\/wp\/v2\/pages\/660\/revisions\/4256"}],"wp:featuredmedia":[{"embeddable":true,"href":"https:\/\/www.biocontact.info\/en\/wp-json\/wp\/v2\/media\/659"}],"wp:attachment":[{"href":"https:\/\/www.biocontact.info\/en\/wp-json\/wp\/v2\/media?parent=660"}],"curies":[{"name":"wp","href":"https:\/\/api.w.org\/{rel}","templated":true}]}}