{"id":653,"date":"2013-10-28T22:42:15","date_gmt":"2013-10-28T21:42:15","guid":{"rendered":"https:\/\/biocontact.info\/en\/mitgliedschaft\/"},"modified":"2013-10-28T22:42:15","modified_gmt":"2013-10-28T21:42:15","slug":"mitgliedschaft","status":"publish","type":"page","link":"https:\/\/www.biocontact.info\/en\/mitgliedschaft\/","title":{"rendered":"Mitglied werden"},"content":{"rendered":"<p><strong>Mitglied werden bei BioContact e.V.<\/strong><\/p>\r\n\r\n<p>Sollten Sie Interesse haben, unseren Verein n\u00e4her kennenzulernen oder uns tatkr\u00e4ftig zu unterst\u00fctzen, laden wir Sie herzlich zu unserem j\u00e4hrlichen Kennenlerngrillen ein.<br \/>\r\nDen Termin f\u00fcr unser kommendes Kennenlerngrillen finden Sie in unserem <strong><a href=\"https:\/\/www.biocontact.info\/veranstaltungen\">Event-Kalender<\/a>.<\/strong><\/p>\r\n","protected":false},"excerpt":{"rendered":"<p>Mitglied werden bei BioContact e.V. Sollten Sie Interesse haben, unseren Verein n\u00e4her kennenzulernen oder uns tatkr\u00e4ftig zu unterst\u00fctzen, laden wir Sie herzlich zu unserem j\u00e4hrlichen Kennenlerngrillen ein. Den Termin f\u00fcr<\/p>\n","protected":false},"author":1,"featured_media":0,"parent":0,"menu_order":0,"comment_status":"closed","ping_status":"closed","template":"","meta":{"_eb_attr":"","_breakdance_hide_in_design_set":false,"_breakdance_tags":"","footnotes":""},"class_list":["post-653","page","type-page","status-publish","hentry"],"yoast_head":"<!-- This site is optimized with the Yoast SEO plugin v27.5 - https:\/\/yoast.com\/product\/yoast-seo-wordpress\/ -->\n<title>Mitglied werden - BioContact e.V. (English)<\/title>\n<meta name=\"robots\" content=\"index, follow, max-snippet:-1, max-image-preview:large, max-video-preview:-1\" \/>\n<link rel=\"canonical\" href=\"https:\/\/biocontact.ci-commerce.com\/en\/mitgliedschaft\/\" \/>\n<meta property=\"og:locale\" content=\"en_GB\" \/>\n<meta property=\"og:type\" content=\"article\" \/>\n<meta property=\"og:title\" content=\"Mitglied werden - BioContact e.V. (English)\" \/>\n<meta property=\"og:description\" content=\"Mitglied werden bei BioContact e.V. Sollten Sie Interesse haben, unseren Verein n\u00e4her kennenzulernen oder uns tatkr\u00e4ftig zu unterst\u00fctzen, laden wir Sie herzlich zu unserem j\u00e4hrlichen Kennenlerngrillen ein. Den Termin f\u00fcr\" \/>\n<meta property=\"og:url\" content=\"https:\/\/biocontact.ci-commerce.com\/en\/mitgliedschaft\/\" \/>\n<meta property=\"og:site_name\" content=\"BioContact e.V. (English)\" \/>\n<meta name=\"twitter:card\" content=\"summary_large_image\" \/>\n<script type=\"application\/ld+json\" class=\"yoast-schema-graph\">{\"@context\":\"https:\\\/\\\/schema.org\",\"@graph\":[{\"@type\":\"WebPage\",\"@id\":\"https:\\\/\\\/biocontact.ci-commerce.com\\\/en\\\/mitgliedschaft\\\/\",\"url\":\"https:\\\/\\\/biocontact.ci-commerce.com\\\/en\\\/mitgliedschaft\\\/\",\"name\":\"Mitglied werden - BioContact e.V. (English)\",\"isPartOf\":{\"@id\":\"https:\\\/\\\/biocontact.ci-commerce.com\\\/en\\\/#website\"},\"datePublished\":\"2013-10-28T21:42:15+00:00\",\"breadcrumb\":{\"@id\":\"https:\\\/\\\/biocontact.ci-commerce.com\\\/en\\\/mitgliedschaft\\\/#breadcrumb\"},\"inLanguage\":\"en-GB\",\"potentialAction\":[{\"@type\":\"ReadAction\",\"target\":[\"https:\\\/\\\/biocontact.ci-commerce.com\\\/en\\\/mitgliedschaft\\\/\"]}]},{\"@type\":\"BreadcrumbList\",\"@id\":\"https:\\\/\\\/biocontact.ci-commerce.com\\\/en\\\/mitgliedschaft\\\/#breadcrumb\",\"itemListElement\":[{\"@type\":\"ListItem\",\"position\":1,\"name\":\"Startseite\",\"item\":\"https:\\\/\\\/www.biocontact.info\\\/en\\\/\"},{\"@type\":\"ListItem\",\"position\":2,\"name\":\"Mitglied werden\"}]},{\"@type\":\"WebSite\",\"@id\":\"https:\\\/\\\/biocontact.ci-commerce.com\\\/en\\\/#website\",\"url\":\"https:\\\/\\\/biocontact.ci-commerce.com\\\/en\\\/\",\"name\":\"BioContact e.V. (English)\",\"description\":\"We network science and industry\",\"potentialAction\":[{\"@type\":\"SearchAction\",\"target\":{\"@type\":\"EntryPoint\",\"urlTemplate\":\"https:\\\/\\\/biocontact.ci-commerce.com\\\/en\\\/?s={search_term_string}\"},\"query-input\":{\"@type\":\"PropertyValueSpecification\",\"valueRequired\":true,\"valueName\":\"search_term_string\"}}],\"inLanguage\":\"en-GB\"}]}<\/script>\n<!-- \/ Yoast SEO plugin. -->","yoast_head_json":{"title":"Mitglied werden - BioContact e.V. (English)","robots":{"index":"index","follow":"follow","max-snippet":"max-snippet:-1","max-image-preview":"max-image-preview:large","max-video-preview":"max-video-preview:-1"},"canonical":"https:\/\/biocontact.ci-commerce.com\/en\/mitgliedschaft\/","og_locale":"en_GB","og_type":"article","og_title":"Mitglied werden - BioContact e.V. (English)","og_description":"Mitglied werden bei BioContact e.V. Sollten Sie Interesse haben, unseren Verein n\u00e4her kennenzulernen oder uns tatkr\u00e4ftig zu unterst\u00fctzen, laden wir Sie herzlich zu unserem j\u00e4hrlichen Kennenlerngrillen ein. Den Termin f\u00fcr","og_url":"https:\/\/biocontact.ci-commerce.com\/en\/mitgliedschaft\/","og_site_name":"BioContact e.V. (English)","twitter_card":"summary_large_image","schema":{"@context":"https:\/\/schema.org","@graph":[{"@type":"WebPage","@id":"https:\/\/biocontact.ci-commerce.com\/en\/mitgliedschaft\/","url":"https:\/\/biocontact.ci-commerce.com\/en\/mitgliedschaft\/","name":"Mitglied werden - BioContact e.V. (English)","isPartOf":{"@id":"https:\/\/biocontact.ci-commerce.com\/en\/#website"},"datePublished":"2013-10-28T21:42:15+00:00","breadcrumb":{"@id":"https:\/\/biocontact.ci-commerce.com\/en\/mitgliedschaft\/#breadcrumb"},"inLanguage":"en-GB","potentialAction":[{"@type":"ReadAction","target":["https:\/\/biocontact.ci-commerce.com\/en\/mitgliedschaft\/"]}]},{"@type":"BreadcrumbList","@id":"https:\/\/biocontact.ci-commerce.com\/en\/mitgliedschaft\/#breadcrumb","itemListElement":[{"@type":"ListItem","position":1,"name":"Startseite","item":"https:\/\/www.biocontact.info\/en\/"},{"@type":"ListItem","position":2,"name":"Mitglied werden"}]},{"@type":"WebSite","@id":"https:\/\/biocontact.ci-commerce.com\/en\/#website","url":"https:\/\/biocontact.ci-commerce.com\/en\/","name":"BioContact e.V. (English)","description":"We network science and industry","potentialAction":[{"@type":"SearchAction","target":{"@type":"EntryPoint","urlTemplate":"https:\/\/biocontact.ci-commerce.com\/en\/?s={search_term_string}"},"query-input":{"@type":"PropertyValueSpecification","valueRequired":true,"valueName":"search_term_string"}}],"inLanguage":"en-GB"}]}},"_links":{"self":[{"href":"https:\/\/www.biocontact.info\/en\/wp-json\/wp\/v2\/pages\/653","targetHints":{"allow":["GET"]}}],"collection":[{"href":"https:\/\/www.biocontact.info\/en\/wp-json\/wp\/v2\/pages"}],"about":[{"href":"https:\/\/www.biocontact.info\/en\/wp-json\/wp\/v2\/types\/page"}],"author":[{"embeddable":true,"href":"https:\/\/www.biocontact.info\/en\/wp-json\/wp\/v2\/users\/1"}],"replies":[{"embeddable":true,"href":"https:\/\/www.biocontact.info\/en\/wp-json\/wp\/v2\/comments?post=653"}],"version-history":[{"count":0,"href":"https:\/\/www.biocontact.info\/en\/wp-json\/wp\/v2\/pages\/653\/revisions"}],"wp:attachment":[{"href":"https:\/\/www.biocontact.info\/en\/wp-json\/wp\/v2\/media?parent=653"}],"curies":[{"name":"wp","href":"https:\/\/api.w.org\/{rel}","templated":true}]}}