{"id":5281,"date":"2026-04-10T19:04:10","date_gmt":"2026-04-10T17:04:10","guid":{"rendered":"https:\/\/www.biocontact.info\/en\/?page_id=5281"},"modified":"2026-04-17T18:46:41","modified_gmt":"2026-04-17T16:46:41","slug":"registration-workshop-contact-mlp","status":"publish","type":"page","link":"https:\/\/www.biocontact.info\/en\/registration-workshop-contact-mlp\/","title":{"rendered":"Registration &#8211; Workshop Contact MLP"},"content":{"rendered":"\n<p class=\"has-medium-font-size\">To register select the day and time of the workshop in the calendar below. <strong>After registration you should receive a confirmation mail (also check spam!).<\/strong> <br>If no time slots are available, the event is booked out (The registration opens 30 days in advance).<\/p>\n\n\n\n<p class=\"has-medium-font-size\"><br>F\u00fcr die Anmeldungen den Tag und die Zeit des Workshops unten im Kalender ausw\u00e4hlen. Nach der Anmeldung wird eine Best\u00e4tigungsmail ausgesendet (Auch im Spam Ordner schauen!)<br>Wenn keine Zeitslots verf\u00fcgbar sind, ist das Event ausgebucht (Die Registrierung \u00f6ffnet sich 30 Tage im Voraus).<\/p>\n\n\n\n<div data-wp-context=\"{ &quot;autoclose&quot;: false, &quot;accordionItems&quot;: [] }\" data-wp-interactive=\"core\/accordion\" role=\"group\" class=\"wp-block-accordion is-layout-flow wp-block-accordion-is-layout-flow\">\n<div data-wp-class--is-open=\"state.isOpen\" data-wp-context=\"{ &quot;id&quot;: &quot;accordion-item-1&quot;, &quot;openByDefault&quot;: false }\" data-wp-init=\"callbacks.initAccordionItems\" data-wp-on-window--hashchange=\"callbacks.hashChange\" class=\"wp-block-accordion-item is-layout-flow wp-block-accordion-item-is-layout-flow\">\n<h3 class=\"wp-block-accordion-heading\"><button aria-expanded=\"false\" aria-controls=\"accordion-item-1-panel\" data-wp-bind--aria-expanded=\"state.isOpen\" data-wp-on--click=\"actions.toggle\" data-wp-on--keydown=\"actions.handleKeyDown\" id=\"accordion-item-1\" type=\"button\" class=\"wp-block-accordion-heading__toggle\"><span class=\"wp-block-accordion-heading__toggle-title\">Recordings \/ Aufnahmen<\/span><span class=\"wp-block-accordion-heading__toggle-icon\" aria-hidden=\"true\">+<\/span><\/button><\/h3>\n\n\n\n<div inert aria-labelledby=\"accordion-item-1\" data-wp-bind--inert=\"!state.isOpen\" id=\"accordion-item-1-panel\" role=\"region\" class=\"wp-block-accordion-panel is-layout-flow wp-block-accordion-panel-is-layout-flow\">\n<p class=\"has-small-font-size\"><strong>Picture, film and sound recordings (\u201crecordings\u201d):<\/strong> Please note that during the event recordings can be made. By registering, you agree that recordings of an event, on which you can be seen or heard, can be used for purposes of press and public relations. You can object to the processing of images, films and recordings at any time for future use, should you be clearly exposed, at any time in writing. Please send your objection to info@biocontact.info<\/p>\n\n\n\n<p class=\"has-small-font-size\"><strong>Bild-,&nbsp;Filmund&nbsp;Tonaufnahmen&nbsp;(\u201eAufnahmen\u201c):<\/strong>&nbsp;Bitte&nbsp;beachten&nbsp;Sie,&nbsp;dass&nbsp;w\u00e4hrend&nbsp;der&nbsp;Veranstaltung&nbsp;Aufnahmen&nbsp;gemacht&nbsp;werden&nbsp;k\u00f6nnen.&nbsp;<br>Mit&nbsp;Ihrer&nbsp;Anmeldung&nbsp;erkl\u00e4ren&nbsp;Sie&nbsp;sich&nbsp;damit&nbsp;einverstanden,&nbsp;dass&nbsp;Aufnahmen&nbsp;von&nbsp;einer&nbsp;Veranstaltung,&nbsp;auf&nbsp;denen&nbsp;Sie&nbsp;zu&nbsp;sehen&nbsp;oder&nbsp;zu&nbsp;h\u00f6ren&nbsp;sind,&nbsp;f\u00fcr&nbsp;Zwecke&nbsp;der&nbsp;Presse- und&nbsp;\u00d6ffentlichkeitsarbeit&nbsp;verwendet&nbsp;werden&nbsp;k\u00f6nnen. Sie&nbsp;k\u00f6nnen&nbsp;der&nbsp;Verarbeitung&nbsp;von&nbsp;Bild-,&nbsp;Film- und&nbsp;Tonaufnahmen,&nbsp;auf&nbsp;denen&nbsp;Sie&nbsp;deutlich&nbsp;zu&nbsp;erkennen&nbsp;sind,&nbsp;jederzeit&nbsp;schriftlich&nbsp;f\u00fcr&nbsp;die&nbsp;Zukunft&nbsp;widersprechen.&nbsp;Bitte&nbsp;richten&nbsp;Sie&nbsp;Ihren&nbsp;Widerspruch&nbsp;an&nbsp;info@biocontact.info.<\/p>\n\n\n\n<p class=\"has-small-font-size\"><\/p>\n<\/div>\n<\/div>\n<\/div>\n\n\n\n<div data-wp-context=\"{ &quot;autoclose&quot;: false, &quot;accordionItems&quot;: [] }\" data-wp-interactive=\"core\/accordion\" role=\"group\" class=\"wp-block-accordion is-layout-flow wp-block-accordion-is-layout-flow\">\n<div data-wp-class--is-open=\"state.isOpen\" data-wp-context=\"{ &quot;id&quot;: &quot;accordion-item-2&quot;, &quot;openByDefault&quot;: false }\" data-wp-init=\"callbacks.initAccordionItems\" data-wp-on-window--hashchange=\"callbacks.hashChange\" class=\"wp-block-accordion-item is-layout-flow wp-block-accordion-item-is-layout-flow\">\n<h3 class=\"wp-block-accordion-heading\"><button aria-expanded=\"false\" aria-controls=\"accordion-item-2-panel\" data-wp-bind--aria-expanded=\"state.isOpen\" data-wp-on--click=\"actions.toggle\" data-wp-on--keydown=\"actions.handleKeyDown\" id=\"accordion-item-2\" type=\"button\" class=\"wp-block-accordion-heading__toggle\"><span class=\"wp-block-accordion-heading__toggle-title\">Policy for Registration at the BioContact Event \/ Datenschutzerkl\u00e4rung<\/span><span class=\"wp-block-accordion-heading__toggle-icon\" aria-hidden=\"true\">+<\/span><\/button><\/h3>\n\n\n\n<div inert aria-labelledby=\"accordion-item-2\" data-wp-bind--inert=\"!state.isOpen\" id=\"accordion-item-2-panel\" role=\"region\" class=\"wp-block-accordion-panel is-layout-flow wp-block-accordion-panel-is-layout-flow\">\n<p class=\"has-small-font-size\">By signing up for an event, you agree that your personal data (first name, last name, and email address) will be stored on our server for up to 8 weeks after the event ends. Your personal data will be collected, processed, and stored exclusively for participation in this event. Your data will be deleted as soon as they have served the specified purpose. You can revoke your consent at any time in writing without giving reasons. Please send your revocation to info@biocontact.info. The event is organized by BioContact e.V. and is not associated with DKFZ. Workshops and portfolio checks will be provided by external providers. By signing up for the event, you agree that your personal data (first name, last name, and email address) will be passed on to the external provider. What Further Rights Do You Have? Right to Information: You can request information at any time about which data and images we process about you. Right to Rectification: You have the right to rectification and\/or completion if the personal data processed concerning you is inaccurate or incomplete. Right to Restriction of Processing: You may at any time request that the processing of your personal data be limited. Right to Erasure: You may at any time request that the personal data concerning you be deleted immediately. Right to Data Portability: You have the right to receive personal data concerning you in a structured, commonly used, and machine-readable format. Right to Lodge a Complaint with a Supervisory Authority: Without prejudice to any other administrative or judicial remedy, you have the right to appeal to a supervisory authority if you believe that the processing of your personal data breaches the GDPR. The Data Controller on This Website: BioContact e.V. Im Neuenheimer Feld 280 69120 Heidelberg info@biocontact.info External Hosting This website is hosted externally. The personal data collected on this website is stored on the servers of the host. This may include, but is not limited to, IP addresses, contact requests, metadata and communications, contract information, contact details, names, web page access, and other data generated through a website. External hosting serves the purpose of fulfilling the contract with our potential and existing customers (Art. 6(1)(b) GDPR) and in the interest of secure, fast, and efficient provision of our online services by a professional provider (Art. 6(1)(f) GDPR). If appropriate consent has been obtained, the processing is carried out exclusively based on Art. 6(1)(a) GDPR and \u00a7 25(1) TTDSG, insofar as the consent includes the storage of cookies or access to information in the user's device (e.g., device fingerprinting) within the meaning of the TTDSG. This consent can be revoked at any time. Our host(s) will only process your data to the extent necessary to fulfill their performance obligations and to follow our instructions with respect to such data. Our Hosting Provider: CI Commerce GmbH Auf der Lug 18 74912 Kirchardt<br><br><br>Datenschutzerkl\u00e4rung&nbsp;f\u00fcr&nbsp;die&nbsp;Anmeldung&nbsp;zur&nbsp;BioContact-Veranstaltung<\/p>\n\n\n\n<p class=\"has-small-font-size\">Mit&nbsp;der&nbsp;Anmeldung&nbsp;zu&nbsp;einer&nbsp;Veranstaltung&nbsp;erkl\u00e4ren&nbsp;Sie&nbsp;sich&nbsp;damit&nbsp;einverstanden,&nbsp;dass&nbsp;Ihre&nbsp;personenbezogenen&nbsp;Daten&nbsp;(Vorname,&nbsp;Nachname&nbsp;und&nbsp;EMailAdresse)&nbsp;bis&nbsp;zu&nbsp;8&nbsp;Wochen&nbsp;nach&nbsp;Veranstaltungsende<br>auf&nbsp;unserem&nbsp;Server&nbsp;gespeichert&nbsp;werden.&nbsp;Ihre&nbsp;personenbezogenen&nbsp;Daten&nbsp;werden&nbsp;ausschlie\u00dflich&nbsp;zum&nbsp;Zweck&nbsp;der&nbsp;Teilnahme&nbsp;an&nbsp;dieser&nbsp;Veranstaltung&nbsp;erhoben,&nbsp;verarbeitet&nbsp;und&nbsp;gespeichert.&nbsp;<br>Ihre&nbsp;Daten&nbsp;werden&nbsp;gel\u00f6scht,&nbsp;sobald&nbsp;sie&nbsp;ihren&nbsp;angegebenen&nbsp;Zweck&nbsp;erf\u00fcllt&nbsp;haben.<\/p>\n\n\n\n<p class=\"has-small-font-size\">Sie&nbsp;k\u00f6nnen&nbsp;Ihre&nbsp;Einwilligung&nbsp;jederzeit&nbsp;schriftlich&nbsp;und&nbsp;ohne&nbsp;Angabe&nbsp;von&nbsp;Gr\u00fcnden&nbsp;widerrufen.&nbsp;Bitte&nbsp;senden&nbsp;Sie&nbsp;Ihren&nbsp;Widerruf&nbsp;an&nbsp;<a href=\"mailto:info@biocontact.info\">info@biocontact.info<\/a>.<\/p>\n\n\n\n<p class=\"has-small-font-size\">Die&nbsp;Veranstaltung&nbsp;wird&nbsp;von&nbsp;BioContact&nbsp;e.V.&nbsp;organisiert&nbsp;und&nbsp;steht&nbsp;in&nbsp;keiner&nbsp;Verbindung&nbsp;zum&nbsp;DKFZ.<\/p>\n\n\n\n<p class=\"has-small-font-size\">Workshops&nbsp;und&nbsp;Portfolio-Checks&nbsp;werden&nbsp;von&nbsp;externen&nbsp;Anbietern&nbsp;durchgef\u00fchrt.&nbsp;Mit&nbsp;der&nbsp;Anmeldung&nbsp;erkl\u00e4ren&nbsp;Sie&nbsp;sich&nbsp;einverstanden,&nbsp;dass&nbsp;Ihre&nbsp;personenbezogenen&nbsp;Daten&nbsp;(Vorname,&nbsp;Nachname&nbsp;und&nbsp;E-Mail-Adresse)&nbsp;an&nbsp;den&nbsp;externen&nbsp;Anbieter&nbsp;weitergegeben&nbsp;werden.<\/p>\n\n\n\n<h3 class=\"wp-block-heading has-small-font-size\">Welche&nbsp;weiteren&nbsp;Rechte&nbsp;haben&nbsp;Sie?<\/h3>\n\n\n\n<h3 class=\"wp-block-heading has-small-font-size\">Verantwortlicher&nbsp;f\u00fcr&nbsp;die&nbsp;Datenverarbeitung&nbsp;auf&nbsp;dieser&nbsp;Website:<\/h3>\n\n\n\n<p class=\"has-small-font-size\">BioContact&nbsp;e.V. &nbsp;&nbsp;&nbsp;&nbsp;Im&nbsp;Neuenheimer&nbsp;Feld&nbsp;280 &nbsp;&nbsp;&nbsp;&nbsp;69120&nbsp;Heidelberg &nbsp;&nbsp;&nbsp;&nbsp;<a href=\"mailto:info@biocontact.info\">info@biocontact.info<\/a><\/p>\n\n\n\n<h3 class=\"wp-block-heading has-small-font-size\">Externes&nbsp;Hosting<\/h3>\n\n\n\n<p class=\"has-small-font-size\">Diese&nbsp;Website&nbsp;wird&nbsp;extern&nbsp;gehostet.&nbsp;Die&nbsp;auf&nbsp;dieser&nbsp;Website&nbsp;erfassten&nbsp;personenbezogenen&nbsp;Daten&nbsp;werden&nbsp;auf&nbsp;den&nbsp;Servern&nbsp;des&nbsp;Hosts&nbsp;gespeichert.&nbsp;Dies&nbsp;k\u00f6nnen&nbsp;unter&nbsp;anderem&nbsp;IP-Adressen,&nbsp;Kontaktanfragen,&nbsp;Metadaten&nbsp;und&nbsp;Kommunikationsdaten,&nbsp;Vertragsinformationen,&nbsp;Kontaktdaten,&nbsp;Namen,&nbsp;Website-Zugriffe&nbsp;und&nbsp;andere&nbsp;\u00fcber&nbsp;eine&nbsp;Website&nbsp;generierte&nbsp;Daten&nbsp;sein.<\/p>\n\n\n\n<p class=\"has-small-font-size\">Das&nbsp;externe&nbsp;Hosting&nbsp;dient&nbsp;der&nbsp;Erf\u00fcllung&nbsp;des&nbsp;Vertrags&nbsp;mit&nbsp;unseren&nbsp;potenziellen&nbsp;und&nbsp;bestehenden&nbsp;Kunden&nbsp;(Art.&nbsp;6&nbsp;Abs.&nbsp;1&nbsp;lit.&nbsp;b&nbsp;DSGVO)&nbsp;sowie&nbsp;der&nbsp;sicheren,&nbsp;schnellen&nbsp;und&nbsp;effizienten&nbsp;Bereitstellung&nbsp;unseres&nbsp;<br>Online Angebots durch einen professionellen Anbieter (Art. 6 Abs. 1 lit. f DSGVO). Falls eine entsprechende Einwilligung eingeholt wurde, erfolgt die Verarbeitung ausschlie\u00dflich auf Grundlage von Art. 6 Abs. 1 lit. a DSGVO und \u00a7 25 Abs. 1 TTDSG.<br>Diese Einwilligung kann jederzeit widerrufen werden.<\/p>\n\n\n\n<p class=\"has-small-font-size\">Unser(e)&nbsp;Hoster&nbsp;wird\/werden&nbsp;Ihre&nbsp;Daten&nbsp;nur&nbsp;insoweit&nbsp;verarbeiten,&nbsp;wie&nbsp;dies&nbsp;zur&nbsp;Erf\u00fcllung&nbsp;seiner&nbsp;Leistungspflichten&nbsp;erforderlich&nbsp;ist&nbsp;und&nbsp;unsere&nbsp;Weisungen&nbsp;in&nbsp;Bezug&nbsp;auf&nbsp;diese&nbsp;Daten&nbsp;befolgen.<\/p>\n\n\n\n<h3 class=\"wp-block-heading\">Unser&nbsp;Hosting-Anbieter:<\/h3>\n\n\n\n<p class=\"has-small-font-size\">CI&nbsp;Commerce&nbsp;GmbH &nbsp;&nbsp;&nbsp;&nbsp;Auf&nbsp;der&nbsp;Lug&nbsp;18 &nbsp;&nbsp;&nbsp;&nbsp;74912&nbsp;Kirchardt<\/p>\n<\/div>\n<\/div>\n<\/div>\n\n\n<style>\n            :root {\n                --fcal_primary_color: #4587EC !important;\n                --fcal_date_radius: 4px !important;\n                --fcal_avatar_radius: 8px !important;\n            }\n        <\/style><div class=\"fluent-booking-calendar-block align\"><div class=\"fcal_cal_wrap fcal-light-mode\">\n    <div class=\"fluent_booking_app\" data-calendar_id=\"14\"\n         data-event_id=\"36\"><\/div>\n    <\/div>\n\n<style>\n    .fcal_phone_wrapper .flag {\n        background: url(https:\/\/www.biocontact.info\/en\/wp-content\/plugins\/fluent-booking\/assets\/images\/flags_responsive.png) no-repeat;\n        background-size: 100%;\n    }\n<\/style>\n<\/div>","protected":false},"excerpt":{"rendered":"<p>To register select the day and time of the workshop in the calendar below. After registration you should receive a confirmation mail (also check spam!). If no time slots are<\/p>\n","protected":false},"author":19,"featured_media":8,"parent":0,"menu_order":0,"comment_status":"closed","ping_status":"closed","template":"","meta":{"_eb_attr":"","_breakdance_hide_in_design_set":false,"_breakdance_tags":"","footnotes":""},"class_list":["post-5281","page","type-page","status-publish","has-post-thumbnail","hentry"],"yoast_head":"<!-- This site is optimized with the Yoast SEO plugin v27.4 - https:\/\/yoast.com\/product\/yoast-seo-wordpress\/ -->\n<title>Registration - Workshop Contact MLP - BioContact e.V. (English)<\/title>\n<meta name=\"robots\" content=\"index, follow, max-snippet:-1, max-image-preview:large, max-video-preview:-1\" \/>\n<link rel=\"canonical\" href=\"https:\/\/www.biocontact.info\/en\/registration-workshop-contact-mlp\/\" \/>\n<meta property=\"og:locale\" content=\"en_GB\" \/>\n<meta property=\"og:type\" content=\"article\" \/>\n<meta property=\"og:title\" content=\"Registration - Workshop Contact MLP - BioContact e.V. (English)\" \/>\n<meta property=\"og:description\" content=\"To register select the day and time of the workshop in the calendar below. After registration you should receive a confirmation mail (also check spam!). If no time slots are\" \/>\n<meta property=\"og:url\" content=\"https:\/\/www.biocontact.info\/en\/registration-workshop-contact-mlp\/\" \/>\n<meta property=\"og:site_name\" content=\"BioContact e.V. (English)\" \/>\n<meta property=\"article:modified_time\" content=\"2026-04-17T16:46:41+00:00\" \/>\n<meta property=\"og:image\" content=\"https:\/\/www.biocontact.info\/en\/wp-content\/uploads\/sites\/2\/2022\/10\/about-bg.jpg\" \/>\n\t<meta property=\"og:image:width\" content=\"1\" \/>\n\t<meta property=\"og:image:height\" content=\"1\" \/>\n\t<meta property=\"og:image:type\" content=\"image\/jpeg\" \/>\n<meta name=\"twitter:card\" content=\"summary_large_image\" \/>\n<meta name=\"twitter:label1\" content=\"Estimated reading time\" \/>\n\t<meta name=\"twitter:data1\" content=\"5 minutes\" \/>\n<script type=\"application\/ld+json\" class=\"yoast-schema-graph\">{\"@context\":\"https:\\\/\\\/schema.org\",\"@graph\":[{\"@type\":\"WebPage\",\"@id\":\"https:\\\/\\\/www.biocontact.info\\\/en\\\/registration-workshop-contact-mlp\\\/\",\"url\":\"https:\\\/\\\/www.biocontact.info\\\/en\\\/registration-workshop-contact-mlp\\\/\",\"name\":\"Registration - Workshop Contact MLP - BioContact e.V. (English)\",\"isPartOf\":{\"@id\":\"https:\\\/\\\/biocontact.ci-commerce.com\\\/en\\\/#website\"},\"primaryImageOfPage\":{\"@id\":\"https:\\\/\\\/www.biocontact.info\\\/en\\\/registration-workshop-contact-mlp\\\/#primaryimage\"},\"image\":{\"@id\":\"https:\\\/\\\/www.biocontact.info\\\/en\\\/registration-workshop-contact-mlp\\\/#primaryimage\"},\"thumbnailUrl\":\"https:\\\/\\\/www.biocontact.info\\\/en\\\/wp-content\\\/uploads\\\/sites\\\/2\\\/2022\\\/10\\\/about-bg.jpg\",\"datePublished\":\"2026-04-10T17:04:10+00:00\",\"dateModified\":\"2026-04-17T16:46:41+00:00\",\"breadcrumb\":{\"@id\":\"https:\\\/\\\/www.biocontact.info\\\/en\\\/registration-workshop-contact-mlp\\\/#breadcrumb\"},\"inLanguage\":\"en-GB\",\"potentialAction\":[{\"@type\":\"ReadAction\",\"target\":[\"https:\\\/\\\/www.biocontact.info\\\/en\\\/registration-workshop-contact-mlp\\\/\"]}]},{\"@type\":\"ImageObject\",\"inLanguage\":\"en-GB\",\"@id\":\"https:\\\/\\\/www.biocontact.info\\\/en\\\/registration-workshop-contact-mlp\\\/#primaryimage\",\"url\":\"https:\\\/\\\/www.biocontact.info\\\/en\\\/wp-content\\\/uploads\\\/sites\\\/2\\\/2022\\\/10\\\/about-bg.jpg\",\"contentUrl\":\"https:\\\/\\\/www.biocontact.info\\\/en\\\/wp-content\\\/uploads\\\/sites\\\/2\\\/2022\\\/10\\\/about-bg.jpg\",\"width\":1400,\"height\":736},{\"@type\":\"BreadcrumbList\",\"@id\":\"https:\\\/\\\/www.biocontact.info\\\/en\\\/registration-workshop-contact-mlp\\\/#breadcrumb\",\"itemListElement\":[{\"@type\":\"ListItem\",\"position\":1,\"name\":\"Startseite\",\"item\":\"https:\\\/\\\/www.biocontact.info\\\/en\\\/\"},{\"@type\":\"ListItem\",\"position\":2,\"name\":\"Registration &#8211; Workshop Contact MLP\"}]},{\"@type\":\"WebSite\",\"@id\":\"https:\\\/\\\/biocontact.ci-commerce.com\\\/en\\\/#website\",\"url\":\"https:\\\/\\\/biocontact.ci-commerce.com\\\/en\\\/\",\"name\":\"BioContact e.V. (English)\",\"description\":\"We network science and industry\",\"potentialAction\":[{\"@type\":\"SearchAction\",\"target\":{\"@type\":\"EntryPoint\",\"urlTemplate\":\"https:\\\/\\\/biocontact.ci-commerce.com\\\/en\\\/?s={search_term_string}\"},\"query-input\":{\"@type\":\"PropertyValueSpecification\",\"valueRequired\":true,\"valueName\":\"search_term_string\"}}],\"inLanguage\":\"en-GB\"}]}<\/script>\n<!-- \/ Yoast SEO plugin. -->","yoast_head_json":{"title":"Registration - Workshop Contact MLP - BioContact e.V. (English)","robots":{"index":"index","follow":"follow","max-snippet":"max-snippet:-1","max-image-preview":"max-image-preview:large","max-video-preview":"max-video-preview:-1"},"canonical":"https:\/\/www.biocontact.info\/en\/registration-workshop-contact-mlp\/","og_locale":"en_GB","og_type":"article","og_title":"Registration - Workshop Contact MLP - BioContact e.V. (English)","og_description":"To register select the day and time of the workshop in the calendar below. After registration you should receive a confirmation mail (also check spam!). If no time slots are","og_url":"https:\/\/www.biocontact.info\/en\/registration-workshop-contact-mlp\/","og_site_name":"BioContact e.V. (English)","article_modified_time":"2026-04-17T16:46:41+00:00","og_image":[{"url":"https:\/\/www.biocontact.info\/en\/wp-content\/uploads\/sites\/2\/2022\/10\/about-bg.jpg","width":1,"height":1,"type":"image\/jpeg"}],"twitter_card":"summary_large_image","twitter_misc":{"Estimated reading time":"5 minutes"},"schema":{"@context":"https:\/\/schema.org","@graph":[{"@type":"WebPage","@id":"https:\/\/www.biocontact.info\/en\/registration-workshop-contact-mlp\/","url":"https:\/\/www.biocontact.info\/en\/registration-workshop-contact-mlp\/","name":"Registration - Workshop Contact MLP - BioContact e.V. (English)","isPartOf":{"@id":"https:\/\/biocontact.ci-commerce.com\/en\/#website"},"primaryImageOfPage":{"@id":"https:\/\/www.biocontact.info\/en\/registration-workshop-contact-mlp\/#primaryimage"},"image":{"@id":"https:\/\/www.biocontact.info\/en\/registration-workshop-contact-mlp\/#primaryimage"},"thumbnailUrl":"https:\/\/www.biocontact.info\/en\/wp-content\/uploads\/sites\/2\/2022\/10\/about-bg.jpg","datePublished":"2026-04-10T17:04:10+00:00","dateModified":"2026-04-17T16:46:41+00:00","breadcrumb":{"@id":"https:\/\/www.biocontact.info\/en\/registration-workshop-contact-mlp\/#breadcrumb"},"inLanguage":"en-GB","potentialAction":[{"@type":"ReadAction","target":["https:\/\/www.biocontact.info\/en\/registration-workshop-contact-mlp\/"]}]},{"@type":"ImageObject","inLanguage":"en-GB","@id":"https:\/\/www.biocontact.info\/en\/registration-workshop-contact-mlp\/#primaryimage","url":"https:\/\/www.biocontact.info\/en\/wp-content\/uploads\/sites\/2\/2022\/10\/about-bg.jpg","contentUrl":"https:\/\/www.biocontact.info\/en\/wp-content\/uploads\/sites\/2\/2022\/10\/about-bg.jpg","width":1400,"height":736},{"@type":"BreadcrumbList","@id":"https:\/\/www.biocontact.info\/en\/registration-workshop-contact-mlp\/#breadcrumb","itemListElement":[{"@type":"ListItem","position":1,"name":"Startseite","item":"https:\/\/www.biocontact.info\/en\/"},{"@type":"ListItem","position":2,"name":"Registration &#8211; Workshop Contact MLP"}]},{"@type":"WebSite","@id":"https:\/\/biocontact.ci-commerce.com\/en\/#website","url":"https:\/\/biocontact.ci-commerce.com\/en\/","name":"BioContact e.V. (English)","description":"We network science and industry","potentialAction":[{"@type":"SearchAction","target":{"@type":"EntryPoint","urlTemplate":"https:\/\/biocontact.ci-commerce.com\/en\/?s={search_term_string}"},"query-input":{"@type":"PropertyValueSpecification","valueRequired":true,"valueName":"search_term_string"}}],"inLanguage":"en-GB"}]}},"_links":{"self":[{"href":"https:\/\/www.biocontact.info\/en\/wp-json\/wp\/v2\/pages\/5281","targetHints":{"allow":["GET"]}}],"collection":[{"href":"https:\/\/www.biocontact.info\/en\/wp-json\/wp\/v2\/pages"}],"about":[{"href":"https:\/\/www.biocontact.info\/en\/wp-json\/wp\/v2\/types\/page"}],"author":[{"embeddable":true,"href":"https:\/\/www.biocontact.info\/en\/wp-json\/wp\/v2\/users\/19"}],"replies":[{"embeddable":true,"href":"https:\/\/www.biocontact.info\/en\/wp-json\/wp\/v2\/comments?post=5281"}],"version-history":[{"count":2,"href":"https:\/\/www.biocontact.info\/en\/wp-json\/wp\/v2\/pages\/5281\/revisions"}],"predecessor-version":[{"id":5356,"href":"https:\/\/www.biocontact.info\/en\/wp-json\/wp\/v2\/pages\/5281\/revisions\/5356"}],"wp:featuredmedia":[{"embeddable":true,"href":"https:\/\/www.biocontact.info\/en\/wp-json\/wp\/v2\/media\/8"}],"wp:attachment":[{"href":"https:\/\/www.biocontact.info\/en\/wp-json\/wp\/v2\/media?parent=5281"}],"curies":[{"name":"wp","href":"https:\/\/api.w.org\/{rel}","templated":true}]}}