{"id":1050,"date":"2022-02-01T19:44:00","date_gmt":"2022-02-01T18:44:00","guid":{"rendered":"https:\/\/biocontact.info\/en\/medienpartner-contact2022\/"},"modified":"2022-02-01T19:44:00","modified_gmt":"2022-02-01T18:44:00","slug":"medienpartner-contact2022","status":"publish","type":"page","link":"https:\/\/www.biocontact.info\/en\/medienpartner-contact2022\/","title":{"rendered":"Medienpartner CONTACT2022"},"content":{"rendered":"<p>BioContact e.V. bedankt sich bei allen Medienpartnern f\u00fcr die freundliche Unterst\u00fctzung.<\/p>\r\n\r\n<p>&nbsp;<\/p>\r\n\r\n<p><img loading=\"lazy\" decoding=\"async\" class=\" size-full wp-image-1043\" alt=\"\" src=\"https:\/\/biocontact.ci-commerce.comen\/wp-content\/uploads\/sites\/2\/2022\/02\/2022_Medienpartner_analytiknews.jpg\" style=\"height:121px; width:264px\" width=\"264\" height=\"121\" \/><\/p>\r\n\r\n<p>Analytik NEWS das Online-Labormagazin<\/p>\r\n\r\n<p>Analytik NEWS ist ein Online-Labormagazin mit gro\u00dfem Stellenmarkt f\u00fcr Naturwissenschaftler und Techniker. Es wird betrieben von der Dr. Beyer Internet-Beratung, einem unabh\u00e4ngigen Dienstleistungsunternehmen f\u00fcr die Laborbranche. Neben t\u00e4glich aktualisierten Stellenangeboten bietet die Homepage Stellensuchenden die M\u00f6glichkeit, kostenlos und anonym ein Profil zu ver\u00f6ffentlichen. Interessierte Unternehmen k\u00f6nnen dann direkt Kontakt per E-Mail aufnehmen. Stellensuchende entscheiden selbst, ob sie darauf antworten, die Unternehmen erhalten keinerlei Kontaktdaten. Dar\u00fcber hinaus informiert der w\u00f6chentlich erscheinende E-Mail-Newsletter Analytik JOBFLASH kostenlos \u00fcber alle Neuaufnahmen. Er kann direkt auf der Homepage abonniert werden. Auf der Homepage findet man au\u00dferdem viele weitere n\u00fctzliche Links zur Karriereplanung wie Literaturtipps, Beschreibungen von Berufsbildern im Laborumfeld und eine umfangreiche Liste mit weiteren Stellenm\u00e4rkten speziell f\u00fcr Naturwissenschaftler.<\/p>\r\n\r\n<p><a href=\"https:\/\/analytik.news\/\">https:\/\/analytik.news\/ <\/a><\/p>\r\n\r\n<p>&nbsp;<\/p>\r\n\r\n<p><img loading=\"lazy\" decoding=\"async\" class=\" size-full wp-image-1044\" alt=\"\" src=\"https:\/\/biocontact.ci-commerce.comen\/wp-content\/uploads\/sites\/2\/2022\/02\/2022_Medienpartner_biopro.png\" style=\"height:167px; width:300px\" width=\"1800\" height=\"1000\" srcset=\"https:\/\/www.biocontact.info\/en\/wp-content\/uploads\/sites\/2\/2022\/02\/2022_Medienpartner_biopro.png 1800w, https:\/\/www.biocontact.info\/en\/wp-content\/uploads\/sites\/2\/2022\/02\/2022_Medienpartner_biopro-300x167.png 300w, https:\/\/www.biocontact.info\/en\/wp-content\/uploads\/sites\/2\/2022\/02\/2022_Medienpartner_biopro-1024x569.png 1024w, https:\/\/www.biocontact.info\/en\/wp-content\/uploads\/sites\/2\/2022\/02\/2022_Medienpartner_biopro-768x427.png 768w, https:\/\/www.biocontact.info\/en\/wp-content\/uploads\/sites\/2\/2022\/02\/2022_Medienpartner_biopro-1536x853.png 1536w, https:\/\/www.biocontact.info\/en\/wp-content\/uploads\/sites\/2\/2022\/02\/2022_Medienpartner_biopro-1600x889.png 1600w\" sizes=\"auto, (max-width: 1800px) 100vw, 1800px\" \/><\/p>\r\n\r\n<p>Die BIOPRO Baden-W\u00fcrttemberg<\/p>\r\n\r\n<p>Die BIOPRO Baden-W\u00fcrttemberg unterst\u00fctzt mit ihren Kompetenzen die Politik und staatliche Institutionen bei den Themen Gesundheit und Bio\u00f6konomie. In diesem Miteinander entsteht ein umfassendes Angebot f\u00fcr Akteure aus Unternehmen, Forschungseinrichtungen und Netzwerken \u2013 immer mit dem Ziel, die biologische und digitale Transformation voranzubringen. Als Landesgesellschaft begleiten wir Innovationen und Projekte strategisch, fachlich und umsetzungsbezogen. Von der Organisation von Veranstaltungen \u00fcber die Moderation von Strategieprozessen bis hin zur Umsetzungsbegleitung der Landesstrategie \"Nachhaltige Bio\u00f6konomie f\u00fcr Baden W\u00fcrttemberg\" hat sich \u00fcber die Jahre eine enge und konstruktive Zusammenarbeit mit den Landesministerien entwickelt. Das Land mit all seinen Akteuren profitiert vom geb\u00fcndelten Bio\u00f6konomie-Know-how der BIOPRO, von ihrer Geschwindigkeit und unb\u00fcrokratischen Arbeitsweise bei der Reaktion auf neue politische oder wirtschaftliche Situationen. Denn wir sind f\u00fcr alle Partnerinnen und Partner aus Unternehmen, Forschungseinrichtungen und Netzwerken in Baden-W\u00fcrttemberg zentral ansprechbar.<\/p>\r\n\r\n<p><a href=\"http:\/\/wwww.bio-pro.de\">https:\/\/www.bio-pro.de<\/a><\/p>\r\n\r\n<p>&nbsp;<\/p>\r\n\r\n<p><img decoding=\"async\" alt=\"\" src=\"\/sites\/default\/files\/2022\/Medienpartner\/biorn_logo_web_transp.png\" style=\"height:131px; width:250px\" \/><\/p>\r\n\r\n<p>BioRN Network e.V.<\/p>\r\n\r\n<p>BioRN ist der Wissenschafts- und Wirtschaftscluster der Region Rhein-Main-Neckar um Heidelberg, einem der st\u00e4rksten Biotech- und Life Science- Hubs Deutschlands. BioRN ist ein gemeinn\u00fctziges Netzwerk zur F\u00f6rderung von Gesundheitsinnovationen und unterst\u00fctzt seine Mitglieder durch ein professionelles Cluster Management, die Schaffung eines reichen translationalen \u00d6kosystems sowie durch die F\u00f6rderung, Repr\u00e4sentation und Vernetzung der regionalen Innovationsakteure. Unsere Mission ist es, die Region zu einem weltweit f\u00fchrenden Life-Science-Cluster zu entwickeln, der internationale Investitionen und Top-Talente anzieht. BioRN hat mehr als 130 institutionelle Mitglieder, darunter alle regionalen Forschungseinrichtungen, 10 globale Pharmaunternehmen, kleine und mittlere Biotech Unternehmen, sowie kommunale Einrichtungen und Interessengruppen.<\/p>\r\n\r\n<p><a href=\"https:\/\/www.biorn.org\/\">https:\/\/www.biorn.org\/<\/a><\/p>\r\n\r\n<p><img loading=\"lazy\" decoding=\"async\" class=\" size-full wp-image-1045\" alt=\"\" src=\"https:\/\/biocontact.ci-commerce.comen\/wp-content\/uploads\/sites\/2\/2022\/02\/2022_Medienpartner_logo_2.jpg\" style=\"height:150px; width:300px\" width=\"2000\" height=\"1000\" srcset=\"https:\/\/www.biocontact.info\/en\/wp-content\/uploads\/sites\/2\/2022\/02\/2022_Medienpartner_logo_2.jpg 2000w, https:\/\/www.biocontact.info\/en\/wp-content\/uploads\/sites\/2\/2022\/02\/2022_Medienpartner_logo_2-300x150.jpg 300w, https:\/\/www.biocontact.info\/en\/wp-content\/uploads\/sites\/2\/2022\/02\/2022_Medienpartner_logo_2-1024x512.jpg 1024w, https:\/\/www.biocontact.info\/en\/wp-content\/uploads\/sites\/2\/2022\/02\/2022_Medienpartner_logo_2-768x384.jpg 768w, https:\/\/www.biocontact.info\/en\/wp-content\/uploads\/sites\/2\/2022\/02\/2022_Medienpartner_logo_2-1536x768.jpg 1536w, https:\/\/www.biocontact.info\/en\/wp-content\/uploads\/sites\/2\/2022\/02\/2022_Medienpartner_logo_2-1600x800.jpg 1600w\" sizes=\"auto, (max-width: 2000px) 100vw, 2000px\" \/><\/p>\r\n\r\n<p>Career Service der Universit\u00e4t Heidelberg<\/p>\r\n\r\n<p>Als Schnittstelle zwischen Universit\u00e4t und Arbeitsmarkt ist der Career Service Ansprechpartner f\u00fcr Studierende, AbsolventInnen, DoktorandInnen und Nachwuchskr\u00e4fte in allen Fragen zu Berufseinstieg und Karriereplanung. Wir bieten ein umfangreiches Veranstaltungs- und Beratungsangebot, das schon w\u00e4hrend des Studiums oder der Promotion Informationen und Anleitungen f\u00fcr den erfolgreichen Berufsstart vermittelt.<br \/>\r\nEinzelgespr\u00e4che unterst\u00fctzen bei individueller Standortbestimmung und Kompetenzprofil, Entscheidungsfindung, beruflicher Orientierung, Karriereplanung und weiteren Fragen. Tipps zu Bewerbungsmanagement und Selbstmarketing im Bewerbungsprozess erleichtern den Berufseinstieg.<br \/>\r\nUnser Kursprogramm vermittelt berufsrelevantes Know-how und Schl\u00fcsselkompetenzen, Informationen \u00fcber Berufsfelder und professionelles Bewerben. In Veranstaltungen informieren ExpertInnen \u00fcber Arbeiten bei internationalen Organisationen und in der freien Wirtschaft sowie m\u00f6gliche Berufs- und Quereinstiege.<\/p>\r\n\r\n<p>Kontakt: Carolinum Seminarstra\u00dfe 2, 69117 Heidelberg<\/p>\r\n\r\n<p>E-mail: careerservice@uni-heidelberg.de<\/p>\r\n\r\n<p>Telefon: 06221 5412231<\/p>\r\n\r\n<p><a href=\"http:\/\/www.uni-heidelberg.de\/careerservice\">www.uni-heidelberg.de\/careerservice <\/a><\/p>\r\n\r\n<p>&nbsp;<\/p>\r\n\r\n<p>&nbsp;<\/p>\r\n\r\n<p><img loading=\"lazy\" decoding=\"async\" class=\" size-full wp-image-1046\" alt=\"\" src=\"https:\/\/biocontact.ci-commerce.comen\/wp-content\/uploads\/sites\/2\/2022\/02\/2022_Medienpartner_dkfz_logo-forschen_de_black-blue_srgb.png\" style=\"height:85px; width:300px\" width=\"2000\" height=\"564\" srcset=\"https:\/\/www.biocontact.info\/en\/wp-content\/uploads\/sites\/2\/2022\/02\/2022_Medienpartner_dkfz_logo-forschen_de_black-blue_srgb.png 2000w, https:\/\/www.biocontact.info\/en\/wp-content\/uploads\/sites\/2\/2022\/02\/2022_Medienpartner_dkfz_logo-forschen_de_black-blue_srgb-300x85.png 300w, https:\/\/www.biocontact.info\/en\/wp-content\/uploads\/sites\/2\/2022\/02\/2022_Medienpartner_dkfz_logo-forschen_de_black-blue_srgb-1024x289.png 1024w, https:\/\/www.biocontact.info\/en\/wp-content\/uploads\/sites\/2\/2022\/02\/2022_Medienpartner_dkfz_logo-forschen_de_black-blue_srgb-768x217.png 768w, https:\/\/www.biocontact.info\/en\/wp-content\/uploads\/sites\/2\/2022\/02\/2022_Medienpartner_dkfz_logo-forschen_de_black-blue_srgb-1536x433.png 1536w, https:\/\/www.biocontact.info\/en\/wp-content\/uploads\/sites\/2\/2022\/02\/2022_Medienpartner_dkfz_logo-forschen_de_black-blue_srgb-1600x451.png 1600w\" sizes=\"auto, (max-width: 2000px) 100vw, 2000px\" \/><\/p>\r\n\r\n<p>Das Deutsche Krebsforschungszentrum - DKFZ<\/p>\r\n\r\n<p>Das Deutsche Krebsforschungszentrum (DKFZ) ist mit mehr als 3.000 Mitarbeiterinnen und Mitarbeitern die gr\u00f6\u00dfte biomedizinische Forschungseinrichtung in Deutschland. \u00dcber 1.300 Wissenschaftlerinnen und Wissenschaftler erforschen im DKFZ, wie Krebs entsteht, erfassen Krebsrisikofaktoren und suchen nach neuen Strategien, die verhindern, dass Menschen an Krebs erkranken. Sie entwickeln neue Methoden, mit denen Tumoren pr\u00e4ziser diagnostiziert und Krebspatienten erfolgreicher behandelt werden k\u00f6nnen. Beim Krebsinformationsdienst (KID) des DKFZ erhalten Betroffene, interessierte B\u00fcrger und Fachkreise individuelle Antworten auf alle Fragen zum Thema Krebs. Gemeinsam mit Partnern aus den Universit\u00e4tskliniken betreibt das DKFZ das Nationale Centrum f\u00fcr Tumorerkrankungen (NCT) an den Standorten Heidelberg und Dresden, in Heidelberg au\u00dferdem das Hopp-Kindertumorzentrum KiTZ. Im Deutschen Konsortium f\u00fcr Translationale Krebsforschung (DKTK), einem der sechs Deutschen Zentren f\u00fcr Gesundheitsforschung, unterh\u00e4lt das DKFZ Translationszentren an sieben universit\u00e4ren Partnerstandorten. Die Verbindung von exzellenter Hochschulmedizin mit der hochkar\u00e4tigen Forschung eines Helmholtz-Zentrums an den NCT- und den DKTK-Standorten ist ein wichtiger Beitrag, um vielversprechende Ans\u00e4tze aus der Krebsforschung in die Klinik zu \u00fcbertragen und so die Chancen von Krebspatienten zu verbessern. Das DKFZ wird zu 90 Prozent vom Bundesministerium f\u00fcr Bildung und Forschung und zu 10 Prozent vom Land Baden-W\u00fcrttemberg finanziert und ist Mitglied in der Helmholtz-Gemeinschaft Deutscher Forschungszentren.<\/p>\r\n\r\n<p><a href=\"https:\/\/www.dkfz.de\/de\/index.html\">https:\/\/www.dkfz.de<\/a><\/p>\r\n\r\n<p>&nbsp;<\/p>\r\n\r\n<p><img loading=\"lazy\" decoding=\"async\" class=\" size-full wp-image-1047\" alt=\"\" src=\"https:\/\/biocontact.ci-commerce.comen\/wp-content\/uploads\/sites\/2\/2022\/02\/2022_Medienpartner_kf_logo_schriftzug_blk.jpg\" style=\"height:39px; width:300px\" width=\"2000\" height=\"262\" srcset=\"https:\/\/www.biocontact.info\/en\/wp-content\/uploads\/sites\/2\/2022\/02\/2022_Medienpartner_kf_logo_schriftzug_blk.jpg 2000w, https:\/\/www.biocontact.info\/en\/wp-content\/uploads\/sites\/2\/2022\/02\/2022_Medienpartner_kf_logo_schriftzug_blk-300x39.jpg 300w, https:\/\/www.biocontact.info\/en\/wp-content\/uploads\/sites\/2\/2022\/02\/2022_Medienpartner_kf_logo_schriftzug_blk-1024x134.jpg 1024w, https:\/\/www.biocontact.info\/en\/wp-content\/uploads\/sites\/2\/2022\/02\/2022_Medienpartner_kf_logo_schriftzug_blk-768x101.jpg 768w, https:\/\/www.biocontact.info\/en\/wp-content\/uploads\/sites\/2\/2022\/02\/2022_Medienpartner_kf_logo_schriftzug_blk-1536x201.jpg 1536w, https:\/\/www.biocontact.info\/en\/wp-content\/uploads\/sites\/2\/2022\/02\/2022_Medienpartner_kf_logo_schriftzug_blk-1600x210.jpg 1600w\" sizes=\"auto, (max-width: 2000px) 100vw, 2000px\" \/><\/p>\r\n\r\n<p>Karrieref\u00fchrer<\/p>\r\n\r\n<p>Der karrieref\u00fchrer ist ein informatives, anspruchsvolles und serviceorientiertes Jobmagazin (Print + Online), das AbsolventInnen und Studierende am Ende ihres Studiums auf dem Weg zum Berufseinstieg ber\u00e4t. 16 Printausgaben pro Jahr werden bundesweit kostenlos an Kontaktstellen wie Dekanate, Studierendenschaften, Bibliotheken, Karrierezentren und Recruitingmessen verteilt.<\/p>\r\n\r\n<p><a href=\"https:\/\/www.karrierefuehrer.de\/\">https:\/\/www.karrierefuehrer.de\/<\/a><\/p>\r\n\r\n<p>&nbsp;<\/p>\r\n\r\n<p><img loading=\"lazy\" decoding=\"async\" class=\" size-full wp-image-1048\" alt=\"\" src=\"https:\/\/biocontact.ci-commerce.comen\/wp-content\/uploads\/sites\/2\/2022\/02\/2022_Medienpartner_lj-logo_rgb.jpg\" style=\"height:54px; width:250px\" width=\"2000\" height=\"433\" srcset=\"https:\/\/www.biocontact.info\/en\/wp-content\/uploads\/sites\/2\/2022\/02\/2022_Medienpartner_lj-logo_rgb.jpg 2000w, https:\/\/www.biocontact.info\/en\/wp-content\/uploads\/sites\/2\/2022\/02\/2022_Medienpartner_lj-logo_rgb-300x65.jpg 300w, https:\/\/www.biocontact.info\/en\/wp-content\/uploads\/sites\/2\/2022\/02\/2022_Medienpartner_lj-logo_rgb-1024x222.jpg 1024w, https:\/\/www.biocontact.info\/en\/wp-content\/uploads\/sites\/2\/2022\/02\/2022_Medienpartner_lj-logo_rgb-768x166.jpg 768w, https:\/\/www.biocontact.info\/en\/wp-content\/uploads\/sites\/2\/2022\/02\/2022_Medienpartner_lj-logo_rgb-1536x333.jpg 1536w, https:\/\/www.biocontact.info\/en\/wp-content\/uploads\/sites\/2\/2022\/02\/2022_Medienpartner_lj-logo_rgb-1600x346.jpg 1600w\" sizes=\"auto, (max-width: 2000px) 100vw, 2000px\" \/><\/p>\r\n\r\n<p>Laborjournal<\/p>\r\n\r\n<p>Laborjournal informiert in seinen Printausgaben und auf der Website www.laborjournal.de erfrischend und zupackend \u00fcber Aktuelles aus der Life-Science-Branche. Hintergrundberichte, Firmenportraits, Zitationsvergleiche, ein gro\u00dfer Methodenteil sowie Kommentare, Glossen und Comics sind die Basis f\u00fcr den Erfolg. Laborjournal-Leser, darunter viele Forscher, Labormitarbeiter und Technische Angestellte in Industrie und Wissenschaft, sch\u00e4tzen auch die Service-Angebote wie Stellenmarkt, Veranstaltungskalender und Produkt\u00fcbersichten.<\/p>\r\n\r\n<p><a href=\"https:\/\/www.laborjournal.de\/\">https:\/\/www.laborjournal.de\/<\/a><\/p>\r\n\r\n<p>&nbsp;<\/p>\r\n\r\n<p><img loading=\"lazy\" decoding=\"async\" class=\" size-full wp-image-1049\" alt=\"\" src=\"https:\/\/biocontact.ci-commerce.comen\/wp-content\/uploads\/sites\/2\/2022\/02\/2022_Medienpartner_logo_uniturm_300dpi.jpg\" style=\"height:82px; width:250px\" width=\"1437\" height=\"473\" srcset=\"https:\/\/www.biocontact.info\/en\/wp-content\/uploads\/sites\/2\/2022\/02\/2022_Medienpartner_logo_uniturm_300dpi.jpg 1437w, https:\/\/www.biocontact.info\/en\/wp-content\/uploads\/sites\/2\/2022\/02\/2022_Medienpartner_logo_uniturm_300dpi-300x99.jpg 300w, https:\/\/www.biocontact.info\/en\/wp-content\/uploads\/sites\/2\/2022\/02\/2022_Medienpartner_logo_uniturm_300dpi-1024x337.jpg 1024w, https:\/\/www.biocontact.info\/en\/wp-content\/uploads\/sites\/2\/2022\/02\/2022_Medienpartner_logo_uniturm_300dpi-768x253.jpg 768w\" sizes=\"auto, (max-width: 1437px) 100vw, 1437px\" \/><\/p>\r\n\r\n<p>Uniturm<\/p>\r\n\r\n<p>Uniturm.de ist das gr\u00f6\u00dfte Wissensnetzwerk f\u00fcr Studierende aus Deutschland, \u00d6sterreich und der Schweiz. Die kostenlose Plattform erm\u00f6glicht Studierenden seit 2007 das Teilen von Unterlagen und Wissen \u2013 mittlerweile mehr als eine Millon Seiten mit Studienunterlagen in \u00fcber 250 deutschsprachigen Hochschulen. Im Ratgeberbereich stehen hilfreichen Tipps rund um den Studentenalltag zur Verf\u00fcgung. Praktische Lernsoftware und ein gro\u00dfer Stellenmarkt sowie ein kostenlosen Studienwahltest erg\u00e4nzen das Angebot.<\/p>\r\n\r\n<p><a href=\"https:\/\/www.uniturm.de\/\">https:\/\/www.uniturm.de\/<\/a><\/p>\r\n\r\n<p>&nbsp;<\/p>\r\n\r\n<p><img loading=\"lazy\" decoding=\"async\" class=\" size-full wp-image-901\" alt=\"\" src=\"https:\/\/biocontact.ci-commerce.comen\/wp-content\/uploads\/sites\/2\/2020\/01\/pictures_Medienpartner_zmbh_logo10x10.png\" style=\"height:200px; width:200px\" width=\"1299\" height=\"1300\" \/><\/p>\r\n\r\n<p>Zentrum f\u00fcr Molekulare Biologie - ZMBH<\/p>\r\n\r\n<p>Das Zentrum f\u00fcr Molekulare Biologie der Universit\u00e4t Heidelberg (ZMBH) hat sich innerhalb der letzten 35 Jahre als international anerkannte Einrichtung f\u00fcr die molekular- und zellbiologische Grundlagenforschung und Ausbildung etabliert. Die ZMBH-Wissenschaftler erforschen zentrale biologische Prozesse, wie z.B. die Regulation und Evolution des Genoms, die Mechanismen der Proteinfaltung und des Proteinabbaus, die Funktion zellul\u00e4rer \u00dcberwachungssysteme sowie die Kontrolle von Zellteilung und Stammzelldifferenzierung. Regelm\u00e4\u00dfig finden Forschungsergebnisse Eingang in die biomedizinische Anwendung. Das ZMBH arbeitet zudem eng mit dem Forschungsschwerpunkt Zell- und Tumorbiologie des Deutschen Krebsforschungszentrums (DKFZ) in der DKFZ-ZMBH-Allianz zusammen. Studenten der Biowissenschaften absolvieren am ZMBH Teile ihrer Ausbildung in den Bachelor- und Masterstudieng\u00e4ngen. In weiteren Karriereschritten k\u00f6nnen Doktoranden bei uns Ihre Dissertation in einer international gepr\u00e4gten forschungsaktiven Einrichtung anfertigen, Postdoktoranden ihre Projekte verfolgen oder Nachwuchswissenschaftler ihre eigenst\u00e4ndige Gruppe aufbauen.<\/p>\r\n\r\n<p><a href=\"http:\/\/www.zmbh.uni-heidelberg.de\">www.zmbh.uni-heidelberg.de<\/a><\/p>\r\n","protected":false},"excerpt":{"rendered":"<p>BioContact e.V. bedankt sich bei allen Medienpartnern f\u00fcr die freundliche Unterst\u00fctzung. &nbsp; Analytik NEWS das Online-Labormagazin Analytik NEWS ist ein Online-Labormagazin mit gro\u00dfem Stellenmarkt f\u00fcr Naturwissenschaftler und Techniker. Es wird<\/p>\n","protected":false},"author":1,"featured_media":1043,"parent":0,"menu_order":0,"comment_status":"closed","ping_status":"closed","template":"","meta":{"_eb_attr":"","_breakdance_hide_in_design_set":false,"_breakdance_tags":"","footnotes":""},"class_list":["post-1050","page","type-page","status-publish","has-post-thumbnail","hentry"],"yoast_head":"<!-- This site is optimized with the Yoast SEO plugin v27.5 - https:\/\/yoast.com\/product\/yoast-seo-wordpress\/ -->\n<title>Medienpartner CONTACT2022 - BioContact e.V. (English)<\/title>\n<meta name=\"robots\" content=\"index, follow, max-snippet:-1, max-image-preview:large, max-video-preview:-1\" \/>\n<link rel=\"canonical\" href=\"https:\/\/biocontact.ci-commerce.com\/en\/medienpartner-contact2022\/\" \/>\n<meta property=\"og:locale\" content=\"en_GB\" \/>\n<meta property=\"og:type\" content=\"article\" \/>\n<meta property=\"og:title\" content=\"Medienpartner CONTACT2022 - BioContact e.V. (English)\" \/>\n<meta property=\"og:description\" content=\"BioContact e.V. bedankt sich bei allen Medienpartnern f\u00fcr die freundliche Unterst\u00fctzung. &nbsp; Analytik NEWS das Online-Labormagazin Analytik NEWS ist ein Online-Labormagazin mit gro\u00dfem Stellenmarkt f\u00fcr Naturwissenschaftler und Techniker. Es wird\" \/>\n<meta property=\"og:url\" content=\"https:\/\/biocontact.ci-commerce.com\/en\/medienpartner-contact2022\/\" \/>\n<meta property=\"og:site_name\" content=\"BioContact e.V. (English)\" \/>\n<meta property=\"og:image\" content=\"https:\/\/biocontact.ci-commerce.com\/en\/wp-content\/uploads\/sites\/2\/2022\/02\/2022_Medienpartner_analytiknews.jpg\" \/>\n\t<meta property=\"og:image:width\" content=\"264\" \/>\n\t<meta property=\"og:image:height\" content=\"121\" \/>\n\t<meta property=\"og:image:type\" content=\"image\/jpeg\" \/>\n<meta name=\"twitter:card\" content=\"summary_large_image\" \/>\n<meta name=\"twitter:label1\" content=\"Estimated reading time\" \/>\n\t<meta name=\"twitter:data1\" content=\"6 minutes\" \/>\n<script type=\"application\/ld+json\" class=\"yoast-schema-graph\">{\"@context\":\"https:\\\/\\\/schema.org\",\"@graph\":[{\"@type\":\"WebPage\",\"@id\":\"https:\\\/\\\/biocontact.ci-commerce.com\\\/en\\\/medienpartner-contact2022\\\/\",\"url\":\"https:\\\/\\\/biocontact.ci-commerce.com\\\/en\\\/medienpartner-contact2022\\\/\",\"name\":\"Medienpartner CONTACT2022 - BioContact e.V. (English)\",\"isPartOf\":{\"@id\":\"https:\\\/\\\/biocontact.ci-commerce.com\\\/en\\\/#website\"},\"primaryImageOfPage\":{\"@id\":\"https:\\\/\\\/biocontact.ci-commerce.com\\\/en\\\/medienpartner-contact2022\\\/#primaryimage\"},\"image\":{\"@id\":\"https:\\\/\\\/biocontact.ci-commerce.com\\\/en\\\/medienpartner-contact2022\\\/#primaryimage\"},\"thumbnailUrl\":\"https:\\\/\\\/www.biocontact.info\\\/en\\\/wp-content\\\/uploads\\\/sites\\\/2\\\/2022\\\/02\\\/2022_Medienpartner_analytiknews.jpg\",\"datePublished\":\"2022-02-01T18:44:00+00:00\",\"breadcrumb\":{\"@id\":\"https:\\\/\\\/biocontact.ci-commerce.com\\\/en\\\/medienpartner-contact2022\\\/#breadcrumb\"},\"inLanguage\":\"en-GB\",\"potentialAction\":[{\"@type\":\"ReadAction\",\"target\":[\"https:\\\/\\\/biocontact.ci-commerce.com\\\/en\\\/medienpartner-contact2022\\\/\"]}]},{\"@type\":\"ImageObject\",\"inLanguage\":\"en-GB\",\"@id\":\"https:\\\/\\\/biocontact.ci-commerce.com\\\/en\\\/medienpartner-contact2022\\\/#primaryimage\",\"url\":\"https:\\\/\\\/www.biocontact.info\\\/en\\\/wp-content\\\/uploads\\\/sites\\\/2\\\/2022\\\/02\\\/2022_Medienpartner_analytiknews.jpg\",\"contentUrl\":\"https:\\\/\\\/www.biocontact.info\\\/en\\\/wp-content\\\/uploads\\\/sites\\\/2\\\/2022\\\/02\\\/2022_Medienpartner_analytiknews.jpg\",\"width\":264,\"height\":121},{\"@type\":\"BreadcrumbList\",\"@id\":\"https:\\\/\\\/biocontact.ci-commerce.com\\\/en\\\/medienpartner-contact2022\\\/#breadcrumb\",\"itemListElement\":[{\"@type\":\"ListItem\",\"position\":1,\"name\":\"Startseite\",\"item\":\"https:\\\/\\\/www.biocontact.info\\\/en\\\/\"},{\"@type\":\"ListItem\",\"position\":2,\"name\":\"Medienpartner CONTACT2022\"}]},{\"@type\":\"WebSite\",\"@id\":\"https:\\\/\\\/biocontact.ci-commerce.com\\\/en\\\/#website\",\"url\":\"https:\\\/\\\/biocontact.ci-commerce.com\\\/en\\\/\",\"name\":\"BioContact e.V. (English)\",\"description\":\"We network science and industry\",\"potentialAction\":[{\"@type\":\"SearchAction\",\"target\":{\"@type\":\"EntryPoint\",\"urlTemplate\":\"https:\\\/\\\/biocontact.ci-commerce.com\\\/en\\\/?s={search_term_string}\"},\"query-input\":{\"@type\":\"PropertyValueSpecification\",\"valueRequired\":true,\"valueName\":\"search_term_string\"}}],\"inLanguage\":\"en-GB\"}]}<\/script>\n<!-- \/ Yoast SEO plugin. -->","yoast_head_json":{"title":"Medienpartner CONTACT2022 - BioContact e.V. (English)","robots":{"index":"index","follow":"follow","max-snippet":"max-snippet:-1","max-image-preview":"max-image-preview:large","max-video-preview":"max-video-preview:-1"},"canonical":"https:\/\/biocontact.ci-commerce.com\/en\/medienpartner-contact2022\/","og_locale":"en_GB","og_type":"article","og_title":"Medienpartner CONTACT2022 - BioContact e.V. (English)","og_description":"BioContact e.V. bedankt sich bei allen Medienpartnern f\u00fcr die freundliche Unterst\u00fctzung. &nbsp; Analytik NEWS das Online-Labormagazin Analytik NEWS ist ein Online-Labormagazin mit gro\u00dfem Stellenmarkt f\u00fcr Naturwissenschaftler und Techniker. Es wird","og_url":"https:\/\/biocontact.ci-commerce.com\/en\/medienpartner-contact2022\/","og_site_name":"BioContact e.V. (English)","og_image":[{"width":264,"height":121,"url":"https:\/\/biocontact.ci-commerce.com\/en\/wp-content\/uploads\/sites\/2\/2022\/02\/2022_Medienpartner_analytiknews.jpg","type":"image\/jpeg"}],"twitter_card":"summary_large_image","twitter_misc":{"Estimated reading time":"6 minutes"},"schema":{"@context":"https:\/\/schema.org","@graph":[{"@type":"WebPage","@id":"https:\/\/biocontact.ci-commerce.com\/en\/medienpartner-contact2022\/","url":"https:\/\/biocontact.ci-commerce.com\/en\/medienpartner-contact2022\/","name":"Medienpartner CONTACT2022 - BioContact e.V. (English)","isPartOf":{"@id":"https:\/\/biocontact.ci-commerce.com\/en\/#website"},"primaryImageOfPage":{"@id":"https:\/\/biocontact.ci-commerce.com\/en\/medienpartner-contact2022\/#primaryimage"},"image":{"@id":"https:\/\/biocontact.ci-commerce.com\/en\/medienpartner-contact2022\/#primaryimage"},"thumbnailUrl":"https:\/\/www.biocontact.info\/en\/wp-content\/uploads\/sites\/2\/2022\/02\/2022_Medienpartner_analytiknews.jpg","datePublished":"2022-02-01T18:44:00+00:00","breadcrumb":{"@id":"https:\/\/biocontact.ci-commerce.com\/en\/medienpartner-contact2022\/#breadcrumb"},"inLanguage":"en-GB","potentialAction":[{"@type":"ReadAction","target":["https:\/\/biocontact.ci-commerce.com\/en\/medienpartner-contact2022\/"]}]},{"@type":"ImageObject","inLanguage":"en-GB","@id":"https:\/\/biocontact.ci-commerce.com\/en\/medienpartner-contact2022\/#primaryimage","url":"https:\/\/www.biocontact.info\/en\/wp-content\/uploads\/sites\/2\/2022\/02\/2022_Medienpartner_analytiknews.jpg","contentUrl":"https:\/\/www.biocontact.info\/en\/wp-content\/uploads\/sites\/2\/2022\/02\/2022_Medienpartner_analytiknews.jpg","width":264,"height":121},{"@type":"BreadcrumbList","@id":"https:\/\/biocontact.ci-commerce.com\/en\/medienpartner-contact2022\/#breadcrumb","itemListElement":[{"@type":"ListItem","position":1,"name":"Startseite","item":"https:\/\/www.biocontact.info\/en\/"},{"@type":"ListItem","position":2,"name":"Medienpartner CONTACT2022"}]},{"@type":"WebSite","@id":"https:\/\/biocontact.ci-commerce.com\/en\/#website","url":"https:\/\/biocontact.ci-commerce.com\/en\/","name":"BioContact e.V. (English)","description":"We network science and industry","potentialAction":[{"@type":"SearchAction","target":{"@type":"EntryPoint","urlTemplate":"https:\/\/biocontact.ci-commerce.com\/en\/?s={search_term_string}"},"query-input":{"@type":"PropertyValueSpecification","valueRequired":true,"valueName":"search_term_string"}}],"inLanguage":"en-GB"}]}},"_links":{"self":[{"href":"https:\/\/www.biocontact.info\/en\/wp-json\/wp\/v2\/pages\/1050","targetHints":{"allow":["GET"]}}],"collection":[{"href":"https:\/\/www.biocontact.info\/en\/wp-json\/wp\/v2\/pages"}],"about":[{"href":"https:\/\/www.biocontact.info\/en\/wp-json\/wp\/v2\/types\/page"}],"author":[{"embeddable":true,"href":"https:\/\/www.biocontact.info\/en\/wp-json\/wp\/v2\/users\/1"}],"replies":[{"embeddable":true,"href":"https:\/\/www.biocontact.info\/en\/wp-json\/wp\/v2\/comments?post=1050"}],"version-history":[{"count":1,"href":"https:\/\/www.biocontact.info\/en\/wp-json\/wp\/v2\/pages\/1050\/revisions"}],"predecessor-version":[{"id":1385,"href":"https:\/\/www.biocontact.info\/en\/wp-json\/wp\/v2\/pages\/1050\/revisions\/1385"}],"wp:featuredmedia":[{"embeddable":true,"href":"https:\/\/www.biocontact.info\/en\/wp-json\/wp\/v2\/media\/1043"}],"wp:attachment":[{"href":"https:\/\/www.biocontact.info\/en\/wp-json\/wp\/v2\/media?parent=1050"}],"curies":[{"name":"wp","href":"https:\/\/api.w.org\/{rel}","templated":true}]}}