{"id":1036,"date":"2021-04-22T19:33:15","date_gmt":"2021-04-22T17:33:15","guid":{"rendered":"https:\/\/biocontact.info\/en\/podiumsdiskussion-contact2022\/"},"modified":"2021-04-22T19:33:15","modified_gmt":"2021-04-22T17:33:15","slug":"podiumsdiskussion-contact2022","status":"publish","type":"page","link":"https:\/\/www.biocontact.info\/en\/podiumsdiskussion-contact2022\/","title":{"rendered":"Podiumsdiskussion"},"content":{"rendered":"<p>Dieses Jahr bieten wir auf der CONTACT2022 eine anregende <strong>Podiumsdiskussion<\/strong> an. Diese findet von <strong>15:30 - 17:00 Uhr<\/strong> auf <strong>B\u00fchne I<\/strong> statt.<\/p>\r\n\r\n<p><strong>Arbeitstrends \u2013 wie wird sich der Arbeitsplatz und die Arbeitskultur zuk\u00fcnftig \u00e4ndern? <\/strong><\/p>\r\n\r\n<p>Die weltweite Pandemie hat die Arbeitswelt bereits grundlegend ver\u00e4ndert. Zudem beschleunigen die Globalisierung, technologische Fortschritte und soziale Medien die Entwicklungen in der Arbeitswelt. In unserer Podiumsdiskussion sprechen wir mit Vertreter:Innen des Pharma- und Biotech-Sektors, um einen Einblick \u00fcber aktuell aufkommende Arbeitstrends in ihrer Firma zu gewinnen.<\/p>\r\n\r\n<p>Fragst du dich welche Entwicklungen jetzt neu sind und welche wir zuk\u00fcnftig noch erwarten k\u00f6nnen? Wie werden die neuen Arbeitsweisen die Gesch\u00e4ftswelt formen? Gibt es Unterschiede zwischen Start-Up und gro\u00dfen, internationalen Unternehmen bez\u00fcglich mobiles Arbeiten, F\u00f6rderung der Mitarbeiter:Innen(gesundheit) oder zus\u00e4tzliche Unternehmensleistungen?<\/p>\r\n\r\n<p>Bekomme die Antworten die du suchst in unserer Podiumsdiskussion mit Vertreter:Innen von:<\/p>\r\n\r\n<p>&nbsp; &nbsp; &nbsp; &nbsp; &nbsp; &nbsp; &nbsp; &nbsp; &nbsp; &nbsp; &nbsp; &nbsp; &nbsp; &nbsp; &nbsp;&nbsp;<img loading=\"lazy\" decoding=\"async\" class=\" size-full wp-image-1030\" alt=\"\" src=\"https:\/\/biocontact.ci-commerce.comen\/wp-content\/uploads\/sites\/2\/2021\/04\/2022_Firmenlogos_abbvie_logo.jpg\" style=\"height:45px; width:230px\" width=\"768\" height=\"150\" srcset=\"https:\/\/www.biocontact.info\/en\/wp-content\/uploads\/sites\/2\/2021\/04\/2022_Firmenlogos_abbvie_logo.jpg 768w, https:\/\/www.biocontact.info\/en\/wp-content\/uploads\/sites\/2\/2021\/04\/2022_Firmenlogos_abbvie_logo-300x59.jpg 300w\" sizes=\"auto, (max-width: 768px) 100vw, 768px\" \/>&nbsp; &nbsp; &nbsp;<img loading=\"lazy\" decoding=\"async\" class=\" size-full wp-image-1031\" alt=\"\" src=\"https:\/\/biocontact.ci-commerce.comen\/wp-content\/uploads\/sites\/2\/2021\/04\/2022_Firmenlogos_dewpointx_logo.jpg\" style=\"height:50px; width:250px\" width=\"842\" height=\"167\" srcset=\"https:\/\/www.biocontact.info\/en\/wp-content\/uploads\/sites\/2\/2021\/04\/2022_Firmenlogos_dewpointx_logo.jpg 842w, https:\/\/www.biocontact.info\/en\/wp-content\/uploads\/sites\/2\/2021\/04\/2022_Firmenlogos_dewpointx_logo-300x60.jpg 300w, https:\/\/www.biocontact.info\/en\/wp-content\/uploads\/sites\/2\/2021\/04\/2022_Firmenlogos_dewpointx_logo-768x152.jpg 768w\" sizes=\"auto, (max-width: 842px) 100vw, 842px\" \/><\/p>\r\n\r\n<p>&nbsp; &nbsp; &nbsp; &nbsp; &nbsp; &nbsp; &nbsp; &nbsp; &nbsp; &nbsp; &nbsp; &nbsp; &nbsp;&nbsp;&nbsp; &nbsp; &nbsp; &nbsp;<img loading=\"lazy\" decoding=\"async\" class=\" size-full wp-image-1032\" alt=\"\" src=\"https:\/\/biocontact.ci-commerce.comen\/wp-content\/uploads\/sites\/2\/2021\/04\/2022_Firmenlogos_lonza_logo.jpg\" style=\"height:46px; width:250px\" width=\"496\" height=\"91\" srcset=\"https:\/\/www.biocontact.info\/en\/wp-content\/uploads\/sites\/2\/2021\/04\/2022_Firmenlogos_lonza_logo.jpg 496w, https:\/\/www.biocontact.info\/en\/wp-content\/uploads\/sites\/2\/2021\/04\/2022_Firmenlogos_lonza_logo-300x55.jpg 300w\" sizes=\"auto, (max-width: 496px) 100vw, 496px\" \/>&nbsp;<img loading=\"lazy\" decoding=\"async\" class=\" size-full wp-image-1033\" alt=\"\" src=\"https:\/\/biocontact.ci-commerce.comen\/wp-content\/uploads\/sites\/2\/2021\/04\/2022_Firmenlogos_sanofi_logo.jpeg\" style=\"height:115px; width:250px\" width=\"2000\" height=\"922\" srcset=\"https:\/\/www.biocontact.info\/en\/wp-content\/uploads\/sites\/2\/2021\/04\/2022_Firmenlogos_sanofi_logo.jpeg 2000w, https:\/\/www.biocontact.info\/en\/wp-content\/uploads\/sites\/2\/2021\/04\/2022_Firmenlogos_sanofi_logo-300x138.jpeg 300w, https:\/\/www.biocontact.info\/en\/wp-content\/uploads\/sites\/2\/2021\/04\/2022_Firmenlogos_sanofi_logo-1024x472.jpeg 1024w, https:\/\/www.biocontact.info\/en\/wp-content\/uploads\/sites\/2\/2021\/04\/2022_Firmenlogos_sanofi_logo-768x354.jpeg 768w, https:\/\/www.biocontact.info\/en\/wp-content\/uploads\/sites\/2\/2021\/04\/2022_Firmenlogos_sanofi_logo-1536x708.jpeg 1536w, https:\/\/www.biocontact.info\/en\/wp-content\/uploads\/sites\/2\/2021\/04\/2022_Firmenlogos_sanofi_logo-1600x738.jpeg 1600w\" sizes=\"auto, (max-width: 2000px) 100vw, 2000px\" \/><\/p>\r\n\r\n<p>&nbsp; &nbsp; &nbsp; &nbsp; &nbsp; &nbsp; &nbsp; &nbsp; &nbsp; &nbsp; &nbsp; &nbsp; &nbsp; &nbsp;<\/p>\r\n\r\n<p>&nbsp; &nbsp; &nbsp; &nbsp; &nbsp; &nbsp; &nbsp; &nbsp; &nbsp; &nbsp; &nbsp; &nbsp; &nbsp; &nbsp; &nbsp; &nbsp;&nbsp;<img loading=\"lazy\" decoding=\"async\" class=\" size-full wp-image-1034\" alt=\"\" src=\"https:\/\/biocontact.ci-commerce.comen\/wp-content\/uploads\/sites\/2\/2021\/04\/2022_Firmenlogos_sciomics_logo.jpg\" style=\"height:105px; width:250px\" width=\"2000\" height=\"839\" srcset=\"https:\/\/www.biocontact.info\/en\/wp-content\/uploads\/sites\/2\/2021\/04\/2022_Firmenlogos_sciomics_logo.jpg 2000w, https:\/\/www.biocontact.info\/en\/wp-content\/uploads\/sites\/2\/2021\/04\/2022_Firmenlogos_sciomics_logo-300x126.jpg 300w, https:\/\/www.biocontact.info\/en\/wp-content\/uploads\/sites\/2\/2021\/04\/2022_Firmenlogos_sciomics_logo-1024x430.jpg 1024w, https:\/\/www.biocontact.info\/en\/wp-content\/uploads\/sites\/2\/2021\/04\/2022_Firmenlogos_sciomics_logo-768x322.jpg 768w, https:\/\/www.biocontact.info\/en\/wp-content\/uploads\/sites\/2\/2021\/04\/2022_Firmenlogos_sciomics_logo-1536x644.jpg 1536w, https:\/\/www.biocontact.info\/en\/wp-content\/uploads\/sites\/2\/2021\/04\/2022_Firmenlogos_sciomics_logo-1600x671.jpg 1600w\" sizes=\"auto, (max-width: 2000px) 100vw, 2000px\" \/>&nbsp;<img loading=\"lazy\" decoding=\"async\" class=\" size-full wp-image-1035\" alt=\"\" src=\"https:\/\/biocontact.ci-commerce.comen\/wp-content\/uploads\/sites\/2\/2021\/04\/2022_Firmenlogos_zamann_pharma_support_logo.png\" style=\"height:68px; width:230px\" width=\"212\" height=\"58\" \/><\/p>\r\n\r\n<p>&nbsp;&nbsp;<\/p>\r\n\r\n<p>Verpasse nicht diesen au\u00dfergew\u00f6hnlichen Einblick f\u00fcr deinen Karriere und besuche unsere Podiumsdiskussion auf der CONTACT2022!<\/p>\r\n","protected":false},"excerpt":{"rendered":"<p>Dieses Jahr bieten wir auf der CONTACT2022 eine anregende Podiumsdiskussion an. Diese findet von 15:30 &#8211; 17:00 Uhr auf B\u00fchne I statt. Arbeitstrends \u2013 wie wird sich der Arbeitsplatz und<\/p>\n","protected":false},"author":1,"featured_media":1030,"parent":0,"menu_order":0,"comment_status":"closed","ping_status":"closed","template":"","meta":{"_eb_attr":"","_breakdance_hide_in_design_set":false,"_breakdance_tags":"","footnotes":""},"class_list":["post-1036","page","type-page","status-publish","has-post-thumbnail","hentry"],"yoast_head":"<!-- This site is optimized with the Yoast SEO plugin v27.5 - https:\/\/yoast.com\/product\/yoast-seo-wordpress\/ -->\n<title>Podiumsdiskussion - BioContact e.V. (English)<\/title>\n<meta name=\"robots\" content=\"index, follow, max-snippet:-1, max-image-preview:large, max-video-preview:-1\" \/>\n<link rel=\"canonical\" href=\"https:\/\/biocontact.ci-commerce.com\/en\/podiumsdiskussion-contact2022\/\" \/>\n<meta property=\"og:locale\" content=\"en_GB\" \/>\n<meta property=\"og:type\" content=\"article\" \/>\n<meta property=\"og:title\" content=\"Podiumsdiskussion - BioContact e.V. (English)\" \/>\n<meta property=\"og:description\" content=\"Dieses Jahr bieten wir auf der CONTACT2022 eine anregende Podiumsdiskussion an. Diese findet von 15:30 - 17:00 Uhr auf B\u00fchne I statt. Arbeitstrends \u2013 wie wird sich der Arbeitsplatz und\" \/>\n<meta property=\"og:url\" content=\"https:\/\/biocontact.ci-commerce.com\/en\/podiumsdiskussion-contact2022\/\" \/>\n<meta property=\"og:site_name\" content=\"BioContact e.V. (English)\" \/>\n<meta property=\"og:image\" content=\"https:\/\/biocontact.ci-commerce.com\/en\/wp-content\/uploads\/sites\/2\/2021\/04\/2022_Firmenlogos_abbvie_logo.jpg\" \/>\n\t<meta property=\"og:image:width\" content=\"768\" \/>\n\t<meta property=\"og:image:height\" content=\"150\" \/>\n\t<meta property=\"og:image:type\" content=\"image\/jpeg\" \/>\n<meta name=\"twitter:card\" content=\"summary_large_image\" \/>\n<meta name=\"twitter:label1\" content=\"Estimated reading time\" \/>\n\t<meta name=\"twitter:data1\" content=\"1 minute\" \/>\n<script type=\"application\/ld+json\" class=\"yoast-schema-graph\">{\"@context\":\"https:\\\/\\\/schema.org\",\"@graph\":[{\"@type\":\"WebPage\",\"@id\":\"https:\\\/\\\/biocontact.ci-commerce.com\\\/en\\\/podiumsdiskussion-contact2022\\\/\",\"url\":\"https:\\\/\\\/biocontact.ci-commerce.com\\\/en\\\/podiumsdiskussion-contact2022\\\/\",\"name\":\"Podiumsdiskussion - BioContact e.V. (English)\",\"isPartOf\":{\"@id\":\"https:\\\/\\\/biocontact.ci-commerce.com\\\/en\\\/#website\"},\"primaryImageOfPage\":{\"@id\":\"https:\\\/\\\/biocontact.ci-commerce.com\\\/en\\\/podiumsdiskussion-contact2022\\\/#primaryimage\"},\"image\":{\"@id\":\"https:\\\/\\\/biocontact.ci-commerce.com\\\/en\\\/podiumsdiskussion-contact2022\\\/#primaryimage\"},\"thumbnailUrl\":\"https:\\\/\\\/www.biocontact.info\\\/en\\\/wp-content\\\/uploads\\\/sites\\\/2\\\/2021\\\/04\\\/2022_Firmenlogos_abbvie_logo.jpg\",\"datePublished\":\"2021-04-22T17:33:15+00:00\",\"breadcrumb\":{\"@id\":\"https:\\\/\\\/biocontact.ci-commerce.com\\\/en\\\/podiumsdiskussion-contact2022\\\/#breadcrumb\"},\"inLanguage\":\"en-GB\",\"potentialAction\":[{\"@type\":\"ReadAction\",\"target\":[\"https:\\\/\\\/biocontact.ci-commerce.com\\\/en\\\/podiumsdiskussion-contact2022\\\/\"]}]},{\"@type\":\"ImageObject\",\"inLanguage\":\"en-GB\",\"@id\":\"https:\\\/\\\/biocontact.ci-commerce.com\\\/en\\\/podiumsdiskussion-contact2022\\\/#primaryimage\",\"url\":\"https:\\\/\\\/www.biocontact.info\\\/en\\\/wp-content\\\/uploads\\\/sites\\\/2\\\/2021\\\/04\\\/2022_Firmenlogos_abbvie_logo.jpg\",\"contentUrl\":\"https:\\\/\\\/www.biocontact.info\\\/en\\\/wp-content\\\/uploads\\\/sites\\\/2\\\/2021\\\/04\\\/2022_Firmenlogos_abbvie_logo.jpg\",\"width\":768,\"height\":150},{\"@type\":\"BreadcrumbList\",\"@id\":\"https:\\\/\\\/biocontact.ci-commerce.com\\\/en\\\/podiumsdiskussion-contact2022\\\/#breadcrumb\",\"itemListElement\":[{\"@type\":\"ListItem\",\"position\":1,\"name\":\"Startseite\",\"item\":\"https:\\\/\\\/www.biocontact.info\\\/en\\\/\"},{\"@type\":\"ListItem\",\"position\":2,\"name\":\"Podiumsdiskussion\"}]},{\"@type\":\"WebSite\",\"@id\":\"https:\\\/\\\/biocontact.ci-commerce.com\\\/en\\\/#website\",\"url\":\"https:\\\/\\\/biocontact.ci-commerce.com\\\/en\\\/\",\"name\":\"BioContact e.V. (English)\",\"description\":\"We network science and industry\",\"potentialAction\":[{\"@type\":\"SearchAction\",\"target\":{\"@type\":\"EntryPoint\",\"urlTemplate\":\"https:\\\/\\\/biocontact.ci-commerce.com\\\/en\\\/?s={search_term_string}\"},\"query-input\":{\"@type\":\"PropertyValueSpecification\",\"valueRequired\":true,\"valueName\":\"search_term_string\"}}],\"inLanguage\":\"en-GB\"}]}<\/script>\n<!-- \/ Yoast SEO plugin. -->","yoast_head_json":{"title":"Podiumsdiskussion - BioContact e.V. (English)","robots":{"index":"index","follow":"follow","max-snippet":"max-snippet:-1","max-image-preview":"max-image-preview:large","max-video-preview":"max-video-preview:-1"},"canonical":"https:\/\/biocontact.ci-commerce.com\/en\/podiumsdiskussion-contact2022\/","og_locale":"en_GB","og_type":"article","og_title":"Podiumsdiskussion - BioContact e.V. (English)","og_description":"Dieses Jahr bieten wir auf der CONTACT2022 eine anregende Podiumsdiskussion an. Diese findet von 15:30 - 17:00 Uhr auf B\u00fchne I statt. Arbeitstrends \u2013 wie wird sich der Arbeitsplatz und","og_url":"https:\/\/biocontact.ci-commerce.com\/en\/podiumsdiskussion-contact2022\/","og_site_name":"BioContact e.V. (English)","og_image":[{"width":768,"height":150,"url":"https:\/\/biocontact.ci-commerce.com\/en\/wp-content\/uploads\/sites\/2\/2021\/04\/2022_Firmenlogos_abbvie_logo.jpg","type":"image\/jpeg"}],"twitter_card":"summary_large_image","twitter_misc":{"Estimated reading time":"1 minute"},"schema":{"@context":"https:\/\/schema.org","@graph":[{"@type":"WebPage","@id":"https:\/\/biocontact.ci-commerce.com\/en\/podiumsdiskussion-contact2022\/","url":"https:\/\/biocontact.ci-commerce.com\/en\/podiumsdiskussion-contact2022\/","name":"Podiumsdiskussion - BioContact e.V. (English)","isPartOf":{"@id":"https:\/\/biocontact.ci-commerce.com\/en\/#website"},"primaryImageOfPage":{"@id":"https:\/\/biocontact.ci-commerce.com\/en\/podiumsdiskussion-contact2022\/#primaryimage"},"image":{"@id":"https:\/\/biocontact.ci-commerce.com\/en\/podiumsdiskussion-contact2022\/#primaryimage"},"thumbnailUrl":"https:\/\/www.biocontact.info\/en\/wp-content\/uploads\/sites\/2\/2021\/04\/2022_Firmenlogos_abbvie_logo.jpg","datePublished":"2021-04-22T17:33:15+00:00","breadcrumb":{"@id":"https:\/\/biocontact.ci-commerce.com\/en\/podiumsdiskussion-contact2022\/#breadcrumb"},"inLanguage":"en-GB","potentialAction":[{"@type":"ReadAction","target":["https:\/\/biocontact.ci-commerce.com\/en\/podiumsdiskussion-contact2022\/"]}]},{"@type":"ImageObject","inLanguage":"en-GB","@id":"https:\/\/biocontact.ci-commerce.com\/en\/podiumsdiskussion-contact2022\/#primaryimage","url":"https:\/\/www.biocontact.info\/en\/wp-content\/uploads\/sites\/2\/2021\/04\/2022_Firmenlogos_abbvie_logo.jpg","contentUrl":"https:\/\/www.biocontact.info\/en\/wp-content\/uploads\/sites\/2\/2021\/04\/2022_Firmenlogos_abbvie_logo.jpg","width":768,"height":150},{"@type":"BreadcrumbList","@id":"https:\/\/biocontact.ci-commerce.com\/en\/podiumsdiskussion-contact2022\/#breadcrumb","itemListElement":[{"@type":"ListItem","position":1,"name":"Startseite","item":"https:\/\/www.biocontact.info\/en\/"},{"@type":"ListItem","position":2,"name":"Podiumsdiskussion"}]},{"@type":"WebSite","@id":"https:\/\/biocontact.ci-commerce.com\/en\/#website","url":"https:\/\/biocontact.ci-commerce.com\/en\/","name":"BioContact e.V. (English)","description":"We network science and industry","potentialAction":[{"@type":"SearchAction","target":{"@type":"EntryPoint","urlTemplate":"https:\/\/biocontact.ci-commerce.com\/en\/?s={search_term_string}"},"query-input":{"@type":"PropertyValueSpecification","valueRequired":true,"valueName":"search_term_string"}}],"inLanguage":"en-GB"}]}},"_links":{"self":[{"href":"https:\/\/www.biocontact.info\/en\/wp-json\/wp\/v2\/pages\/1036","targetHints":{"allow":["GET"]}}],"collection":[{"href":"https:\/\/www.biocontact.info\/en\/wp-json\/wp\/v2\/pages"}],"about":[{"href":"https:\/\/www.biocontact.info\/en\/wp-json\/wp\/v2\/types\/page"}],"author":[{"embeddable":true,"href":"https:\/\/www.biocontact.info\/en\/wp-json\/wp\/v2\/users\/1"}],"replies":[{"embeddable":true,"href":"https:\/\/www.biocontact.info\/en\/wp-json\/wp\/v2\/comments?post=1036"}],"version-history":[{"count":0,"href":"https:\/\/www.biocontact.info\/en\/wp-json\/wp\/v2\/pages\/1036\/revisions"}],"wp:featuredmedia":[{"embeddable":true,"href":"https:\/\/www.biocontact.info\/en\/wp-json\/wp\/v2\/media\/1030"}],"wp:attachment":[{"href":"https:\/\/www.biocontact.info\/en\/wp-json\/wp\/v2\/media?parent=1036"}],"curies":[{"name":"wp","href":"https:\/\/api.w.org\/{rel}","templated":true}]}}