{"id":1007,"date":"2021-04-02T20:44:09","date_gmt":"2021-04-02T18:44:09","guid":{"rendered":"https:\/\/biocontact.info\/en\/bewerbungsmappencheck-2021-agentur-fur-arbeit-2\/"},"modified":"2021-04-02T20:44:09","modified_gmt":"2021-04-02T18:44:09","slug":"bewerbungsmappencheck-2021-agentur-fur-arbeit-2","status":"publish","type":"page","link":"https:\/\/www.biocontact.info\/en\/bewerbungsmappencheck-2021-agentur-fur-arbeit-2\/","title":{"rendered":"Bewerbungsmappencheck 2021 Agentur f\u00fcr Arbeit"},"content":{"rendered":"<table cellpadding=\"1\" cellspacing=\"1\" style=\"width:900px\">\r\n\t<tbody>\r\n\t\t<tr>\r\n\t\t\t<td style=\"height:175px; text-align:center; vertical-align:middle; width:250px\"><img loading=\"lazy\" decoding=\"async\" class=\" size-full wp-image-968\" alt=\"\" src=\"https:\/\/biocontact.ci-commerce.comen\/wp-content\/uploads\/sites\/2\/2021\/04\/pictures_Firmenlogos2021_bundesagentur_fuer_arbeit_logo.jpg\" style=\"height:47px; width:225px\" width=\"225\" height=\"47\" \/><\/td>\r\n\t\t\t<td style=\"height:175px\">\r\n\t\t\t<h4>Bewerbungsunterlagen-Check beim Hochschulteam der Agentur f\u00fcr Arbeit<\/h4>\r\n\r\n\t\t\t<h4>28.04.2021 | 9:30 - 16:00 Uhr<\/h4>\r\n\r\n\t\t\t<p>Referent: Petra Kuhn&nbsp; <img loading=\"lazy\" decoding=\"async\" class=\" size-full wp-image-781\" alt=\"\" src=\"https:\/\/biocontact.ci-commerce.comen\/wp-content\/uploads\/sites\/2\/2018\/10\/pictures_Vereinslogos_100px-flag_of_germany.png\" style=\"height:15px; width:25px\" width=\"100\" height=\"60\" \/><\/p>\r\n\r\n\t\t\t<p>Plattform: Video online Plattform der Agentur f\u00fcr Arbeit<\/p>\r\n\r\n\t\t\t<p>Teilnehmer: 8<\/p>\r\n\r\n\t\t\t<p>Dauer: ~ 30 - 40 min<\/p>\r\n\t\t\t<\/td>\r\n\t\t<\/tr>\r\n\t\t<tr>\r\n\t\t\t<td colspan=\"2\">\r\n\t\t\t<p>Das Hochschulteam der Agentur f\u00fcr Arbeit Heidelberg bietet Ihnen ein individuelles Feedback zu Ihren Bewerbungsunterlagen an.<\/p>\r\n\r\n\t\t\t<ul>\r\n\t\t\t\t<li>\u00dcberzeugt Ihr Anschreiben?<\/li>\r\n\t\t\t\t<li>Ihr Lebenslauf?<\/li>\r\n\t\t\t\t<li>Sind die Anlagen passend?<\/li>\r\n\t\t\t\t<li>Werden formale Kriterien erf\u00fcllt?<\/li>\r\n\t\t\t<\/ul>\r\n\r\n\t\t\t<p>Wir erarbeiten mit Ihnen konkrete Vorschl\u00e4ge zu Ihrer \u00fcberzeugenden Bewerbung.<\/p>\r\n\r\n\t\t\t<p><strong>Anmerkung:<\/strong> Bitte senden Sie die Bewerbungsunterlagen f\u00fcr den Check an Heidelberg.hochschulteam@arbeitsagentur.de&nbsp;bis sp\u00e4testens zum <strong>25.04.2021<\/strong>.<\/p>\r\n\r\n\t\t\t<h2><strong><a href=\"https:\/\/indico.dkfz.de\/event\/335\/\">Registriert euch hier!<\/a><\/strong><\/h2>\r\n\t\t\t<\/td>\r\n\t\t<\/tr>\r\n\t<\/tbody>\r\n<\/table>\r\n\r\n<p>&nbsp;<\/p>\r\n","protected":false},"excerpt":{"rendered":"<p>Bewerbungsunterlagen-Check beim Hochschulteam der Agentur f\u00fcr Arbeit 28.04.2021 | 9:30 &#8211; 16:00 Uhr Referent: Petra Kuhn&nbsp; Plattform: Video online Plattform der Agentur f\u00fcr Arbeit Teilnehmer: 8 Dauer: ~ 30 &#8211;<\/p>\n","protected":false},"author":1,"featured_media":968,"parent":0,"menu_order":0,"comment_status":"closed","ping_status":"closed","template":"","meta":{"_eb_attr":"","_breakdance_hide_in_design_set":false,"_breakdance_tags":"","footnotes":""},"class_list":["post-1007","page","type-page","status-publish","has-post-thumbnail","hentry"],"yoast_head":"<!-- This site is optimized with the Yoast SEO plugin v27.5 - https:\/\/yoast.com\/product\/yoast-seo-wordpress\/ -->\n<title>Bewerbungsmappencheck 2021 Agentur f\u00fcr Arbeit - BioContact e.V. (English)<\/title>\n<meta name=\"robots\" content=\"index, follow, max-snippet:-1, max-image-preview:large, max-video-preview:-1\" \/>\n<link rel=\"canonical\" href=\"https:\/\/biocontact.ci-commerce.com\/en\/bewerbungsmappencheck-2021-agentur-fur-arbeit-2\/\" \/>\n<meta property=\"og:locale\" content=\"en_GB\" \/>\n<meta property=\"og:type\" content=\"article\" \/>\n<meta property=\"og:title\" content=\"Bewerbungsmappencheck 2021 Agentur f\u00fcr Arbeit - BioContact e.V. (English)\" \/>\n<meta property=\"og:description\" content=\"Bewerbungsunterlagen-Check beim Hochschulteam der Agentur f\u00fcr Arbeit 28.04.2021 | 9:30 - 16:00 Uhr Referent: Petra Kuhn&nbsp; Plattform: Video online Plattform der Agentur f\u00fcr Arbeit Teilnehmer: 8 Dauer: ~ 30 -\" \/>\n<meta property=\"og:url\" content=\"https:\/\/biocontact.ci-commerce.com\/en\/bewerbungsmappencheck-2021-agentur-fur-arbeit-2\/\" \/>\n<meta property=\"og:site_name\" content=\"BioContact e.V. (English)\" \/>\n<meta property=\"og:image\" content=\"https:\/\/biocontact.ci-commerce.com\/en\/wp-content\/uploads\/sites\/2\/2021\/04\/pictures_Firmenlogos2021_bundesagentur_fuer_arbeit_logo.jpg\" \/>\n\t<meta property=\"og:image:width\" content=\"225\" \/>\n\t<meta property=\"og:image:height\" content=\"47\" \/>\n\t<meta property=\"og:image:type\" content=\"image\/jpeg\" \/>\n<meta name=\"twitter:card\" content=\"summary_large_image\" \/>\n<script type=\"application\/ld+json\" class=\"yoast-schema-graph\">{\"@context\":\"https:\\\/\\\/schema.org\",\"@graph\":[{\"@type\":\"WebPage\",\"@id\":\"https:\\\/\\\/biocontact.ci-commerce.com\\\/en\\\/bewerbungsmappencheck-2021-agentur-fur-arbeit-2\\\/\",\"url\":\"https:\\\/\\\/biocontact.ci-commerce.com\\\/en\\\/bewerbungsmappencheck-2021-agentur-fur-arbeit-2\\\/\",\"name\":\"Bewerbungsmappencheck 2021 Agentur f\u00fcr Arbeit - BioContact e.V. (English)\",\"isPartOf\":{\"@id\":\"https:\\\/\\\/biocontact.ci-commerce.com\\\/en\\\/#website\"},\"primaryImageOfPage\":{\"@id\":\"https:\\\/\\\/biocontact.ci-commerce.com\\\/en\\\/bewerbungsmappencheck-2021-agentur-fur-arbeit-2\\\/#primaryimage\"},\"image\":{\"@id\":\"https:\\\/\\\/biocontact.ci-commerce.com\\\/en\\\/bewerbungsmappencheck-2021-agentur-fur-arbeit-2\\\/#primaryimage\"},\"thumbnailUrl\":\"https:\\\/\\\/www.biocontact.info\\\/en\\\/wp-content\\\/uploads\\\/sites\\\/2\\\/2021\\\/04\\\/pictures_Firmenlogos2021_bundesagentur_fuer_arbeit_logo.jpg\",\"datePublished\":\"2021-04-02T18:44:09+00:00\",\"breadcrumb\":{\"@id\":\"https:\\\/\\\/biocontact.ci-commerce.com\\\/en\\\/bewerbungsmappencheck-2021-agentur-fur-arbeit-2\\\/#breadcrumb\"},\"inLanguage\":\"en-GB\",\"potentialAction\":[{\"@type\":\"ReadAction\",\"target\":[\"https:\\\/\\\/biocontact.ci-commerce.com\\\/en\\\/bewerbungsmappencheck-2021-agentur-fur-arbeit-2\\\/\"]}]},{\"@type\":\"ImageObject\",\"inLanguage\":\"en-GB\",\"@id\":\"https:\\\/\\\/biocontact.ci-commerce.com\\\/en\\\/bewerbungsmappencheck-2021-agentur-fur-arbeit-2\\\/#primaryimage\",\"url\":\"https:\\\/\\\/www.biocontact.info\\\/en\\\/wp-content\\\/uploads\\\/sites\\\/2\\\/2021\\\/04\\\/pictures_Firmenlogos2021_bundesagentur_fuer_arbeit_logo.jpg\",\"contentUrl\":\"https:\\\/\\\/www.biocontact.info\\\/en\\\/wp-content\\\/uploads\\\/sites\\\/2\\\/2021\\\/04\\\/pictures_Firmenlogos2021_bundesagentur_fuer_arbeit_logo.jpg\",\"width\":225,\"height\":47},{\"@type\":\"BreadcrumbList\",\"@id\":\"https:\\\/\\\/biocontact.ci-commerce.com\\\/en\\\/bewerbungsmappencheck-2021-agentur-fur-arbeit-2\\\/#breadcrumb\",\"itemListElement\":[{\"@type\":\"ListItem\",\"position\":1,\"name\":\"Startseite\",\"item\":\"https:\\\/\\\/www.biocontact.info\\\/en\\\/\"},{\"@type\":\"ListItem\",\"position\":2,\"name\":\"Bewerbungsmappencheck 2021 Agentur f\u00fcr Arbeit\"}]},{\"@type\":\"WebSite\",\"@id\":\"https:\\\/\\\/biocontact.ci-commerce.com\\\/en\\\/#website\",\"url\":\"https:\\\/\\\/biocontact.ci-commerce.com\\\/en\\\/\",\"name\":\"BioContact e.V. (English)\",\"description\":\"We network science and industry\",\"potentialAction\":[{\"@type\":\"SearchAction\",\"target\":{\"@type\":\"EntryPoint\",\"urlTemplate\":\"https:\\\/\\\/biocontact.ci-commerce.com\\\/en\\\/?s={search_term_string}\"},\"query-input\":{\"@type\":\"PropertyValueSpecification\",\"valueRequired\":true,\"valueName\":\"search_term_string\"}}],\"inLanguage\":\"en-GB\"}]}<\/script>\n<!-- \/ Yoast SEO plugin. -->","yoast_head_json":{"title":"Bewerbungsmappencheck 2021 Agentur f\u00fcr Arbeit - BioContact e.V. (English)","robots":{"index":"index","follow":"follow","max-snippet":"max-snippet:-1","max-image-preview":"max-image-preview:large","max-video-preview":"max-video-preview:-1"},"canonical":"https:\/\/biocontact.ci-commerce.com\/en\/bewerbungsmappencheck-2021-agentur-fur-arbeit-2\/","og_locale":"en_GB","og_type":"article","og_title":"Bewerbungsmappencheck 2021 Agentur f\u00fcr Arbeit - BioContact e.V. (English)","og_description":"Bewerbungsunterlagen-Check beim Hochschulteam der Agentur f\u00fcr Arbeit 28.04.2021 | 9:30 - 16:00 Uhr Referent: Petra Kuhn&nbsp; Plattform: Video online Plattform der Agentur f\u00fcr Arbeit Teilnehmer: 8 Dauer: ~ 30 -","og_url":"https:\/\/biocontact.ci-commerce.com\/en\/bewerbungsmappencheck-2021-agentur-fur-arbeit-2\/","og_site_name":"BioContact e.V. (English)","og_image":[{"width":225,"height":47,"url":"https:\/\/biocontact.ci-commerce.com\/en\/wp-content\/uploads\/sites\/2\/2021\/04\/pictures_Firmenlogos2021_bundesagentur_fuer_arbeit_logo.jpg","type":"image\/jpeg"}],"twitter_card":"summary_large_image","schema":{"@context":"https:\/\/schema.org","@graph":[{"@type":"WebPage","@id":"https:\/\/biocontact.ci-commerce.com\/en\/bewerbungsmappencheck-2021-agentur-fur-arbeit-2\/","url":"https:\/\/biocontact.ci-commerce.com\/en\/bewerbungsmappencheck-2021-agentur-fur-arbeit-2\/","name":"Bewerbungsmappencheck 2021 Agentur f\u00fcr Arbeit - BioContact e.V. (English)","isPartOf":{"@id":"https:\/\/biocontact.ci-commerce.com\/en\/#website"},"primaryImageOfPage":{"@id":"https:\/\/biocontact.ci-commerce.com\/en\/bewerbungsmappencheck-2021-agentur-fur-arbeit-2\/#primaryimage"},"image":{"@id":"https:\/\/biocontact.ci-commerce.com\/en\/bewerbungsmappencheck-2021-agentur-fur-arbeit-2\/#primaryimage"},"thumbnailUrl":"https:\/\/www.biocontact.info\/en\/wp-content\/uploads\/sites\/2\/2021\/04\/pictures_Firmenlogos2021_bundesagentur_fuer_arbeit_logo.jpg","datePublished":"2021-04-02T18:44:09+00:00","breadcrumb":{"@id":"https:\/\/biocontact.ci-commerce.com\/en\/bewerbungsmappencheck-2021-agentur-fur-arbeit-2\/#breadcrumb"},"inLanguage":"en-GB","potentialAction":[{"@type":"ReadAction","target":["https:\/\/biocontact.ci-commerce.com\/en\/bewerbungsmappencheck-2021-agentur-fur-arbeit-2\/"]}]},{"@type":"ImageObject","inLanguage":"en-GB","@id":"https:\/\/biocontact.ci-commerce.com\/en\/bewerbungsmappencheck-2021-agentur-fur-arbeit-2\/#primaryimage","url":"https:\/\/www.biocontact.info\/en\/wp-content\/uploads\/sites\/2\/2021\/04\/pictures_Firmenlogos2021_bundesagentur_fuer_arbeit_logo.jpg","contentUrl":"https:\/\/www.biocontact.info\/en\/wp-content\/uploads\/sites\/2\/2021\/04\/pictures_Firmenlogos2021_bundesagentur_fuer_arbeit_logo.jpg","width":225,"height":47},{"@type":"BreadcrumbList","@id":"https:\/\/biocontact.ci-commerce.com\/en\/bewerbungsmappencheck-2021-agentur-fur-arbeit-2\/#breadcrumb","itemListElement":[{"@type":"ListItem","position":1,"name":"Startseite","item":"https:\/\/www.biocontact.info\/en\/"},{"@type":"ListItem","position":2,"name":"Bewerbungsmappencheck 2021 Agentur f\u00fcr Arbeit"}]},{"@type":"WebSite","@id":"https:\/\/biocontact.ci-commerce.com\/en\/#website","url":"https:\/\/biocontact.ci-commerce.com\/en\/","name":"BioContact e.V. (English)","description":"We network science and industry","potentialAction":[{"@type":"SearchAction","target":{"@type":"EntryPoint","urlTemplate":"https:\/\/biocontact.ci-commerce.com\/en\/?s={search_term_string}"},"query-input":{"@type":"PropertyValueSpecification","valueRequired":true,"valueName":"search_term_string"}}],"inLanguage":"en-GB"}]}},"_links":{"self":[{"href":"https:\/\/www.biocontact.info\/en\/wp-json\/wp\/v2\/pages\/1007","targetHints":{"allow":["GET"]}}],"collection":[{"href":"https:\/\/www.biocontact.info\/en\/wp-json\/wp\/v2\/pages"}],"about":[{"href":"https:\/\/www.biocontact.info\/en\/wp-json\/wp\/v2\/types\/page"}],"author":[{"embeddable":true,"href":"https:\/\/www.biocontact.info\/en\/wp-json\/wp\/v2\/users\/1"}],"replies":[{"embeddable":true,"href":"https:\/\/www.biocontact.info\/en\/wp-json\/wp\/v2\/comments?post=1007"}],"version-history":[{"count":0,"href":"https:\/\/www.biocontact.info\/en\/wp-json\/wp\/v2\/pages\/1007\/revisions"}],"wp:featuredmedia":[{"embeddable":true,"href":"https:\/\/www.biocontact.info\/en\/wp-json\/wp\/v2\/media\/968"}],"wp:attachment":[{"href":"https:\/\/www.biocontact.info\/en\/wp-json\/wp\/v2\/media?parent=1007"}],"curies":[{"name":"wp","href":"https:\/\/api.w.org\/{rel}","templated":true}]}}